{"id":9470,"date":"2020-06-10T09:40:21","date_gmt":"2020-06-10T09:40:21","guid":{"rendered":"https:\/\/cinemaorion.fi\/?page_id=9470"},"modified":"2020-06-10T09:44:49","modified_gmt":"2020-06-10T09:44:49","slug":"sarjakorttien-mesenaattilippujen-ja-lahjakorttien-voimassaoloaikaa-on-jatkettu-3-kuukaudella","status":"publish","type":"page","link":"https:\/\/cinemaorion.fi\/en\/sarjakorttien-mesenaattilippujen-ja-lahjakorttien-voimassaoloaikaa-on-jatkettu-3-kuukaudella\/","title":{"rendered":"Sarjakorttien, mesenaattilippujen ja lahjakorttien voimassaoloaikaa on jatkettu 3 kuukaudella"},"content":{"rendered":"<p>Koronasulun vuoksi toukokuun 2020 loppuun menness\u00e4 ostettujen tai sulun aikana vanhentuneiden sarjakorttien ja lahjakorttien sek\u00e4 mesenaattilippujen voimassaoloaikaa on jatkettu automaattisesti kolmella kuukaudella. My\u00f6s kaikkien klubikorttien voimassaoloaikaa on jatkettu. Lis\u00e4tietoja: lipunmyynti@cinemaorion.fi.<\/p>","protected":false},"excerpt":{"rendered":"<p>Koronasulun vuoksi toukokuun 2020 loppuun menness\u00e4 ostettujen tai sulun aikana vanhentuneiden sarjakorttien ja lahjakorttien sek\u00e4 mesenaattilippujen voimassaoloaikaa on jatkettu automaattisesti kolmella kuukaudella. My\u00f6s kaikkien klubikorttien voimassaoloaikaa on jatkettu. Lis\u00e4tietoja: lipunmyynti@cinemaorion.fi.<\/p>","protected":false},"author":2,"featured_media":0,"parent":0,"menu_order":0,"comment_status":"closed","ping_status":"closed","template":"","meta":{"_acf_changed":false,"footnotes":""},"class_list":["post-9470","page","type-page","status-publish","hentry"],"acf":[],"yoast_head":"<!-- This site is optimized with the Yoast SEO plugin v27.3 - https:\/\/yoast.com\/product\/yoast-seo-wordpress\/ -->\n<title>Sarjakorttien, mesenaattilippujen ja lahjakorttien voimassaoloaikaa on jatkettu 3 kuukaudella - Cinema Orion<\/title>\n<meta name=\"description\" content=\"Koronasulun vuoksi toukokuun 2020 loppuun menness\u00e4 ostettujen tai sulun aikana vanhentuneiden sarjakorttien ja lahjakorttien sek\u00e4 mesenaattilippujen voimassaoloaikaa on jatkettu automaattisesti kolmella kuukaudella. My\u00f6s kaikkien klubikorttien voimassaoloaikaa on jatkettu. Lis\u00e4tietoja: lipunmyynti@cinemaorion.fi.\" \/>\n<meta name=\"robots\" content=\"index, follow, max-snippet:-1, max-image-preview:large, max-video-preview:-1\" \/>\n<link rel=\"canonical\" href=\"https:\/\/cinemaorion.fi\/en\/sarjakorttien-mesenaattilippujen-ja-lahjakorttien-voimassaoloaikaa-on-jatkettu-3-kuukaudella\/\" \/>\n<meta property=\"og:locale\" content=\"en_GB\" \/>\n<meta property=\"og:type\" content=\"article\" \/>\n<meta property=\"og:title\" content=\"Sarjakorttien, mesenaattilippujen ja lahjakorttien voimassaoloaikaa on jatkettu 3 kuukaudella - Cinema Orion\" \/>\n<meta property=\"og:description\" content=\"Koronasulun vuoksi toukokuun 2020 loppuun menness\u00e4 ostettujen tai sulun aikana vanhentuneiden sarjakorttien ja lahjakorttien sek\u00e4 mesenaattilippujen voimassaoloaikaa on jatkettu automaattisesti kolmella kuukaudella. My\u00f6s kaikkien klubikorttien voimassaoloaikaa on jatkettu. Lis\u00e4tietoja: lipunmyynti@cinemaorion.fi.\" \/>\n<meta property=\"og:url\" content=\"https:\/\/cinemaorion.fi\/en\/sarjakorttien-mesenaattilippujen-ja-lahjakorttien-voimassaoloaikaa-on-jatkettu-3-kuukaudella\/\" \/>\n<meta property=\"og:site_name\" content=\"Cinema Orion\" \/>\n<meta property=\"article:publisher\" content=\"https:\/\/www.facebook.com\/cinemaorion\" \/>\n<meta property=\"article:modified_time\" content=\"2020-06-10T09:44:49+00:00\" \/>\n<meta property=\"og:image\" content=\"https:\/\/cinemaorion.fi\/wp-content\/uploads\/2021\/03\/Cinemaorion-fi-og-image-1600.jpg\" \/>\n\t<meta property=\"og:image:width\" content=\"1600\" \/>\n\t<meta property=\"og:image:height\" content=\"900\" \/>\n\t<meta property=\"og:image:type\" content=\"image\/jpeg\" \/>\n<meta name=\"twitter:card\" content=\"summary_large_image\" \/>\n<meta name=\"twitter:site\" content=\"@cinemaorion\" \/>\n<script type=\"application\/ld+json\" class=\"yoast-schema-graph\">{\"@context\":\"https:\\\/\\\/schema.org\",\"@graph\":[{\"@type\":\"WebPage\",\"@id\":\"https:\\\/\\\/cinemaorion.fi\\\/sarjakorttien-mesenaattilippujen-ja-lahjakorttien-voimassaoloaikaa-on-jatkettu-3-kuukaudella\\\/\",\"url\":\"https:\\\/\\\/cinemaorion.fi\\\/sarjakorttien-mesenaattilippujen-ja-lahjakorttien-voimassaoloaikaa-on-jatkettu-3-kuukaudella\\\/\",\"name\":\"Sarjakorttien, mesenaattilippujen ja lahjakorttien voimassaoloaikaa on jatkettu 3 kuukaudella - Cinema Orion\",\"isPartOf\":{\"@id\":\"https:\\\/\\\/cinemaorion.fi\\\/#website\"},\"datePublished\":\"2020-06-10T09:40:21+00:00\",\"dateModified\":\"2020-06-10T09:44:49+00:00\",\"description\":\"Koronasulun vuoksi toukokuun 2020 loppuun menness\u00e4 ostettujen tai sulun aikana vanhentuneiden sarjakorttien ja lahjakorttien sek\u00e4 mesenaattilippujen voimassaoloaikaa on jatkettu automaattisesti kolmella kuukaudella. My\u00f6s kaikkien klubikorttien voimassaoloaikaa on jatkettu. Lis\u00e4tietoja: lipunmyynti@cinemaorion.fi.\",\"breadcrumb\":{\"@id\":\"https:\\\/\\\/cinemaorion.fi\\\/sarjakorttien-mesenaattilippujen-ja-lahjakorttien-voimassaoloaikaa-on-jatkettu-3-kuukaudella\\\/#breadcrumb\"},\"inLanguage\":\"en-GB\",\"potentialAction\":[{\"@type\":\"ReadAction\",\"target\":[\"https:\\\/\\\/cinemaorion.fi\\\/sarjakorttien-mesenaattilippujen-ja-lahjakorttien-voimassaoloaikaa-on-jatkettu-3-kuukaudella\\\/\"]}]},{\"@type\":\"BreadcrumbList\",\"@id\":\"https:\\\/\\\/cinemaorion.fi\\\/sarjakorttien-mesenaattilippujen-ja-lahjakorttien-voimassaoloaikaa-on-jatkettu-3-kuukaudella\\\/#breadcrumb\",\"itemListElement\":[{\"@type\":\"ListItem\",\"position\":1,\"name\":\"Home\",\"item\":\"https:\\\/\\\/cinemaorion.fi\\\/\"},{\"@type\":\"ListItem\",\"position\":2,\"name\":\"Sarjakorttien, mesenaattilippujen ja lahjakorttien voimassaoloaikaa on jatkettu 3 kuukaudella\"}]},{\"@type\":\"WebSite\",\"@id\":\"https:\\\/\\\/cinemaorion.fi\\\/#website\",\"url\":\"https:\\\/\\\/cinemaorion.fi\\\/\",\"name\":\"Cinema Orion\",\"description\":\"Cinema Orion tagline\",\"publisher\":{\"@id\":\"https:\\\/\\\/cinemaorion.fi\\\/#organization\"},\"alternateName\":\"Elokuvateatteri Orion\",\"potentialAction\":[{\"@type\":\"SearchAction\",\"target\":{\"@type\":\"EntryPoint\",\"urlTemplate\":\"https:\\\/\\\/cinemaorion.fi\\\/?s={search_term_string}\"},\"query-input\":{\"@type\":\"PropertyValueSpecification\",\"valueRequired\":true,\"valueName\":\"search_term_string\"}}],\"inLanguage\":\"en-GB\"},{\"@type\":\"Organization\",\"@id\":\"https:\\\/\\\/cinemaorion.fi\\\/#organization\",\"name\":\"Cinema Orion\",\"url\":\"https:\\\/\\\/cinemaorion.fi\\\/\",\"logo\":{\"@type\":\"ImageObject\",\"inLanguage\":\"en-GB\",\"@id\":\"https:\\\/\\\/cinemaorion.fi\\\/#\\\/schema\\\/logo\\\/image\\\/\",\"url\":\"https:\\\/\\\/cinemaorion.fi\\\/wp-content\\\/uploads\\\/2021\\\/03\\\/logo-cinemaorion-elke-ry.png\",\"contentUrl\":\"https:\\\/\\\/cinemaorion.fi\\\/wp-content\\\/uploads\\\/2021\\\/03\\\/logo-cinemaorion-elke-ry.png\",\"width\":1300,\"height\":278,\"caption\":\"Cinema Orion\"},\"image\":{\"@id\":\"https:\\\/\\\/cinemaorion.fi\\\/#\\\/schema\\\/logo\\\/image\\\/\"},\"sameAs\":[\"https:\\\/\\\/www.facebook.com\\\/cinemaorion\",\"https:\\\/\\\/x.com\\\/cinemaorion\",\"https:\\\/\\\/www.instagram.com\\\/cinemaorion\\\/\",\"https:\\\/\\\/twitter.com\\\/cinemaorion\"]}]}<\/script>\n<!-- \/ Yoast SEO plugin. -->","yoast_head_json":{"title":"Sarjakorttien, mesenaattilippujen ja lahjakorttien voimassaoloaikaa on jatkettu 3 kuukaudella - Cinema Orion","description":"Koronasulun vuoksi toukokuun 2020 loppuun menness\u00e4 ostettujen tai sulun aikana vanhentuneiden sarjakorttien ja lahjakorttien sek\u00e4 mesenaattilippujen voimassaoloaikaa on jatkettu automaattisesti kolmella kuukaudella. My\u00f6s kaikkien klubikorttien voimassaoloaikaa on jatkettu. Lis\u00e4tietoja: lipunmyynti@cinemaorion.fi.","robots":{"index":"index","follow":"follow","max-snippet":"max-snippet:-1","max-image-preview":"max-image-preview:large","max-video-preview":"max-video-preview:-1"},"canonical":"https:\/\/cinemaorion.fi\/en\/sarjakorttien-mesenaattilippujen-ja-lahjakorttien-voimassaoloaikaa-on-jatkettu-3-kuukaudella\/","og_locale":"en_GB","og_type":"article","og_title":"Sarjakorttien, mesenaattilippujen ja lahjakorttien voimassaoloaikaa on jatkettu 3 kuukaudella - Cinema Orion","og_description":"Koronasulun vuoksi toukokuun 2020 loppuun menness\u00e4 ostettujen tai sulun aikana vanhentuneiden sarjakorttien ja lahjakorttien sek\u00e4 mesenaattilippujen voimassaoloaikaa on jatkettu automaattisesti kolmella kuukaudella. My\u00f6s kaikkien klubikorttien voimassaoloaikaa on jatkettu. Lis\u00e4tietoja: lipunmyynti@cinemaorion.fi.","og_url":"https:\/\/cinemaorion.fi\/en\/sarjakorttien-mesenaattilippujen-ja-lahjakorttien-voimassaoloaikaa-on-jatkettu-3-kuukaudella\/","og_site_name":"Cinema Orion","article_publisher":"https:\/\/www.facebook.com\/cinemaorion","article_modified_time":"2020-06-10T09:44:49+00:00","og_image":[{"width":1600,"height":900,"url":"https:\/\/cinemaorion.fi\/wp-content\/uploads\/2021\/03\/Cinemaorion-fi-og-image-1600.jpg","type":"image\/jpeg"}],"twitter_card":"summary_large_image","twitter_site":"@cinemaorion","schema":{"@context":"https:\/\/schema.org","@graph":[{"@type":"WebPage","@id":"https:\/\/cinemaorion.fi\/sarjakorttien-mesenaattilippujen-ja-lahjakorttien-voimassaoloaikaa-on-jatkettu-3-kuukaudella\/","url":"https:\/\/cinemaorion.fi\/sarjakorttien-mesenaattilippujen-ja-lahjakorttien-voimassaoloaikaa-on-jatkettu-3-kuukaudella\/","name":"Sarjakorttien, mesenaattilippujen ja lahjakorttien voimassaoloaikaa on jatkettu 3 kuukaudella - Cinema Orion","isPartOf":{"@id":"https:\/\/cinemaorion.fi\/#website"},"datePublished":"2020-06-10T09:40:21+00:00","dateModified":"2020-06-10T09:44:49+00:00","description":"Koronasulun vuoksi toukokuun 2020 loppuun menness\u00e4 ostettujen tai sulun aikana vanhentuneiden sarjakorttien ja lahjakorttien sek\u00e4 mesenaattilippujen voimassaoloaikaa on jatkettu automaattisesti kolmella kuukaudella. My\u00f6s kaikkien klubikorttien voimassaoloaikaa on jatkettu. Lis\u00e4tietoja: lipunmyynti@cinemaorion.fi.","breadcrumb":{"@id":"https:\/\/cinemaorion.fi\/sarjakorttien-mesenaattilippujen-ja-lahjakorttien-voimassaoloaikaa-on-jatkettu-3-kuukaudella\/#breadcrumb"},"inLanguage":"en-GB","potentialAction":[{"@type":"ReadAction","target":["https:\/\/cinemaorion.fi\/sarjakorttien-mesenaattilippujen-ja-lahjakorttien-voimassaoloaikaa-on-jatkettu-3-kuukaudella\/"]}]},{"@type":"BreadcrumbList","@id":"https:\/\/cinemaorion.fi\/sarjakorttien-mesenaattilippujen-ja-lahjakorttien-voimassaoloaikaa-on-jatkettu-3-kuukaudella\/#breadcrumb","itemListElement":[{"@type":"ListItem","position":1,"name":"Home","item":"https:\/\/cinemaorion.fi\/"},{"@type":"ListItem","position":2,"name":"Sarjakorttien, mesenaattilippujen ja lahjakorttien voimassaoloaikaa on jatkettu 3 kuukaudella"}]},{"@type":"WebSite","@id":"https:\/\/cinemaorion.fi\/#website","url":"https:\/\/cinemaorion.fi\/","name":"Cinema Orion","description":"Cinema Orion tagline","publisher":{"@id":"https:\/\/cinemaorion.fi\/#organization"},"alternateName":"Elokuvateatteri Orion","potentialAction":[{"@type":"SearchAction","target":{"@type":"EntryPoint","urlTemplate":"https:\/\/cinemaorion.fi\/?s={search_term_string}"},"query-input":{"@type":"PropertyValueSpecification","valueRequired":true,"valueName":"search_term_string"}}],"inLanguage":"en-GB"},{"@type":"Organization","@id":"https:\/\/cinemaorion.fi\/#organization","name":"Cinema Orion","url":"https:\/\/cinemaorion.fi\/","logo":{"@type":"ImageObject","inLanguage":"en-GB","@id":"https:\/\/cinemaorion.fi\/#\/schema\/logo\/image\/","url":"https:\/\/cinemaorion.fi\/wp-content\/uploads\/2021\/03\/logo-cinemaorion-elke-ry.png","contentUrl":"https:\/\/cinemaorion.fi\/wp-content\/uploads\/2021\/03\/logo-cinemaorion-elke-ry.png","width":1300,"height":278,"caption":"Cinema Orion"},"image":{"@id":"https:\/\/cinemaorion.fi\/#\/schema\/logo\/image\/"},"sameAs":["https:\/\/www.facebook.com\/cinemaorion","https:\/\/x.com\/cinemaorion","https:\/\/www.instagram.com\/cinemaorion\/","https:\/\/twitter.com\/cinemaorion"]}]}},"_links":{"self":[{"href":"https:\/\/cinemaorion.fi\/en\/wp-json\/wp\/v2\/pages\/9470","targetHints":{"allow":["GET"]}}],"collection":[{"href":"https:\/\/cinemaorion.fi\/en\/wp-json\/wp\/v2\/pages"}],"about":[{"href":"https:\/\/cinemaorion.fi\/en\/wp-json\/wp\/v2\/types\/page"}],"author":[{"embeddable":true,"href":"https:\/\/cinemaorion.fi\/en\/wp-json\/wp\/v2\/users\/2"}],"replies":[{"embeddable":true,"href":"https:\/\/cinemaorion.fi\/en\/wp-json\/wp\/v2\/comments?post=9470"}],"version-history":[{"count":3,"href":"https:\/\/cinemaorion.fi\/en\/wp-json\/wp\/v2\/pages\/9470\/revisions"}],"predecessor-version":[{"id":9476,"href":"https:\/\/cinemaorion.fi\/en\/wp-json\/wp\/v2\/pages\/9470\/revisions\/9476"}],"wp:attachment":[{"href":"https:\/\/cinemaorion.fi\/en\/wp-json\/wp\/v2\/media?parent=9470"}],"curies":[{"name":"wp","href":"https:\/\/api.w.org\/{rel}","templated":true}]}}