{"id":8422,"date":"2020-02-10T13:05:44","date_gmt":"2020-02-10T13:05:44","guid":{"rendered":"https:\/\/cinemaorion.fi\/?page_id=8422"},"modified":"2026-03-16T09:30:03","modified_gmt":"2026-03-16T09:30:03","slug":"orion-klubi","status":"publish","type":"page","link":"https:\/\/cinemaorion.fi\/en\/orion-klubi\/","title":{"rendered":"Join the Orion Club"},"content":{"rendered":"<h3 class=\"wp-block-heading\">Do you want to be part of the club for the friends of Cinema Orion?  <\/h3>\n\n\n\n<p><\/p>\n\n\n\n<p><strong>With an annual payment of 10 euros you can enjoy the free club screenings<\/strong> a couple times a year, <strong>you'll get discounts<\/strong> <strong>to selected<\/strong> <strong>screenings<\/strong> and <strong>a 10% discount from the sweets and beverages <\/strong>as well as getting <strong>offers<\/strong> from our <a aria-label=\" (avautuu uudessa v\u00e4lilehdess\u00e4)\" href=\"https:\/\/cinemaorion.fi\/en\/tarjoukset-klubilaisille\/\" target=\"_blank\" rel=\"noreferrer noopener\">partners<\/a>.<\/p>\n\n\n\n<p>You can join the Orion club by paying the annual membership payment at the counter of Cinema Orion. The club membership is personal and it is valid for one year after the purchase.<\/p>\n\n\n\n<p>If you are part of the discount groups (pensioners, students, under 18-year-olds, unemployed, conscript soldiers or ones performing their civilian service), you can get tickets with both discount group and club card discounts from our online store or at the ticket office at the theatre. Be prepared to show your discount group certificate (student id etc.)  when buying your tickets with discount price or when coming to the screening.<\/p>\n\n\n\n<h4 class=\"wp-block-heading\">Do you want to join the Orion club? Purchase the membership at our counter.<\/h4>\n\n\n\n<h4 class=\"wp-block-heading\">><a href=\"https:\/\/cinemaorion.fi\/en\/klubihintaiset-naytokset\/\">SCREENINGS WITH ORION CLUB DISCOUNT<\/a><br>><a href=\"https:\/\/cinemaorion.fi\/en\/klubitapahtumat\/\">Orion Club events<\/a><br>><mark style=\"background-color:rgba(0, 0, 0, 0)\" class=\"has-inline-color has-vivid-cyan-blue-color\"><a href=\"https:\/\/cinemaorion.fi\/en\/tarjoukset-klubilaisille\/\" type=\"link\" id=\"https:\/\/cinemaorion.fi\/tarjoukset-klubilaisille\/\">Offers from club partners<\/a><\/mark><\/h4>\n\n\n\n<p><\/p>","protected":false},"excerpt":{"rendered":"<p>Haluatko tulla mukaan Cinema Orionin yst\u00e4vien klubitoimintaan? 10 euron vuosimaksulla voit nauttia j\u00e4senist\u00f6lle suunnatuista ilmaisista n\u00e4yt\u00f6ksist\u00e4 muutaman kerran vuodessa, saat alennuksia osaan normaalihintaisista n\u00e4yt\u00f6ksist\u00e4 sek\u00e4 voit ostaa teatterin oheismyyntituotteita -10% alehintaan, sek\u00e4 saat etuja my\u00f6s yhteisty\u00f6kumppaneiltamme. Voit liitty\u00e4 j\u00e4seneksi maksamalla vuosimaksun teatterin lipunmyynniss\u00e4. Klubij\u00e4senyys on henkil\u00f6kohtainen ja se on voimassa vuoden ostop\u00e4iv\u00e4st\u00e4. Jos kuulut alennusryhm\u00e4\u00e4n [&hellip;]<\/p>\n","protected":false},"author":3,"featured_media":0,"parent":0,"menu_order":0,"comment_status":"closed","ping_status":"closed","template":"","meta":{"_acf_changed":false,"footnotes":""},"class_list":["post-8422","page","type-page","status-publish","hentry"],"acf":[],"yoast_head":"<!-- This site is optimized with the Yoast SEO plugin v27.3 - https:\/\/yoast.com\/product\/yoast-seo-wordpress\/ -->\n<title>Liity Orion-klubiin - Cinema Orion<\/title>\n<meta name=\"description\" content=\"Haluatko tulla mukaan Cinema Orionin yst\u00e4vien klubitoimintaan? 10 euron vuosimaksulla voit nauttia j\u00e4senist\u00f6lle suunnatuista ilmaisista n\u00e4yt\u00f6ksist\u00e4 muutaman kerran vuodessa, saat alennuksia osaan normaalihintaisista n\u00e4yt\u00f6ksist\u00e4 sek\u00e4 voit ostaa teatterin oheismyyntituotteita -10% alehintaan, sek\u00e4 saat etuja my\u00f6s yhteisty\u00f6kumppaneiltamme.Voit liitty\u00e4 j\u00e4seneksi maksamalla vuosimaksun teatterin lipunmyynniss\u00e4. Klubij\u00e4senyys on henkil\u00f6kohtainen ja se on voimassa vuoden ostop\u00e4iv\u00e4st\u00e4.Jos kuulut alennusryhm\u00e4\u00e4n (el\u00e4kel\u00e4inen, opiskelija, alle 18-v, ty\u00f6t\u00f6n, varus- tai siviilipalvelusta suorittava) niin voit lunastaa klubikortilla alennusryhmille suunnattuja klubilippuja verkkokaupasta tai kassaltamme. Huomioithan, ett\u00e4 alennukseen oikeuttava todistus voidaan tarkistaa kassalla tai lipuntarkastuksen yhteydess\u00e4, eli alennustodistuksen on oltava aina mukana, kun klubikortilla lunastetaan alennusryhmille suunnattuja lippuja.Haluatko liitty\u00e4 Orion-klubiin? Osta j\u00e4senyys kassaltamme.&gt;Klubialennukseen oikeuttavat n\u00e4yt\u00f6kset&gt;Klubilaisten tapahtumat&gt;Kumppaneiden tarjoukse\" \/>\n<meta name=\"robots\" content=\"index, follow, max-snippet:-1, max-image-preview:large, max-video-preview:-1\" \/>\n<link rel=\"canonical\" href=\"https:\/\/cinemaorion.fi\/en\/orion-klubi\/\" \/>\n<meta property=\"og:locale\" content=\"en_GB\" \/>\n<meta property=\"og:type\" content=\"article\" \/>\n<meta property=\"og:title\" content=\"Liity Orion-klubiin - Cinema Orion\" \/>\n<meta property=\"og:description\" content=\"Haluatko tulla mukaan Cinema Orionin yst\u00e4vien klubitoimintaan? 10 euron vuosimaksulla voit nauttia j\u00e4senist\u00f6lle suunnatuista ilmaisista n\u00e4yt\u00f6ksist\u00e4 muutaman kerran vuodessa, saat alennuksia osaan normaalihintaisista n\u00e4yt\u00f6ksist\u00e4 sek\u00e4 voit ostaa teatterin oheismyyntituotteita -10% alehintaan, sek\u00e4 saat etuja my\u00f6s yhteisty\u00f6kumppaneiltamme.Voit liitty\u00e4 j\u00e4seneksi maksamalla vuosimaksun teatterin lipunmyynniss\u00e4. Klubij\u00e4senyys on henkil\u00f6kohtainen ja se on voimassa vuoden ostop\u00e4iv\u00e4st\u00e4.Jos kuulut alennusryhm\u00e4\u00e4n (el\u00e4kel\u00e4inen, opiskelija, alle 18-v, ty\u00f6t\u00f6n, varus- tai siviilipalvelusta suorittava) niin voit lunastaa klubikortilla alennusryhmille suunnattuja klubilippuja verkkokaupasta tai kassaltamme. Huomioithan, ett\u00e4 alennukseen oikeuttava todistus voidaan tarkistaa kassalla tai lipuntarkastuksen yhteydess\u00e4, eli alennustodistuksen on oltava aina mukana, kun klubikortilla lunastetaan alennusryhmille suunnattuja lippuja.Haluatko liitty\u00e4 Orion-klubiin? Osta j\u00e4senyys kassaltamme.&gt;Klubialennukseen oikeuttavat n\u00e4yt\u00f6kset&gt;Klubilaisten tapahtumat&gt;Kumppaneiden tarjoukse\" \/>\n<meta property=\"og:url\" content=\"https:\/\/cinemaorion.fi\/en\/orion-klubi\/\" \/>\n<meta property=\"og:site_name\" content=\"Cinema Orion\" \/>\n<meta property=\"article:publisher\" content=\"https:\/\/www.facebook.com\/cinemaorion\" \/>\n<meta property=\"article:modified_time\" content=\"2026-03-16T09:30:03+00:00\" \/>\n<meta property=\"og:image\" content=\"https:\/\/cinemaorion.fi\/wp-content\/uploads\/2020\/02\/Audience.jpg\" \/>\n\t<meta property=\"og:image:width\" content=\"1600\" \/>\n\t<meta property=\"og:image:height\" content=\"900\" \/>\n\t<meta property=\"og:image:type\" content=\"image\/jpeg\" \/>\n<meta name=\"twitter:card\" content=\"summary_large_image\" \/>\n<meta name=\"twitter:site\" content=\"@cinemaorion\" \/>\n<meta name=\"twitter:label1\" content=\"Estimated reading time\" \/>\n\t<meta name=\"twitter:data1\" content=\"1 minute\" \/>\n<script type=\"application\/ld+json\" class=\"yoast-schema-graph\">{\"@context\":\"https:\\\/\\\/schema.org\",\"@graph\":[{\"@type\":\"WebPage\",\"@id\":\"https:\\\/\\\/cinemaorion.fi\\\/orion-klubi\\\/\",\"url\":\"https:\\\/\\\/cinemaorion.fi\\\/orion-klubi\\\/\",\"name\":\"Liity Orion-klubiin - Cinema Orion\",\"isPartOf\":{\"@id\":\"https:\\\/\\\/cinemaorion.fi\\\/#website\"},\"datePublished\":\"2020-02-10T13:05:44+00:00\",\"dateModified\":\"2026-03-16T09:30:03+00:00\",\"description\":\"Haluatko tulla mukaan Cinema Orionin yst\u00e4vien klubitoimintaan? 10 euron vuosimaksulla voit nauttia j\u00e4senist\u00f6lle suunnatuista ilmaisista n\u00e4yt\u00f6ksist\u00e4 muutaman kerran vuodessa, saat alennuksia osaan normaalihintaisista n\u00e4yt\u00f6ksist\u00e4 sek\u00e4 voit ostaa teatterin oheismyyntituotteita -10% alehintaan, sek\u00e4 saat etuja my\u00f6s yhteisty\u00f6kumppaneiltamme.Voit liitty\u00e4 j\u00e4seneksi maksamalla vuosimaksun teatterin lipunmyynniss\u00e4. Klubij\u00e4senyys on henkil\u00f6kohtainen ja se on voimassa vuoden ostop\u00e4iv\u00e4st\u00e4.Jos kuulut alennusryhm\u00e4\u00e4n (el\u00e4kel\u00e4inen, opiskelija, alle 18-v, ty\u00f6t\u00f6n, varus- tai siviilipalvelusta suorittava) niin voit lunastaa klubikortilla alennusryhmille suunnattuja klubilippuja verkkokaupasta tai kassaltamme. Huomioithan, ett\u00e4 alennukseen oikeuttava todistus voidaan tarkistaa kassalla tai lipuntarkastuksen yhteydess\u00e4, eli alennustodistuksen on oltava aina mukana, kun klubikortilla lunastetaan alennusryhmille suunnattuja lippuja.Haluatko liitty\u00e4 Orion-klubiin? Osta j\u00e4senyys kassaltamme.>Klubialennukseen oikeuttavat n\u00e4yt\u00f6kset>Klubilaisten tapahtumat>Kumppaneiden tarjoukse\",\"breadcrumb\":{\"@id\":\"https:\\\/\\\/cinemaorion.fi\\\/orion-klubi\\\/#breadcrumb\"},\"inLanguage\":\"en-GB\",\"potentialAction\":[{\"@type\":\"ReadAction\",\"target\":[\"https:\\\/\\\/cinemaorion.fi\\\/orion-klubi\\\/\"]}]},{\"@type\":\"BreadcrumbList\",\"@id\":\"https:\\\/\\\/cinemaorion.fi\\\/orion-klubi\\\/#breadcrumb\",\"itemListElement\":[{\"@type\":\"ListItem\",\"position\":1,\"name\":\"Home\",\"item\":\"https:\\\/\\\/cinemaorion.fi\\\/\"},{\"@type\":\"ListItem\",\"position\":2,\"name\":\"Liity Orion-klubiin\"}]},{\"@type\":\"WebSite\",\"@id\":\"https:\\\/\\\/cinemaorion.fi\\\/#website\",\"url\":\"https:\\\/\\\/cinemaorion.fi\\\/\",\"name\":\"Cinema Orion\",\"description\":\"Cinema Orion tagline\",\"publisher\":{\"@id\":\"https:\\\/\\\/cinemaorion.fi\\\/#organization\"},\"alternateName\":\"Elokuvateatteri Orion\",\"potentialAction\":[{\"@type\":\"SearchAction\",\"target\":{\"@type\":\"EntryPoint\",\"urlTemplate\":\"https:\\\/\\\/cinemaorion.fi\\\/?s={search_term_string}\"},\"query-input\":{\"@type\":\"PropertyValueSpecification\",\"valueRequired\":true,\"valueName\":\"search_term_string\"}}],\"inLanguage\":\"en-GB\"},{\"@type\":\"Organization\",\"@id\":\"https:\\\/\\\/cinemaorion.fi\\\/#organization\",\"name\":\"Cinema Orion\",\"url\":\"https:\\\/\\\/cinemaorion.fi\\\/\",\"logo\":{\"@type\":\"ImageObject\",\"inLanguage\":\"en-GB\",\"@id\":\"https:\\\/\\\/cinemaorion.fi\\\/#\\\/schema\\\/logo\\\/image\\\/\",\"url\":\"https:\\\/\\\/cinemaorion.fi\\\/wp-content\\\/uploads\\\/2021\\\/03\\\/logo-cinemaorion-elke-ry.png\",\"contentUrl\":\"https:\\\/\\\/cinemaorion.fi\\\/wp-content\\\/uploads\\\/2021\\\/03\\\/logo-cinemaorion-elke-ry.png\",\"width\":1300,\"height\":278,\"caption\":\"Cinema Orion\"},\"image\":{\"@id\":\"https:\\\/\\\/cinemaorion.fi\\\/#\\\/schema\\\/logo\\\/image\\\/\"},\"sameAs\":[\"https:\\\/\\\/www.facebook.com\\\/cinemaorion\",\"https:\\\/\\\/x.com\\\/cinemaorion\",\"https:\\\/\\\/www.instagram.com\\\/cinemaorion\\\/\",\"https:\\\/\\\/twitter.com\\\/cinemaorion\"]}]}<\/script>\n<!-- \/ Yoast SEO plugin. -->","yoast_head_json":{"title":"Liity Orion-klubiin - Cinema Orion","description":"Haluatko tulla mukaan Cinema Orionin yst\u00e4vien klubitoimintaan? 10 euron vuosimaksulla voit nauttia j\u00e4senist\u00f6lle suunnatuista ilmaisista n\u00e4yt\u00f6ksist\u00e4 muutaman kerran vuodessa, saat alennuksia osaan normaalihintaisista n\u00e4yt\u00f6ksist\u00e4 sek\u00e4 voit ostaa teatterin oheismyyntituotteita -10% alehintaan, sek\u00e4 saat etuja my\u00f6s yhteisty\u00f6kumppaneiltamme.Voit liitty\u00e4 j\u00e4seneksi maksamalla vuosimaksun teatterin lipunmyynniss\u00e4. Klubij\u00e4senyys on henkil\u00f6kohtainen ja se on voimassa vuoden ostop\u00e4iv\u00e4st\u00e4.Jos kuulut alennusryhm\u00e4\u00e4n (el\u00e4kel\u00e4inen, opiskelija, alle 18-v, ty\u00f6t\u00f6n, varus- tai siviilipalvelusta suorittava) niin voit lunastaa klubikortilla alennusryhmille suunnattuja klubilippuja verkkokaupasta tai kassaltamme. Huomioithan, ett\u00e4 alennukseen oikeuttava todistus voidaan tarkistaa kassalla tai lipuntarkastuksen yhteydess\u00e4, eli alennustodistuksen on oltava aina mukana, kun klubikortilla lunastetaan alennusryhmille suunnattuja lippuja.Haluatko liitty\u00e4 Orion-klubiin? Osta j\u00e4senyys kassaltamme.>Klubialennukseen oikeuttavat n\u00e4yt\u00f6kset>Klubilaisten tapahtumat>Kumppaneiden tarjoukse","robots":{"index":"index","follow":"follow","max-snippet":"max-snippet:-1","max-image-preview":"max-image-preview:large","max-video-preview":"max-video-preview:-1"},"canonical":"https:\/\/cinemaorion.fi\/en\/orion-klubi\/","og_locale":"en_GB","og_type":"article","og_title":"Liity Orion-klubiin - Cinema Orion","og_description":"Haluatko tulla mukaan Cinema Orionin yst\u00e4vien klubitoimintaan? 10 euron vuosimaksulla voit nauttia j\u00e4senist\u00f6lle suunnatuista ilmaisista n\u00e4yt\u00f6ksist\u00e4 muutaman kerran vuodessa, saat alennuksia osaan normaalihintaisista n\u00e4yt\u00f6ksist\u00e4 sek\u00e4 voit ostaa teatterin oheismyyntituotteita -10% alehintaan, sek\u00e4 saat etuja my\u00f6s yhteisty\u00f6kumppaneiltamme.Voit liitty\u00e4 j\u00e4seneksi maksamalla vuosimaksun teatterin lipunmyynniss\u00e4. Klubij\u00e4senyys on henkil\u00f6kohtainen ja se on voimassa vuoden ostop\u00e4iv\u00e4st\u00e4.Jos kuulut alennusryhm\u00e4\u00e4n (el\u00e4kel\u00e4inen, opiskelija, alle 18-v, ty\u00f6t\u00f6n, varus- tai siviilipalvelusta suorittava) niin voit lunastaa klubikortilla alennusryhmille suunnattuja klubilippuja verkkokaupasta tai kassaltamme. Huomioithan, ett\u00e4 alennukseen oikeuttava todistus voidaan tarkistaa kassalla tai lipuntarkastuksen yhteydess\u00e4, eli alennustodistuksen on oltava aina mukana, kun klubikortilla lunastetaan alennusryhmille suunnattuja lippuja.Haluatko liitty\u00e4 Orion-klubiin? Osta j\u00e4senyys kassaltamme.>Klubialennukseen oikeuttavat n\u00e4yt\u00f6kset>Klubilaisten tapahtumat>Kumppaneiden tarjoukse","og_url":"https:\/\/cinemaorion.fi\/en\/orion-klubi\/","og_site_name":"Cinema Orion","article_publisher":"https:\/\/www.facebook.com\/cinemaorion","article_modified_time":"2026-03-16T09:30:03+00:00","og_image":[{"width":1600,"height":900,"url":"https:\/\/cinemaorion.fi\/wp-content\/uploads\/2020\/02\/Audience.jpg","type":"image\/jpeg"}],"twitter_card":"summary_large_image","twitter_site":"@cinemaorion","twitter_misc":{"Estimated reading time":"1 minute"},"schema":{"@context":"https:\/\/schema.org","@graph":[{"@type":"WebPage","@id":"https:\/\/cinemaorion.fi\/orion-klubi\/","url":"https:\/\/cinemaorion.fi\/orion-klubi\/","name":"Liity Orion-klubiin - Cinema Orion","isPartOf":{"@id":"https:\/\/cinemaorion.fi\/#website"},"datePublished":"2020-02-10T13:05:44+00:00","dateModified":"2026-03-16T09:30:03+00:00","description":"Haluatko tulla mukaan Cinema Orionin yst\u00e4vien klubitoimintaan? 10 euron vuosimaksulla voit nauttia j\u00e4senist\u00f6lle suunnatuista ilmaisista n\u00e4yt\u00f6ksist\u00e4 muutaman kerran vuodessa, saat alennuksia osaan normaalihintaisista n\u00e4yt\u00f6ksist\u00e4 sek\u00e4 voit ostaa teatterin oheismyyntituotteita -10% alehintaan, sek\u00e4 saat etuja my\u00f6s yhteisty\u00f6kumppaneiltamme.Voit liitty\u00e4 j\u00e4seneksi maksamalla vuosimaksun teatterin lipunmyynniss\u00e4. Klubij\u00e4senyys on henkil\u00f6kohtainen ja se on voimassa vuoden ostop\u00e4iv\u00e4st\u00e4.Jos kuulut alennusryhm\u00e4\u00e4n (el\u00e4kel\u00e4inen, opiskelija, alle 18-v, ty\u00f6t\u00f6n, varus- tai siviilipalvelusta suorittava) niin voit lunastaa klubikortilla alennusryhmille suunnattuja klubilippuja verkkokaupasta tai kassaltamme. Huomioithan, ett\u00e4 alennukseen oikeuttava todistus voidaan tarkistaa kassalla tai lipuntarkastuksen yhteydess\u00e4, eli alennustodistuksen on oltava aina mukana, kun klubikortilla lunastetaan alennusryhmille suunnattuja lippuja.Haluatko liitty\u00e4 Orion-klubiin? Osta j\u00e4senyys kassaltamme.>Klubialennukseen oikeuttavat n\u00e4yt\u00f6kset>Klubilaisten tapahtumat>Kumppaneiden tarjoukse","breadcrumb":{"@id":"https:\/\/cinemaorion.fi\/orion-klubi\/#breadcrumb"},"inLanguage":"en-GB","potentialAction":[{"@type":"ReadAction","target":["https:\/\/cinemaorion.fi\/orion-klubi\/"]}]},{"@type":"BreadcrumbList","@id":"https:\/\/cinemaorion.fi\/orion-klubi\/#breadcrumb","itemListElement":[{"@type":"ListItem","position":1,"name":"Home","item":"https:\/\/cinemaorion.fi\/"},{"@type":"ListItem","position":2,"name":"Liity Orion-klubiin"}]},{"@type":"WebSite","@id":"https:\/\/cinemaorion.fi\/#website","url":"https:\/\/cinemaorion.fi\/","name":"Cinema Orion","description":"Cinema Orion tagline","publisher":{"@id":"https:\/\/cinemaorion.fi\/#organization"},"alternateName":"Elokuvateatteri Orion","potentialAction":[{"@type":"SearchAction","target":{"@type":"EntryPoint","urlTemplate":"https:\/\/cinemaorion.fi\/?s={search_term_string}"},"query-input":{"@type":"PropertyValueSpecification","valueRequired":true,"valueName":"search_term_string"}}],"inLanguage":"en-GB"},{"@type":"Organization","@id":"https:\/\/cinemaorion.fi\/#organization","name":"Cinema Orion","url":"https:\/\/cinemaorion.fi\/","logo":{"@type":"ImageObject","inLanguage":"en-GB","@id":"https:\/\/cinemaorion.fi\/#\/schema\/logo\/image\/","url":"https:\/\/cinemaorion.fi\/wp-content\/uploads\/2021\/03\/logo-cinemaorion-elke-ry.png","contentUrl":"https:\/\/cinemaorion.fi\/wp-content\/uploads\/2021\/03\/logo-cinemaorion-elke-ry.png","width":1300,"height":278,"caption":"Cinema Orion"},"image":{"@id":"https:\/\/cinemaorion.fi\/#\/schema\/logo\/image\/"},"sameAs":["https:\/\/www.facebook.com\/cinemaorion","https:\/\/x.com\/cinemaorion","https:\/\/www.instagram.com\/cinemaorion\/","https:\/\/twitter.com\/cinemaorion"]}]}},"_links":{"self":[{"href":"https:\/\/cinemaorion.fi\/en\/wp-json\/wp\/v2\/pages\/8422","targetHints":{"allow":["GET"]}}],"collection":[{"href":"https:\/\/cinemaorion.fi\/en\/wp-json\/wp\/v2\/pages"}],"about":[{"href":"https:\/\/cinemaorion.fi\/en\/wp-json\/wp\/v2\/types\/page"}],"author":[{"embeddable":true,"href":"https:\/\/cinemaorion.fi\/en\/wp-json\/wp\/v2\/users\/3"}],"replies":[{"embeddable":true,"href":"https:\/\/cinemaorion.fi\/en\/wp-json\/wp\/v2\/comments?post=8422"}],"version-history":[{"count":19,"href":"https:\/\/cinemaorion.fi\/en\/wp-json\/wp\/v2\/pages\/8422\/revisions"}],"predecessor-version":[{"id":29627,"href":"https:\/\/cinemaorion.fi\/en\/wp-json\/wp\/v2\/pages\/8422\/revisions\/29627"}],"wp:attachment":[{"href":"https:\/\/cinemaorion.fi\/en\/wp-json\/wp\/v2\/media?parent=8422"}],"curies":[{"name":"wp","href":"https:\/\/api.w.org\/{rel}","templated":true}]}}