{"id":8378,"date":"2020-02-03T12:35:46","date_gmt":"2020-02-03T12:35:46","guid":{"rendered":"https:\/\/cinemaorion.fi\/?page_id=8378"},"modified":"2022-08-24T11:47:22","modified_gmt":"2022-08-24T11:47:22","slug":"laskutustiedot","status":"publish","type":"page","link":"https:\/\/cinemaorion.fi\/en\/laskutustiedot\/","title":{"rendered":"Invoicing info"},"content":{"rendered":"<p>Laskutusosoitteemme ovat p\u00e4ivittyneet toukokuussa 2022. P\u00e4ivit\u00e4tteh\u00e4n asiakasrekisteriinne uudet laskutustiet-omme.<\/p>\n\n\n\n<p>We prefer to receive electronic invoices. Compared to paper invoices, processing\nelectronic invoices is faster, cheaper and more reliable for the sender and the receiver.<\/p>\n\n\n\n<p>ELKE ry:n (Y-tunnus 2806976-3) verkkolaskuosoite on:<\/p>\n\n\n\n<figure class=\"wp-block-table\"><table><tbody><tr><td>\n  <strong>Operator<\/strong>\n  <\/td><td>\n  <strong>Electronic invoice address<\/strong>\n  <\/td><td>\n  <strong>Electronical Data Interchange ID (EDI)<\/strong>\n  <\/td><\/tr><tr><td> Apix Messaging Oy (003723327487)<\/td><td>\n  003728069763\n  <\/td><td>\n  003728069763\n  <\/td><\/tr><\/tbody><\/table><\/figure>\n\n\n\n<p>Huomioittehan, ett\u00e4 mik\u00e4li k\u00e4yt\u00f6ss\u00e4nne on jokin seuraavista operaattoreista verkkolaskun l\u00e4hett\u00e4miseen: <strong>Danske Bank Oyj, Handelsbanken, Paikallisosuuspankit tai S\u00e4\u00e4st\u00f6pankit<\/strong>, tulee teid\u00e4n k\u00e4ytt\u00e4\u00e4 Apixin verkkolaskuosoitteenamme seuraavaa osoitetta: verkkolaskuosoite: 003723327487 ja operaattoritunnus: DABAFIHH.<\/p>\n\n\n\n<p>Mik\u00e4li ette voi l\u00e4hett\u00e4\u00e4 verkkolaskuja, pyyd\u00e4mme l\u00e4hett\u00e4m\u00e4\u00e4n laskut ostolaskujen skannaus-palveluun.<\/p>\n\n\n\n<p>S\u00e4hk\u00f6postiskannauksen osoite:<strong> 003728069763@procountor.apix.fi<\/strong><\/p>\n\n\n\n<p>L\u00e4hetett\u00e4v\u00e4 lasku tulee olla s\u00e4hk\u00f6postin liitteen\u00e4 PDF-tiedostona. Y<strong>hdell\u00e4 s\u00e4hk\u00f6postilla ja sen liitteiss\u00e4 saa olla vain yksi lasku. Jos s\u00e4hk\u00f6posti sis\u00e4lt\u00e4\u00e4 laskun lis\u00e4ksi muita liitetiedostoja, lis\u00e4t\u00e4\u00e4n ne laskun liitteiksi. Liitetiedostojen maksimikoko on 2 mb<\/strong>. L\u00e4hetyksen j\u00e4lkeen palvelusta tulee joko hyv\u00e4ksynt\u00e4- tai hylk\u00e4ysilmoitus s\u00e4hk\u00f6postilla l\u00e4hetysosoitteeseen 15 minuutin kuluessa l\u00e4hetyksest\u00e4.<\/p>\n\n\n\n<p>Paperilaskujen skannauksen osoite:<\/p>\n\n\n\n<p><strong>El\u00e4v\u00e4n kuvan keskus ELKE ry \/ Cinema Orion (Apix skannauspalvelu)<\/strong><br><strong>PL 16112<\/strong><br><strong>00021 LASKUTUS<\/strong><\/p>\n\n\n\n<p>Jotta skannauspalvelu voi kohdistaa laskunne, tulee t\u00e4m\u00e4 laskutusosoite tulostaa my\u00f6s itse laskuun, eik\u00e4 pelk\u00e4st\u00e4\u00e4n kirjekuoreen. T\u00e4h\u00e4n laskutusosoitteeseen ei tule l\u00e4hett\u00e4\u00e4 muuta materiaalia kuin laskuja, eli esimerkiksi tiedotusten ja markkinointimateriaalin postiosoite pysyy ennallaan.<\/p>","protected":false},"excerpt":{"rendered":"<p>Laskutusosoitteemme ovat p\u00e4ivittyneet toukokuussa 2022. P\u00e4ivit\u00e4tteh\u00e4n asiakasrekisteriinne uudet laskutustiet-omme. Toivomme, ett\u00e4 l\u00e4het\u00e4tte laskunne ensisijaisesti verkkolaskuina. Verkkolaskujen k\u00e4sittely on sek\u00e4 l\u00e4hett\u00e4j\u00e4lle ett\u00e4 vastaanottajalle nopeampaa, luotettavampaa ja edullisempaa kuin paperilaskujen k\u00e4sittely. ELKE ry:n (Y-tunnus 2806976-3) verkkolaskuosoite on: Operaattori Verkkolaskuosoite OVT-tunnus Apix Messaging Oy (003723327487) 003728069763 003728069763 Huomioittehan, ett\u00e4 mik\u00e4li k\u00e4yt\u00f6ss\u00e4nne on jokin seuraavista operaattoreista verkkolaskun l\u00e4hett\u00e4miseen: Danske [&hellip;]<\/p>\n","protected":false},"author":3,"featured_media":0,"parent":0,"menu_order":0,"comment_status":"closed","ping_status":"closed","template":"","meta":{"_acf_changed":false,"footnotes":""},"class_list":["post-8378","page","type-page","status-publish","hentry"],"acf":[],"yoast_head":"<!-- This site is optimized with the Yoast SEO plugin v27.3 - https:\/\/yoast.com\/product\/yoast-seo-wordpress\/ -->\n<title>Laskutustiedot - Cinema Orion<\/title>\n<meta name=\"description\" content=\"Laskutusosoitteemme ovat p\u00e4ivittyneet toukokuussa 2022. P\u00e4ivit\u00e4tteh\u00e4n asiakasrekisteriinne uudet laskutustiet-omme.Toivomme, ett\u00e4 l\u00e4het\u00e4tte laskunne ensisijaisesti verkkolaskuina. Verkkolaskujen k\u00e4sittely on sek\u00e4 l\u00e4hett\u00e4j\u00e4lle ett\u00e4 vastaanottajalle nopeampaa, luotettavampaa ja edullisempaa kuin paperilaskujen k\u00e4sittely.ELKE ry:n (Y-tunnus 2806976-3) verkkolaskuosoite on: Operaattori  Verkkolaskuosoite  OVT-tunnus  Apix Messaging Oy (003723327487) 003728069763  003728069763 Huomioittehan, ett\u00e4 mik\u00e4li k\u00e4yt\u00f6ss\u00e4nne on jokin seuraavista operaattoreista verkkolaskun l\u00e4hett\u00e4miseen: Danske Bank Oyj, Handelsbanken, Paikallisosuuspankit tai S\u00e4\u00e4st\u00f6pankit, tulee teid\u00e4n k\u00e4ytt\u00e4\u00e4 Apixin verkkolaskuosoitteenamme seuraavaa osoitetta: verkkolaskuosoite: 003723327487 ja operaattoritunnus: DABAFIHH.Mik\u00e4li ette voi l\u00e4hett\u00e4\u00e4 verkkolaskuja, pyyd\u00e4mme l\u00e4hett\u00e4m\u00e4\u00e4n laskut ostolaskujen skannaus-palveluun.S\u00e4hk\u00f6postiskannauksen osoite: 003728069763@procountor.apix.fiL\u00e4hetett\u00e4v\u00e4 lasku tulee olla s\u00e4hk\u00f6postin liitteen\u00e4 PDF-tiedostona. Yhdell\u00e4 s\u00e4hk\u00f6postilla ja sen liitteiss\u00e4 saa olla vain yksi lasku. Jos s\u00e4hk\u00f6posti sis\u00e4lt\u00e4\u00e4 laskun lis\u00e4ksi muita liitetiedostoja, lis\u00e4t\u00e4\u00e4n ne laskun liitteiksi. Liitetiedostojen maksimikoko on 2 mb. L\u00e4hetyksen j\u00e4lkeen palvelusta tulee joko hyv\u00e4ksynt\u00e4- tai hylk\u00e4ysilmoitus s\u00e4hk\u00f6postilla l\u00e4hetysosoitteeseen 15 minuutin kuluessa l\u00e4hetyksest\u00e4.Paperilaskujen skannauksen osoite:El\u00e4v\u00e4n kuvan keskus ELKE ry \/ Cinema Orion (Apix skannauspalvelu)PL 1611200021 LASKUTUSJotta skannauspalvelu voi kohdistaa laskunne, tulee t\u00e4m\u00e4 laskutusosoite tulostaa my\u00f6s itse laskuun, eik\u00e4 pelk\u00e4st\u00e4\u00e4n kirjekuoreen. T\u00e4h\u00e4n laskutusosoitteeseen ei tule l\u00e4hett\u00e4\u00e4 muuta materiaalia kuin laskuja, eli esimerkiksi tiedotusten ja markkinointimateriaalin postiosoite pysyy ennallaan.\" \/>\n<meta name=\"robots\" content=\"index, follow, max-snippet:-1, max-image-preview:large, max-video-preview:-1\" \/>\n<link rel=\"canonical\" href=\"https:\/\/cinemaorion.fi\/en\/laskutustiedot\/\" \/>\n<meta property=\"og:locale\" content=\"en_GB\" \/>\n<meta property=\"og:type\" content=\"article\" \/>\n<meta property=\"og:title\" content=\"Laskutustiedot - Cinema Orion\" \/>\n<meta property=\"og:description\" content=\"Laskutusosoitteemme ovat p\u00e4ivittyneet toukokuussa 2022. P\u00e4ivit\u00e4tteh\u00e4n asiakasrekisteriinne uudet laskutustiet-omme.Toivomme, ett\u00e4 l\u00e4het\u00e4tte laskunne ensisijaisesti verkkolaskuina. Verkkolaskujen k\u00e4sittely on sek\u00e4 l\u00e4hett\u00e4j\u00e4lle ett\u00e4 vastaanottajalle nopeampaa, luotettavampaa ja edullisempaa kuin paperilaskujen k\u00e4sittely.ELKE ry:n (Y-tunnus 2806976-3) verkkolaskuosoite on: Operaattori  Verkkolaskuosoite  OVT-tunnus  Apix Messaging Oy (003723327487) 003728069763  003728069763 Huomioittehan, ett\u00e4 mik\u00e4li k\u00e4yt\u00f6ss\u00e4nne on jokin seuraavista operaattoreista verkkolaskun l\u00e4hett\u00e4miseen: Danske Bank Oyj, Handelsbanken, Paikallisosuuspankit tai S\u00e4\u00e4st\u00f6pankit, tulee teid\u00e4n k\u00e4ytt\u00e4\u00e4 Apixin verkkolaskuosoitteenamme seuraavaa osoitetta: verkkolaskuosoite: 003723327487 ja operaattoritunnus: DABAFIHH.Mik\u00e4li ette voi l\u00e4hett\u00e4\u00e4 verkkolaskuja, pyyd\u00e4mme l\u00e4hett\u00e4m\u00e4\u00e4n laskut ostolaskujen skannaus-palveluun.S\u00e4hk\u00f6postiskannauksen osoite: 003728069763@procountor.apix.fiL\u00e4hetett\u00e4v\u00e4 lasku tulee olla s\u00e4hk\u00f6postin liitteen\u00e4 PDF-tiedostona. Yhdell\u00e4 s\u00e4hk\u00f6postilla ja sen liitteiss\u00e4 saa olla vain yksi lasku. Jos s\u00e4hk\u00f6posti sis\u00e4lt\u00e4\u00e4 laskun lis\u00e4ksi muita liitetiedostoja, lis\u00e4t\u00e4\u00e4n ne laskun liitteiksi. Liitetiedostojen maksimikoko on 2 mb. L\u00e4hetyksen j\u00e4lkeen palvelusta tulee joko hyv\u00e4ksynt\u00e4- tai hylk\u00e4ysilmoitus s\u00e4hk\u00f6postilla l\u00e4hetysosoitteeseen 15 minuutin kuluessa l\u00e4hetyksest\u00e4.Paperilaskujen skannauksen osoite:El\u00e4v\u00e4n kuvan keskus ELKE ry \/ Cinema Orion (Apix skannauspalvelu)PL 1611200021 LASKUTUSJotta skannauspalvelu voi kohdistaa laskunne, tulee t\u00e4m\u00e4 laskutusosoite tulostaa my\u00f6s itse laskuun, eik\u00e4 pelk\u00e4st\u00e4\u00e4n kirjekuoreen. T\u00e4h\u00e4n laskutusosoitteeseen ei tule l\u00e4hett\u00e4\u00e4 muuta materiaalia kuin laskuja, eli esimerkiksi tiedotusten ja markkinointimateriaalin postiosoite pysyy ennallaan.\" \/>\n<meta property=\"og:url\" content=\"https:\/\/cinemaorion.fi\/en\/laskutustiedot\/\" \/>\n<meta property=\"og:site_name\" content=\"Cinema Orion\" \/>\n<meta property=\"article:publisher\" content=\"https:\/\/www.facebook.com\/cinemaorion\" \/>\n<meta property=\"article:modified_time\" content=\"2022-08-24T11:47:22+00:00\" \/>\n<meta property=\"og:image\" content=\"https:\/\/cinemaorion.fi\/wp-content\/uploads\/2021\/03\/Cinemaorion-fi-og-image-1600.jpg\" \/>\n\t<meta property=\"og:image:width\" content=\"1600\" \/>\n\t<meta property=\"og:image:height\" content=\"900\" \/>\n\t<meta property=\"og:image:type\" content=\"image\/jpeg\" \/>\n<meta name=\"twitter:card\" content=\"summary_large_image\" \/>\n<meta name=\"twitter:site\" content=\"@cinemaorion\" \/>\n<meta name=\"twitter:label1\" content=\"Estimated reading time\" \/>\n\t<meta name=\"twitter:data1\" content=\"2 minutes\" \/>\n<script type=\"application\/ld+json\" class=\"yoast-schema-graph\">{\"@context\":\"https:\\\/\\\/schema.org\",\"@graph\":[{\"@type\":\"WebPage\",\"@id\":\"https:\\\/\\\/cinemaorion.fi\\\/laskutustiedot\\\/\",\"url\":\"https:\\\/\\\/cinemaorion.fi\\\/laskutustiedot\\\/\",\"name\":\"Laskutustiedot - Cinema Orion\",\"isPartOf\":{\"@id\":\"https:\\\/\\\/cinemaorion.fi\\\/#website\"},\"datePublished\":\"2020-02-03T12:35:46+00:00\",\"dateModified\":\"2022-08-24T11:47:22+00:00\",\"description\":\"Laskutusosoitteemme ovat p\u00e4ivittyneet toukokuussa 2022. P\u00e4ivit\u00e4tteh\u00e4n asiakasrekisteriinne uudet laskutustiet-omme.Toivomme, ett\u00e4 l\u00e4het\u00e4tte laskunne ensisijaisesti verkkolaskuina. Verkkolaskujen k\u00e4sittely on sek\u00e4 l\u00e4hett\u00e4j\u00e4lle ett\u00e4 vastaanottajalle nopeampaa, luotettavampaa ja edullisempaa kuin paperilaskujen k\u00e4sittely.ELKE ry:n (Y-tunnus 2806976-3) verkkolaskuosoite on: Operaattori Verkkolaskuosoite OVT-tunnus Apix Messaging Oy (003723327487) 003728069763 003728069763 Huomioittehan, ett\u00e4 mik\u00e4li k\u00e4yt\u00f6ss\u00e4nne on jokin seuraavista operaattoreista verkkolaskun l\u00e4hett\u00e4miseen: Danske Bank Oyj, Handelsbanken, Paikallisosuuspankit tai S\u00e4\u00e4st\u00f6pankit, tulee teid\u00e4n k\u00e4ytt\u00e4\u00e4 Apixin verkkolaskuosoitteenamme seuraavaa osoitetta: verkkolaskuosoite: 003723327487 ja operaattoritunnus: DABAFIHH.Mik\u00e4li ette voi l\u00e4hett\u00e4\u00e4 verkkolaskuja, pyyd\u00e4mme l\u00e4hett\u00e4m\u00e4\u00e4n laskut ostolaskujen skannaus-palveluun.S\u00e4hk\u00f6postiskannauksen osoite: 003728069763@procountor.apix.fiL\u00e4hetett\u00e4v\u00e4 lasku tulee olla s\u00e4hk\u00f6postin liitteen\u00e4 PDF-tiedostona. Yhdell\u00e4 s\u00e4hk\u00f6postilla ja sen liitteiss\u00e4 saa olla vain yksi lasku. Jos s\u00e4hk\u00f6posti sis\u00e4lt\u00e4\u00e4 laskun lis\u00e4ksi muita liitetiedostoja, lis\u00e4t\u00e4\u00e4n ne laskun liitteiksi. Liitetiedostojen maksimikoko on 2 mb. L\u00e4hetyksen j\u00e4lkeen palvelusta tulee joko hyv\u00e4ksynt\u00e4- tai hylk\u00e4ysilmoitus s\u00e4hk\u00f6postilla l\u00e4hetysosoitteeseen 15 minuutin kuluessa l\u00e4hetyksest\u00e4.Paperilaskujen skannauksen osoite:El\u00e4v\u00e4n kuvan keskus ELKE ry \\\/ Cinema Orion (Apix skannauspalvelu)PL 1611200021 LASKUTUSJotta skannauspalvelu voi kohdistaa laskunne, tulee t\u00e4m\u00e4 laskutusosoite tulostaa my\u00f6s itse laskuun, eik\u00e4 pelk\u00e4st\u00e4\u00e4n kirjekuoreen. T\u00e4h\u00e4n laskutusosoitteeseen ei tule l\u00e4hett\u00e4\u00e4 muuta materiaalia kuin laskuja, eli esimerkiksi tiedotusten ja markkinointimateriaalin postiosoite pysyy ennallaan.\",\"breadcrumb\":{\"@id\":\"https:\\\/\\\/cinemaorion.fi\\\/laskutustiedot\\\/#breadcrumb\"},\"inLanguage\":\"en-GB\",\"potentialAction\":[{\"@type\":\"ReadAction\",\"target\":[\"https:\\\/\\\/cinemaorion.fi\\\/laskutustiedot\\\/\"]}]},{\"@type\":\"BreadcrumbList\",\"@id\":\"https:\\\/\\\/cinemaorion.fi\\\/laskutustiedot\\\/#breadcrumb\",\"itemListElement\":[{\"@type\":\"ListItem\",\"position\":1,\"name\":\"Home\",\"item\":\"https:\\\/\\\/cinemaorion.fi\\\/\"},{\"@type\":\"ListItem\",\"position\":2,\"name\":\"Laskutustiedot\"}]},{\"@type\":\"WebSite\",\"@id\":\"https:\\\/\\\/cinemaorion.fi\\\/#website\",\"url\":\"https:\\\/\\\/cinemaorion.fi\\\/\",\"name\":\"Cinema Orion\",\"description\":\"Cinema Orion tagline\",\"publisher\":{\"@id\":\"https:\\\/\\\/cinemaorion.fi\\\/#organization\"},\"alternateName\":\"Elokuvateatteri Orion\",\"potentialAction\":[{\"@type\":\"SearchAction\",\"target\":{\"@type\":\"EntryPoint\",\"urlTemplate\":\"https:\\\/\\\/cinemaorion.fi\\\/?s={search_term_string}\"},\"query-input\":{\"@type\":\"PropertyValueSpecification\",\"valueRequired\":true,\"valueName\":\"search_term_string\"}}],\"inLanguage\":\"en-GB\"},{\"@type\":\"Organization\",\"@id\":\"https:\\\/\\\/cinemaorion.fi\\\/#organization\",\"name\":\"Cinema Orion\",\"url\":\"https:\\\/\\\/cinemaorion.fi\\\/\",\"logo\":{\"@type\":\"ImageObject\",\"inLanguage\":\"en-GB\",\"@id\":\"https:\\\/\\\/cinemaorion.fi\\\/#\\\/schema\\\/logo\\\/image\\\/\",\"url\":\"https:\\\/\\\/cinemaorion.fi\\\/wp-content\\\/uploads\\\/2021\\\/03\\\/logo-cinemaorion-elke-ry.png\",\"contentUrl\":\"https:\\\/\\\/cinemaorion.fi\\\/wp-content\\\/uploads\\\/2021\\\/03\\\/logo-cinemaorion-elke-ry.png\",\"width\":1300,\"height\":278,\"caption\":\"Cinema Orion\"},\"image\":{\"@id\":\"https:\\\/\\\/cinemaorion.fi\\\/#\\\/schema\\\/logo\\\/image\\\/\"},\"sameAs\":[\"https:\\\/\\\/www.facebook.com\\\/cinemaorion\",\"https:\\\/\\\/x.com\\\/cinemaorion\",\"https:\\\/\\\/www.instagram.com\\\/cinemaorion\\\/\",\"https:\\\/\\\/twitter.com\\\/cinemaorion\"]}]}<\/script>\n<!-- \/ Yoast SEO plugin. -->","yoast_head_json":{"title":"Laskutustiedot - Cinema Orion","description":"Laskutusosoitteemme ovat p\u00e4ivittyneet toukokuussa 2022. P\u00e4ivit\u00e4tteh\u00e4n asiakasrekisteriinne uudet laskutustiet-omme.Toivomme, ett\u00e4 l\u00e4het\u00e4tte laskunne ensisijaisesti verkkolaskuina. Verkkolaskujen k\u00e4sittely on sek\u00e4 l\u00e4hett\u00e4j\u00e4lle ett\u00e4 vastaanottajalle nopeampaa, luotettavampaa ja edullisempaa kuin paperilaskujen k\u00e4sittely.ELKE ry:n (Y-tunnus 2806976-3) verkkolaskuosoite on: Operaattori  Verkkolaskuosoite  OVT-tunnus  Apix Messaging Oy (003723327487) 003728069763  003728069763 Huomioittehan, ett\u00e4 mik\u00e4li k\u00e4yt\u00f6ss\u00e4nne on jokin seuraavista operaattoreista verkkolaskun l\u00e4hett\u00e4miseen: Danske Bank Oyj, Handelsbanken, Paikallisosuuspankit tai S\u00e4\u00e4st\u00f6pankit, tulee teid\u00e4n k\u00e4ytt\u00e4\u00e4 Apixin verkkolaskuosoitteenamme seuraavaa osoitetta: verkkolaskuosoite: 003723327487 ja operaattoritunnus: DABAFIHH.Mik\u00e4li ette voi l\u00e4hett\u00e4\u00e4 verkkolaskuja, pyyd\u00e4mme l\u00e4hett\u00e4m\u00e4\u00e4n laskut ostolaskujen skannaus-palveluun.S\u00e4hk\u00f6postiskannauksen osoite: 003728069763@procountor.apix.fiL\u00e4hetett\u00e4v\u00e4 lasku tulee olla s\u00e4hk\u00f6postin liitteen\u00e4 PDF-tiedostona. Yhdell\u00e4 s\u00e4hk\u00f6postilla ja sen liitteiss\u00e4 saa olla vain yksi lasku. Jos s\u00e4hk\u00f6posti sis\u00e4lt\u00e4\u00e4 laskun lis\u00e4ksi muita liitetiedostoja, lis\u00e4t\u00e4\u00e4n ne laskun liitteiksi. Liitetiedostojen maksimikoko on 2 mb. L\u00e4hetyksen j\u00e4lkeen palvelusta tulee joko hyv\u00e4ksynt\u00e4- tai hylk\u00e4ysilmoitus s\u00e4hk\u00f6postilla l\u00e4hetysosoitteeseen 15 minuutin kuluessa l\u00e4hetyksest\u00e4.Paperilaskujen skannauksen osoite:El\u00e4v\u00e4n kuvan keskus ELKE ry \/ Cinema Orion (Apix skannauspalvelu)PL 1611200021 LASKUTUSJotta skannauspalvelu voi kohdistaa laskunne, tulee t\u00e4m\u00e4 laskutusosoite tulostaa my\u00f6s itse laskuun, eik\u00e4 pelk\u00e4st\u00e4\u00e4n kirjekuoreen. T\u00e4h\u00e4n laskutusosoitteeseen ei tule l\u00e4hett\u00e4\u00e4 muuta materiaalia kuin laskuja, eli esimerkiksi tiedotusten ja markkinointimateriaalin postiosoite pysyy ennallaan.","robots":{"index":"index","follow":"follow","max-snippet":"max-snippet:-1","max-image-preview":"max-image-preview:large","max-video-preview":"max-video-preview:-1"},"canonical":"https:\/\/cinemaorion.fi\/en\/laskutustiedot\/","og_locale":"en_GB","og_type":"article","og_title":"Laskutustiedot - Cinema Orion","og_description":"Laskutusosoitteemme ovat p\u00e4ivittyneet toukokuussa 2022. P\u00e4ivit\u00e4tteh\u00e4n asiakasrekisteriinne uudet laskutustiet-omme.Toivomme, ett\u00e4 l\u00e4het\u00e4tte laskunne ensisijaisesti verkkolaskuina. Verkkolaskujen k\u00e4sittely on sek\u00e4 l\u00e4hett\u00e4j\u00e4lle ett\u00e4 vastaanottajalle nopeampaa, luotettavampaa ja edullisempaa kuin paperilaskujen k\u00e4sittely.ELKE ry:n (Y-tunnus 2806976-3) verkkolaskuosoite on: Operaattori  Verkkolaskuosoite  OVT-tunnus  Apix Messaging Oy (003723327487) 003728069763  003728069763 Huomioittehan, ett\u00e4 mik\u00e4li k\u00e4yt\u00f6ss\u00e4nne on jokin seuraavista operaattoreista verkkolaskun l\u00e4hett\u00e4miseen: Danske Bank Oyj, Handelsbanken, Paikallisosuuspankit tai S\u00e4\u00e4st\u00f6pankit, tulee teid\u00e4n k\u00e4ytt\u00e4\u00e4 Apixin verkkolaskuosoitteenamme seuraavaa osoitetta: verkkolaskuosoite: 003723327487 ja operaattoritunnus: DABAFIHH.Mik\u00e4li ette voi l\u00e4hett\u00e4\u00e4 verkkolaskuja, pyyd\u00e4mme l\u00e4hett\u00e4m\u00e4\u00e4n laskut ostolaskujen skannaus-palveluun.S\u00e4hk\u00f6postiskannauksen osoite: 003728069763@procountor.apix.fiL\u00e4hetett\u00e4v\u00e4 lasku tulee olla s\u00e4hk\u00f6postin liitteen\u00e4 PDF-tiedostona. Yhdell\u00e4 s\u00e4hk\u00f6postilla ja sen liitteiss\u00e4 saa olla vain yksi lasku. Jos s\u00e4hk\u00f6posti sis\u00e4lt\u00e4\u00e4 laskun lis\u00e4ksi muita liitetiedostoja, lis\u00e4t\u00e4\u00e4n ne laskun liitteiksi. Liitetiedostojen maksimikoko on 2 mb. L\u00e4hetyksen j\u00e4lkeen palvelusta tulee joko hyv\u00e4ksynt\u00e4- tai hylk\u00e4ysilmoitus s\u00e4hk\u00f6postilla l\u00e4hetysosoitteeseen 15 minuutin kuluessa l\u00e4hetyksest\u00e4.Paperilaskujen skannauksen osoite:El\u00e4v\u00e4n kuvan keskus ELKE ry \/ Cinema Orion (Apix skannauspalvelu)PL 1611200021 LASKUTUSJotta skannauspalvelu voi kohdistaa laskunne, tulee t\u00e4m\u00e4 laskutusosoite tulostaa my\u00f6s itse laskuun, eik\u00e4 pelk\u00e4st\u00e4\u00e4n kirjekuoreen. T\u00e4h\u00e4n laskutusosoitteeseen ei tule l\u00e4hett\u00e4\u00e4 muuta materiaalia kuin laskuja, eli esimerkiksi tiedotusten ja markkinointimateriaalin postiosoite pysyy ennallaan.","og_url":"https:\/\/cinemaorion.fi\/en\/laskutustiedot\/","og_site_name":"Cinema Orion","article_publisher":"https:\/\/www.facebook.com\/cinemaorion","article_modified_time":"2022-08-24T11:47:22+00:00","og_image":[{"width":1600,"height":900,"url":"https:\/\/cinemaorion.fi\/wp-content\/uploads\/2021\/03\/Cinemaorion-fi-og-image-1600.jpg","type":"image\/jpeg"}],"twitter_card":"summary_large_image","twitter_site":"@cinemaorion","twitter_misc":{"Estimated reading time":"2 minutes"},"schema":{"@context":"https:\/\/schema.org","@graph":[{"@type":"WebPage","@id":"https:\/\/cinemaorion.fi\/laskutustiedot\/","url":"https:\/\/cinemaorion.fi\/laskutustiedot\/","name":"Laskutustiedot - Cinema Orion","isPartOf":{"@id":"https:\/\/cinemaorion.fi\/#website"},"datePublished":"2020-02-03T12:35:46+00:00","dateModified":"2022-08-24T11:47:22+00:00","description":"Laskutusosoitteemme ovat p\u00e4ivittyneet toukokuussa 2022. P\u00e4ivit\u00e4tteh\u00e4n asiakasrekisteriinne uudet laskutustiet-omme.Toivomme, ett\u00e4 l\u00e4het\u00e4tte laskunne ensisijaisesti verkkolaskuina. Verkkolaskujen k\u00e4sittely on sek\u00e4 l\u00e4hett\u00e4j\u00e4lle ett\u00e4 vastaanottajalle nopeampaa, luotettavampaa ja edullisempaa kuin paperilaskujen k\u00e4sittely.ELKE ry:n (Y-tunnus 2806976-3) verkkolaskuosoite on: Operaattori Verkkolaskuosoite OVT-tunnus Apix Messaging Oy (003723327487) 003728069763 003728069763 Huomioittehan, ett\u00e4 mik\u00e4li k\u00e4yt\u00f6ss\u00e4nne on jokin seuraavista operaattoreista verkkolaskun l\u00e4hett\u00e4miseen: Danske Bank Oyj, Handelsbanken, Paikallisosuuspankit tai S\u00e4\u00e4st\u00f6pankit, tulee teid\u00e4n k\u00e4ytt\u00e4\u00e4 Apixin verkkolaskuosoitteenamme seuraavaa osoitetta: verkkolaskuosoite: 003723327487 ja operaattoritunnus: DABAFIHH.Mik\u00e4li ette voi l\u00e4hett\u00e4\u00e4 verkkolaskuja, pyyd\u00e4mme l\u00e4hett\u00e4m\u00e4\u00e4n laskut ostolaskujen skannaus-palveluun.S\u00e4hk\u00f6postiskannauksen osoite: 003728069763@procountor.apix.fiL\u00e4hetett\u00e4v\u00e4 lasku tulee olla s\u00e4hk\u00f6postin liitteen\u00e4 PDF-tiedostona. Yhdell\u00e4 s\u00e4hk\u00f6postilla ja sen liitteiss\u00e4 saa olla vain yksi lasku. Jos s\u00e4hk\u00f6posti sis\u00e4lt\u00e4\u00e4 laskun lis\u00e4ksi muita liitetiedostoja, lis\u00e4t\u00e4\u00e4n ne laskun liitteiksi. Liitetiedostojen maksimikoko on 2 mb. L\u00e4hetyksen j\u00e4lkeen palvelusta tulee joko hyv\u00e4ksynt\u00e4- tai hylk\u00e4ysilmoitus s\u00e4hk\u00f6postilla l\u00e4hetysosoitteeseen 15 minuutin kuluessa l\u00e4hetyksest\u00e4.Paperilaskujen skannauksen osoite:El\u00e4v\u00e4n kuvan keskus ELKE ry \/ Cinema Orion (Apix skannauspalvelu)PL 1611200021 LASKUTUSJotta skannauspalvelu voi kohdistaa laskunne, tulee t\u00e4m\u00e4 laskutusosoite tulostaa my\u00f6s itse laskuun, eik\u00e4 pelk\u00e4st\u00e4\u00e4n kirjekuoreen. T\u00e4h\u00e4n laskutusosoitteeseen ei tule l\u00e4hett\u00e4\u00e4 muuta materiaalia kuin laskuja, eli esimerkiksi tiedotusten ja markkinointimateriaalin postiosoite pysyy ennallaan.","breadcrumb":{"@id":"https:\/\/cinemaorion.fi\/laskutustiedot\/#breadcrumb"},"inLanguage":"en-GB","potentialAction":[{"@type":"ReadAction","target":["https:\/\/cinemaorion.fi\/laskutustiedot\/"]}]},{"@type":"BreadcrumbList","@id":"https:\/\/cinemaorion.fi\/laskutustiedot\/#breadcrumb","itemListElement":[{"@type":"ListItem","position":1,"name":"Home","item":"https:\/\/cinemaorion.fi\/"},{"@type":"ListItem","position":2,"name":"Laskutustiedot"}]},{"@type":"WebSite","@id":"https:\/\/cinemaorion.fi\/#website","url":"https:\/\/cinemaorion.fi\/","name":"Cinema Orion","description":"Cinema Orion tagline","publisher":{"@id":"https:\/\/cinemaorion.fi\/#organization"},"alternateName":"Elokuvateatteri Orion","potentialAction":[{"@type":"SearchAction","target":{"@type":"EntryPoint","urlTemplate":"https:\/\/cinemaorion.fi\/?s={search_term_string}"},"query-input":{"@type":"PropertyValueSpecification","valueRequired":true,"valueName":"search_term_string"}}],"inLanguage":"en-GB"},{"@type":"Organization","@id":"https:\/\/cinemaorion.fi\/#organization","name":"Cinema Orion","url":"https:\/\/cinemaorion.fi\/","logo":{"@type":"ImageObject","inLanguage":"en-GB","@id":"https:\/\/cinemaorion.fi\/#\/schema\/logo\/image\/","url":"https:\/\/cinemaorion.fi\/wp-content\/uploads\/2021\/03\/logo-cinemaorion-elke-ry.png","contentUrl":"https:\/\/cinemaorion.fi\/wp-content\/uploads\/2021\/03\/logo-cinemaorion-elke-ry.png","width":1300,"height":278,"caption":"Cinema Orion"},"image":{"@id":"https:\/\/cinemaorion.fi\/#\/schema\/logo\/image\/"},"sameAs":["https:\/\/www.facebook.com\/cinemaorion","https:\/\/x.com\/cinemaorion","https:\/\/www.instagram.com\/cinemaorion\/","https:\/\/twitter.com\/cinemaorion"]}]}},"_links":{"self":[{"href":"https:\/\/cinemaorion.fi\/en\/wp-json\/wp\/v2\/pages\/8378","targetHints":{"allow":["GET"]}}],"collection":[{"href":"https:\/\/cinemaorion.fi\/en\/wp-json\/wp\/v2\/pages"}],"about":[{"href":"https:\/\/cinemaorion.fi\/en\/wp-json\/wp\/v2\/types\/page"}],"author":[{"embeddable":true,"href":"https:\/\/cinemaorion.fi\/en\/wp-json\/wp\/v2\/users\/3"}],"replies":[{"embeddable":true,"href":"https:\/\/cinemaorion.fi\/en\/wp-json\/wp\/v2\/comments?post=8378"}],"version-history":[{"count":7,"href":"https:\/\/cinemaorion.fi\/en\/wp-json\/wp\/v2\/pages\/8378\/revisions"}],"predecessor-version":[{"id":16403,"href":"https:\/\/cinemaorion.fi\/en\/wp-json\/wp\/v2\/pages\/8378\/revisions\/16403"}],"wp:attachment":[{"href":"https:\/\/cinemaorion.fi\/en\/wp-json\/wp\/v2\/media?parent=8378"}],"curies":[{"name":"wp","href":"https:\/\/api.w.org\/{rel}","templated":true}]}}