{"id":8314,"date":"2020-02-05T08:13:59","date_gmt":"2020-02-05T08:13:59","guid":{"rendered":"https:\/\/cinemaorion.fi\/?page_id=8314"},"modified":"2023-09-02T19:46:05","modified_gmt":"2023-09-02T19:46:05","slug":"elokuvakasvatus","status":"publish","type":"page","link":"https:\/\/cinemaorion.fi\/en\/elavan-kuvan-keskus-elke-ry\/elokuvakasvatus\/","title":{"rendered":"ELOKUVAKASVATUS"},"content":{"rendered":"<p><\/p>\n\n\n\n<p><\/p>\n\n\n\n<h4 class=\"wp-block-heading\">Taidetestaajat<\/h4>\n\n\n\n<p>Cinema Orionissa j\u00e4rjestet\u00e4\u00e4n lukuvuonna 2023-24 nelj\u00e4 mykk\u00e4elokuvakonserttia valtakunnallisessa <a href=\"https:\/\/taidetestaajat.fi\/\">Taidetestaajat<\/a>-hankkeessa, joka tarjoaa kaikille Suomen kahdeksaluokkalaisille mahdollisuuden tutustua yhteen tai kahteen korkeatasoiseen kulttuurikokemukseen ymp\u00e4ri Suomen lukuvuoden aikana. <\/p>\n\n\n\n<p>Cinema Orionissa kahdeksasluokkalaiset tekev\u00e4t aikamatkan 1920-luvulle ja mykk\u00e4elokuvakaudelle <strong>Buster Keatonin<\/strong> johdolla ja s\u00e4velt\u00e4j\u00e4 <strong>P\u00e4ivi Takalan<\/strong> s\u00e4est\u00e4m\u00e4n\u00e4. Opetusmateriaaleista vastaa elokuvakasvatusj\u00e4rjest\u00f6 IhmeFilmi ry.<\/p>\n\n\n\n<p>Hanketta koordinoi Suomen Lastenkulttuurikeskusten liitto ja rahoittaa Suomen Kulttuurirahasto, Svenska Kulturfonden ja Suomen opetus- ja kulttuuriministeri\u00f6.<\/p>\n\n\n\n<h4 class=\"wp-block-heading\">Klassikkoelokuvakurssi <\/h4>\n\n\n\n<p>Kurssi tarjoaa toisen asteen opiskelijoille mahdollisuuden tutustua elokuvan historiaan. Koulutuksen j\u00e4rjest\u00e4j\u00e4lle ja opettajalle kurssi tarjoaa ty\u00f6kaluja laaja-alaisen osaamisen opetuksen toteuttamiseen.<\/p>\n\n\n\n<p>Kurssi voidaan toteuttaa temaattisina opintoina paikallisen opetussuunnitelman mukaisesti tai sit\u00e4 soveltaen. Klassikkoelokuvakurssia suositellaan suoritettavaksi yhden jakson aikana elokuvateatterissa tai vastaavassa elokuvasalissa.<\/p>\n\n\n\n<p>El\u00e4v\u00e4n kuvan keskus ELKE ry:n&nbsp;ja&nbsp;<a href=\"https:\/\/ihmefilmi.fi\/\" target=\"_blank\" rel=\"noreferrer noopener\">IhmeFilmi ry:n<\/a>&nbsp;kehitt\u00e4m\u00e4 Klassikkoelokuvakurssi on toteutettu Helsingiss\u00e4&nbsp;Cinema Orionissa vuosina 2020-2021. Kurssia tarjottiin wilma-j\u00e4rjestelm\u00e4n kautta kaikille helsinkil\u00e4isille toisen asteen opiskelijoille. Kurssia on testattu verkkokurssina my\u00f6s Savonlinnan taidelukiossa syksyll\u00e4 2022 positiivisin tuloksin. <\/p>\n\n\n\n<p>Jos olet kiinnostunut j\u00e4rjest\u00e4m\u00e4\u00e4n kurssin tai osan kurssia koulussasi tai alueesi elokuvateatterissa ole yhteydess\u00e4 toiminnanjohtaja Leena N\u00e4rekankaaseen, leena@cinemaorion.fi tai toiminnanjohtaja Mette Lagerstamiin, mette@ihmefilmi.fi. <\/p>\n\n\n\n<p>Lis\u00e4tietoja kurssista l\u00f6yd\u00e4t kurssin kotisivuilta: <a href=\"https:\/\/klassikkoelokuvakurssi.fi\/\">https:\/\/klassikkoelokuvakurssi.fi\/<\/a><\/p>","protected":false},"excerpt":{"rendered":"<p>Taidetestaajat Cinema Orionissa j\u00e4rjestet\u00e4\u00e4n lukuvuonna 2023-24 nelj\u00e4 mykk\u00e4elokuvakonserttia valtakunnallisessa Taidetestaajat-hankkeessa, joka tarjoaa kaikille Suomen kahdeksaluokkalaisille mahdollisuuden tutustua yhteen tai kahteen korkeatasoiseen kulttuurikokemukseen ymp\u00e4ri Suomen lukuvuoden aikana. Cinema Orionissa kahdeksasluokkalaiset tekev\u00e4t aikamatkan 1920-luvulle ja mykk\u00e4elokuvakaudelle Buster Keatonin johdolla ja s\u00e4velt\u00e4j\u00e4 P\u00e4ivi Takalan s\u00e4est\u00e4m\u00e4n\u00e4. Opetusmateriaaleista vastaa elokuvakasvatusj\u00e4rjest\u00f6 IhmeFilmi ry. Hanketta koordinoi Suomen Lastenkulttuurikeskusten liitto ja rahoittaa Suomen [&hellip;]<\/p>\n","protected":false},"author":3,"featured_media":0,"parent":690,"menu_order":0,"comment_status":"closed","ping_status":"closed","template":"page-elke.php","meta":{"_acf_changed":false,"footnotes":""},"class_list":["post-8314","page","type-page","status-publish","hentry"],"acf":[],"yoast_head":"<!-- This site is optimized with the Yoast SEO plugin v27.3 - https:\/\/yoast.com\/product\/yoast-seo-wordpress\/ -->\n<title>ELOKUVAKASVATUS - Cinema Orion<\/title>\n<meta name=\"description\" content=\"TaidetestaajatCinema Orionissa j\u00e4rjestet\u00e4\u00e4n lukuvuonna 2023-24 nelj\u00e4 mykk\u00e4elokuvakonserttia valtakunnallisessa Taidetestaajat-hankkeessa, joka tarjoaa kaikille Suomen kahdeksaluokkalaisille mahdollisuuden tutustua yhteen tai kahteen korkeatasoiseen kulttuurikokemukseen ymp\u00e4ri Suomen lukuvuoden aikana. Cinema Orionissa kahdeksasluokkalaiset tekev\u00e4t aikamatkan 1920-luvulle ja mykk\u00e4elokuvakaudelle Buster Keatonin johdolla ja s\u00e4velt\u00e4j\u00e4 P\u00e4ivi Takalan s\u00e4est\u00e4m\u00e4n\u00e4. Opetusmateriaaleista vastaa elokuvakasvatusj\u00e4rjest\u00f6 IhmeFilmi ry.Hanketta koordinoi Suomen Lastenkulttuurikeskusten liitto ja rahoittaa Suomen Kulttuurirahasto, Svenska Kulturfonden ja Suomen opetus- ja kulttuuriministeri\u00f6.Klassikkoelokuvakurssi Kurssi tarjoaa toisen asteen opiskelijoille mahdollisuuden tutustua elokuvan historiaan. Koulutuksen j\u00e4rjest\u00e4j\u00e4lle ja opettajalle kurssi tarjoaa ty\u00f6kaluja laaja-alaisen osaamisen opetuksen toteuttamiseen.Kurssi voidaan toteuttaa temaattisina opintoina paikallisen opetussuunnitelman mukaisesti tai sit\u00e4 soveltaen. Klassikkoelokuvakurssia suositellaan suoritettavaksi yhden jakson aikana elokuvateatterissa tai vastaavassa elokuvasalissa.El\u00e4v\u00e4n kuvan keskus ELKE ry:n&nbsp;ja&nbsp;IhmeFilmi ry:n&nbsp;kehitt\u00e4m\u00e4 Klassikkoelokuvakurssi on toteutettu Helsingiss\u00e4&nbsp;Cinema Orionissa vuosina 2020-2021. Kurssia tarjottiin wilma-j\u00e4rjestelm\u00e4n kautta kaikille helsinkil\u00e4isille toisen asteen opiskelijoille. Kurssia on testattu verkkokurssina my\u00f6s Savonlinnan taidelukiossa syksyll\u00e4 2022 positiivisin tuloksin. Jos olet kiinnostunut j\u00e4rjest\u00e4m\u00e4\u00e4n kurssin tai osan kurssia koulussasi tai alueesi elokuvateatterissa ole yhteydess\u00e4 toiminnanjohtaja Leena N\u00e4rekankaaseen, leena@cinemaorion.fi tai toiminnanjohtaja Mette Lagerstamiin, mette@ihmefilmi.fi. Lis\u00e4tietoja kurssista l\u00f6yd\u00e4t kurssin kotisivuilta: https:\/\/klassikkoelokuvakurssi.fi\/\" \/>\n<meta name=\"robots\" content=\"index, follow, max-snippet:-1, max-image-preview:large, max-video-preview:-1\" \/>\n<link rel=\"canonical\" href=\"https:\/\/cinemaorion.fi\/en\/elavan-kuvan-keskus-elke-ry\/elokuvakasvatus\/\" \/>\n<meta property=\"og:locale\" content=\"en_GB\" \/>\n<meta property=\"og:type\" content=\"article\" \/>\n<meta property=\"og:title\" content=\"ELOKUVAKASVATUS - Cinema Orion\" \/>\n<meta property=\"og:description\" content=\"TaidetestaajatCinema Orionissa j\u00e4rjestet\u00e4\u00e4n lukuvuonna 2023-24 nelj\u00e4 mykk\u00e4elokuvakonserttia valtakunnallisessa Taidetestaajat-hankkeessa, joka tarjoaa kaikille Suomen kahdeksaluokkalaisille mahdollisuuden tutustua yhteen tai kahteen korkeatasoiseen kulttuurikokemukseen ymp\u00e4ri Suomen lukuvuoden aikana. Cinema Orionissa kahdeksasluokkalaiset tekev\u00e4t aikamatkan 1920-luvulle ja mykk\u00e4elokuvakaudelle Buster Keatonin johdolla ja s\u00e4velt\u00e4j\u00e4 P\u00e4ivi Takalan s\u00e4est\u00e4m\u00e4n\u00e4. Opetusmateriaaleista vastaa elokuvakasvatusj\u00e4rjest\u00f6 IhmeFilmi ry.Hanketta koordinoi Suomen Lastenkulttuurikeskusten liitto ja rahoittaa Suomen Kulttuurirahasto, Svenska Kulturfonden ja Suomen opetus- ja kulttuuriministeri\u00f6.Klassikkoelokuvakurssi Kurssi tarjoaa toisen asteen opiskelijoille mahdollisuuden tutustua elokuvan historiaan. Koulutuksen j\u00e4rjest\u00e4j\u00e4lle ja opettajalle kurssi tarjoaa ty\u00f6kaluja laaja-alaisen osaamisen opetuksen toteuttamiseen.Kurssi voidaan toteuttaa temaattisina opintoina paikallisen opetussuunnitelman mukaisesti tai sit\u00e4 soveltaen. Klassikkoelokuvakurssia suositellaan suoritettavaksi yhden jakson aikana elokuvateatterissa tai vastaavassa elokuvasalissa.El\u00e4v\u00e4n kuvan keskus ELKE ry:n&nbsp;ja&nbsp;IhmeFilmi ry:n&nbsp;kehitt\u00e4m\u00e4 Klassikkoelokuvakurssi on toteutettu Helsingiss\u00e4&nbsp;Cinema Orionissa vuosina 2020-2021. Kurssia tarjottiin wilma-j\u00e4rjestelm\u00e4n kautta kaikille helsinkil\u00e4isille toisen asteen opiskelijoille. Kurssia on testattu verkkokurssina my\u00f6s Savonlinnan taidelukiossa syksyll\u00e4 2022 positiivisin tuloksin. Jos olet kiinnostunut j\u00e4rjest\u00e4m\u00e4\u00e4n kurssin tai osan kurssia koulussasi tai alueesi elokuvateatterissa ole yhteydess\u00e4 toiminnanjohtaja Leena N\u00e4rekankaaseen, leena@cinemaorion.fi tai toiminnanjohtaja Mette Lagerstamiin, mette@ihmefilmi.fi. Lis\u00e4tietoja kurssista l\u00f6yd\u00e4t kurssin kotisivuilta: https:\/\/klassikkoelokuvakurssi.fi\/\" \/>\n<meta property=\"og:url\" content=\"https:\/\/cinemaorion.fi\/en\/elavan-kuvan-keskus-elke-ry\/elokuvakasvatus\/\" \/>\n<meta property=\"og:site_name\" content=\"Cinema Orion\" \/>\n<meta property=\"article:publisher\" content=\"https:\/\/www.facebook.com\/cinemaorion\" \/>\n<meta property=\"article:modified_time\" content=\"2023-09-02T19:46:05+00:00\" \/>\n<meta property=\"og:image\" content=\"https:\/\/cinemaorion.fi\/wp-content\/uploads\/2020\/01\/SAM_0030-5-scaled.jpg\" \/>\n\t<meta property=\"og:image:width\" content=\"1600\" \/>\n\t<meta property=\"og:image:height\" content=\"900\" \/>\n\t<meta property=\"og:image:type\" content=\"image\/jpeg\" \/>\n<meta name=\"twitter:card\" content=\"summary_large_image\" \/>\n<meta name=\"twitter:site\" content=\"@cinemaorion\" \/>\n<meta name=\"twitter:label1\" content=\"Estimated reading time\" \/>\n\t<meta name=\"twitter:data1\" content=\"2 minutes\" \/>\n<script type=\"application\/ld+json\" class=\"yoast-schema-graph\">{\"@context\":\"https:\\\/\\\/schema.org\",\"@graph\":[{\"@type\":\"WebPage\",\"@id\":\"https:\\\/\\\/cinemaorion.fi\\\/elavan-kuvan-keskus-elke-ry\\\/elokuvakasvatus\\\/\",\"url\":\"https:\\\/\\\/cinemaorion.fi\\\/elavan-kuvan-keskus-elke-ry\\\/elokuvakasvatus\\\/\",\"name\":\"ELOKUVAKASVATUS - Cinema Orion\",\"isPartOf\":{\"@id\":\"https:\\\/\\\/cinemaorion.fi\\\/#website\"},\"datePublished\":\"2020-02-05T08:13:59+00:00\",\"dateModified\":\"2023-09-02T19:46:05+00:00\",\"description\":\"TaidetestaajatCinema Orionissa j\u00e4rjestet\u00e4\u00e4n lukuvuonna 2023-24 nelj\u00e4 mykk\u00e4elokuvakonserttia valtakunnallisessa Taidetestaajat-hankkeessa, joka tarjoaa kaikille Suomen kahdeksaluokkalaisille mahdollisuuden tutustua yhteen tai kahteen korkeatasoiseen kulttuurikokemukseen ymp\u00e4ri Suomen lukuvuoden aikana. Cinema Orionissa kahdeksasluokkalaiset tekev\u00e4t aikamatkan 1920-luvulle ja mykk\u00e4elokuvakaudelle Buster Keatonin johdolla ja s\u00e4velt\u00e4j\u00e4 P\u00e4ivi Takalan s\u00e4est\u00e4m\u00e4n\u00e4. Opetusmateriaaleista vastaa elokuvakasvatusj\u00e4rjest\u00f6 IhmeFilmi ry.Hanketta koordinoi Suomen Lastenkulttuurikeskusten liitto ja rahoittaa Suomen Kulttuurirahasto, Svenska Kulturfonden ja Suomen opetus- ja kulttuuriministeri\u00f6.Klassikkoelokuvakurssi Kurssi tarjoaa toisen asteen opiskelijoille mahdollisuuden tutustua elokuvan historiaan. Koulutuksen j\u00e4rjest\u00e4j\u00e4lle ja opettajalle kurssi tarjoaa ty\u00f6kaluja laaja-alaisen osaamisen opetuksen toteuttamiseen.Kurssi voidaan toteuttaa temaattisina opintoina paikallisen opetussuunnitelman mukaisesti tai sit\u00e4 soveltaen. Klassikkoelokuvakurssia suositellaan suoritettavaksi yhden jakson aikana elokuvateatterissa tai vastaavassa elokuvasalissa.El\u00e4v\u00e4n kuvan keskus ELKE ry:n&nbsp;ja&nbsp;IhmeFilmi ry:n&nbsp;kehitt\u00e4m\u00e4 Klassikkoelokuvakurssi on toteutettu Helsingiss\u00e4&nbsp;Cinema Orionissa vuosina 2020-2021. Kurssia tarjottiin wilma-j\u00e4rjestelm\u00e4n kautta kaikille helsinkil\u00e4isille toisen asteen opiskelijoille. Kurssia on testattu verkkokurssina my\u00f6s Savonlinnan taidelukiossa syksyll\u00e4 2022 positiivisin tuloksin. Jos olet kiinnostunut j\u00e4rjest\u00e4m\u00e4\u00e4n kurssin tai osan kurssia koulussasi tai alueesi elokuvateatterissa ole yhteydess\u00e4 toiminnanjohtaja Leena N\u00e4rekankaaseen, leena@cinemaorion.fi tai toiminnanjohtaja Mette Lagerstamiin, mette@ihmefilmi.fi. Lis\u00e4tietoja kurssista l\u00f6yd\u00e4t kurssin kotisivuilta: https:\\\/\\\/klassikkoelokuvakurssi.fi\\\/\",\"breadcrumb\":{\"@id\":\"https:\\\/\\\/cinemaorion.fi\\\/elavan-kuvan-keskus-elke-ry\\\/elokuvakasvatus\\\/#breadcrumb\"},\"inLanguage\":\"en-GB\",\"potentialAction\":[{\"@type\":\"ReadAction\",\"target\":[\"https:\\\/\\\/cinemaorion.fi\\\/elavan-kuvan-keskus-elke-ry\\\/elokuvakasvatus\\\/\"]}]},{\"@type\":\"BreadcrumbList\",\"@id\":\"https:\\\/\\\/cinemaorion.fi\\\/elavan-kuvan-keskus-elke-ry\\\/elokuvakasvatus\\\/#breadcrumb\",\"itemListElement\":[{\"@type\":\"ListItem\",\"position\":1,\"name\":\"Home\",\"item\":\"https:\\\/\\\/cinemaorion.fi\\\/\"},{\"@type\":\"ListItem\",\"position\":2,\"name\":\"El\u00e4v\u00e4n kuvan keskus ELKE ry\",\"item\":\"https:\\\/\\\/cinemaorion.fi\\\/elavan-kuvan-keskus-elke-ry\\\/\"},{\"@type\":\"ListItem\",\"position\":3,\"name\":\"ELOKUVAKASVATUS\"}]},{\"@type\":\"WebSite\",\"@id\":\"https:\\\/\\\/cinemaorion.fi\\\/#website\",\"url\":\"https:\\\/\\\/cinemaorion.fi\\\/\",\"name\":\"Cinema Orion\",\"description\":\"Cinema Orion tagline\",\"publisher\":{\"@id\":\"https:\\\/\\\/cinemaorion.fi\\\/#organization\"},\"alternateName\":\"Elokuvateatteri Orion\",\"potentialAction\":[{\"@type\":\"SearchAction\",\"target\":{\"@type\":\"EntryPoint\",\"urlTemplate\":\"https:\\\/\\\/cinemaorion.fi\\\/?s={search_term_string}\"},\"query-input\":{\"@type\":\"PropertyValueSpecification\",\"valueRequired\":true,\"valueName\":\"search_term_string\"}}],\"inLanguage\":\"en-GB\"},{\"@type\":\"Organization\",\"@id\":\"https:\\\/\\\/cinemaorion.fi\\\/#organization\",\"name\":\"Cinema Orion\",\"url\":\"https:\\\/\\\/cinemaorion.fi\\\/\",\"logo\":{\"@type\":\"ImageObject\",\"inLanguage\":\"en-GB\",\"@id\":\"https:\\\/\\\/cinemaorion.fi\\\/#\\\/schema\\\/logo\\\/image\\\/\",\"url\":\"https:\\\/\\\/cinemaorion.fi\\\/wp-content\\\/uploads\\\/2021\\\/03\\\/logo-cinemaorion-elke-ry.png\",\"contentUrl\":\"https:\\\/\\\/cinemaorion.fi\\\/wp-content\\\/uploads\\\/2021\\\/03\\\/logo-cinemaorion-elke-ry.png\",\"width\":1300,\"height\":278,\"caption\":\"Cinema Orion\"},\"image\":{\"@id\":\"https:\\\/\\\/cinemaorion.fi\\\/#\\\/schema\\\/logo\\\/image\\\/\"},\"sameAs\":[\"https:\\\/\\\/www.facebook.com\\\/cinemaorion\",\"https:\\\/\\\/x.com\\\/cinemaorion\",\"https:\\\/\\\/www.instagram.com\\\/cinemaorion\\\/\",\"https:\\\/\\\/twitter.com\\\/cinemaorion\"]}]}<\/script>\n<!-- \/ Yoast SEO plugin. -->","yoast_head_json":{"title":"ELOKUVAKASVATUS - Cinema Orion","description":"TaidetestaajatCinema Orionissa j\u00e4rjestet\u00e4\u00e4n lukuvuonna 2023-24 nelj\u00e4 mykk\u00e4elokuvakonserttia valtakunnallisessa Taidetestaajat-hankkeessa, joka tarjoaa kaikille Suomen kahdeksaluokkalaisille mahdollisuuden tutustua yhteen tai kahteen korkeatasoiseen kulttuurikokemukseen ymp\u00e4ri Suomen lukuvuoden aikana. Cinema Orionissa kahdeksasluokkalaiset tekev\u00e4t aikamatkan 1920-luvulle ja mykk\u00e4elokuvakaudelle Buster Keatonin johdolla ja s\u00e4velt\u00e4j\u00e4 P\u00e4ivi Takalan s\u00e4est\u00e4m\u00e4n\u00e4. Opetusmateriaaleista vastaa elokuvakasvatusj\u00e4rjest\u00f6 IhmeFilmi ry.Hanketta koordinoi Suomen Lastenkulttuurikeskusten liitto ja rahoittaa Suomen Kulttuurirahasto, Svenska Kulturfonden ja Suomen opetus- ja kulttuuriministeri\u00f6.Klassikkoelokuvakurssi Kurssi tarjoaa toisen asteen opiskelijoille mahdollisuuden tutustua elokuvan historiaan. Koulutuksen j\u00e4rjest\u00e4j\u00e4lle ja opettajalle kurssi tarjoaa ty\u00f6kaluja laaja-alaisen osaamisen opetuksen toteuttamiseen.Kurssi voidaan toteuttaa temaattisina opintoina paikallisen opetussuunnitelman mukaisesti tai sit\u00e4 soveltaen. Klassikkoelokuvakurssia suositellaan suoritettavaksi yhden jakson aikana elokuvateatterissa tai vastaavassa elokuvasalissa.El\u00e4v\u00e4n kuvan keskus ELKE ry:n&nbsp;ja&nbsp;IhmeFilmi ry:n&nbsp;kehitt\u00e4m\u00e4 Klassikkoelokuvakurssi on toteutettu Helsingiss\u00e4&nbsp;Cinema Orionissa vuosina 2020-2021. Kurssia tarjottiin wilma-j\u00e4rjestelm\u00e4n kautta kaikille helsinkil\u00e4isille toisen asteen opiskelijoille. Kurssia on testattu verkkokurssina my\u00f6s Savonlinnan taidelukiossa syksyll\u00e4 2022 positiivisin tuloksin. Jos olet kiinnostunut j\u00e4rjest\u00e4m\u00e4\u00e4n kurssin tai osan kurssia koulussasi tai alueesi elokuvateatterissa ole yhteydess\u00e4 toiminnanjohtaja Leena N\u00e4rekankaaseen, leena@cinemaorion.fi tai toiminnanjohtaja Mette Lagerstamiin, mette@ihmefilmi.fi. Lis\u00e4tietoja kurssista l\u00f6yd\u00e4t kurssin kotisivuilta: https:\/\/klassikkoelokuvakurssi.fi\/","robots":{"index":"index","follow":"follow","max-snippet":"max-snippet:-1","max-image-preview":"max-image-preview:large","max-video-preview":"max-video-preview:-1"},"canonical":"https:\/\/cinemaorion.fi\/en\/elavan-kuvan-keskus-elke-ry\/elokuvakasvatus\/","og_locale":"en_GB","og_type":"article","og_title":"ELOKUVAKASVATUS - Cinema Orion","og_description":"TaidetestaajatCinema Orionissa j\u00e4rjestet\u00e4\u00e4n lukuvuonna 2023-24 nelj\u00e4 mykk\u00e4elokuvakonserttia valtakunnallisessa Taidetestaajat-hankkeessa, joka tarjoaa kaikille Suomen kahdeksaluokkalaisille mahdollisuuden tutustua yhteen tai kahteen korkeatasoiseen kulttuurikokemukseen ymp\u00e4ri Suomen lukuvuoden aikana. Cinema Orionissa kahdeksasluokkalaiset tekev\u00e4t aikamatkan 1920-luvulle ja mykk\u00e4elokuvakaudelle Buster Keatonin johdolla ja s\u00e4velt\u00e4j\u00e4 P\u00e4ivi Takalan s\u00e4est\u00e4m\u00e4n\u00e4. Opetusmateriaaleista vastaa elokuvakasvatusj\u00e4rjest\u00f6 IhmeFilmi ry.Hanketta koordinoi Suomen Lastenkulttuurikeskusten liitto ja rahoittaa Suomen Kulttuurirahasto, Svenska Kulturfonden ja Suomen opetus- ja kulttuuriministeri\u00f6.Klassikkoelokuvakurssi Kurssi tarjoaa toisen asteen opiskelijoille mahdollisuuden tutustua elokuvan historiaan. Koulutuksen j\u00e4rjest\u00e4j\u00e4lle ja opettajalle kurssi tarjoaa ty\u00f6kaluja laaja-alaisen osaamisen opetuksen toteuttamiseen.Kurssi voidaan toteuttaa temaattisina opintoina paikallisen opetussuunnitelman mukaisesti tai sit\u00e4 soveltaen. Klassikkoelokuvakurssia suositellaan suoritettavaksi yhden jakson aikana elokuvateatterissa tai vastaavassa elokuvasalissa.El\u00e4v\u00e4n kuvan keskus ELKE ry:n&nbsp;ja&nbsp;IhmeFilmi ry:n&nbsp;kehitt\u00e4m\u00e4 Klassikkoelokuvakurssi on toteutettu Helsingiss\u00e4&nbsp;Cinema Orionissa vuosina 2020-2021. Kurssia tarjottiin wilma-j\u00e4rjestelm\u00e4n kautta kaikille helsinkil\u00e4isille toisen asteen opiskelijoille. Kurssia on testattu verkkokurssina my\u00f6s Savonlinnan taidelukiossa syksyll\u00e4 2022 positiivisin tuloksin. Jos olet kiinnostunut j\u00e4rjest\u00e4m\u00e4\u00e4n kurssin tai osan kurssia koulussasi tai alueesi elokuvateatterissa ole yhteydess\u00e4 toiminnanjohtaja Leena N\u00e4rekankaaseen, leena@cinemaorion.fi tai toiminnanjohtaja Mette Lagerstamiin, mette@ihmefilmi.fi. Lis\u00e4tietoja kurssista l\u00f6yd\u00e4t kurssin kotisivuilta: https:\/\/klassikkoelokuvakurssi.fi\/","og_url":"https:\/\/cinemaorion.fi\/en\/elavan-kuvan-keskus-elke-ry\/elokuvakasvatus\/","og_site_name":"Cinema Orion","article_publisher":"https:\/\/www.facebook.com\/cinemaorion","article_modified_time":"2023-09-02T19:46:05+00:00","og_image":[{"width":1600,"height":900,"url":"https:\/\/cinemaorion.fi\/wp-content\/uploads\/2020\/01\/SAM_0030-5-scaled.jpg","type":"image\/jpeg"}],"twitter_card":"summary_large_image","twitter_site":"@cinemaorion","twitter_misc":{"Estimated reading time":"2 minutes"},"schema":{"@context":"https:\/\/schema.org","@graph":[{"@type":"WebPage","@id":"https:\/\/cinemaorion.fi\/elavan-kuvan-keskus-elke-ry\/elokuvakasvatus\/","url":"https:\/\/cinemaorion.fi\/elavan-kuvan-keskus-elke-ry\/elokuvakasvatus\/","name":"ELOKUVAKASVATUS - Cinema Orion","isPartOf":{"@id":"https:\/\/cinemaorion.fi\/#website"},"datePublished":"2020-02-05T08:13:59+00:00","dateModified":"2023-09-02T19:46:05+00:00","description":"TaidetestaajatCinema Orionissa j\u00e4rjestet\u00e4\u00e4n lukuvuonna 2023-24 nelj\u00e4 mykk\u00e4elokuvakonserttia valtakunnallisessa Taidetestaajat-hankkeessa, joka tarjoaa kaikille Suomen kahdeksaluokkalaisille mahdollisuuden tutustua yhteen tai kahteen korkeatasoiseen kulttuurikokemukseen ymp\u00e4ri Suomen lukuvuoden aikana. Cinema Orionissa kahdeksasluokkalaiset tekev\u00e4t aikamatkan 1920-luvulle ja mykk\u00e4elokuvakaudelle Buster Keatonin johdolla ja s\u00e4velt\u00e4j\u00e4 P\u00e4ivi Takalan s\u00e4est\u00e4m\u00e4n\u00e4. Opetusmateriaaleista vastaa elokuvakasvatusj\u00e4rjest\u00f6 IhmeFilmi ry.Hanketta koordinoi Suomen Lastenkulttuurikeskusten liitto ja rahoittaa Suomen Kulttuurirahasto, Svenska Kulturfonden ja Suomen opetus- ja kulttuuriministeri\u00f6.Klassikkoelokuvakurssi Kurssi tarjoaa toisen asteen opiskelijoille mahdollisuuden tutustua elokuvan historiaan. Koulutuksen j\u00e4rjest\u00e4j\u00e4lle ja opettajalle kurssi tarjoaa ty\u00f6kaluja laaja-alaisen osaamisen opetuksen toteuttamiseen.Kurssi voidaan toteuttaa temaattisina opintoina paikallisen opetussuunnitelman mukaisesti tai sit\u00e4 soveltaen. Klassikkoelokuvakurssia suositellaan suoritettavaksi yhden jakson aikana elokuvateatterissa tai vastaavassa elokuvasalissa.El\u00e4v\u00e4n kuvan keskus ELKE ry:n&nbsp;ja&nbsp;IhmeFilmi ry:n&nbsp;kehitt\u00e4m\u00e4 Klassikkoelokuvakurssi on toteutettu Helsingiss\u00e4&nbsp;Cinema Orionissa vuosina 2020-2021. Kurssia tarjottiin wilma-j\u00e4rjestelm\u00e4n kautta kaikille helsinkil\u00e4isille toisen asteen opiskelijoille. Kurssia on testattu verkkokurssina my\u00f6s Savonlinnan taidelukiossa syksyll\u00e4 2022 positiivisin tuloksin. Jos olet kiinnostunut j\u00e4rjest\u00e4m\u00e4\u00e4n kurssin tai osan kurssia koulussasi tai alueesi elokuvateatterissa ole yhteydess\u00e4 toiminnanjohtaja Leena N\u00e4rekankaaseen, leena@cinemaorion.fi tai toiminnanjohtaja Mette Lagerstamiin, mette@ihmefilmi.fi. Lis\u00e4tietoja kurssista l\u00f6yd\u00e4t kurssin kotisivuilta: https:\/\/klassikkoelokuvakurssi.fi\/","breadcrumb":{"@id":"https:\/\/cinemaorion.fi\/elavan-kuvan-keskus-elke-ry\/elokuvakasvatus\/#breadcrumb"},"inLanguage":"en-GB","potentialAction":[{"@type":"ReadAction","target":["https:\/\/cinemaorion.fi\/elavan-kuvan-keskus-elke-ry\/elokuvakasvatus\/"]}]},{"@type":"BreadcrumbList","@id":"https:\/\/cinemaorion.fi\/elavan-kuvan-keskus-elke-ry\/elokuvakasvatus\/#breadcrumb","itemListElement":[{"@type":"ListItem","position":1,"name":"Home","item":"https:\/\/cinemaorion.fi\/"},{"@type":"ListItem","position":2,"name":"El\u00e4v\u00e4n kuvan keskus ELKE ry","item":"https:\/\/cinemaorion.fi\/elavan-kuvan-keskus-elke-ry\/"},{"@type":"ListItem","position":3,"name":"ELOKUVAKASVATUS"}]},{"@type":"WebSite","@id":"https:\/\/cinemaorion.fi\/#website","url":"https:\/\/cinemaorion.fi\/","name":"Cinema Orion","description":"Cinema Orion tagline","publisher":{"@id":"https:\/\/cinemaorion.fi\/#organization"},"alternateName":"Elokuvateatteri Orion","potentialAction":[{"@type":"SearchAction","target":{"@type":"EntryPoint","urlTemplate":"https:\/\/cinemaorion.fi\/?s={search_term_string}"},"query-input":{"@type":"PropertyValueSpecification","valueRequired":true,"valueName":"search_term_string"}}],"inLanguage":"en-GB"},{"@type":"Organization","@id":"https:\/\/cinemaorion.fi\/#organization","name":"Cinema Orion","url":"https:\/\/cinemaorion.fi\/","logo":{"@type":"ImageObject","inLanguage":"en-GB","@id":"https:\/\/cinemaorion.fi\/#\/schema\/logo\/image\/","url":"https:\/\/cinemaorion.fi\/wp-content\/uploads\/2021\/03\/logo-cinemaorion-elke-ry.png","contentUrl":"https:\/\/cinemaorion.fi\/wp-content\/uploads\/2021\/03\/logo-cinemaorion-elke-ry.png","width":1300,"height":278,"caption":"Cinema Orion"},"image":{"@id":"https:\/\/cinemaorion.fi\/#\/schema\/logo\/image\/"},"sameAs":["https:\/\/www.facebook.com\/cinemaorion","https:\/\/x.com\/cinemaorion","https:\/\/www.instagram.com\/cinemaorion\/","https:\/\/twitter.com\/cinemaorion"]}]}},"_links":{"self":[{"href":"https:\/\/cinemaorion.fi\/en\/wp-json\/wp\/v2\/pages\/8314","targetHints":{"allow":["GET"]}}],"collection":[{"href":"https:\/\/cinemaorion.fi\/en\/wp-json\/wp\/v2\/pages"}],"about":[{"href":"https:\/\/cinemaorion.fi\/en\/wp-json\/wp\/v2\/types\/page"}],"author":[{"embeddable":true,"href":"https:\/\/cinemaorion.fi\/en\/wp-json\/wp\/v2\/users\/3"}],"replies":[{"embeddable":true,"href":"https:\/\/cinemaorion.fi\/en\/wp-json\/wp\/v2\/comments?post=8314"}],"version-history":[{"count":19,"href":"https:\/\/cinemaorion.fi\/en\/wp-json\/wp\/v2\/pages\/8314\/revisions"}],"predecessor-version":[{"id":20572,"href":"https:\/\/cinemaorion.fi\/en\/wp-json\/wp\/v2\/pages\/8314\/revisions\/20572"}],"up":[{"embeddable":true,"href":"https:\/\/cinemaorion.fi\/en\/wp-json\/wp\/v2\/pages\/690"}],"wp:attachment":[{"href":"https:\/\/cinemaorion.fi\/en\/wp-json\/wp\/v2\/media?parent=8314"}],"curies":[{"name":"wp","href":"https:\/\/api.w.org\/{rel}","templated":true}]}}