{"id":8,"date":"2019-02-07T10:31:16","date_gmt":"2019-02-07T10:31:16","guid":{"rendered":"https:\/\/cinemaorion.fi\/dev\/?page_id=8"},"modified":"2026-04-01T11:22:42","modified_gmt":"2026-04-01T11:22:42","slug":"etusivu","status":"publish","type":"page","link":"https:\/\/cinemaorion.fi\/en\/","title":{"rendered":"Tervetuloa Helsingin uusimpaan vanhaan elokuvateatteriin"},"content":{"rendered":"<div style=\"height:230px\" aria-hidden=\"true\" class=\"wp-block-spacer\"><\/div>\n\n\n\n<p><\/p>","protected":false},"excerpt":{"rendered":"","protected":false},"author":27,"featured_media":0,"parent":0,"menu_order":5,"comment_status":"closed","ping_status":"closed","template":"","meta":{"_acf_changed":false,"footnotes":""},"class_list":["post-8","page","type-page","status-publish","hentry"],"acf":[],"yoast_head":"<!-- This site is optimized with the Yoast SEO plugin v27.3 - https:\/\/yoast.com\/product\/yoast-seo-wordpress\/ -->\n<title>Tervetuloa Helsingin uusimpaan vanhaan elokuvateatteriin - Cinema Orion<\/title>\n<meta name=\"description\" content=\"Helsingin Kampissa sijaitseva tunnelmallinen Elokuvateatteri Orion on art d\u00e9co -kauden helmi. Mykk\u00e4elokuvalle rakennettu teatteri on ollut yht\u00e4jaksoisessa teatterik\u00e4yt\u00f6ss\u00e4 maaliskuusta 1928 l\u00e4htien, jolloin teatteri avattiin yleis\u00f6lle.\" \/>\n<meta name=\"robots\" content=\"index, follow, max-snippet:-1, max-image-preview:large, max-video-preview:-1\" \/>\n<link rel=\"canonical\" href=\"https:\/\/cinemaorion.fi\/en\/\" \/>\n<meta property=\"og:locale\" content=\"en_GB\" \/>\n<meta property=\"og:type\" content=\"article\" \/>\n<meta property=\"og:title\" content=\"Tervetuloa Helsingin vanhimpaan uuteen elokuvateatteriin\" \/>\n<meta property=\"og:description\" content=\"Helsingin Kampissa sijaitseva tunnelmallinen Elokuvateatteri Orion on art d\u00e9co -kauden helmi. Mykk\u00e4elokuvalle rakennettu teatteri on ollut yht\u00e4jaksoisessa teatterik\u00e4yt\u00f6ss\u00e4 maaliskuusta 1928 l\u00e4htien, jolloin teatteri avattiin yleis\u00f6lle. Teatterisalin pehmeit\u00e4 nojatuolinomaisia istuimia on usein sanottu \u201dkaupungin mukavimmiksi\u201d.\" \/>\n<meta property=\"og:url\" content=\"https:\/\/cinemaorion.fi\/en\/\" \/>\n<meta property=\"og:site_name\" content=\"Cinema Orion\" \/>\n<meta property=\"article:publisher\" content=\"https:\/\/www.facebook.com\/cinemaorion\" \/>\n<meta property=\"article:modified_time\" content=\"2026-04-01T11:22:42+00:00\" \/>\n<meta property=\"og:image\" content=\"https:\/\/cinemaorion.fi\/wp-content\/uploads\/2021\/03\/Cinemaorion-fi-og-image-1600.jpg\" \/>\n\t<meta property=\"og:image:width\" content=\"1600\" \/>\n\t<meta property=\"og:image:height\" content=\"900\" \/>\n\t<meta property=\"og:image:type\" content=\"image\/jpeg\" \/>\n<meta name=\"twitter:card\" content=\"summary_large_image\" \/>\n<meta name=\"twitter:site\" content=\"@cinemaorion\" \/>\n<script type=\"application\/ld+json\" class=\"yoast-schema-graph\">{\"@context\":\"https:\\\/\\\/schema.org\",\"@graph\":[{\"@type\":\"WebPage\",\"@id\":\"https:\\\/\\\/cinemaorion.fi\\\/\",\"url\":\"https:\\\/\\\/cinemaorion.fi\\\/\",\"name\":\"Tervetuloa Helsingin uusimpaan vanhaan elokuvateatteriin - Cinema Orion\",\"isPartOf\":{\"@id\":\"https:\\\/\\\/cinemaorion.fi\\\/#website\"},\"datePublished\":\"2019-02-07T10:31:16+00:00\",\"dateModified\":\"2026-04-01T11:22:42+00:00\",\"description\":\"Helsingin Kampissa sijaitseva tunnelmallinen Elokuvateatteri Orion on art d\u00e9co -kauden helmi. Mykk\u00e4elokuvalle rakennettu teatteri on ollut yht\u00e4jaksoisessa teatterik\u00e4yt\u00f6ss\u00e4 maaliskuusta 1928 l\u00e4htien, jolloin teatteri avattiin yleis\u00f6lle.\",\"breadcrumb\":{\"@id\":\"https:\\\/\\\/cinemaorion.fi\\\/#breadcrumb\"},\"inLanguage\":\"en-GB\",\"potentialAction\":[{\"@type\":\"ReadAction\",\"target\":[\"https:\\\/\\\/cinemaorion.fi\\\/\"]}]},{\"@type\":\"BreadcrumbList\",\"@id\":\"https:\\\/\\\/cinemaorion.fi\\\/#breadcrumb\",\"itemListElement\":[{\"@type\":\"ListItem\",\"position\":1,\"name\":\"Home\",\"item\":\"https:\\\/\\\/cinemaorion.fi\\\/\"},{\"@type\":\"ListItem\",\"position\":2,\"name\":\"Tervetuloa Helsingin uusimpaan vanhaan elokuvateatteriin\"}]},{\"@type\":\"WebSite\",\"@id\":\"https:\\\/\\\/cinemaorion.fi\\\/#website\",\"url\":\"https:\\\/\\\/cinemaorion.fi\\\/\",\"name\":\"Cinema Orion\",\"description\":\"Cinema Orion tagline\",\"publisher\":{\"@id\":\"https:\\\/\\\/cinemaorion.fi\\\/#organization\"},\"alternateName\":\"Elokuvateatteri Orion\",\"potentialAction\":[{\"@type\":\"SearchAction\",\"target\":{\"@type\":\"EntryPoint\",\"urlTemplate\":\"https:\\\/\\\/cinemaorion.fi\\\/?s={search_term_string}\"},\"query-input\":{\"@type\":\"PropertyValueSpecification\",\"valueRequired\":true,\"valueName\":\"search_term_string\"}}],\"inLanguage\":\"en-GB\"},{\"@type\":\"Organization\",\"@id\":\"https:\\\/\\\/cinemaorion.fi\\\/#organization\",\"name\":\"Cinema Orion\",\"url\":\"https:\\\/\\\/cinemaorion.fi\\\/\",\"logo\":{\"@type\":\"ImageObject\",\"inLanguage\":\"en-GB\",\"@id\":\"https:\\\/\\\/cinemaorion.fi\\\/#\\\/schema\\\/logo\\\/image\\\/\",\"url\":\"https:\\\/\\\/cinemaorion.fi\\\/wp-content\\\/uploads\\\/2021\\\/03\\\/logo-cinemaorion-elke-ry.png\",\"contentUrl\":\"https:\\\/\\\/cinemaorion.fi\\\/wp-content\\\/uploads\\\/2021\\\/03\\\/logo-cinemaorion-elke-ry.png\",\"width\":1300,\"height\":278,\"caption\":\"Cinema Orion\"},\"image\":{\"@id\":\"https:\\\/\\\/cinemaorion.fi\\\/#\\\/schema\\\/logo\\\/image\\\/\"},\"sameAs\":[\"https:\\\/\\\/www.facebook.com\\\/cinemaorion\",\"https:\\\/\\\/x.com\\\/cinemaorion\",\"https:\\\/\\\/www.instagram.com\\\/cinemaorion\\\/\",\"https:\\\/\\\/twitter.com\\\/cinemaorion\"]}]}<\/script>\n<!-- \/ Yoast SEO plugin. -->","yoast_head_json":{"title":"Tervetuloa Helsingin uusimpaan vanhaan elokuvateatteriin - Cinema Orion","description":"Helsingin Kampissa sijaitseva tunnelmallinen Elokuvateatteri Orion on art d\u00e9co -kauden helmi. Mykk\u00e4elokuvalle rakennettu teatteri on ollut yht\u00e4jaksoisessa teatterik\u00e4yt\u00f6ss\u00e4 maaliskuusta 1928 l\u00e4htien, jolloin teatteri avattiin yleis\u00f6lle.","robots":{"index":"index","follow":"follow","max-snippet":"max-snippet:-1","max-image-preview":"max-image-preview:large","max-video-preview":"max-video-preview:-1"},"canonical":"https:\/\/cinemaorion.fi\/en\/","og_locale":"en_GB","og_type":"article","og_title":"Tervetuloa Helsingin vanhimpaan uuteen elokuvateatteriin","og_description":"Helsingin Kampissa sijaitseva tunnelmallinen Elokuvateatteri Orion on art d\u00e9co -kauden helmi. Mykk\u00e4elokuvalle rakennettu teatteri on ollut yht\u00e4jaksoisessa teatterik\u00e4yt\u00f6ss\u00e4 maaliskuusta 1928 l\u00e4htien, jolloin teatteri avattiin yleis\u00f6lle. Teatterisalin pehmeit\u00e4 nojatuolinomaisia istuimia on usein sanottu \u201dkaupungin mukavimmiksi\u201d.","og_url":"https:\/\/cinemaorion.fi\/en\/","og_site_name":"Cinema Orion","article_publisher":"https:\/\/www.facebook.com\/cinemaorion","article_modified_time":"2026-04-01T11:22:42+00:00","og_image":[{"width":1600,"height":900,"url":"https:\/\/cinemaorion.fi\/wp-content\/uploads\/2021\/03\/Cinemaorion-fi-og-image-1600.jpg","type":"image\/jpeg"}],"twitter_card":"summary_large_image","twitter_site":"@cinemaorion","schema":{"@context":"https:\/\/schema.org","@graph":[{"@type":"WebPage","@id":"https:\/\/cinemaorion.fi\/","url":"https:\/\/cinemaorion.fi\/","name":"Tervetuloa Helsingin uusimpaan vanhaan elokuvateatteriin - Cinema Orion","isPartOf":{"@id":"https:\/\/cinemaorion.fi\/#website"},"datePublished":"2019-02-07T10:31:16+00:00","dateModified":"2026-04-01T11:22:42+00:00","description":"Helsingin Kampissa sijaitseva tunnelmallinen Elokuvateatteri Orion on art d\u00e9co -kauden helmi. Mykk\u00e4elokuvalle rakennettu teatteri on ollut yht\u00e4jaksoisessa teatterik\u00e4yt\u00f6ss\u00e4 maaliskuusta 1928 l\u00e4htien, jolloin teatteri avattiin yleis\u00f6lle.","breadcrumb":{"@id":"https:\/\/cinemaorion.fi\/#breadcrumb"},"inLanguage":"en-GB","potentialAction":[{"@type":"ReadAction","target":["https:\/\/cinemaorion.fi\/"]}]},{"@type":"BreadcrumbList","@id":"https:\/\/cinemaorion.fi\/#breadcrumb","itemListElement":[{"@type":"ListItem","position":1,"name":"Home","item":"https:\/\/cinemaorion.fi\/"},{"@type":"ListItem","position":2,"name":"Tervetuloa Helsingin uusimpaan vanhaan elokuvateatteriin"}]},{"@type":"WebSite","@id":"https:\/\/cinemaorion.fi\/#website","url":"https:\/\/cinemaorion.fi\/","name":"Cinema Orion","description":"Cinema Orion tagline","publisher":{"@id":"https:\/\/cinemaorion.fi\/#organization"},"alternateName":"Elokuvateatteri Orion","potentialAction":[{"@type":"SearchAction","target":{"@type":"EntryPoint","urlTemplate":"https:\/\/cinemaorion.fi\/?s={search_term_string}"},"query-input":{"@type":"PropertyValueSpecification","valueRequired":true,"valueName":"search_term_string"}}],"inLanguage":"en-GB"},{"@type":"Organization","@id":"https:\/\/cinemaorion.fi\/#organization","name":"Cinema Orion","url":"https:\/\/cinemaorion.fi\/","logo":{"@type":"ImageObject","inLanguage":"en-GB","@id":"https:\/\/cinemaorion.fi\/#\/schema\/logo\/image\/","url":"https:\/\/cinemaorion.fi\/wp-content\/uploads\/2021\/03\/logo-cinemaorion-elke-ry.png","contentUrl":"https:\/\/cinemaorion.fi\/wp-content\/uploads\/2021\/03\/logo-cinemaorion-elke-ry.png","width":1300,"height":278,"caption":"Cinema Orion"},"image":{"@id":"https:\/\/cinemaorion.fi\/#\/schema\/logo\/image\/"},"sameAs":["https:\/\/www.facebook.com\/cinemaorion","https:\/\/x.com\/cinemaorion","https:\/\/www.instagram.com\/cinemaorion\/","https:\/\/twitter.com\/cinemaorion"]}]}},"_links":{"self":[{"href":"https:\/\/cinemaorion.fi\/en\/wp-json\/wp\/v2\/pages\/8","targetHints":{"allow":["GET"]}}],"collection":[{"href":"https:\/\/cinemaorion.fi\/en\/wp-json\/wp\/v2\/pages"}],"about":[{"href":"https:\/\/cinemaorion.fi\/en\/wp-json\/wp\/v2\/types\/page"}],"author":[{"embeddable":true,"href":"https:\/\/cinemaorion.fi\/en\/wp-json\/wp\/v2\/users\/27"}],"replies":[{"embeddable":true,"href":"https:\/\/cinemaorion.fi\/en\/wp-json\/wp\/v2\/comments?post=8"}],"version-history":[{"count":20,"href":"https:\/\/cinemaorion.fi\/en\/wp-json\/wp\/v2\/pages\/8\/revisions"}],"predecessor-version":[{"id":29769,"href":"https:\/\/cinemaorion.fi\/en\/wp-json\/wp\/v2\/pages\/8\/revisions\/29769"}],"wp:attachment":[{"href":"https:\/\/cinemaorion.fi\/en\/wp-json\/wp\/v2\/media?parent=8"}],"curies":[{"name":"wp","href":"https:\/\/api.w.org\/{rel}","templated":true}]}}