{"id":6330,"date":"2019-09-30T09:41:10","date_gmt":"2019-09-30T09:41:10","guid":{"rendered":"https:\/\/cinemaorion.fi\/?page_id=6330"},"modified":"2026-01-17T11:18:37","modified_gmt":"2026-01-17T11:18:37","slug":"yhteystiedot","status":"publish","type":"page","link":"https:\/\/cinemaorion.fi\/en\/yhteystiedot\/","title":{"rendered":"Contact info"},"content":{"rendered":"<p>TICKET INFO (SALE, BOOKING)<br>lipunmyynti@cinemaorion.fi<br>Tel.: 050 475 7572 (during the open hours of the cinema, <br>the theatre opens 45 minutes before the first screening of the day) <br>See the screening schedules on the <a href=\"https:\/\/cinemaorion.fi\/en\/\">homepage<\/a>.  <\/p>\n\n\n\n<p>GENERAL QUESTIONS<br>info@cinemaorion.fi (vastaamme t\u00e4st\u00e4 osoitteesta ainoastaan arkip\u00e4ivisin, <strong>viikonloppuisin<\/strong> voit l\u00e4hett\u00e4\u00e4 s\u00e4hk\u00f6postia koskien<strong> lipputiedusteluja osoitteeseen lipunmyynti@cinemaorion.fi<\/strong>). Teatterin <strong>vuokraustiedustelut<\/strong> voi l\u00e4hett\u00e4\u00e4 <strong>osoitteeseen: vuokraukset@cinemaorion.fi<\/strong>.<br><br>LEENA\u00a0N\u00c4REKANGAS,\u00a0Executive Director <br>leena@cinemaorion.fi<br>puh. 050\u00a0377 0058 <br><em>hallinto, yhteisty\u00f6kumppanuudet, laskutus <\/em><br><em>(Kaisa Kukkola hoitaa elokuvavuokrien laskutuksen)<\/em><br><br>MINNA NURMI, Cinema Manager<br>minna@cinemaorion.fi<br>puh. 050 376 6338<br><em>screening copies, programming, cinema technology<\/em><br><br>JAANA RINTA-KOSKELA, tuottaja<br>jaana@cinemaorion.fi (ensisijaisesti kaikki yhteydenotot s\u00e4hk\u00f6postitse)<br>puh. 050 554 4872 (puhelimitse tavoitettavissa ma-ti klo 9-15)<br><em>yksityistilaisuudet, teatterin vuokraus<\/em><br><br>ANTTI SUONIO, levitysp\u00e4\u00e4llikk\u00f6<br>levitys@cinemaorion.fi<br>puh. 041 534 0176<br><em>elokuvalevitys, elokuvien buukkaus<\/em><br><br>KAISA KUKKOLA, hallintoassistentti <br>kaisa@cinemaorion.fi<br><em>elokuvavuokrien laskutus ja raportointi<\/em><br><br>The theatre is located in Eerikinkatu 15, Helsinki.<br><br>You can also send mail to the following address:<br>El\u00e4v\u00e4n kuvan keskus ELKE ry<br>Fredrikinkatu 29 A 3<br>00120 Helsinki<\/p>\n\n\n\n<p><\/p>\n\n\n\n<p><br><\/p>","protected":false},"excerpt":{"rendered":"<p>CINEMA ORIONIN lipunmyynti, lippujen varaustiedustelutlipunmyynti@cinemaorion.fiPuh. 050 475 7572, teatterin aukioloaikana, teatteri avataan 45 min. ennen p\u00e4iv\u00e4n ensimm\u00e4ist\u00e4 n\u00e4yt\u00f6st\u00e4. N\u00e4yt\u00f6sajat ovat n\u00e4ht\u00e4vill\u00e4 etusivulla. YLEISET TIEDUSTELUTinfo@cinemaorion.fi (vastaamme t\u00e4st\u00e4 osoitteesta ainoastaan arkip\u00e4ivisin, viikonloppuisin voit l\u00e4hett\u00e4\u00e4 s\u00e4hk\u00f6postia koskien lipputiedusteluja osoitteeseen lipunmyynti@cinemaorion.fi). Teatterin vuokraustiedustelut voi l\u00e4hett\u00e4\u00e4 osoitteeseen: vuokraukset@cinemaorion.fi. LEENA N\u00c4REKANGAS, toiminnanjohtaja leena@cinemaorion.fipuh. 050\u00a0377 0058 hallinto, yhteisty\u00f6kumppanuudet, laskutus (Kaisa Kukkola hoitaa [&hellip;]<\/p>\n","protected":false},"author":3,"featured_media":0,"parent":0,"menu_order":0,"comment_status":"closed","ping_status":"closed","template":"","meta":{"_acf_changed":false,"footnotes":""},"class_list":["post-6330","page","type-page","status-publish","hentry"],"acf":[],"yoast_head":"<!-- This site is optimized with the Yoast SEO plugin v27.3 - https:\/\/yoast.com\/product\/yoast-seo-wordpress\/ -->\n<title>YHTEYSTIEDOT - Cinema Orion<\/title>\n<meta name=\"description\" content=\"CINEMA ORIONIN lipunmyynti, lippujen varaustiedustelutlipunmyynti@cinemaorion.fiPuh. 050 475 7572, teatterin aukioloaikana, teatteri avataan 45 min. ennen p\u00e4iv\u00e4n ensimm\u00e4ist\u00e4 n\u00e4yt\u00f6st\u00e4. N\u00e4yt\u00f6sajat ovat n\u00e4ht\u00e4vill\u00e4 etusivulla. YLEISET TIEDUSTELUTinfo@cinemaorion.fi (vastaamme t\u00e4st\u00e4 osoitteesta ainoastaan arkip\u00e4ivisin, viikonloppuisin voit l\u00e4hett\u00e4\u00e4 s\u00e4hk\u00f6postia koskien lipputiedusteluja osoitteeseen lipunmyynti@cinemaorion.fi). Teatterin vuokraustiedustelut voi l\u00e4hett\u00e4\u00e4 osoitteeseen: vuokraukset@cinemaorion.fi.LEENA N\u00c4REKANGAS, toiminnanjohtaja leena@cinemaorion.fipuh. 050\u00a0377 0058 hallinto, yhteisty\u00f6kumppanuudet, laskutus (Kaisa Kukkola hoitaa elokuvavuokrien laskutuksen)MINNA NURMI, teatterip\u00e4\u00e4llikk\u00f6minna@cinemaorion.fipuh. 050 376 6338esityskopiot, ohjelmisto, teatteritekniikkaJAANA RINTA-KOSKELA, tuottajajaana@cinemaorion.fi (ensisijaisesti kaikki yhteydenotot s\u00e4hk\u00f6postitse)puh. 050 554 4872 (puhelimitse tavoitettavissa ma-ti klo 9-15)yksityistilaisuudet, teatterin vuokrausANTTI SUONIO, levitysp\u00e4\u00e4llikk\u00f6levitys@cinemaorion.fipuh. 041 534 0176elokuvalevitys, elokuvien buukkausKAISA KUKKOLA, hallintoassistentti kaisa@cinemaorion.fielokuvavuokrien laskutus ja raportointiTeatteri sijaitsee osoitteessa Eerikinkatu 15, Helsinki.Posti ELKE ry:lle tai teatterille tulisi l\u00e4hett\u00e4\u00e4 osoitteella:El\u00e4v\u00e4n kuvan keskus ELKE ryFredrikinkatu 29 A 300120 Helsinki\" \/>\n<meta name=\"robots\" content=\"index, follow, max-snippet:-1, max-image-preview:large, max-video-preview:-1\" \/>\n<link rel=\"canonical\" href=\"https:\/\/cinemaorion.fi\/en\/yhteystiedot\/\" \/>\n<meta property=\"og:locale\" content=\"en_GB\" \/>\n<meta property=\"og:type\" content=\"article\" \/>\n<meta property=\"og:title\" content=\"YHTEYSTIEDOT - Cinema Orion\" \/>\n<meta property=\"og:description\" content=\"CINEMA ORIONIN lipunmyynti, lippujen varaustiedustelutlipunmyynti@cinemaorion.fiPuh. 050 475 7572, teatterin aukioloaikana, teatteri avataan 45 min. ennen p\u00e4iv\u00e4n ensimm\u00e4ist\u00e4 n\u00e4yt\u00f6st\u00e4. N\u00e4yt\u00f6sajat ovat n\u00e4ht\u00e4vill\u00e4 etusivulla. YLEISET TIEDUSTELUTinfo@cinemaorion.fi (vastaamme t\u00e4st\u00e4 osoitteesta ainoastaan arkip\u00e4ivisin, viikonloppuisin voit l\u00e4hett\u00e4\u00e4 s\u00e4hk\u00f6postia koskien lipputiedusteluja osoitteeseen lipunmyynti@cinemaorion.fi). Teatterin vuokraustiedustelut voi l\u00e4hett\u00e4\u00e4 osoitteeseen: vuokraukset@cinemaorion.fi.LEENA N\u00c4REKANGAS, toiminnanjohtaja leena@cinemaorion.fipuh. 050\u00a0377 0058 hallinto, yhteisty\u00f6kumppanuudet, laskutus (Kaisa Kukkola hoitaa elokuvavuokrien laskutuksen)MINNA NURMI, teatterip\u00e4\u00e4llikk\u00f6minna@cinemaorion.fipuh. 050 376 6338esityskopiot, ohjelmisto, teatteritekniikkaJAANA RINTA-KOSKELA, tuottajajaana@cinemaorion.fi (ensisijaisesti kaikki yhteydenotot s\u00e4hk\u00f6postitse)puh. 050 554 4872 (puhelimitse tavoitettavissa ma-ti klo 9-15)yksityistilaisuudet, teatterin vuokrausANTTI SUONIO, levitysp\u00e4\u00e4llikk\u00f6levitys@cinemaorion.fipuh. 041 534 0176elokuvalevitys, elokuvien buukkausKAISA KUKKOLA, hallintoassistentti kaisa@cinemaorion.fielokuvavuokrien laskutus ja raportointiTeatteri sijaitsee osoitteessa Eerikinkatu 15, Helsinki.Posti ELKE ry:lle tai teatterille tulisi l\u00e4hett\u00e4\u00e4 osoitteella:El\u00e4v\u00e4n kuvan keskus ELKE ryFredrikinkatu 29 A 300120 Helsinki\" \/>\n<meta property=\"og:url\" content=\"https:\/\/cinemaorion.fi\/en\/yhteystiedot\/\" \/>\n<meta property=\"og:site_name\" content=\"Cinema Orion\" \/>\n<meta property=\"article:publisher\" content=\"https:\/\/www.facebook.com\/cinemaorion\" \/>\n<meta property=\"article:modified_time\" content=\"2026-01-17T11:18:37+00:00\" \/>\n<meta property=\"og:image\" content=\"https:\/\/cinemaorion.fi\/wp-content\/uploads\/2019\/03\/PSX_20190226_210013-scaled.jpg\" \/>\n\t<meta property=\"og:image:width\" content=\"1600\" \/>\n\t<meta property=\"og:image:height\" content=\"900\" \/>\n\t<meta property=\"og:image:type\" content=\"image\/jpeg\" \/>\n<meta name=\"twitter:card\" content=\"summary_large_image\" \/>\n<meta name=\"twitter:site\" content=\"@cinemaorion\" \/>\n<meta name=\"twitter:label1\" content=\"Estimated reading time\" \/>\n\t<meta name=\"twitter:data1\" content=\"1 minute\" \/>\n<script type=\"application\/ld+json\" class=\"yoast-schema-graph\">{\"@context\":\"https:\\\/\\\/schema.org\",\"@graph\":[{\"@type\":\"WebPage\",\"@id\":\"https:\\\/\\\/cinemaorion.fi\\\/yhteystiedot\\\/\",\"url\":\"https:\\\/\\\/cinemaorion.fi\\\/yhteystiedot\\\/\",\"name\":\"YHTEYSTIEDOT - Cinema Orion\",\"isPartOf\":{\"@id\":\"https:\\\/\\\/cinemaorion.fi\\\/#website\"},\"datePublished\":\"2019-09-30T09:41:10+00:00\",\"dateModified\":\"2026-01-17T11:18:37+00:00\",\"description\":\"CINEMA ORIONIN lipunmyynti, lippujen varaustiedustelutlipunmyynti@cinemaorion.fiPuh. 050 475 7572, teatterin aukioloaikana, teatteri avataan 45 min. ennen p\u00e4iv\u00e4n ensimm\u00e4ist\u00e4 n\u00e4yt\u00f6st\u00e4. N\u00e4yt\u00f6sajat ovat n\u00e4ht\u00e4vill\u00e4 etusivulla. YLEISET TIEDUSTELUTinfo@cinemaorion.fi (vastaamme t\u00e4st\u00e4 osoitteesta ainoastaan arkip\u00e4ivisin, viikonloppuisin voit l\u00e4hett\u00e4\u00e4 s\u00e4hk\u00f6postia koskien lipputiedusteluja osoitteeseen lipunmyynti@cinemaorion.fi). Teatterin vuokraustiedustelut voi l\u00e4hett\u00e4\u00e4 osoitteeseen: vuokraukset@cinemaorion.fi.LEENA N\u00c4REKANGAS, toiminnanjohtaja leena@cinemaorion.fipuh. 050\u00a0377 0058 hallinto, yhteisty\u00f6kumppanuudet, laskutus (Kaisa Kukkola hoitaa elokuvavuokrien laskutuksen)MINNA NURMI, teatterip\u00e4\u00e4llikk\u00f6minna@cinemaorion.fipuh. 050 376 6338esityskopiot, ohjelmisto, teatteritekniikkaJAANA RINTA-KOSKELA, tuottajajaana@cinemaorion.fi (ensisijaisesti kaikki yhteydenotot s\u00e4hk\u00f6postitse)puh. 050 554 4872 (puhelimitse tavoitettavissa ma-ti klo 9-15)yksityistilaisuudet, teatterin vuokrausANTTI SUONIO, levitysp\u00e4\u00e4llikk\u00f6levitys@cinemaorion.fipuh. 041 534 0176elokuvalevitys, elokuvien buukkausKAISA KUKKOLA, hallintoassistentti kaisa@cinemaorion.fielokuvavuokrien laskutus ja raportointiTeatteri sijaitsee osoitteessa Eerikinkatu 15, Helsinki.Posti ELKE ry:lle tai teatterille tulisi l\u00e4hett\u00e4\u00e4 osoitteella:El\u00e4v\u00e4n kuvan keskus ELKE ryFredrikinkatu 29 A 300120 Helsinki\",\"breadcrumb\":{\"@id\":\"https:\\\/\\\/cinemaorion.fi\\\/yhteystiedot\\\/#breadcrumb\"},\"inLanguage\":\"en-GB\",\"potentialAction\":[{\"@type\":\"ReadAction\",\"target\":[\"https:\\\/\\\/cinemaorion.fi\\\/yhteystiedot\\\/\"]}]},{\"@type\":\"BreadcrumbList\",\"@id\":\"https:\\\/\\\/cinemaorion.fi\\\/yhteystiedot\\\/#breadcrumb\",\"itemListElement\":[{\"@type\":\"ListItem\",\"position\":1,\"name\":\"Home\",\"item\":\"https:\\\/\\\/cinemaorion.fi\\\/\"},{\"@type\":\"ListItem\",\"position\":2,\"name\":\"YHTEYSTIEDOT\"}]},{\"@type\":\"WebSite\",\"@id\":\"https:\\\/\\\/cinemaorion.fi\\\/#website\",\"url\":\"https:\\\/\\\/cinemaorion.fi\\\/\",\"name\":\"Cinema Orion\",\"description\":\"Cinema Orion tagline\",\"publisher\":{\"@id\":\"https:\\\/\\\/cinemaorion.fi\\\/#organization\"},\"alternateName\":\"Elokuvateatteri Orion\",\"potentialAction\":[{\"@type\":\"SearchAction\",\"target\":{\"@type\":\"EntryPoint\",\"urlTemplate\":\"https:\\\/\\\/cinemaorion.fi\\\/?s={search_term_string}\"},\"query-input\":{\"@type\":\"PropertyValueSpecification\",\"valueRequired\":true,\"valueName\":\"search_term_string\"}}],\"inLanguage\":\"en-GB\"},{\"@type\":\"Organization\",\"@id\":\"https:\\\/\\\/cinemaorion.fi\\\/#organization\",\"name\":\"Cinema Orion\",\"url\":\"https:\\\/\\\/cinemaorion.fi\\\/\",\"logo\":{\"@type\":\"ImageObject\",\"inLanguage\":\"en-GB\",\"@id\":\"https:\\\/\\\/cinemaorion.fi\\\/#\\\/schema\\\/logo\\\/image\\\/\",\"url\":\"https:\\\/\\\/cinemaorion.fi\\\/wp-content\\\/uploads\\\/2021\\\/03\\\/logo-cinemaorion-elke-ry.png\",\"contentUrl\":\"https:\\\/\\\/cinemaorion.fi\\\/wp-content\\\/uploads\\\/2021\\\/03\\\/logo-cinemaorion-elke-ry.png\",\"width\":1300,\"height\":278,\"caption\":\"Cinema Orion\"},\"image\":{\"@id\":\"https:\\\/\\\/cinemaorion.fi\\\/#\\\/schema\\\/logo\\\/image\\\/\"},\"sameAs\":[\"https:\\\/\\\/www.facebook.com\\\/cinemaorion\",\"https:\\\/\\\/x.com\\\/cinemaorion\",\"https:\\\/\\\/www.instagram.com\\\/cinemaorion\\\/\",\"https:\\\/\\\/twitter.com\\\/cinemaorion\"]}]}<\/script>\n<!-- \/ Yoast SEO plugin. -->","yoast_head_json":{"title":"YHTEYSTIEDOT - Cinema Orion","description":"CINEMA ORIONIN lipunmyynti, lippujen varaustiedustelutlipunmyynti@cinemaorion.fiPuh. 050 475 7572, teatterin aukioloaikana, teatteri avataan 45 min. ennen p\u00e4iv\u00e4n ensimm\u00e4ist\u00e4 n\u00e4yt\u00f6st\u00e4. N\u00e4yt\u00f6sajat ovat n\u00e4ht\u00e4vill\u00e4 etusivulla. YLEISET TIEDUSTELUTinfo@cinemaorion.fi (vastaamme t\u00e4st\u00e4 osoitteesta ainoastaan arkip\u00e4ivisin, viikonloppuisin voit l\u00e4hett\u00e4\u00e4 s\u00e4hk\u00f6postia koskien lipputiedusteluja osoitteeseen lipunmyynti@cinemaorion.fi). Teatterin vuokraustiedustelut voi l\u00e4hett\u00e4\u00e4 osoitteeseen: vuokraukset@cinemaorion.fi.LEENA N\u00c4REKANGAS, toiminnanjohtaja leena@cinemaorion.fipuh. 050\u00a0377 0058 hallinto, yhteisty\u00f6kumppanuudet, laskutus (Kaisa Kukkola hoitaa elokuvavuokrien laskutuksen)MINNA NURMI, teatterip\u00e4\u00e4llikk\u00f6minna@cinemaorion.fipuh. 050 376 6338esityskopiot, ohjelmisto, teatteritekniikkaJAANA RINTA-KOSKELA, tuottajajaana@cinemaorion.fi (ensisijaisesti kaikki yhteydenotot s\u00e4hk\u00f6postitse)puh. 050 554 4872 (puhelimitse tavoitettavissa ma-ti klo 9-15)yksityistilaisuudet, teatterin vuokrausANTTI SUONIO, levitysp\u00e4\u00e4llikk\u00f6levitys@cinemaorion.fipuh. 041 534 0176elokuvalevitys, elokuvien buukkausKAISA KUKKOLA, hallintoassistentti kaisa@cinemaorion.fielokuvavuokrien laskutus ja raportointiTeatteri sijaitsee osoitteessa Eerikinkatu 15, Helsinki.Posti ELKE ry:lle tai teatterille tulisi l\u00e4hett\u00e4\u00e4 osoitteella:El\u00e4v\u00e4n kuvan keskus ELKE ryFredrikinkatu 29 A 300120 Helsinki","robots":{"index":"index","follow":"follow","max-snippet":"max-snippet:-1","max-image-preview":"max-image-preview:large","max-video-preview":"max-video-preview:-1"},"canonical":"https:\/\/cinemaorion.fi\/en\/yhteystiedot\/","og_locale":"en_GB","og_type":"article","og_title":"YHTEYSTIEDOT - Cinema Orion","og_description":"CINEMA ORIONIN lipunmyynti, lippujen varaustiedustelutlipunmyynti@cinemaorion.fiPuh. 050 475 7572, teatterin aukioloaikana, teatteri avataan 45 min. ennen p\u00e4iv\u00e4n ensimm\u00e4ist\u00e4 n\u00e4yt\u00f6st\u00e4. N\u00e4yt\u00f6sajat ovat n\u00e4ht\u00e4vill\u00e4 etusivulla. YLEISET TIEDUSTELUTinfo@cinemaorion.fi (vastaamme t\u00e4st\u00e4 osoitteesta ainoastaan arkip\u00e4ivisin, viikonloppuisin voit l\u00e4hett\u00e4\u00e4 s\u00e4hk\u00f6postia koskien lipputiedusteluja osoitteeseen lipunmyynti@cinemaorion.fi). Teatterin vuokraustiedustelut voi l\u00e4hett\u00e4\u00e4 osoitteeseen: vuokraukset@cinemaorion.fi.LEENA N\u00c4REKANGAS, toiminnanjohtaja leena@cinemaorion.fipuh. 050\u00a0377 0058 hallinto, yhteisty\u00f6kumppanuudet, laskutus (Kaisa Kukkola hoitaa elokuvavuokrien laskutuksen)MINNA NURMI, teatterip\u00e4\u00e4llikk\u00f6minna@cinemaorion.fipuh. 050 376 6338esityskopiot, ohjelmisto, teatteritekniikkaJAANA RINTA-KOSKELA, tuottajajaana@cinemaorion.fi (ensisijaisesti kaikki yhteydenotot s\u00e4hk\u00f6postitse)puh. 050 554 4872 (puhelimitse tavoitettavissa ma-ti klo 9-15)yksityistilaisuudet, teatterin vuokrausANTTI SUONIO, levitysp\u00e4\u00e4llikk\u00f6levitys@cinemaorion.fipuh. 041 534 0176elokuvalevitys, elokuvien buukkausKAISA KUKKOLA, hallintoassistentti kaisa@cinemaorion.fielokuvavuokrien laskutus ja raportointiTeatteri sijaitsee osoitteessa Eerikinkatu 15, Helsinki.Posti ELKE ry:lle tai teatterille tulisi l\u00e4hett\u00e4\u00e4 osoitteella:El\u00e4v\u00e4n kuvan keskus ELKE ryFredrikinkatu 29 A 300120 Helsinki","og_url":"https:\/\/cinemaorion.fi\/en\/yhteystiedot\/","og_site_name":"Cinema Orion","article_publisher":"https:\/\/www.facebook.com\/cinemaorion","article_modified_time":"2026-01-17T11:18:37+00:00","og_image":[{"width":1600,"height":900,"url":"https:\/\/cinemaorion.fi\/wp-content\/uploads\/2019\/03\/PSX_20190226_210013-scaled.jpg","type":"image\/jpeg"}],"twitter_card":"summary_large_image","twitter_site":"@cinemaorion","twitter_misc":{"Estimated reading time":"1 minute"},"schema":{"@context":"https:\/\/schema.org","@graph":[{"@type":"WebPage","@id":"https:\/\/cinemaorion.fi\/yhteystiedot\/","url":"https:\/\/cinemaorion.fi\/yhteystiedot\/","name":"YHTEYSTIEDOT - Cinema Orion","isPartOf":{"@id":"https:\/\/cinemaorion.fi\/#website"},"datePublished":"2019-09-30T09:41:10+00:00","dateModified":"2026-01-17T11:18:37+00:00","description":"CINEMA ORIONIN lipunmyynti, lippujen varaustiedustelutlipunmyynti@cinemaorion.fiPuh. 050 475 7572, teatterin aukioloaikana, teatteri avataan 45 min. ennen p\u00e4iv\u00e4n ensimm\u00e4ist\u00e4 n\u00e4yt\u00f6st\u00e4. N\u00e4yt\u00f6sajat ovat n\u00e4ht\u00e4vill\u00e4 etusivulla. YLEISET TIEDUSTELUTinfo@cinemaorion.fi (vastaamme t\u00e4st\u00e4 osoitteesta ainoastaan arkip\u00e4ivisin, viikonloppuisin voit l\u00e4hett\u00e4\u00e4 s\u00e4hk\u00f6postia koskien lipputiedusteluja osoitteeseen lipunmyynti@cinemaorion.fi). Teatterin vuokraustiedustelut voi l\u00e4hett\u00e4\u00e4 osoitteeseen: vuokraukset@cinemaorion.fi.LEENA N\u00c4REKANGAS, toiminnanjohtaja leena@cinemaorion.fipuh. 050\u00a0377 0058 hallinto, yhteisty\u00f6kumppanuudet, laskutus (Kaisa Kukkola hoitaa elokuvavuokrien laskutuksen)MINNA NURMI, teatterip\u00e4\u00e4llikk\u00f6minna@cinemaorion.fipuh. 050 376 6338esityskopiot, ohjelmisto, teatteritekniikkaJAANA RINTA-KOSKELA, tuottajajaana@cinemaorion.fi (ensisijaisesti kaikki yhteydenotot s\u00e4hk\u00f6postitse)puh. 050 554 4872 (puhelimitse tavoitettavissa ma-ti klo 9-15)yksityistilaisuudet, teatterin vuokrausANTTI SUONIO, levitysp\u00e4\u00e4llikk\u00f6levitys@cinemaorion.fipuh. 041 534 0176elokuvalevitys, elokuvien buukkausKAISA KUKKOLA, hallintoassistentti kaisa@cinemaorion.fielokuvavuokrien laskutus ja raportointiTeatteri sijaitsee osoitteessa Eerikinkatu 15, Helsinki.Posti ELKE ry:lle tai teatterille tulisi l\u00e4hett\u00e4\u00e4 osoitteella:El\u00e4v\u00e4n kuvan keskus ELKE ryFredrikinkatu 29 A 300120 Helsinki","breadcrumb":{"@id":"https:\/\/cinemaorion.fi\/yhteystiedot\/#breadcrumb"},"inLanguage":"en-GB","potentialAction":[{"@type":"ReadAction","target":["https:\/\/cinemaorion.fi\/yhteystiedot\/"]}]},{"@type":"BreadcrumbList","@id":"https:\/\/cinemaorion.fi\/yhteystiedot\/#breadcrumb","itemListElement":[{"@type":"ListItem","position":1,"name":"Home","item":"https:\/\/cinemaorion.fi\/"},{"@type":"ListItem","position":2,"name":"YHTEYSTIEDOT"}]},{"@type":"WebSite","@id":"https:\/\/cinemaorion.fi\/#website","url":"https:\/\/cinemaorion.fi\/","name":"Cinema Orion","description":"Cinema Orion tagline","publisher":{"@id":"https:\/\/cinemaorion.fi\/#organization"},"alternateName":"Elokuvateatteri Orion","potentialAction":[{"@type":"SearchAction","target":{"@type":"EntryPoint","urlTemplate":"https:\/\/cinemaorion.fi\/?s={search_term_string}"},"query-input":{"@type":"PropertyValueSpecification","valueRequired":true,"valueName":"search_term_string"}}],"inLanguage":"en-GB"},{"@type":"Organization","@id":"https:\/\/cinemaorion.fi\/#organization","name":"Cinema Orion","url":"https:\/\/cinemaorion.fi\/","logo":{"@type":"ImageObject","inLanguage":"en-GB","@id":"https:\/\/cinemaorion.fi\/#\/schema\/logo\/image\/","url":"https:\/\/cinemaorion.fi\/wp-content\/uploads\/2021\/03\/logo-cinemaorion-elke-ry.png","contentUrl":"https:\/\/cinemaorion.fi\/wp-content\/uploads\/2021\/03\/logo-cinemaorion-elke-ry.png","width":1300,"height":278,"caption":"Cinema Orion"},"image":{"@id":"https:\/\/cinemaorion.fi\/#\/schema\/logo\/image\/"},"sameAs":["https:\/\/www.facebook.com\/cinemaorion","https:\/\/x.com\/cinemaorion","https:\/\/www.instagram.com\/cinemaorion\/","https:\/\/twitter.com\/cinemaorion"]}]}},"_links":{"self":[{"href":"https:\/\/cinemaorion.fi\/en\/wp-json\/wp\/v2\/pages\/6330","targetHints":{"allow":["GET"]}}],"collection":[{"href":"https:\/\/cinemaorion.fi\/en\/wp-json\/wp\/v2\/pages"}],"about":[{"href":"https:\/\/cinemaorion.fi\/en\/wp-json\/wp\/v2\/types\/page"}],"author":[{"embeddable":true,"href":"https:\/\/cinemaorion.fi\/en\/wp-json\/wp\/v2\/users\/3"}],"replies":[{"embeddable":true,"href":"https:\/\/cinemaorion.fi\/en\/wp-json\/wp\/v2\/comments?post=6330"}],"version-history":[{"count":20,"href":"https:\/\/cinemaorion.fi\/en\/wp-json\/wp\/v2\/pages\/6330\/revisions"}],"predecessor-version":[{"id":29021,"href":"https:\/\/cinemaorion.fi\/en\/wp-json\/wp\/v2\/pages\/6330\/revisions\/29021"}],"wp:attachment":[{"href":"https:\/\/cinemaorion.fi\/en\/wp-json\/wp\/v2\/media?parent=6330"}],"curies":[{"name":"wp","href":"https:\/\/api.w.org\/{rel}","templated":true}]}}