{"id":24573,"date":"2024-11-08T18:12:28","date_gmt":"2024-11-08T18:12:28","guid":{"rendered":"https:\/\/cinemaorion.fi\/?page_id=24573"},"modified":"2026-01-22T11:54:49","modified_gmt":"2026-01-22T11:54:49","slug":"9-kaytannon-vihjeita-vr-taiteen-esittamiseen","status":"publish","type":"page","link":"https:\/\/cinemaorion.fi\/en\/elavan-kuvan-keskus-elke-ry\/vr-taiteen-paivat\/9-kaytannon-vihjeita-vr-taiteen-esittamiseen\/","title":{"rendered":"9. K\u00e4yt\u00e4nn\u00f6n vihjeit\u00e4 VR-taiteen esitt\u00e4miseen"},"content":{"rendered":"<p>Alle on koottu k\u00e4yt\u00e4nn\u00f6n huomioita, joita esityskiertueen aikana ilmeni.<\/p>\n\n\n\n<p><strong>Opastus ja valvonta kunniaan<\/strong><\/p>\n\n\n\n<ul class=\"wp-block-list\">\n<li>Hankkeen henkil\u00f6kunta opasti k\u00e4vij\u00e4t alkuun. Opastuksessa panostettiin siihen, ett\u00e4 tulijaa neuvottiin rauhallisesti ja perusteellisesti lasien p\u00e4\u00e4lle laittamisessa ja kerrottiin, miten kukin teos toimii ja mit\u00e4 k\u00e4vij\u00e4n itse piti tehd\u00e4 vuorovaikutteisessa teoksessa. Opastus on saanut niin tiloilta kuin k\u00e4vij\u00f6ilt\u00e4 paljon positiivista palautetta. Siihen selv\u00e4sti kannattaa panostaa, jos j\u00e4rjest\u00e4\u00e4 VR-esityksi\u00e4 tulevaisuudessa. VR-lasit ovat kuitenkin viel\u00e4 useille k\u00e4vij\u00f6ille t\u00e4ysin uusi tuttavuus.<\/li>\n\n\n\n<li>Teos kannattaa my\u00f6s (mahdollisuuksien mukaan) k\u00e4ynnist\u00e4\u00e4 kokijan puolesta, sill\u00e4 VR-laitteiden k\u00e4ytt\u00e4minen ei ole enemmist\u00f6lle kokijoista entuudestaan tuttua.<\/li>\n\n\n\n<li>VR-lasien s\u00e4\u00e4t\u00e4misess\u00e4 kannattaa ohjeistaa ainakin ensimm\u00e4isi\u00e4 kertoja VR-laseja k\u00e4ytt\u00e4vi\u00e4 ihmisi\u00e4 suhteellisen pikkutarkasti. Esimerkiksi kannattaa kertoa, ett\u00e4 jos lasit ovat liian alhaalla\/ylh\u00e4\u00e4ll\u00e4 naamalla tai j\u00e4tetty l\u00f6ys\u00e4ksi, kuva ei tarkennu kunnolla. Viimeiset lasien kiristykset voi j\u00e4tt\u00e4\u00e4 kokijalle itselleen. Kannattaa kuitenkin rohkaista kokijat kirist\u00e4m\u00e4\u00e4n lasit riitt\u00e4v\u00e4n napakaksi. Usein k\u00e4vij\u00f6ill\u00e4 tuntui olevan taipumus j\u00e4tt\u00e4\u00e4 lasit liian l\u00f6ysiksi, jolloin he esimerkiksi joutuivat teoksen aikana tukemaan laseja k\u00e4dell\u00e4\u00e4n, etteiv\u00e4t ne valuisi nen\u00e4nvartta alas.<\/li>\n\n\n\n<li>Jos VR-lasien k\u00e4ytt\u00e4j\u00e4ll\u00e4 on silm\u00e4lasit, ne voi j\u00e4tt\u00e4\u00e4 p\u00e4\u00e4lle. Joskus&nbsp; silm\u00e4lasien k\u00e4ytt\u00e4j\u00e4t voivat tosin kokevat VR-lasit hieman ep\u00e4mukavaksi silm\u00e4lasien p\u00e4\u00e4ll\u00e4 &#8211; t\u00e4m\u00e4 riippuu silm\u00e4lasien muodosta. Yleisen\u00e4 ohjeena voi pit\u00e4\u00e4, ett\u00e4 jos ilman laseja n\u00e4kee selv\u00e4sti noin 3 metrin p\u00e4\u00e4h\u00e4n, laseja ei v\u00e4ltt\u00e4m\u00e4tt\u00e4 teoksen katseluun tarvita, sill\u00e4 lasien optiikan tarkennusalue on yleens\u00e4 noin 3 metrin et\u00e4isyydell\u00e4. Mik\u00e4li kokijalla on silm\u00e4lasit, h\u00e4nen kannattaa laittaa VR-lasit mahdollisimman suorassa lasien p\u00e4\u00e4lle, eik\u00e4 esimerkiksi pit\u00e4\u00e4 maskia vinossa ja l\u00e4hte\u00e4 v\u00e4\u00e4nt\u00e4m\u00e4\u00e4n sit\u00e4 yl\u00f6s lasien p\u00e4\u00e4lle. T\u00e4m\u00e4 on silm\u00e4lasien kannalta turvallisinta.<\/li>\n\n\n\n<li>Erityisesti jos kyseess\u00e4 on teos, jossa liikutaan tilassa, lasten kanssa on t\u00e4rke\u00e4 olla valppaana. Nuoret lapset ovat hyvin nopealiikkeisi\u00e4 ja voivat hetkess\u00e4 olla aiotun esitysalueen ulkopuolella.<\/li>\n\n\n\n<li>Jos VR-teoksessa kokija seisoo ja liikkuu tilassa vapaasti, ei kovin nuorille lapsille (esimerkiksi alle 10-vuotiaille) kannata laittaa kuulokkeita. On t\u00e4rke\u00e4\u00e4, ett\u00e4 salivalvoja voi tarvittaessa kommunikoida lapsen kanssa ja esimerkiksi ohjeistaa h\u00e4nt\u00e4 siirtym\u00e4\u00e4n takaisin teokselle varattuun, vapaaseen tilaan. Lis\u00e4ksi VR-teosten maailma on eritt\u00e4in immersiivinen. Herkemm\u00e4t nuoret lapset voivat kokea el\u00e4myksen liiankin intensiiviseksi, jos viel\u00e4 audio-maailma sulkee kaikki ymp\u00e4r\u00f6iv\u00e4t \u00e4\u00e4net pois.<\/li>\n\n\n\n<li>VR-laitteiden k\u00e4ynnist\u00e4minen, valikoiden k\u00e4ytt\u00f6 ja ihmisten ohjaaminen koettiin hankkeessa suhteellisen helpoksi asiaksi, jonka pienen alkuperehdytyksen j\u00e4lkeen kaikki tilavahdit osasivat tehd\u00e4. Erityisesti erilaisia digitaalisia laitteita aktiivisesti k\u00e4ytt\u00e4ville nuorille, tai teknologiasta muutoin kiinnostuneille tilavahdeille laitteiden k\u00e4ytt\u00f6 oli varsin helppoa. VR-lasien k\u00e4ytt\u00e4minen ei siis ole erityisen hankalaa, eik\u00e4 siihen kannata suhtautua pelokkaasti.<\/li>\n<\/ul>\n\n\n\n<p><strong>Toimivia teknisi\u00e4- ja tilaratkaisuja<\/strong><\/p>\n\n\n\n<ul class=\"wp-block-list\">\n<li>Vastamelukuulokkeet ovat suositeltavia tilassa, jossa on tausta\u00e4\u00e4ni\u00e4.<\/li>\n\n\n\n<li>Jos hankkii esitysk\u00e4ytt\u00f6\u00f6n halvemmat VR-lasit, suositeltavaa on hankkia niihin lis\u00e4varusteena VR-lasien s\u00e4\u00e4t\u00e4mist\u00e4 helpottava p\u00e4\u00e4hihna. T\u00e4m\u00e4 helpottaa lasien s\u00e4\u00e4t\u00e4mist\u00e4, joka on yleis\u00f6k\u00e4yt\u00f6ss\u00e4 t\u00e4rke\u00e4\u00e4.<\/li>\n\n\n\n<li>Jos VR-lasit ovat piuhalla kiinni tietokoneessa, on toimivin ratkaisu, ett\u00e4 piuha kuljetetaan katon kautta alas toiminta-alueelle. Erityisesti mik\u00e4li teoksessa kokija liikkuu ja py\u00f6rii vapaasti, voi piuha muutoin olla kompastumisvaara ja kietoutua py\u00f6riv\u00e4n kokijat ymp\u00e4ri. Mik\u00e4li katossa on paikka, johon piuha voi ripustaa, helppo tapa tehd\u00e4 py\u00f6riv\u00e4 pidike kattoon on ketjuttaa kolme lenkiksi taivutettua nippusidett\u00e4, kiinnitt\u00e4\u00e4 ylin lenkki kattoon ja piuha alimpaan lenkkiin. T\u00e4m\u00e4 lenkkirivist\u00f6 py\u00f6rii vapaasti ja mukailee kokijan liikkeit\u00e4.<\/li>\n\n\n\n<li>Hygienia pit\u00e4\u00e4 huomioida hyvin. Kaikki mihin edellinen k\u00e4vij\u00e4 koskee, eli VR-lasit, ohjaimet ja kuulokkeet tulee pyyhki\u00e4 desinfioivalla pyyhkeell\u00e4 tai laittaa UV-valoa k\u00e4ytt\u00e4v\u00e4\u00e4n puhdistinkaappiin jokaisen k\u00e4ytt\u00f6kerran j\u00e4lkeen. Hygieniasyiden lis\u00e4ksi, esimerkiksi VR-lasien maskinreuna on usein hikinen edellisen k\u00e4ytt\u00e4j\u00e4n j\u00e4ljilt\u00e4. VR-laseihin saa my\u00f6s kertak\u00e4ytt\u00f6isi\u00e4 silm\u00e4maskin suojia, mutta ne ovat ep\u00e4k\u00e4yt\u00e4nn\u00f6llisi\u00e4.<\/li>\n\n\n\n<li>Suoraa auringonvaloa ei tulisi p\u00e4\u00e4st\u00e4\u00e4 paistamaan VR-lasien sis\u00e4ll\u00e4 oleviin linsseihin, sill\u00e4 se vaurioittaa lasien sis\u00e4ll\u00e4 olevaa n\u00e4ytt\u00f6\u00e4.<\/li>\n\n\n\n<li>VR-lasien linssej\u00e4 on hyv\u00e4 pyyhki\u00e4 usein k\u00e4ytt\u00e4jien v\u00e4lill\u00e4 linsseille sopivalla liinalla. Jos linsseiss\u00e4 on pienikin roska tai tahra, se n\u00e4kyy selv\u00e4sti ja h\u00e4iritsev\u00e4sti katsojan n\u00e4k\u00f6kent\u00e4ss\u00e4.<\/li>\n\n\n\n<li>Monissa VR-taideteoksissa, ja kaikissa 360-elokuvissa, tapahtumat voivat tapahtua miss\u00e4 p\u00e4in tahansa ja kokijan on hyv\u00e4 k\u00e4\u00e4ntyill\u00e4 eri suuntiin kokonaisuuden n\u00e4hd\u00e4kseen. Paras istuin t\u00e4llaisen teoksen katseluun on py\u00f6riv\u00e4 tuoli, joka ei kuitenkaan rullaa ymp\u00e4ri tilaa. Mik\u00e4li teoksessa VR-lasi on kiinni piuhalla tietokoneeseen, tulee py\u00f6rivien tuolien kanssa olla kuitenkin tarkkana \u2013 jos kokijan py\u00f6rii jatkuvasti samaan suuntaan, johto voi kietoutua pikkuhiljaa tuolin jalan ymp\u00e4ri ja kiristy\u00e4.<\/li>\n\n\n\n<li>VR-teokset ovat usein auteur-tyyppisi\u00e4 teoksia, joita ei aina ole teknisesti voitu hioa kaupalliselle tasolle. Niinp\u00e4 v\u00e4lill\u00e4 teos voi j\u00e4m\u00e4ht\u00e4\u00e4 tai muutoin k\u00e4ytt\u00e4yty\u00e4 oudosti. My\u00f6s VR-lasit voivat toimia oudosti: valikko voi j\u00e4\u00e4d\u00e4 n\u00e4kyviin teoksen k\u00e4ynnistytty\u00e4 tai teosta ei saa k\u00e4ynnistetty\u00e4 valikosta normaalisti. N\u00e4iss\u00e4 tapauksissa hyv\u00e4ksi koettu ensiapu on VR-laitteen sammuttaminen ja uudelleen k\u00e4ynnist\u00e4minen. Usein ongelma poistuu t\u00e4ll\u00e4 toimenpiteell\u00e4.<\/li>\n\n\n\n<li>Mik\u00e4li yleis\u00f6\u00e4 palvellaan walk-in periaatteella, katselupisteit\u00e4 on useampia ja esill\u00e4 on useampi eri VR-taideteos, sis\u00e4lt\u00f6jen pituus m\u00e4\u00e4rittelee kuinka monta laitetta olisi hyv\u00e4 varata kullekin teokselle. Pidemm\u00e4t teokset vaativat useampia laitteita, ja lyhyille teoksille yksitt\u00e4inenkin voi riitt\u00e4\u00e4. N\u00e4in yleis\u00f6virta pysyy tasaisena eri pituisille teoksille, eik\u00e4 yleis\u00f6n tarvitse odotella p\u00e4\u00e4sy\u00e4 seuraavaan teokseen.<\/li>\n\n\n\n<li>VR-kiertueen k\u00e4vij\u00e4palautteen perusteella, esitystilan koolla, visuaalisella ilmeell\u00e4 tai valaisulla ei tuntunut olevan suurta merkityst\u00e4 VR-taiteesta nauttimisen kannalta. Vastaajat kokivat kaikkien kiertueen erilaisten ja -kokoisten esitystilojen soveltuvat hyvin VR-taiteen esitt\u00e4miseen. Teoksia katsottaessa ollaan kuitenkin aivan eri maailmoissa ja valaisuissa. Esityspisteiden m\u00e4\u00e4r\u00e4\u00e4 ja teosten luonnetta, esimerkiksi vapaan liikkumisen tarvetta, kannattaa kuitenkin sovittaa tilan koon mukaan.<\/li>\n<\/ul>\n\n\n\n\n\n<p><strong><a href=\"https:\/\/cinemaorion.fi\/en\/elavan-kuvan-keskus-elke-ry\/vr-taiteen-paivat\/\">Sis\u00e4llysluetteloon<\/a><\/strong><\/p>","protected":false},"excerpt":{"rendered":"<p>Alle on koottu k\u00e4yt\u00e4nn\u00f6n huomioita, joita esityskiertueen aikana ilmeni. Opastus ja valvonta kunniaan Toimivia teknisi\u00e4- ja tilaratkaisuja Sis\u00e4llysluetteloon<\/p>","protected":false},"author":6,"featured_media":0,"parent":24522,"menu_order":2,"comment_status":"closed","ping_status":"closed","template":"page-vr-taide.php","meta":{"_acf_changed":false,"footnotes":""},"class_list":["post-24573","page","type-page","status-publish","hentry"],"acf":[],"yoast_head":"<!-- This site is optimized with the Yoast SEO plugin v27.3 - https:\/\/yoast.com\/product\/yoast-seo-wordpress\/ -->\n<title>9. K\u00e4yt\u00e4nn\u00f6n vihjeit\u00e4 VR-taiteen esitt\u00e4miseen - ELKE RY<\/title>\n<meta name=\"description\" content=\"Kiertue k\u00e4ynnistyy syksyll\u00e4 2023 ja jatkuu kev\u00e4\u00e4ll\u00e4 2024. Esityksi\u00e4 j\u00e4rjestet\u00e4\u00e4n yhteens\u00e4 kuudella paikkakunnalla. Esitystilat palvelevat eri taidemuotoja, eik\u00e4 niiss\u00e4 yleens\u00e4 esitet\u00e4 VR-taidetta. Mukana kiertueella on elokuvateattereita, kirjastoja, kulttuurikeskuksia ja taidegalleria.\" \/>\n<meta name=\"robots\" content=\"index, follow, max-snippet:-1, max-image-preview:large, max-video-preview:-1\" \/>\n<link rel=\"canonical\" href=\"https:\/\/cinemaorion.fi\/en\/elavan-kuvan-keskus-elke-ry\/vr-taiteen-paivat\/9-kaytannon-vihjeita-vr-taiteen-esittamiseen\/\" \/>\n<meta property=\"og:locale\" content=\"en_GB\" \/>\n<meta property=\"og:type\" content=\"article\" \/>\n<meta property=\"og:title\" content=\"VR-taiteen p\u00e4iv\u00e4t - Elke RY\" \/>\n<meta property=\"og:description\" content=\"Kiertue k\u00e4ynnistyy syksyll\u00e4 2023 ja jatkuu kev\u00e4\u00e4ll\u00e4 2024. Esityksi\u00e4 j\u00e4rjestet\u00e4\u00e4n yhteens\u00e4 kuudella paikkakunnalla. Esitystilat palvelevat eri taidemuotoja, eik\u00e4 niiss\u00e4 yleens\u00e4 esitet\u00e4 VR-taidetta. Mukana kiertueella on elokuvateattereita, kirjastoja, kulttuurikeskuksia ja taidegalleria.\" \/>\n<meta property=\"og:url\" content=\"https:\/\/cinemaorion.fi\/en\/elavan-kuvan-keskus-elke-ry\/vr-taiteen-paivat\/9-kaytannon-vihjeita-vr-taiteen-esittamiseen\/\" \/>\n<meta property=\"og:site_name\" content=\"Cinema Orion\" \/>\n<meta property=\"article:publisher\" content=\"https:\/\/www.facebook.com\/cinemaorion\" \/>\n<meta property=\"article:modified_time\" content=\"2026-01-22T11:54:49+00:00\" \/>\n<meta property=\"og:image\" content=\"https:\/\/cinemaorion.fi\/wp-content\/uploads\/2023\/08\/vr_taiteen_paivat_banneri_1920x1080.png\" \/>\n\t<meta property=\"og:image:width\" content=\"1920\" \/>\n\t<meta property=\"og:image:height\" content=\"1080\" \/>\n\t<meta property=\"og:image:type\" content=\"image\/png\" \/>\n<meta name=\"twitter:card\" content=\"summary_large_image\" \/>\n<meta name=\"twitter:title\" content=\"9. K\u00e4yt\u00e4nn\u00f6n vihjeit\u00e4 VR-taiteen esitt\u00e4miseen - ELKE RY\" \/>\n<meta name=\"twitter:description\" content=\"Kiertue k\u00e4ynnistyy syksyll\u00e4 2023 ja jatkuu kev\u00e4\u00e4ll\u00e4 2024. Esityksi\u00e4 j\u00e4rjestet\u00e4\u00e4n yhteens\u00e4 kuudella paikkakunnalla. Esitystilat palvelevat eri taidemuotoja, eik\u00e4 niiss\u00e4 yleens\u00e4 esitet\u00e4 VR-taidetta. Mukana kiertueella on elokuvateattereita, kirjastoja, kulttuurikeskuksia ja taidegalleria.\" \/>\n<meta name=\"twitter:image\" content=\"https:\/\/cinemaorion.fi\/wp-content\/uploads\/2023\/08\/vr_taiteen_paivat_banneri_1920x1080.png\" \/>\n<meta name=\"twitter:site\" content=\"@cinemaorion\" \/>\n<meta name=\"twitter:label1\" content=\"Estimated reading time\" \/>\n\t<meta name=\"twitter:data1\" content=\"5 minutes\" \/>\n<script type=\"application\/ld+json\" class=\"yoast-schema-graph\">{\"@context\":\"https:\\\/\\\/schema.org\",\"@graph\":[{\"@type\":\"WebPage\",\"@id\":\"https:\\\/\\\/cinemaorion.fi\\\/elavan-kuvan-keskus-elke-ry\\\/vr-taiteen-paivat\\\/9-kaytannon-vihjeita-vr-taiteen-esittamiseen\\\/\",\"url\":\"https:\\\/\\\/cinemaorion.fi\\\/elavan-kuvan-keskus-elke-ry\\\/vr-taiteen-paivat\\\/9-kaytannon-vihjeita-vr-taiteen-esittamiseen\\\/\",\"name\":\"9. K\u00e4yt\u00e4nn\u00f6n vihjeit\u00e4 VR-taiteen esitt\u00e4miseen - ELKE RY\",\"isPartOf\":{\"@id\":\"https:\\\/\\\/cinemaorion.fi\\\/#website\"},\"datePublished\":\"2024-11-08T18:12:28+00:00\",\"dateModified\":\"2026-01-22T11:54:49+00:00\",\"description\":\"Kiertue k\u00e4ynnistyy syksyll\u00e4 2023 ja jatkuu kev\u00e4\u00e4ll\u00e4 2024. Esityksi\u00e4 j\u00e4rjestet\u00e4\u00e4n yhteens\u00e4 kuudella paikkakunnalla. Esitystilat palvelevat eri taidemuotoja, eik\u00e4 niiss\u00e4 yleens\u00e4 esitet\u00e4 VR-taidetta. Mukana kiertueella on elokuvateattereita, kirjastoja, kulttuurikeskuksia ja taidegalleria.\",\"breadcrumb\":{\"@id\":\"https:\\\/\\\/cinemaorion.fi\\\/elavan-kuvan-keskus-elke-ry\\\/vr-taiteen-paivat\\\/9-kaytannon-vihjeita-vr-taiteen-esittamiseen\\\/#breadcrumb\"},\"inLanguage\":\"en-GB\",\"potentialAction\":[{\"@type\":\"ReadAction\",\"target\":[\"https:\\\/\\\/cinemaorion.fi\\\/elavan-kuvan-keskus-elke-ry\\\/vr-taiteen-paivat\\\/9-kaytannon-vihjeita-vr-taiteen-esittamiseen\\\/\"]}]},{\"@type\":\"BreadcrumbList\",\"@id\":\"https:\\\/\\\/cinemaorion.fi\\\/elavan-kuvan-keskus-elke-ry\\\/vr-taiteen-paivat\\\/9-kaytannon-vihjeita-vr-taiteen-esittamiseen\\\/#breadcrumb\",\"itemListElement\":[{\"@type\":\"ListItem\",\"position\":1,\"name\":\"Home\",\"item\":\"https:\\\/\\\/cinemaorion.fi\\\/\"},{\"@type\":\"ListItem\",\"position\":2,\"name\":\"El\u00e4v\u00e4n kuvan keskus ELKE ry\",\"item\":\"https:\\\/\\\/cinemaorion.fi\\\/elavan-kuvan-keskus-elke-ry\\\/\"},{\"@type\":\"ListItem\",\"position\":3,\"name\":\"VR-taiteen esitt\u00e4minen \u2014 kokemuksia ja neuvoja\",\"item\":\"https:\\\/\\\/cinemaorion.fi\\\/elavan-kuvan-keskus-elke-ry\\\/vr-taiteen-paivat\\\/\"},{\"@type\":\"ListItem\",\"position\":4,\"name\":\"9. K\u00e4yt\u00e4nn\u00f6n vihjeit\u00e4 VR-taiteen esitt\u00e4miseen\"}]},{\"@type\":\"WebSite\",\"@id\":\"https:\\\/\\\/cinemaorion.fi\\\/#website\",\"url\":\"https:\\\/\\\/cinemaorion.fi\\\/\",\"name\":\"Cinema Orion\",\"description\":\"Cinema Orion tagline\",\"publisher\":{\"@id\":\"https:\\\/\\\/cinemaorion.fi\\\/#organization\"},\"alternateName\":\"Elokuvateatteri Orion\",\"potentialAction\":[{\"@type\":\"SearchAction\",\"target\":{\"@type\":\"EntryPoint\",\"urlTemplate\":\"https:\\\/\\\/cinemaorion.fi\\\/?s={search_term_string}\"},\"query-input\":{\"@type\":\"PropertyValueSpecification\",\"valueRequired\":true,\"valueName\":\"search_term_string\"}}],\"inLanguage\":\"en-GB\"},{\"@type\":\"Organization\",\"@id\":\"https:\\\/\\\/cinemaorion.fi\\\/#organization\",\"name\":\"Cinema Orion\",\"url\":\"https:\\\/\\\/cinemaorion.fi\\\/\",\"logo\":{\"@type\":\"ImageObject\",\"inLanguage\":\"en-GB\",\"@id\":\"https:\\\/\\\/cinemaorion.fi\\\/#\\\/schema\\\/logo\\\/image\\\/\",\"url\":\"https:\\\/\\\/cinemaorion.fi\\\/wp-content\\\/uploads\\\/2021\\\/03\\\/logo-cinemaorion-elke-ry.png\",\"contentUrl\":\"https:\\\/\\\/cinemaorion.fi\\\/wp-content\\\/uploads\\\/2021\\\/03\\\/logo-cinemaorion-elke-ry.png\",\"width\":1300,\"height\":278,\"caption\":\"Cinema Orion\"},\"image\":{\"@id\":\"https:\\\/\\\/cinemaorion.fi\\\/#\\\/schema\\\/logo\\\/image\\\/\"},\"sameAs\":[\"https:\\\/\\\/www.facebook.com\\\/cinemaorion\",\"https:\\\/\\\/x.com\\\/cinemaorion\",\"https:\\\/\\\/www.instagram.com\\\/cinemaorion\\\/\",\"https:\\\/\\\/twitter.com\\\/cinemaorion\"]}]}<\/script>\n<!-- \/ Yoast SEO plugin. -->","yoast_head_json":{"title":"9. K\u00e4yt\u00e4nn\u00f6n vihjeit\u00e4 VR-taiteen esitt\u00e4miseen - ELKE RY","description":"Kiertue k\u00e4ynnistyy syksyll\u00e4 2023 ja jatkuu kev\u00e4\u00e4ll\u00e4 2024. Esityksi\u00e4 j\u00e4rjestet\u00e4\u00e4n yhteens\u00e4 kuudella paikkakunnalla. Esitystilat palvelevat eri taidemuotoja, eik\u00e4 niiss\u00e4 yleens\u00e4 esitet\u00e4 VR-taidetta. Mukana kiertueella on elokuvateattereita, kirjastoja, kulttuurikeskuksia ja taidegalleria.","robots":{"index":"index","follow":"follow","max-snippet":"max-snippet:-1","max-image-preview":"max-image-preview:large","max-video-preview":"max-video-preview:-1"},"canonical":"https:\/\/cinemaorion.fi\/en\/elavan-kuvan-keskus-elke-ry\/vr-taiteen-paivat\/9-kaytannon-vihjeita-vr-taiteen-esittamiseen\/","og_locale":"en_GB","og_type":"article","og_title":"VR-taiteen p\u00e4iv\u00e4t - Elke RY","og_description":"Kiertue k\u00e4ynnistyy syksyll\u00e4 2023 ja jatkuu kev\u00e4\u00e4ll\u00e4 2024. Esityksi\u00e4 j\u00e4rjestet\u00e4\u00e4n yhteens\u00e4 kuudella paikkakunnalla. Esitystilat palvelevat eri taidemuotoja, eik\u00e4 niiss\u00e4 yleens\u00e4 esitet\u00e4 VR-taidetta. Mukana kiertueella on elokuvateattereita, kirjastoja, kulttuurikeskuksia ja taidegalleria.","og_url":"https:\/\/cinemaorion.fi\/en\/elavan-kuvan-keskus-elke-ry\/vr-taiteen-paivat\/9-kaytannon-vihjeita-vr-taiteen-esittamiseen\/","og_site_name":"Cinema Orion","article_publisher":"https:\/\/www.facebook.com\/cinemaorion","article_modified_time":"2026-01-22T11:54:49+00:00","og_image":[{"width":1920,"height":1080,"url":"https:\/\/cinemaorion.fi\/wp-content\/uploads\/2023\/08\/vr_taiteen_paivat_banneri_1920x1080.png","type":"image\/png"}],"twitter_card":"summary_large_image","twitter_title":"9. K\u00e4yt\u00e4nn\u00f6n vihjeit\u00e4 VR-taiteen esitt\u00e4miseen - ELKE RY","twitter_description":"Kiertue k\u00e4ynnistyy syksyll\u00e4 2023 ja jatkuu kev\u00e4\u00e4ll\u00e4 2024. Esityksi\u00e4 j\u00e4rjestet\u00e4\u00e4n yhteens\u00e4 kuudella paikkakunnalla. Esitystilat palvelevat eri taidemuotoja, eik\u00e4 niiss\u00e4 yleens\u00e4 esitet\u00e4 VR-taidetta. Mukana kiertueella on elokuvateattereita, kirjastoja, kulttuurikeskuksia ja taidegalleria.","twitter_image":"https:\/\/cinemaorion.fi\/wp-content\/uploads\/2023\/08\/vr_taiteen_paivat_banneri_1920x1080.png","twitter_site":"@cinemaorion","twitter_misc":{"Estimated reading time":"5 minutes"},"schema":{"@context":"https:\/\/schema.org","@graph":[{"@type":"WebPage","@id":"https:\/\/cinemaorion.fi\/elavan-kuvan-keskus-elke-ry\/vr-taiteen-paivat\/9-kaytannon-vihjeita-vr-taiteen-esittamiseen\/","url":"https:\/\/cinemaorion.fi\/elavan-kuvan-keskus-elke-ry\/vr-taiteen-paivat\/9-kaytannon-vihjeita-vr-taiteen-esittamiseen\/","name":"9. K\u00e4yt\u00e4nn\u00f6n vihjeit\u00e4 VR-taiteen esitt\u00e4miseen - ELKE RY","isPartOf":{"@id":"https:\/\/cinemaorion.fi\/#website"},"datePublished":"2024-11-08T18:12:28+00:00","dateModified":"2026-01-22T11:54:49+00:00","description":"Kiertue k\u00e4ynnistyy syksyll\u00e4 2023 ja jatkuu kev\u00e4\u00e4ll\u00e4 2024. Esityksi\u00e4 j\u00e4rjestet\u00e4\u00e4n yhteens\u00e4 kuudella paikkakunnalla. Esitystilat palvelevat eri taidemuotoja, eik\u00e4 niiss\u00e4 yleens\u00e4 esitet\u00e4 VR-taidetta. Mukana kiertueella on elokuvateattereita, kirjastoja, kulttuurikeskuksia ja taidegalleria.","breadcrumb":{"@id":"https:\/\/cinemaorion.fi\/elavan-kuvan-keskus-elke-ry\/vr-taiteen-paivat\/9-kaytannon-vihjeita-vr-taiteen-esittamiseen\/#breadcrumb"},"inLanguage":"en-GB","potentialAction":[{"@type":"ReadAction","target":["https:\/\/cinemaorion.fi\/elavan-kuvan-keskus-elke-ry\/vr-taiteen-paivat\/9-kaytannon-vihjeita-vr-taiteen-esittamiseen\/"]}]},{"@type":"BreadcrumbList","@id":"https:\/\/cinemaorion.fi\/elavan-kuvan-keskus-elke-ry\/vr-taiteen-paivat\/9-kaytannon-vihjeita-vr-taiteen-esittamiseen\/#breadcrumb","itemListElement":[{"@type":"ListItem","position":1,"name":"Home","item":"https:\/\/cinemaorion.fi\/"},{"@type":"ListItem","position":2,"name":"El\u00e4v\u00e4n kuvan keskus ELKE ry","item":"https:\/\/cinemaorion.fi\/elavan-kuvan-keskus-elke-ry\/"},{"@type":"ListItem","position":3,"name":"VR-taiteen esitt\u00e4minen \u2014 kokemuksia ja neuvoja","item":"https:\/\/cinemaorion.fi\/elavan-kuvan-keskus-elke-ry\/vr-taiteen-paivat\/"},{"@type":"ListItem","position":4,"name":"9. K\u00e4yt\u00e4nn\u00f6n vihjeit\u00e4 VR-taiteen esitt\u00e4miseen"}]},{"@type":"WebSite","@id":"https:\/\/cinemaorion.fi\/#website","url":"https:\/\/cinemaorion.fi\/","name":"Cinema Orion","description":"Cinema Orion tagline","publisher":{"@id":"https:\/\/cinemaorion.fi\/#organization"},"alternateName":"Elokuvateatteri Orion","potentialAction":[{"@type":"SearchAction","target":{"@type":"EntryPoint","urlTemplate":"https:\/\/cinemaorion.fi\/?s={search_term_string}"},"query-input":{"@type":"PropertyValueSpecification","valueRequired":true,"valueName":"search_term_string"}}],"inLanguage":"en-GB"},{"@type":"Organization","@id":"https:\/\/cinemaorion.fi\/#organization","name":"Cinema Orion","url":"https:\/\/cinemaorion.fi\/","logo":{"@type":"ImageObject","inLanguage":"en-GB","@id":"https:\/\/cinemaorion.fi\/#\/schema\/logo\/image\/","url":"https:\/\/cinemaorion.fi\/wp-content\/uploads\/2021\/03\/logo-cinemaorion-elke-ry.png","contentUrl":"https:\/\/cinemaorion.fi\/wp-content\/uploads\/2021\/03\/logo-cinemaorion-elke-ry.png","width":1300,"height":278,"caption":"Cinema Orion"},"image":{"@id":"https:\/\/cinemaorion.fi\/#\/schema\/logo\/image\/"},"sameAs":["https:\/\/www.facebook.com\/cinemaorion","https:\/\/x.com\/cinemaorion","https:\/\/www.instagram.com\/cinemaorion\/","https:\/\/twitter.com\/cinemaorion"]}]}},"_links":{"self":[{"href":"https:\/\/cinemaorion.fi\/en\/wp-json\/wp\/v2\/pages\/24573","targetHints":{"allow":["GET"]}}],"collection":[{"href":"https:\/\/cinemaorion.fi\/en\/wp-json\/wp\/v2\/pages"}],"about":[{"href":"https:\/\/cinemaorion.fi\/en\/wp-json\/wp\/v2\/types\/page"}],"author":[{"embeddable":true,"href":"https:\/\/cinemaorion.fi\/en\/wp-json\/wp\/v2\/users\/6"}],"replies":[{"embeddable":true,"href":"https:\/\/cinemaorion.fi\/en\/wp-json\/wp\/v2\/comments?post=24573"}],"version-history":[{"count":4,"href":"https:\/\/cinemaorion.fi\/en\/wp-json\/wp\/v2\/pages\/24573\/revisions"}],"predecessor-version":[{"id":29096,"href":"https:\/\/cinemaorion.fi\/en\/wp-json\/wp\/v2\/pages\/24573\/revisions\/29096"}],"up":[{"embeddable":true,"href":"https:\/\/cinemaorion.fi\/en\/wp-json\/wp\/v2\/pages\/24522"}],"wp:attachment":[{"href":"https:\/\/cinemaorion.fi\/en\/wp-json\/wp\/v2\/media?parent=24573"}],"curies":[{"name":"wp","href":"https:\/\/api.w.org\/{rel}","templated":true}]}}