{"id":24571,"date":"2024-11-08T18:10:08","date_gmt":"2024-11-08T18:10:08","guid":{"rendered":"https:\/\/cinemaorion.fi\/?page_id=24571"},"modified":"2024-12-12T09:45:54","modified_gmt":"2024-12-12T09:45:54","slug":"8-loppupaatelmia-vr-taiteen-esittamisesta","status":"publish","type":"page","link":"https:\/\/cinemaorion.fi\/en\/elavan-kuvan-keskus-elke-ry\/vr-taiteen-paivat\/8-loppupaatelmia-vr-taiteen-esittamisesta\/","title":{"rendered":"8. Loppup\u00e4\u00e4telmi\u00e4 VR-taiteen esitt\u00e4misest\u00e4"},"content":{"rendered":"<p class=\"has-text-align-center vr-quote has-white-color has-text-color has-background has-link-color has-medium-font-size wp-elements-52a91e3f3c579fda0683f2e7131398a4\" style=\"background-color:#18799d\"><em>&#8221;VR on selke\u00e4sti kehittynyt paljon vuosien varrella, koska en ajatellut teosten olevan n\u00e4in upeita. Odotan mielenkiinnolla millaisia muita sis\u00e4lt\u00f6j\u00e4 ja VR-taidetta tehd\u00e4\u00e4n.&#8221;<\/em><\/p>\n\n\n\n<p>Hankkeen VR-taiteen p\u00e4iv\u00e4t kiertue esitti yhteens\u00e4 kuutta eri teosta muutaman p\u00e4iv\u00e4n pop-up-esityksiss\u00e4. Esityksi\u00e4 oli kahdeksan ja esitystiloja oli yhteens\u00e4 kuusi. Yli 500 ihmist\u00e4 p\u00e4\u00e4si hankkeen avulla tutustumaan VR-taiteeseen, palautteen perusteella useimmat heist\u00e4 ensimm\u00e4ist\u00e4 kertaa. Kiertue sai kiitosta niin esitystahoilta kuin yleis\u00f6lt\u00e4.<\/p>\n\n\n\n<p>Yleisin\u00e4 loppuhavaintoina voidaan todeta virtuaalitaiteen mediana kiinnostavan ihmisi\u00e4. Taidemuoto houkutteli esitystiloihin uutta yleis\u00f6\u00e4. T\u00e4m\u00e4 on esityspaikkojen kannalta mielek\u00e4st\u00e4 koska se laajentaa tilojen olemassaolevaa yleis\u00f6pohjaa.<\/p>\n\n\n\n<p>Nyt esitetyn ohjelmiston todettiin sopivan todella monenlaisiin ja monen kokoisiin esitystiloihin. Tilaolosuhteet kannattaa kuitenkin huomioida kuratoinnissa ja esityspisteiden m\u00e4\u00e4r\u00e4ss\u00e4.<\/p>\n\n\n\n<p>Vaikka nyt pidetyss\u00e4 tutkimushankkeessa oli suhteellisen pieni ohjelmistopohja (3-4 teosta per esitys), teokset oli kuratoitu olemaan kesken\u00e4\u00e4n sis\u00e4ll\u00f6llisesti ja teknisesti erilaisia. Sis\u00e4ll\u00f6llinen ja kokemus-tekninen monipuolisuus loivat mielenkiintoa ja siit\u00e4 saatiin positiivista palautetta.&nbsp;<\/p>\n\n\n\n<p>Monet k\u00e4vij\u00e4t pukivat ensimm\u00e4ist\u00e4 kertaa VR-lasit p\u00e4\u00e4lleen. Tekniikka ei kuitenkaan jyr\u00e4nnyt taiteellista sis\u00e4lt\u00f6\u00e4. Yleis\u00f6 kommentoi palautteessaan paljon enemm\u00e4n sis\u00e4lt\u00f6j\u00e4 kuin tekniikkaa tai laitteita, joka oli tavoitekin. Kun ihmisilt\u00e4 kysyttiin mielipiteit\u00e4 esitetyst\u00e4 ohjelmistosta, teokset joista erityisesti pidettiin vaihtelivat vastaajan mukaan. VR-taiteessa, kuten kaikessa taiteessa, rikas ja monipuolinen sis\u00e4lt\u00f6 takaa sen, ett\u00e4 jokaiselle l\u00f6ytyy mielek\u00e4st\u00e4 ja koskettavaa sis\u00e4lt\u00f6\u00e4.&nbsp;<\/p>\n\n\n\n<p>Koska uusia VR-kokijoita on paljon, laitteisiin ohjeistaminen ja teoksen maailmaan sis\u00e4\u00e4n saattaminen on todella t\u00e4rke\u00e4\u00e4. Hyv\u00e4st\u00e4 opastuksesta saatiin valtavasti positiivista palautetta k\u00e4vij\u00f6ilt\u00e4. Hyv\u00e4 alkuohjeistuksen avulla kokija voi keskitty\u00e4 luottavaisesti ja turvallisesti teoksen taiteelliseen sis\u00e4lt\u00f6\u00f6n ja kokemukseen, eik\u00e4 laitteiston k\u00e4yt\u00f6n aiheuttamaan j\u00e4nnitt\u00e4miseen.<\/p>\n\n\n\n<p>Hankkeessa henkil\u00f6kunta oli l\u00e4sn\u00e4olevaa. He auttoivat laitteiden ja teoksen k\u00e4yt\u00f6ss\u00e4 alkuun. Usein esitystilanteissa, esimerkiksi museoissa, VR-laitteet seisovat yksin\u00e4\u00e4n ja ohje niiden k\u00e4ytt\u00e4miseksi on enint\u00e4\u00e4n lappu sein\u00e4ll\u00e4. T\u00e4ll\u00f6in yleinen k\u00e4vij\u00e4palaute on, etteiv\u00e4t laitteet tai teos toimineet. T\u00e4m\u00e4 johtuu usein siit\u00e4, etteiv\u00e4t k\u00e4vij\u00e4t osanneet navigoida teoksen k\u00e4ytt\u00f6liittym\u00e4\u00e4 tai muutoin k\u00e4ytt\u00e4\u00e4 laitteita oikein.<\/p>\n\n\n\n<p>Henkil\u00f6kohtainen ohjaus on kuitenkin ty\u00f6voima-intensiivist\u00e4. Paikalla pit\u00e4isi olla henkil\u00f6, joka osaa neuvoa k\u00e4vij\u00e4\u00e4 alkuun ja olla mahdollisesti viel\u00e4 auttamassa teoksen loputtua VR-laitteiden riisumisessa. Tilassa auttamassa oleva henkil\u00f6kunta on tietenkin kustannus- tai ainakin j\u00e4rjestelyasia esitt\u00e4v\u00e4lle taholle. T\u00e4m\u00e4 kannattaa huomioida esityksi\u00e4 suunniteltaessa.<\/p>\n\n\n\n<p>Jos kokija autetaan laitteiston \u2018outouden\u2019 yli, t\u00e4m\u00e4 mahdollistaa kokijalle turvalliseen uppoutumisen teoksen maailmaan. T\u00e4m\u00e4 puolestaan vaikuttaa taidekokemuksen vaikuttavuuteen.&nbsp;<\/p>\n\n\n\n<p>Saamamme yleis\u00f6palaute esitetyst\u00e4 VR-taiteesta oli valtavan positiivista. Ihmiset kertoivat l\u00e4hes poikkeuksetta haluavansa p\u00e4\u00e4st\u00e4 katsomaan lis\u00e4\u00e4kin VR-taideteoksia tulevaisuudessa. Toivottavasti erilaiset kulttuuria esitt\u00e4v\u00e4t tahot l\u00e4htev\u00e4t rohkeasti kokeilemaan t\u00e4m\u00e4n uuden taidemuodon esitt\u00e4mist\u00e4.&nbsp;<\/p>\n\n\n\n<p>Er\u00e4\u00e4n yleis\u00f6palautteen sanoin:<\/p>\n\n\n\n<p class=\"has-text-align-center vr-quote has-white-color has-text-color has-background has-link-color has-medium-font-size wp-elements-4580b05dbe46d10a9080841085bbaa67\" style=\"background-color:#18799d\"><em>&#8221;Mit\u00e4 tulevaisuudessa viel\u00e4 saammekaan kokea, kun jo nyt on niin kiinnostavaa!&#8221;<\/em><\/p>\n\n\n\n\n\n\n\n<p><strong><a href=\"https:\/\/cinemaorion.fi\/en\/elavan-kuvan-keskus-elke-ry\/vr-taiteen-paivat\/\">Sis\u00e4llysluetteloon<\/a><\/strong><\/p>\n\n\n\n<p><\/p>","protected":false},"excerpt":{"rendered":"<p>&#8221;VR on selke\u00e4sti kehittynyt paljon vuosien varrella, koska en ajatellut teosten olevan n\u00e4in upeita. Odotan mielenkiinnolla millaisia muita sis\u00e4lt\u00f6j\u00e4 ja VR-taidetta tehd\u00e4\u00e4n.&#8221; Hankkeen VR-taiteen p\u00e4iv\u00e4t kiertue esitti yhteens\u00e4 kuutta eri teosta muutaman p\u00e4iv\u00e4n pop-up-esityksiss\u00e4. Esityksi\u00e4 oli kahdeksan ja esitystiloja oli yhteens\u00e4 kuusi. Yli 500 ihmist\u00e4 p\u00e4\u00e4si hankkeen avulla tutustumaan VR-taiteeseen, palautteen perusteella useimmat heist\u00e4 ensimm\u00e4ist\u00e4 [&hellip;]<\/p>\n","protected":false},"author":6,"featured_media":0,"parent":24522,"menu_order":2,"comment_status":"closed","ping_status":"closed","template":"page-vr-taide.php","meta":{"_acf_changed":false,"footnotes":""},"class_list":["post-24571","page","type-page","status-publish","hentry"],"acf":[],"yoast_head":"<!-- This site is optimized with the Yoast SEO plugin v27.3 - https:\/\/yoast.com\/product\/yoast-seo-wordpress\/ -->\n<title>8. Loppup\u00e4\u00e4telmi\u00e4 VR-taiteen esitt\u00e4misest\u00e4 - ELKE RY<\/title>\n<meta name=\"description\" content=\"Kiertue k\u00e4ynnistyy syksyll\u00e4 2023 ja jatkuu kev\u00e4\u00e4ll\u00e4 2024. Esityksi\u00e4 j\u00e4rjestet\u00e4\u00e4n yhteens\u00e4 kuudella paikkakunnalla. Esitystilat palvelevat eri taidemuotoja, eik\u00e4 niiss\u00e4 yleens\u00e4 esitet\u00e4 VR-taidetta. Mukana kiertueella on elokuvateattereita, kirjastoja, kulttuurikeskuksia ja taidegalleria.\" \/>\n<meta name=\"robots\" content=\"index, follow, max-snippet:-1, max-image-preview:large, max-video-preview:-1\" \/>\n<link rel=\"canonical\" href=\"https:\/\/cinemaorion.fi\/en\/elavan-kuvan-keskus-elke-ry\/vr-taiteen-paivat\/8-loppupaatelmia-vr-taiteen-esittamisesta\/\" \/>\n<meta property=\"og:locale\" content=\"en_GB\" \/>\n<meta property=\"og:type\" content=\"article\" \/>\n<meta property=\"og:title\" content=\"VR-taiteen p\u00e4iv\u00e4t - Elke RY\" \/>\n<meta property=\"og:description\" content=\"Kiertue k\u00e4ynnistyy syksyll\u00e4 2023 ja jatkuu kev\u00e4\u00e4ll\u00e4 2024. Esityksi\u00e4 j\u00e4rjestet\u00e4\u00e4n yhteens\u00e4 kuudella paikkakunnalla. Esitystilat palvelevat eri taidemuotoja, eik\u00e4 niiss\u00e4 yleens\u00e4 esitet\u00e4 VR-taidetta. Mukana kiertueella on elokuvateattereita, kirjastoja, kulttuurikeskuksia ja taidegalleria.\" \/>\n<meta property=\"og:url\" content=\"https:\/\/cinemaorion.fi\/en\/elavan-kuvan-keskus-elke-ry\/vr-taiteen-paivat\/8-loppupaatelmia-vr-taiteen-esittamisesta\/\" \/>\n<meta property=\"og:site_name\" content=\"Cinema Orion\" \/>\n<meta property=\"article:publisher\" content=\"https:\/\/www.facebook.com\/cinemaorion\" \/>\n<meta property=\"article:modified_time\" content=\"2024-12-12T09:45:54+00:00\" \/>\n<meta property=\"og:image\" content=\"https:\/\/cinemaorion.fi\/wp-content\/uploads\/2023\/08\/vr_taiteen_paivat_banneri_1920x1080.png\" \/>\n\t<meta property=\"og:image:width\" content=\"1920\" \/>\n\t<meta property=\"og:image:height\" content=\"1080\" \/>\n\t<meta property=\"og:image:type\" content=\"image\/png\" \/>\n<meta name=\"twitter:card\" content=\"summary_large_image\" \/>\n<meta name=\"twitter:title\" content=\"8. Loppup\u00e4\u00e4telmi\u00e4 VR-taiteen esitt\u00e4misest\u00e4 - ELKE RY\" \/>\n<meta name=\"twitter:description\" content=\"Kiertue k\u00e4ynnistyy syksyll\u00e4 2023 ja jatkuu kev\u00e4\u00e4ll\u00e4 2024. Esityksi\u00e4 j\u00e4rjestet\u00e4\u00e4n yhteens\u00e4 kuudella paikkakunnalla. Esitystilat palvelevat eri taidemuotoja, eik\u00e4 niiss\u00e4 yleens\u00e4 esitet\u00e4 VR-taidetta. Mukana kiertueella on elokuvateattereita, kirjastoja, kulttuurikeskuksia ja taidegalleria.\" \/>\n<meta name=\"twitter:image\" content=\"https:\/\/cinemaorion.fi\/wp-content\/uploads\/2023\/08\/vr_taiteen_paivat_banneri_1920x1080.png\" \/>\n<meta name=\"twitter:site\" content=\"@cinemaorion\" \/>\n<meta name=\"twitter:label1\" content=\"Estimated reading time\" \/>\n\t<meta name=\"twitter:data1\" content=\"3 minutes\" \/>\n<script type=\"application\/ld+json\" class=\"yoast-schema-graph\">{\"@context\":\"https:\\\/\\\/schema.org\",\"@graph\":[{\"@type\":\"WebPage\",\"@id\":\"https:\\\/\\\/cinemaorion.fi\\\/elavan-kuvan-keskus-elke-ry\\\/vr-taiteen-paivat\\\/8-loppupaatelmia-vr-taiteen-esittamisesta\\\/\",\"url\":\"https:\\\/\\\/cinemaorion.fi\\\/elavan-kuvan-keskus-elke-ry\\\/vr-taiteen-paivat\\\/8-loppupaatelmia-vr-taiteen-esittamisesta\\\/\",\"name\":\"8. Loppup\u00e4\u00e4telmi\u00e4 VR-taiteen esitt\u00e4misest\u00e4 - ELKE RY\",\"isPartOf\":{\"@id\":\"https:\\\/\\\/cinemaorion.fi\\\/#website\"},\"datePublished\":\"2024-11-08T18:10:08+00:00\",\"dateModified\":\"2024-12-12T09:45:54+00:00\",\"description\":\"Kiertue k\u00e4ynnistyy syksyll\u00e4 2023 ja jatkuu kev\u00e4\u00e4ll\u00e4 2024. Esityksi\u00e4 j\u00e4rjestet\u00e4\u00e4n yhteens\u00e4 kuudella paikkakunnalla. Esitystilat palvelevat eri taidemuotoja, eik\u00e4 niiss\u00e4 yleens\u00e4 esitet\u00e4 VR-taidetta. Mukana kiertueella on elokuvateattereita, kirjastoja, kulttuurikeskuksia ja taidegalleria.\",\"breadcrumb\":{\"@id\":\"https:\\\/\\\/cinemaorion.fi\\\/elavan-kuvan-keskus-elke-ry\\\/vr-taiteen-paivat\\\/8-loppupaatelmia-vr-taiteen-esittamisesta\\\/#breadcrumb\"},\"inLanguage\":\"en-GB\",\"potentialAction\":[{\"@type\":\"ReadAction\",\"target\":[\"https:\\\/\\\/cinemaorion.fi\\\/elavan-kuvan-keskus-elke-ry\\\/vr-taiteen-paivat\\\/8-loppupaatelmia-vr-taiteen-esittamisesta\\\/\"]}]},{\"@type\":\"BreadcrumbList\",\"@id\":\"https:\\\/\\\/cinemaorion.fi\\\/elavan-kuvan-keskus-elke-ry\\\/vr-taiteen-paivat\\\/8-loppupaatelmia-vr-taiteen-esittamisesta\\\/#breadcrumb\",\"itemListElement\":[{\"@type\":\"ListItem\",\"position\":1,\"name\":\"Home\",\"item\":\"https:\\\/\\\/cinemaorion.fi\\\/\"},{\"@type\":\"ListItem\",\"position\":2,\"name\":\"El\u00e4v\u00e4n kuvan keskus ELKE ry\",\"item\":\"https:\\\/\\\/cinemaorion.fi\\\/elavan-kuvan-keskus-elke-ry\\\/\"},{\"@type\":\"ListItem\",\"position\":3,\"name\":\"VR-taiteen esitt\u00e4minen \u2014 kokemuksia ja neuvoja\",\"item\":\"https:\\\/\\\/cinemaorion.fi\\\/elavan-kuvan-keskus-elke-ry\\\/vr-taiteen-paivat\\\/\"},{\"@type\":\"ListItem\",\"position\":4,\"name\":\"8. Loppup\u00e4\u00e4telmi\u00e4 VR-taiteen esitt\u00e4misest\u00e4\"}]},{\"@type\":\"WebSite\",\"@id\":\"https:\\\/\\\/cinemaorion.fi\\\/#website\",\"url\":\"https:\\\/\\\/cinemaorion.fi\\\/\",\"name\":\"Cinema Orion\",\"description\":\"Cinema Orion tagline\",\"publisher\":{\"@id\":\"https:\\\/\\\/cinemaorion.fi\\\/#organization\"},\"alternateName\":\"Elokuvateatteri Orion\",\"potentialAction\":[{\"@type\":\"SearchAction\",\"target\":{\"@type\":\"EntryPoint\",\"urlTemplate\":\"https:\\\/\\\/cinemaorion.fi\\\/?s={search_term_string}\"},\"query-input\":{\"@type\":\"PropertyValueSpecification\",\"valueRequired\":true,\"valueName\":\"search_term_string\"}}],\"inLanguage\":\"en-GB\"},{\"@type\":\"Organization\",\"@id\":\"https:\\\/\\\/cinemaorion.fi\\\/#organization\",\"name\":\"Cinema Orion\",\"url\":\"https:\\\/\\\/cinemaorion.fi\\\/\",\"logo\":{\"@type\":\"ImageObject\",\"inLanguage\":\"en-GB\",\"@id\":\"https:\\\/\\\/cinemaorion.fi\\\/#\\\/schema\\\/logo\\\/image\\\/\",\"url\":\"https:\\\/\\\/cinemaorion.fi\\\/wp-content\\\/uploads\\\/2021\\\/03\\\/logo-cinemaorion-elke-ry.png\",\"contentUrl\":\"https:\\\/\\\/cinemaorion.fi\\\/wp-content\\\/uploads\\\/2021\\\/03\\\/logo-cinemaorion-elke-ry.png\",\"width\":1300,\"height\":278,\"caption\":\"Cinema Orion\"},\"image\":{\"@id\":\"https:\\\/\\\/cinemaorion.fi\\\/#\\\/schema\\\/logo\\\/image\\\/\"},\"sameAs\":[\"https:\\\/\\\/www.facebook.com\\\/cinemaorion\",\"https:\\\/\\\/x.com\\\/cinemaorion\",\"https:\\\/\\\/www.instagram.com\\\/cinemaorion\\\/\",\"https:\\\/\\\/twitter.com\\\/cinemaorion\"]}]}<\/script>\n<!-- \/ Yoast SEO plugin. -->","yoast_head_json":{"title":"8. Loppup\u00e4\u00e4telmi\u00e4 VR-taiteen esitt\u00e4misest\u00e4 - ELKE RY","description":"Kiertue k\u00e4ynnistyy syksyll\u00e4 2023 ja jatkuu kev\u00e4\u00e4ll\u00e4 2024. Esityksi\u00e4 j\u00e4rjestet\u00e4\u00e4n yhteens\u00e4 kuudella paikkakunnalla. Esitystilat palvelevat eri taidemuotoja, eik\u00e4 niiss\u00e4 yleens\u00e4 esitet\u00e4 VR-taidetta. Mukana kiertueella on elokuvateattereita, kirjastoja, kulttuurikeskuksia ja taidegalleria.","robots":{"index":"index","follow":"follow","max-snippet":"max-snippet:-1","max-image-preview":"max-image-preview:large","max-video-preview":"max-video-preview:-1"},"canonical":"https:\/\/cinemaorion.fi\/en\/elavan-kuvan-keskus-elke-ry\/vr-taiteen-paivat\/8-loppupaatelmia-vr-taiteen-esittamisesta\/","og_locale":"en_GB","og_type":"article","og_title":"VR-taiteen p\u00e4iv\u00e4t - Elke RY","og_description":"Kiertue k\u00e4ynnistyy syksyll\u00e4 2023 ja jatkuu kev\u00e4\u00e4ll\u00e4 2024. Esityksi\u00e4 j\u00e4rjestet\u00e4\u00e4n yhteens\u00e4 kuudella paikkakunnalla. Esitystilat palvelevat eri taidemuotoja, eik\u00e4 niiss\u00e4 yleens\u00e4 esitet\u00e4 VR-taidetta. Mukana kiertueella on elokuvateattereita, kirjastoja, kulttuurikeskuksia ja taidegalleria.","og_url":"https:\/\/cinemaorion.fi\/en\/elavan-kuvan-keskus-elke-ry\/vr-taiteen-paivat\/8-loppupaatelmia-vr-taiteen-esittamisesta\/","og_site_name":"Cinema Orion","article_publisher":"https:\/\/www.facebook.com\/cinemaorion","article_modified_time":"2024-12-12T09:45:54+00:00","og_image":[{"width":1920,"height":1080,"url":"https:\/\/cinemaorion.fi\/wp-content\/uploads\/2023\/08\/vr_taiteen_paivat_banneri_1920x1080.png","type":"image\/png"}],"twitter_card":"summary_large_image","twitter_title":"8. Loppup\u00e4\u00e4telmi\u00e4 VR-taiteen esitt\u00e4misest\u00e4 - ELKE RY","twitter_description":"Kiertue k\u00e4ynnistyy syksyll\u00e4 2023 ja jatkuu kev\u00e4\u00e4ll\u00e4 2024. Esityksi\u00e4 j\u00e4rjestet\u00e4\u00e4n yhteens\u00e4 kuudella paikkakunnalla. Esitystilat palvelevat eri taidemuotoja, eik\u00e4 niiss\u00e4 yleens\u00e4 esitet\u00e4 VR-taidetta. Mukana kiertueella on elokuvateattereita, kirjastoja, kulttuurikeskuksia ja taidegalleria.","twitter_image":"https:\/\/cinemaorion.fi\/wp-content\/uploads\/2023\/08\/vr_taiteen_paivat_banneri_1920x1080.png","twitter_site":"@cinemaorion","twitter_misc":{"Estimated reading time":"3 minutes"},"schema":{"@context":"https:\/\/schema.org","@graph":[{"@type":"WebPage","@id":"https:\/\/cinemaorion.fi\/elavan-kuvan-keskus-elke-ry\/vr-taiteen-paivat\/8-loppupaatelmia-vr-taiteen-esittamisesta\/","url":"https:\/\/cinemaorion.fi\/elavan-kuvan-keskus-elke-ry\/vr-taiteen-paivat\/8-loppupaatelmia-vr-taiteen-esittamisesta\/","name":"8. Loppup\u00e4\u00e4telmi\u00e4 VR-taiteen esitt\u00e4misest\u00e4 - ELKE RY","isPartOf":{"@id":"https:\/\/cinemaorion.fi\/#website"},"datePublished":"2024-11-08T18:10:08+00:00","dateModified":"2024-12-12T09:45:54+00:00","description":"Kiertue k\u00e4ynnistyy syksyll\u00e4 2023 ja jatkuu kev\u00e4\u00e4ll\u00e4 2024. Esityksi\u00e4 j\u00e4rjestet\u00e4\u00e4n yhteens\u00e4 kuudella paikkakunnalla. Esitystilat palvelevat eri taidemuotoja, eik\u00e4 niiss\u00e4 yleens\u00e4 esitet\u00e4 VR-taidetta. Mukana kiertueella on elokuvateattereita, kirjastoja, kulttuurikeskuksia ja taidegalleria.","breadcrumb":{"@id":"https:\/\/cinemaorion.fi\/elavan-kuvan-keskus-elke-ry\/vr-taiteen-paivat\/8-loppupaatelmia-vr-taiteen-esittamisesta\/#breadcrumb"},"inLanguage":"en-GB","potentialAction":[{"@type":"ReadAction","target":["https:\/\/cinemaorion.fi\/elavan-kuvan-keskus-elke-ry\/vr-taiteen-paivat\/8-loppupaatelmia-vr-taiteen-esittamisesta\/"]}]},{"@type":"BreadcrumbList","@id":"https:\/\/cinemaorion.fi\/elavan-kuvan-keskus-elke-ry\/vr-taiteen-paivat\/8-loppupaatelmia-vr-taiteen-esittamisesta\/#breadcrumb","itemListElement":[{"@type":"ListItem","position":1,"name":"Home","item":"https:\/\/cinemaorion.fi\/"},{"@type":"ListItem","position":2,"name":"El\u00e4v\u00e4n kuvan keskus ELKE ry","item":"https:\/\/cinemaorion.fi\/elavan-kuvan-keskus-elke-ry\/"},{"@type":"ListItem","position":3,"name":"VR-taiteen esitt\u00e4minen \u2014 kokemuksia ja neuvoja","item":"https:\/\/cinemaorion.fi\/elavan-kuvan-keskus-elke-ry\/vr-taiteen-paivat\/"},{"@type":"ListItem","position":4,"name":"8. Loppup\u00e4\u00e4telmi\u00e4 VR-taiteen esitt\u00e4misest\u00e4"}]},{"@type":"WebSite","@id":"https:\/\/cinemaorion.fi\/#website","url":"https:\/\/cinemaorion.fi\/","name":"Cinema Orion","description":"Cinema Orion tagline","publisher":{"@id":"https:\/\/cinemaorion.fi\/#organization"},"alternateName":"Elokuvateatteri Orion","potentialAction":[{"@type":"SearchAction","target":{"@type":"EntryPoint","urlTemplate":"https:\/\/cinemaorion.fi\/?s={search_term_string}"},"query-input":{"@type":"PropertyValueSpecification","valueRequired":true,"valueName":"search_term_string"}}],"inLanguage":"en-GB"},{"@type":"Organization","@id":"https:\/\/cinemaorion.fi\/#organization","name":"Cinema Orion","url":"https:\/\/cinemaorion.fi\/","logo":{"@type":"ImageObject","inLanguage":"en-GB","@id":"https:\/\/cinemaorion.fi\/#\/schema\/logo\/image\/","url":"https:\/\/cinemaorion.fi\/wp-content\/uploads\/2021\/03\/logo-cinemaorion-elke-ry.png","contentUrl":"https:\/\/cinemaorion.fi\/wp-content\/uploads\/2021\/03\/logo-cinemaorion-elke-ry.png","width":1300,"height":278,"caption":"Cinema Orion"},"image":{"@id":"https:\/\/cinemaorion.fi\/#\/schema\/logo\/image\/"},"sameAs":["https:\/\/www.facebook.com\/cinemaorion","https:\/\/x.com\/cinemaorion","https:\/\/www.instagram.com\/cinemaorion\/","https:\/\/twitter.com\/cinemaorion"]}]}},"_links":{"self":[{"href":"https:\/\/cinemaorion.fi\/en\/wp-json\/wp\/v2\/pages\/24571","targetHints":{"allow":["GET"]}}],"collection":[{"href":"https:\/\/cinemaorion.fi\/en\/wp-json\/wp\/v2\/pages"}],"about":[{"href":"https:\/\/cinemaorion.fi\/en\/wp-json\/wp\/v2\/types\/page"}],"author":[{"embeddable":true,"href":"https:\/\/cinemaorion.fi\/en\/wp-json\/wp\/v2\/users\/6"}],"replies":[{"embeddable":true,"href":"https:\/\/cinemaorion.fi\/en\/wp-json\/wp\/v2\/comments?post=24571"}],"version-history":[{"count":5,"href":"https:\/\/cinemaorion.fi\/en\/wp-json\/wp\/v2\/pages\/24571\/revisions"}],"predecessor-version":[{"id":25092,"href":"https:\/\/cinemaorion.fi\/en\/wp-json\/wp\/v2\/pages\/24571\/revisions\/25092"}],"up":[{"embeddable":true,"href":"https:\/\/cinemaorion.fi\/en\/wp-json\/wp\/v2\/pages\/24522"}],"wp:attachment":[{"href":"https:\/\/cinemaorion.fi\/en\/wp-json\/wp\/v2\/media?parent=24571"}],"curies":[{"name":"wp","href":"https:\/\/api.w.org\/{rel}","templated":true}]}}