{"id":24566,"date":"2024-11-08T18:08:01","date_gmt":"2024-11-08T18:08:01","guid":{"rendered":"https:\/\/cinemaorion.fi\/?page_id=24566"},"modified":"2024-12-12T09:45:11","modified_gmt":"2024-12-12T09:45:11","slug":"7-palaute-esitystiloilta","status":"publish","type":"page","link":"https:\/\/cinemaorion.fi\/en\/elavan-kuvan-keskus-elke-ry\/vr-taiteen-paivat\/7-palaute-esitystiloilta\/","title":{"rendered":"7. Palaute esitystiloilta"},"content":{"rendered":"<p>VR-taiteen p\u00e4iv\u00e4t kiertueeseen osallistuneiden tahojen kanssa k\u00e4ytiin vapaamuotoinen palautekeskustelu kiertueen j\u00e4lkeen. Esitt\u00e4j\u00e4tahoilta&nbsp; kysyttiin mm:<\/p>\n\n\n\n<ul class=\"wp-block-list\">\n<li>Yleistunnelma tapahtumasta<\/li>\n\n\n\n<li>Onko j\u00e4lkeenp\u00e4in tullut palautetta? Mink\u00e4laista?<\/li>\n\n\n\n<li>Mitk\u00e4 asiat yll\u00e4ttiv\u00e4t \u2013 olivat erilaisia (vaikeampia \/parempia \/enemm\u00e4n \/v\u00e4hemm\u00e4n) kuin ennalta odotitte?<\/li>\n\n\n\n<li>Miten paljon tapahtumasta tiedotettiin ja mit\u00e4 kanavia k\u00e4ytettiin<\/li>\n\n\n\n<li>Mit\u00e4 tekisitte toisin \/ toivoisitte teht\u00e4v\u00e4n toisin, jos tulevaisuudessa t\u00e4m\u00e4n kaltaisia VR-taiteen esityksi\u00e4 tilassanne pidet\u00e4\u00e4n?<\/li>\n<\/ul>\n\n\n\n<p>Alle on koottu asioita, jotka nousivat esiin keskusteluissa.<\/p>\n\n\n\n<h2 class=\"wp-block-heading\">7.1. Yleistunnelma tapahtumasta ja esitystilojen saama palaute<\/h2>\n\n\n\n<p>Kiertueen paikallisiksi j\u00e4rjest\u00e4jiksi oli valikoitunut vain tahoja, joilla oli valmiiksi kiinnostusta VR-taiteen esitt\u00e4miseen. Heill\u00e4 oli halu tarjota yleis\u00f6lleen mahdollisuus kokea VR-taidetta ja samalla testata, toimisiko sen esitt\u00e4minen heid\u00e4n tiloissaan. Hankkeen tiloilta saama palaute onkin ollut enimm\u00e4kseen positiivista.<\/p>\n\n\n\n<p>Jotkut tilat olivat odottaneet tapahtumaa jonkin asteisella j\u00e4nnityksell\u00e4. Kyseess\u00e4 kun oli aivan eri tyyppinen toiminta, kuin mit\u00e4 tiloissa yleens\u00e4 oli. My\u00f6sk\u00e4\u00e4n ennakko-odotusta siit\u00e4, miten tilaisuus k\u00e4yt\u00e4nn\u00f6n tasolla toimisi ei ollut. Hankkeeseen l\u00e4hdettiin kuitenkin avoimin mielin.<\/p>\n\n\n\n<p>VR-taiteen p\u00e4ivien tiedotus hoitui paikallisen j\u00e4rjest\u00e4j\u00e4n toimesta. Tapahtumasta tiedotettiin tilakohtaisesti omilla postituslistoilla, julisteissa esitystilassa, paikallismediassa, ohjelmavihkosissa ja mahdollisuuksien mukaan menokoneissa tai minne menn\u00e4 palstoilla.&nbsp;<\/p>\n\n\n\n<p>Tiedotuksen vaikutus k\u00e4vij\u00e4m\u00e4\u00e4r\u00e4\u00e4n oli ilmeinen. Kun VR-taiteen p\u00e4iv\u00e4t kiertueesta oli esimerkiksi saatu n\u00e4ytt\u00e4v\u00e4 juttu paikalliseen lehteen, se n\u00e4kyi suoraan k\u00e4vij\u00e4rynt\u00e4yksen\u00e4. Joissain esitystiloissa, kuten Porvoon kirjastossa, oli puolestaan oma vakituinen k\u00e4vij\u00e4kuntansa, joten monet k\u00e4vij\u00e4t kohtasivat tapahtuman my\u00f6s sattumalta tilassa liikkuessaan.&nbsp;<\/p>\n\n\n\n<p>Osa tiloista kertoi yll\u00e4ttyneens\u00e4 positiivisesti siit\u00e4, ett\u00e4 tapahtumaan tuli niin paljon ihmisi\u00e4. Ihmiset olivat heid\u00e4n mukaansa todella innostuneita ja kiitteliv\u00e4t, ett\u00e4 tilassa oli t\u00e4m\u00e4nkin kaltaista toimintaa.<\/p>\n\n\n\n<p>Kiertuetta katsomaan kulttuuritiloihin saapui my\u00f6s runsaasti ihmisi\u00e4, jotka eiv\u00e4t normaalisti kyseisess\u00e4 tilassa k\u00e4yneet, eli syntyi uutta yleis\u00f6pohjaa. T\u00e4m\u00e4 n\u00e4kyy my\u00f6s yleis\u00f6kyselyn tuloksissa.<\/p>\n\n\n\n<p>Esitysohjelmisto sai tiloilta kiitosta. Sis\u00e4lt\u00f6 koettiin laadukkaaksi ja hyvin kuratoiduksi. Pidettiin siit\u00e4, ett\u00e4 teoksia oli monipuolisesti ja n\u00e4ht\u00e4vill\u00e4 oli kesken\u00e4\u00e4n erilaisia toteutuksia. Vaikka ohjelmistossa painottuivat tuoreet kotimaiset teokset, my\u00f6s palkittu ulkomainen teos oli n\u00e4ht\u00e4viss\u00e4 useimmissa esityksiss\u00e4. Pidettiin arvokkaana, ett\u00e4 my\u00f6s kansainv\u00e4linen konteksti oli mukana ohjelmistossa.<\/p>\n\n\n\n<p>VR-taiteen p\u00e4iv\u00e4t &#8211; tapahtumaa pystytt\u00e4m\u00e4\u00e4n ja py\u00f6ritt\u00e4m\u00e4\u00e4n saapuneiden ty\u00f6ryhm\u00e4l\u00e4isten ammatillinen osaaminen oli tilojen mukaan selke\u00e4sti hyv\u00e4ll\u00e4 tasolla ja koettiin, ett\u00e4 yhteisty\u00f6 tapahtuman aikana sujui hyvin. Samoin koettiin, ett\u00e4 eri laitevalmistajien ja tekniikoiden toimivuus oli hyv\u00e4ll\u00e4 tasolla.<\/p>\n\n\n\n<p>Kiitosta sai my\u00f6s se, ett\u00e4 hygienia oli huomioitu hyvin. VR-lasit, ohjaimet ja kuulokkeet pyyhittiin desinfioivalla pyyhkeell\u00e4 jokaisen k\u00e4ytt\u00f6kerran j\u00e4lkeen.<\/p>\n\n\n\n<p>K\u00e4ytt\u00e4jien opastus soljui esitystilojen mielest\u00e4 mallikkaasti ja yhteisty\u00f6n tapahtuman aikana kiertueen ja esitystilan henkil\u00f6kunnan v\u00e4lill\u00e4 koettiin olevan toimivaa ja osallistavaa. Tunnelma oli positiivinen.<\/p>\n\n\n\n<p>Jotkut tilat kertoivat kuitenkin, ett\u00e4 oli pienoinen yll\u00e4tys, kuinka tarkkaavaisena salivalvojat joutuivat koko ajan olemaan ohjatessaan ihmisi\u00e4 teoksesta toiseen ja ohjeistamalla heit\u00e4 laitteiden ja teosten k\u00e4yt\u00f6ss\u00e4. Jos tilassa oli useampia k\u00e4vij\u00f6it\u00e4, mit\u00e4\u00e4n luppoaikaa ei salivalvojille j\u00e4\u00e4nyt ja esimerkiksi muun ty\u00f6n tekeminen taustalla samanaikaisesti ei onnistunut.<\/p>\n\n\n\n<p>Er\u00e4s tiloista toivoi parannusehdotuksena valo- ja \u00e4\u00e4nisuunnittelun huomiointia ja ottamista osaksi n\u00e4yttelysuunnittelua. Nyt hankkeessa toimittiin vain tilassa olevien valaistusratkaisujen pohjalta. Jos tilassa oli s\u00e4\u00e4dett\u00e4v\u00e4 valaistus, s\u00e4\u00e4dettiin ja suunnattiin valot esityspisteille sopiviksi. Lis\u00e4ksi visuaalista &#8221;inside out&#8221; -liikkeenseurantaa k\u00e4ytt\u00e4v\u00e4t laitteet (kuten Meta Quest ja Pico) tarvitsevat riitt\u00e4v\u00e4sti valoa toimiakseen. Mik\u00e4li tilassa oli suuri n\u00e4ytt\u00f6 tai projektori, tilaan laitettiin py\u00f6rim\u00e4\u00e4n esittelyvideoita teoksista. Omaa valokalustoa tai valosuunnittelua ei t\u00e4ss\u00e4 hankkeessa kuitenkaan ollut, joten jos esitystilassa ei ollut s\u00e4\u00e4dett\u00e4vi\u00e4 valaisimia tai ulkoisia n\u00e4ytt\u00f6j\u00e4\/videoprojektoria, toteutus ei v\u00e4ltt\u00e4m\u00e4tt\u00e4 ollut ulosp\u00e4in kovin n\u00e4ytt\u00e4v\u00e4.<\/p>\n\n\n\n<p>Ehdotettiin my\u00f6s, ett\u00e4 VR-taiteen laajempi esittely ja tapahtuman konteksti olisivat voineet olla n\u00e4kyv\u00e4mmin esill\u00e4 tilassa. Onkin totta, ett\u00e4 suurella yleis\u00f6ll\u00e4 ei viel\u00e4 v\u00e4ltt\u00e4m\u00e4tt\u00e4 ole selke\u00e4\u00e4 kuvaa siit\u00e4, mit\u00e4 tarkoitetaan, kun puhutaan VR-taiteesta, joten tiedotuksessa kannattaa mahdollisesti kertoa jotain koko taidemuodostakin, eik\u00e4 olettaa t\u00e4m\u00e4n olevan kaikille tuttua.<\/p>\n\n\n\n<p>Kommenteissa todettiin my\u00f6s, ett\u00e4 hankkeessa oltiin aivan uuden \u00e4\u00e4rell\u00e4 &#8211; kyseess\u00e4 oli er\u00e4\u00e4nlainen pioneerity\u00f6. Tilat uskoivat my\u00f6s, ett\u00e4 VR-taiteesta&nbsp; tulee varmasti pysyv\u00e4 osa taidekentt\u00e4\u00e4.<\/p>\n\n\n\n<h2 class=\"wp-block-heading\">7.2. Kokemuksia maksullisesta esityksest\u00e4<\/h2>\n\n\n\n<p>Nyt j\u00e4rjestettyyn kiertueeseen osallistuneista tiloista vain Lahden Kino Iiriksess\u00e4 oli toimiva lipunmyyntij\u00e4rjestelm\u00e4. Jotta p\u00e4\u00e4stiin kokeilemaan my\u00f6s lipunmyynnin vaikutusta ihmisten kokemuksiin, tehtiin Lahden esityksest\u00e4 maksullinen. VR-taiteen p\u00e4iv\u00e4t esityksen hinnaksi m\u00e4\u00e4riteltiin 10\u20ac \/ 7\u20ac el\u00e4kel\u00e4iset ja opiskelijat.<\/p>\n\n\n\n<p>Kokemus ilmeisesti t\u00e4ytti tulijoiden odotukset. Kaikki Lahden k\u00e4vij\u00e4t ilmaisivat olevansa valmiita maksamaan tulevaisuudessakin n\u00e4hd\u00e4kseen vastaavanlaisia VR-taidesis\u00e4lt\u00f6j\u00e4. Ja enemmist\u00f6 vastaajista oli valmis maksamaan enemm\u00e4n kuin nyt n\u00e4yt\u00f6ksest\u00e4. Kun kysyttiin, paljonko k\u00e4vij\u00e4t olisivat valmiita maksamaan t\u00e4m\u00e4n kaltaisesta esityksest\u00e4, yleisin vastaus oli 20\u20ac tai v\u00e4hemm\u00e4n.<\/p>\n\n\n\n<p>Tilavahtien kokemus maksullisista esityksist\u00e4 oli se, ett\u00e4 ihmisen odotukset olivat korkeammalla, kun he olivat maksaneet lipun. Ilmaisesityksess\u00e4 tunnelma oli heid\u00e4n arvionsa mukaan hieman rennompaa, eik\u00e4 ollut tavallaan yht\u00e4 suurta vastuuta siit\u00e4, ett\u00e4 esityksen t\u00e4ytyy onnistua t\u00e4ydellisesti ja tekniikan toimia moitteettomasti. Yleis\u00f6 tuntui kuitenkin kokevan, ett\u00e4 nyt ollaan jonkun uuden \u00e4\u00e4rell\u00e4, ett\u00e4 kyseess\u00e4 on er\u00e4\u00e4nlainen pioneerity\u00f6, joten jos pient\u00e4 teknist\u00e4 h\u00e4iri\u00f6t\u00e4 ilmeni esityksiss\u00e4, siit\u00e4 ei hermostuttu.&nbsp;<\/p>\n\n\n\n<p>Maksullisessa esityksess\u00e4 ihmiset odottavat vastinetta rahoilleen, eik\u00e4 heit\u00e4 voi odotuttaa pitk\u00e4\u00e4n, jotta laitteet vapautuvat. T\u00e4m\u00e4 aiheutti logistiikka- ja aikatauluhaasteita, kun pyrittiin takaamaan, ett\u00e4 katsojat p\u00e4\u00e4siv\u00e4t siirtym\u00e4\u00e4n saumattomasti yhdest\u00e4 katselupisteest\u00e4 toiseen. Asiaa vaikeutti se, ett\u00e4 teokset olivat kesken\u00e4\u00e4n varsin eri pituisia ja Lahdessa esitettiin nelj\u00e4\u00e4 eri teosta. Mik\u00e4li olisi esitetty vain yht\u00e4 tai kahta teosta, vastaavanlaista aikataulutusongelmaa ei olisi syntynyt.<\/p>\n\n\n\n<h2 class=\"wp-block-heading\">7.3. VR-laitteiden k\u00e4ytt\u00f6\u00f6n ohjeistaminen<\/h2>\n\n\n\n<p>Kysyimme esitystilan puolesta hankkeeseen osallistuneilta tilavahdeilta, kuinka vaikeaksi he kokivat VR-laitteiden kanssa toimimisen tapahtumassa ja uskoivatko he, ett\u00e4 osaisivat itsen\u00e4isesti k\u00e4ynnist\u00e4\u00e4 ja ohjeistaa k\u00e4vij\u00f6it\u00e4 VR-taideteosten pariin pienen alkuperehdytyksen j\u00e4lkeen.<\/p>\n\n\n\n<p>Varsinaisesti ongelmia laitteiden ohjeistamisessa ei ollut kenell\u00e4k\u00e4\u00e4n, mutta hieman ep\u00e4varmoiksi asian suhteen itsens\u00e4 koki pari salivahtia, jotka eiv\u00e4t olleet tekniikan kanssa juuri tekemisiss\u00e4.&nbsp;<\/p>\n\n\n\n<p>Haastavimmiksi koettiin tilanteet, joissa teos tai VR-lasit k\u00e4ytt\u00e4ytyiv\u00e4t v\u00e4\u00e4rin ja vastoin odotuksia: jokin VR-lasien valikko ei esimerkiksi poistunut n\u00e4kyvist\u00e4 kun teos alkoi,&nbsp; tai teos ei l\u00e4htenyt normaalisti py\u00f6rim\u00e4\u00e4n. Vanha kunnon konsti &#8211; sammuta VR-lasit\/teos ja k\u00e4ynnist\u00e4 ne uudelleen &#8211; on yh\u00e4 toimiva. Sit\u00e4 kannattaa ehdottomasti kokeilla, jos muut konstit eiv\u00e4t tunnu auttavan.<\/p>\n\n\n\n<p>Erityisesti nuoremmat diginatiivit tilavahdit tai tekniikkaan muutoinkin perehtyneet henkil\u00f6t (kuten kirjaston pajamestarit) kokivat laitteiden ja niiden menu-valikoiden k\u00e4ytt\u00e4misen varsin helpoiksi ottaa haltuun. He olivat luottavaisia, ett\u00e4 pienen alkuperehdytyksen j\u00e4lkeen pystyisiv\u00e4t hyvin ohjeistamaan k\u00e4vij\u00f6it\u00e4 VR-teoksissa ja laittamaan teokset py\u00f6rim\u00e4\u00e4n. VR-laitteiden pop-up valikot ovat tietokoneiden ja android-laitteiden maailmasta varsin tuttuja, eik\u00e4 niiss\u00e4 navigoiminen huolestuttanut heit\u00e4.<\/p>\n\n\n\n\n\n\n\n<p><strong><a href=\"https:\/\/cinemaorion.fi\/en\/elavan-kuvan-keskus-elke-ry\/vr-taiteen-paivat\/\">Sis\u00e4llysluetteloon<\/a><\/strong><\/p>","protected":false},"excerpt":{"rendered":"<p>VR-taiteen p\u00e4iv\u00e4t kiertueeseen osallistuneiden tahojen kanssa k\u00e4ytiin vapaamuotoinen palautekeskustelu kiertueen j\u00e4lkeen. Esitt\u00e4j\u00e4tahoilta&nbsp; kysyttiin mm: Alle on koottu asioita, jotka nousivat esiin keskusteluissa. 7.1. Yleistunnelma tapahtumasta ja esitystilojen saama palaute Kiertueen paikallisiksi j\u00e4rjest\u00e4jiksi oli valikoitunut vain tahoja, joilla oli valmiiksi kiinnostusta VR-taiteen esitt\u00e4miseen. Heill\u00e4 oli halu tarjota yleis\u00f6lleen mahdollisuus kokea VR-taidetta ja samalla testata, toimisiko sen [&hellip;]<\/p>\n","protected":false},"author":6,"featured_media":0,"parent":24522,"menu_order":2,"comment_status":"closed","ping_status":"closed","template":"page-vr-taide.php","meta":{"_acf_changed":false,"footnotes":""},"class_list":["post-24566","page","type-page","status-publish","hentry"],"acf":[],"yoast_head":"<!-- This site is optimized with the Yoast SEO plugin v27.3 - https:\/\/yoast.com\/product\/yoast-seo-wordpress\/ -->\n<title>7. Palaute esitystiloilta - ELKE RY<\/title>\n<meta name=\"description\" content=\"Kiertue k\u00e4ynnistyy syksyll\u00e4 2023 ja jatkuu kev\u00e4\u00e4ll\u00e4 2024. Esityksi\u00e4 j\u00e4rjestet\u00e4\u00e4n yhteens\u00e4 kuudella paikkakunnalla. Esitystilat palvelevat eri taidemuotoja, eik\u00e4 niiss\u00e4 yleens\u00e4 esitet\u00e4 VR-taidetta. Mukana kiertueella on elokuvateattereita, kirjastoja, kulttuurikeskuksia ja taidegalleria.\" \/>\n<meta name=\"robots\" content=\"index, follow, max-snippet:-1, max-image-preview:large, max-video-preview:-1\" \/>\n<link rel=\"canonical\" href=\"https:\/\/cinemaorion.fi\/en\/elavan-kuvan-keskus-elke-ry\/vr-taiteen-paivat\/7-palaute-esitystiloilta\/\" \/>\n<meta property=\"og:locale\" content=\"en_GB\" \/>\n<meta property=\"og:type\" content=\"article\" \/>\n<meta property=\"og:title\" content=\"VR-taiteen p\u00e4iv\u00e4t - Elke RY\" \/>\n<meta property=\"og:description\" content=\"Kiertue k\u00e4ynnistyy syksyll\u00e4 2023 ja jatkuu kev\u00e4\u00e4ll\u00e4 2024. Esityksi\u00e4 j\u00e4rjestet\u00e4\u00e4n yhteens\u00e4 kuudella paikkakunnalla. Esitystilat palvelevat eri taidemuotoja, eik\u00e4 niiss\u00e4 yleens\u00e4 esitet\u00e4 VR-taidetta. Mukana kiertueella on elokuvateattereita, kirjastoja, kulttuurikeskuksia ja taidegalleria.\" \/>\n<meta property=\"og:url\" content=\"https:\/\/cinemaorion.fi\/en\/elavan-kuvan-keskus-elke-ry\/vr-taiteen-paivat\/7-palaute-esitystiloilta\/\" \/>\n<meta property=\"og:site_name\" content=\"Cinema Orion\" \/>\n<meta property=\"article:publisher\" content=\"https:\/\/www.facebook.com\/cinemaorion\" \/>\n<meta property=\"article:modified_time\" content=\"2024-12-12T09:45:11+00:00\" \/>\n<meta property=\"og:image\" content=\"https:\/\/cinemaorion.fi\/wp-content\/uploads\/2023\/08\/vr_taiteen_paivat_banneri_1920x1080.png\" \/>\n\t<meta property=\"og:image:width\" content=\"1920\" \/>\n\t<meta property=\"og:image:height\" content=\"1080\" \/>\n\t<meta property=\"og:image:type\" content=\"image\/png\" \/>\n<meta name=\"twitter:card\" content=\"summary_large_image\" \/>\n<meta name=\"twitter:title\" content=\"7. Palaute esitystiloilta - ELKE RY\" \/>\n<meta name=\"twitter:description\" content=\"Kiertue k\u00e4ynnistyy syksyll\u00e4 2023 ja jatkuu kev\u00e4\u00e4ll\u00e4 2024. Esityksi\u00e4 j\u00e4rjestet\u00e4\u00e4n yhteens\u00e4 kuudella paikkakunnalla. Esitystilat palvelevat eri taidemuotoja, eik\u00e4 niiss\u00e4 yleens\u00e4 esitet\u00e4 VR-taidetta. Mukana kiertueella on elokuvateattereita, kirjastoja, kulttuurikeskuksia ja taidegalleria.\" \/>\n<meta name=\"twitter:image\" content=\"https:\/\/cinemaorion.fi\/wp-content\/uploads\/2023\/08\/vr_taiteen_paivat_banneri_1920x1080.png\" \/>\n<meta name=\"twitter:site\" content=\"@cinemaorion\" \/>\n<meta name=\"twitter:label1\" content=\"Estimated reading time\" \/>\n\t<meta name=\"twitter:data1\" content=\"6 minutes\" \/>\n<script type=\"application\/ld+json\" class=\"yoast-schema-graph\">{\"@context\":\"https:\\\/\\\/schema.org\",\"@graph\":[{\"@type\":\"WebPage\",\"@id\":\"https:\\\/\\\/cinemaorion.fi\\\/elavan-kuvan-keskus-elke-ry\\\/vr-taiteen-paivat\\\/7-palaute-esitystiloilta\\\/\",\"url\":\"https:\\\/\\\/cinemaorion.fi\\\/elavan-kuvan-keskus-elke-ry\\\/vr-taiteen-paivat\\\/7-palaute-esitystiloilta\\\/\",\"name\":\"7. Palaute esitystiloilta - ELKE RY\",\"isPartOf\":{\"@id\":\"https:\\\/\\\/cinemaorion.fi\\\/#website\"},\"datePublished\":\"2024-11-08T18:08:01+00:00\",\"dateModified\":\"2024-12-12T09:45:11+00:00\",\"description\":\"Kiertue k\u00e4ynnistyy syksyll\u00e4 2023 ja jatkuu kev\u00e4\u00e4ll\u00e4 2024. Esityksi\u00e4 j\u00e4rjestet\u00e4\u00e4n yhteens\u00e4 kuudella paikkakunnalla. Esitystilat palvelevat eri taidemuotoja, eik\u00e4 niiss\u00e4 yleens\u00e4 esitet\u00e4 VR-taidetta. Mukana kiertueella on elokuvateattereita, kirjastoja, kulttuurikeskuksia ja taidegalleria.\",\"breadcrumb\":{\"@id\":\"https:\\\/\\\/cinemaorion.fi\\\/elavan-kuvan-keskus-elke-ry\\\/vr-taiteen-paivat\\\/7-palaute-esitystiloilta\\\/#breadcrumb\"},\"inLanguage\":\"en-GB\",\"potentialAction\":[{\"@type\":\"ReadAction\",\"target\":[\"https:\\\/\\\/cinemaorion.fi\\\/elavan-kuvan-keskus-elke-ry\\\/vr-taiteen-paivat\\\/7-palaute-esitystiloilta\\\/\"]}]},{\"@type\":\"BreadcrumbList\",\"@id\":\"https:\\\/\\\/cinemaorion.fi\\\/elavan-kuvan-keskus-elke-ry\\\/vr-taiteen-paivat\\\/7-palaute-esitystiloilta\\\/#breadcrumb\",\"itemListElement\":[{\"@type\":\"ListItem\",\"position\":1,\"name\":\"Home\",\"item\":\"https:\\\/\\\/cinemaorion.fi\\\/\"},{\"@type\":\"ListItem\",\"position\":2,\"name\":\"El\u00e4v\u00e4n kuvan keskus ELKE ry\",\"item\":\"https:\\\/\\\/cinemaorion.fi\\\/elavan-kuvan-keskus-elke-ry\\\/\"},{\"@type\":\"ListItem\",\"position\":3,\"name\":\"VR-taiteen esitt\u00e4minen \u2014 kokemuksia ja neuvoja\",\"item\":\"https:\\\/\\\/cinemaorion.fi\\\/elavan-kuvan-keskus-elke-ry\\\/vr-taiteen-paivat\\\/\"},{\"@type\":\"ListItem\",\"position\":4,\"name\":\"7. Palaute esitystiloilta\"}]},{\"@type\":\"WebSite\",\"@id\":\"https:\\\/\\\/cinemaorion.fi\\\/#website\",\"url\":\"https:\\\/\\\/cinemaorion.fi\\\/\",\"name\":\"Cinema Orion\",\"description\":\"Cinema Orion tagline\",\"publisher\":{\"@id\":\"https:\\\/\\\/cinemaorion.fi\\\/#organization\"},\"alternateName\":\"Elokuvateatteri Orion\",\"potentialAction\":[{\"@type\":\"SearchAction\",\"target\":{\"@type\":\"EntryPoint\",\"urlTemplate\":\"https:\\\/\\\/cinemaorion.fi\\\/?s={search_term_string}\"},\"query-input\":{\"@type\":\"PropertyValueSpecification\",\"valueRequired\":true,\"valueName\":\"search_term_string\"}}],\"inLanguage\":\"en-GB\"},{\"@type\":\"Organization\",\"@id\":\"https:\\\/\\\/cinemaorion.fi\\\/#organization\",\"name\":\"Cinema Orion\",\"url\":\"https:\\\/\\\/cinemaorion.fi\\\/\",\"logo\":{\"@type\":\"ImageObject\",\"inLanguage\":\"en-GB\",\"@id\":\"https:\\\/\\\/cinemaorion.fi\\\/#\\\/schema\\\/logo\\\/image\\\/\",\"url\":\"https:\\\/\\\/cinemaorion.fi\\\/wp-content\\\/uploads\\\/2021\\\/03\\\/logo-cinemaorion-elke-ry.png\",\"contentUrl\":\"https:\\\/\\\/cinemaorion.fi\\\/wp-content\\\/uploads\\\/2021\\\/03\\\/logo-cinemaorion-elke-ry.png\",\"width\":1300,\"height\":278,\"caption\":\"Cinema Orion\"},\"image\":{\"@id\":\"https:\\\/\\\/cinemaorion.fi\\\/#\\\/schema\\\/logo\\\/image\\\/\"},\"sameAs\":[\"https:\\\/\\\/www.facebook.com\\\/cinemaorion\",\"https:\\\/\\\/x.com\\\/cinemaorion\",\"https:\\\/\\\/www.instagram.com\\\/cinemaorion\\\/\",\"https:\\\/\\\/twitter.com\\\/cinemaorion\"]}]}<\/script>\n<!-- \/ Yoast SEO plugin. -->","yoast_head_json":{"title":"7. Palaute esitystiloilta - ELKE RY","description":"Kiertue k\u00e4ynnistyy syksyll\u00e4 2023 ja jatkuu kev\u00e4\u00e4ll\u00e4 2024. Esityksi\u00e4 j\u00e4rjestet\u00e4\u00e4n yhteens\u00e4 kuudella paikkakunnalla. Esitystilat palvelevat eri taidemuotoja, eik\u00e4 niiss\u00e4 yleens\u00e4 esitet\u00e4 VR-taidetta. Mukana kiertueella on elokuvateattereita, kirjastoja, kulttuurikeskuksia ja taidegalleria.","robots":{"index":"index","follow":"follow","max-snippet":"max-snippet:-1","max-image-preview":"max-image-preview:large","max-video-preview":"max-video-preview:-1"},"canonical":"https:\/\/cinemaorion.fi\/en\/elavan-kuvan-keskus-elke-ry\/vr-taiteen-paivat\/7-palaute-esitystiloilta\/","og_locale":"en_GB","og_type":"article","og_title":"VR-taiteen p\u00e4iv\u00e4t - Elke RY","og_description":"Kiertue k\u00e4ynnistyy syksyll\u00e4 2023 ja jatkuu kev\u00e4\u00e4ll\u00e4 2024. Esityksi\u00e4 j\u00e4rjestet\u00e4\u00e4n yhteens\u00e4 kuudella paikkakunnalla. Esitystilat palvelevat eri taidemuotoja, eik\u00e4 niiss\u00e4 yleens\u00e4 esitet\u00e4 VR-taidetta. Mukana kiertueella on elokuvateattereita, kirjastoja, kulttuurikeskuksia ja taidegalleria.","og_url":"https:\/\/cinemaorion.fi\/en\/elavan-kuvan-keskus-elke-ry\/vr-taiteen-paivat\/7-palaute-esitystiloilta\/","og_site_name":"Cinema Orion","article_publisher":"https:\/\/www.facebook.com\/cinemaorion","article_modified_time":"2024-12-12T09:45:11+00:00","og_image":[{"width":1920,"height":1080,"url":"https:\/\/cinemaorion.fi\/wp-content\/uploads\/2023\/08\/vr_taiteen_paivat_banneri_1920x1080.png","type":"image\/png"}],"twitter_card":"summary_large_image","twitter_title":"7. Palaute esitystiloilta - ELKE RY","twitter_description":"Kiertue k\u00e4ynnistyy syksyll\u00e4 2023 ja jatkuu kev\u00e4\u00e4ll\u00e4 2024. Esityksi\u00e4 j\u00e4rjestet\u00e4\u00e4n yhteens\u00e4 kuudella paikkakunnalla. Esitystilat palvelevat eri taidemuotoja, eik\u00e4 niiss\u00e4 yleens\u00e4 esitet\u00e4 VR-taidetta. Mukana kiertueella on elokuvateattereita, kirjastoja, kulttuurikeskuksia ja taidegalleria.","twitter_image":"https:\/\/cinemaorion.fi\/wp-content\/uploads\/2023\/08\/vr_taiteen_paivat_banneri_1920x1080.png","twitter_site":"@cinemaorion","twitter_misc":{"Estimated reading time":"6 minutes"},"schema":{"@context":"https:\/\/schema.org","@graph":[{"@type":"WebPage","@id":"https:\/\/cinemaorion.fi\/elavan-kuvan-keskus-elke-ry\/vr-taiteen-paivat\/7-palaute-esitystiloilta\/","url":"https:\/\/cinemaorion.fi\/elavan-kuvan-keskus-elke-ry\/vr-taiteen-paivat\/7-palaute-esitystiloilta\/","name":"7. Palaute esitystiloilta - ELKE RY","isPartOf":{"@id":"https:\/\/cinemaorion.fi\/#website"},"datePublished":"2024-11-08T18:08:01+00:00","dateModified":"2024-12-12T09:45:11+00:00","description":"Kiertue k\u00e4ynnistyy syksyll\u00e4 2023 ja jatkuu kev\u00e4\u00e4ll\u00e4 2024. Esityksi\u00e4 j\u00e4rjestet\u00e4\u00e4n yhteens\u00e4 kuudella paikkakunnalla. Esitystilat palvelevat eri taidemuotoja, eik\u00e4 niiss\u00e4 yleens\u00e4 esitet\u00e4 VR-taidetta. Mukana kiertueella on elokuvateattereita, kirjastoja, kulttuurikeskuksia ja taidegalleria.","breadcrumb":{"@id":"https:\/\/cinemaorion.fi\/elavan-kuvan-keskus-elke-ry\/vr-taiteen-paivat\/7-palaute-esitystiloilta\/#breadcrumb"},"inLanguage":"en-GB","potentialAction":[{"@type":"ReadAction","target":["https:\/\/cinemaorion.fi\/elavan-kuvan-keskus-elke-ry\/vr-taiteen-paivat\/7-palaute-esitystiloilta\/"]}]},{"@type":"BreadcrumbList","@id":"https:\/\/cinemaorion.fi\/elavan-kuvan-keskus-elke-ry\/vr-taiteen-paivat\/7-palaute-esitystiloilta\/#breadcrumb","itemListElement":[{"@type":"ListItem","position":1,"name":"Home","item":"https:\/\/cinemaorion.fi\/"},{"@type":"ListItem","position":2,"name":"El\u00e4v\u00e4n kuvan keskus ELKE ry","item":"https:\/\/cinemaorion.fi\/elavan-kuvan-keskus-elke-ry\/"},{"@type":"ListItem","position":3,"name":"VR-taiteen esitt\u00e4minen \u2014 kokemuksia ja neuvoja","item":"https:\/\/cinemaorion.fi\/elavan-kuvan-keskus-elke-ry\/vr-taiteen-paivat\/"},{"@type":"ListItem","position":4,"name":"7. Palaute esitystiloilta"}]},{"@type":"WebSite","@id":"https:\/\/cinemaorion.fi\/#website","url":"https:\/\/cinemaorion.fi\/","name":"Cinema Orion","description":"Cinema Orion tagline","publisher":{"@id":"https:\/\/cinemaorion.fi\/#organization"},"alternateName":"Elokuvateatteri Orion","potentialAction":[{"@type":"SearchAction","target":{"@type":"EntryPoint","urlTemplate":"https:\/\/cinemaorion.fi\/?s={search_term_string}"},"query-input":{"@type":"PropertyValueSpecification","valueRequired":true,"valueName":"search_term_string"}}],"inLanguage":"en-GB"},{"@type":"Organization","@id":"https:\/\/cinemaorion.fi\/#organization","name":"Cinema Orion","url":"https:\/\/cinemaorion.fi\/","logo":{"@type":"ImageObject","inLanguage":"en-GB","@id":"https:\/\/cinemaorion.fi\/#\/schema\/logo\/image\/","url":"https:\/\/cinemaorion.fi\/wp-content\/uploads\/2021\/03\/logo-cinemaorion-elke-ry.png","contentUrl":"https:\/\/cinemaorion.fi\/wp-content\/uploads\/2021\/03\/logo-cinemaorion-elke-ry.png","width":1300,"height":278,"caption":"Cinema Orion"},"image":{"@id":"https:\/\/cinemaorion.fi\/#\/schema\/logo\/image\/"},"sameAs":["https:\/\/www.facebook.com\/cinemaorion","https:\/\/x.com\/cinemaorion","https:\/\/www.instagram.com\/cinemaorion\/","https:\/\/twitter.com\/cinemaorion"]}]}},"_links":{"self":[{"href":"https:\/\/cinemaorion.fi\/en\/wp-json\/wp\/v2\/pages\/24566","targetHints":{"allow":["GET"]}}],"collection":[{"href":"https:\/\/cinemaorion.fi\/en\/wp-json\/wp\/v2\/pages"}],"about":[{"href":"https:\/\/cinemaorion.fi\/en\/wp-json\/wp\/v2\/types\/page"}],"author":[{"embeddable":true,"href":"https:\/\/cinemaorion.fi\/en\/wp-json\/wp\/v2\/users\/6"}],"replies":[{"embeddable":true,"href":"https:\/\/cinemaorion.fi\/en\/wp-json\/wp\/v2\/comments?post=24566"}],"version-history":[{"count":3,"href":"https:\/\/cinemaorion.fi\/en\/wp-json\/wp\/v2\/pages\/24566\/revisions"}],"predecessor-version":[{"id":25091,"href":"https:\/\/cinemaorion.fi\/en\/wp-json\/wp\/v2\/pages\/24566\/revisions\/25091"}],"up":[{"embeddable":true,"href":"https:\/\/cinemaorion.fi\/en\/wp-json\/wp\/v2\/pages\/24522"}],"wp:attachment":[{"href":"https:\/\/cinemaorion.fi\/en\/wp-json\/wp\/v2\/media?parent=24566"}],"curies":[{"name":"wp","href":"https:\/\/api.w.org\/{rel}","templated":true}]}}