{"id":24555,"date":"2024-11-08T17:59:29","date_gmt":"2024-11-08T17:59:29","guid":{"rendered":"https:\/\/cinemaorion.fi\/?page_id=24555"},"modified":"2024-12-12T09:40:34","modified_gmt":"2024-12-12T09:40:34","slug":"5-minkalaiset-tilat-soveltuvat-vr-taiteen-esittamiseen","status":"publish","type":"page","link":"https:\/\/cinemaorion.fi\/en\/elavan-kuvan-keskus-elke-ry\/vr-taiteen-paivat\/5-minkalaiset-tilat-soveltuvat-vr-taiteen-esittamiseen\/","title":{"rendered":"5. Mink\u00e4laiset tilat soveltuvat VR-taiteen esitt\u00e4miseen?"},"content":{"rendered":"<p>Hankkeessa tutkittiin my\u00f6s, mink\u00e4 tyyppisiss\u00e4 tiloissa VR-taiteen esitt\u00e4minen toimisi. Esitystiloiksi valittiin kesken\u00e4\u00e4n erilaisia kulttuuritiloja, joissa VR-taidetta ei oltu aiemmin (juuri tai ollenkaan) esitetty. Esityksi\u00e4 j\u00e4rjestettiin kirjastossa, taidegalleriassa, black-box-esitystilassa, kulttuurikeskuksissa ja elokuvateatterissa.<\/p>\n\n\n\n<p>Suurin esitystila oli Vaasan keskuskirjaston Draamasali, 156-neli\u00f6inen, korkea black-box-tila.<\/p>\n\n\n\n<figure class=\"wp-block-image size-large\"><img loading=\"lazy\" decoding=\"async\" width=\"1024\" height=\"766\" src=\"https:\/\/cinemaorion.fi\/wp-content\/uploads\/2024\/11\/image-1024x766.jpeg\" alt=\"\" class=\"wp-image-24556\" srcset=\"https:\/\/cinemaorion.fi\/wp-content\/uploads\/2024\/11\/image-1024x766.jpeg 1024w, https:\/\/cinemaorion.fi\/wp-content\/uploads\/2024\/11\/image-300x225.jpeg 300w, https:\/\/cinemaorion.fi\/wp-content\/uploads\/2024\/11\/image-768x575.jpeg 768w, https:\/\/cinemaorion.fi\/wp-content\/uploads\/2024\/11\/image-16x12.jpeg 16w, https:\/\/cinemaorion.fi\/wp-content\/uploads\/2024\/11\/image-5x5.jpeg 5w, https:\/\/cinemaorion.fi\/wp-content\/uploads\/2024\/11\/image.jpeg 1280w\" sizes=\"auto, (max-width: 1024px) 100vw, 1024px\" \/><\/figure>\n\n\n\n<p><em>Pienin esitystila oli Forum Boxin sis\u00e4\u00e4ntuloaulaan verhoilla rajattu, noin 18m2 matalahko alue.<\/em><\/p>\n\n\n\n<figure class=\"wp-block-image size-large\"><img loading=\"lazy\" decoding=\"async\" width=\"1024\" height=\"766\" src=\"https:\/\/cinemaorion.fi\/wp-content\/uploads\/2024\/11\/image-1-1024x766.jpeg\" alt=\"\" class=\"wp-image-24557\" srcset=\"https:\/\/cinemaorion.fi\/wp-content\/uploads\/2024\/11\/image-1-1024x766.jpeg 1024w, https:\/\/cinemaorion.fi\/wp-content\/uploads\/2024\/11\/image-1-300x225.jpeg 300w, https:\/\/cinemaorion.fi\/wp-content\/uploads\/2024\/11\/image-1-768x575.jpeg 768w, https:\/\/cinemaorion.fi\/wp-content\/uploads\/2024\/11\/image-1-16x12.jpeg 16w, https:\/\/cinemaorion.fi\/wp-content\/uploads\/2024\/11\/image-1-5x5.jpeg 5w, https:\/\/cinemaorion.fi\/wp-content\/uploads\/2024\/11\/image-1.jpeg 1280w\" sizes=\"auto, (max-width: 1024px) 100vw, 1024px\" \/><\/figure>\n\n\n\n<p><em>Kiertue pystytettiin my\u00f6s Turun taiteen talon kellarikerroksen raakatilaan, Kino Iiriksen toimistonakin toimivaan kokoushuoneeseen, Porvoon kirjaston kahteen toisiinsa aukeavaan kokoustilaan\/projektihuoneeseen ja Kulttuurikeskus Villa Ranan Paulaharjun sali -esiintymistilaan.<\/em><\/p>\n\n\n\n<figure class=\"wp-block-image size-large\"><img loading=\"lazy\" decoding=\"async\" width=\"1024\" height=\"766\" src=\"https:\/\/cinemaorion.fi\/wp-content\/uploads\/2024\/11\/image-2-1024x766.jpeg\" alt=\"\" class=\"wp-image-24558\" srcset=\"https:\/\/cinemaorion.fi\/wp-content\/uploads\/2024\/11\/image-2-1024x766.jpeg 1024w, https:\/\/cinemaorion.fi\/wp-content\/uploads\/2024\/11\/image-2-300x225.jpeg 300w, https:\/\/cinemaorion.fi\/wp-content\/uploads\/2024\/11\/image-2-768x575.jpeg 768w, https:\/\/cinemaorion.fi\/wp-content\/uploads\/2024\/11\/image-2-16x12.jpeg 16w, https:\/\/cinemaorion.fi\/wp-content\/uploads\/2024\/11\/image-2-5x5.jpeg 5w, https:\/\/cinemaorion.fi\/wp-content\/uploads\/2024\/11\/image-2.jpeg 1280w\" sizes=\"auto, (max-width: 1024px) 100vw, 1024px\" \/><\/figure>\n\n\n\n<p><em>Paulaharjun sali<\/em><\/p>\n\n\n\n<figure class=\"wp-block-image size-large\"><img loading=\"lazy\" decoding=\"async\" width=\"1024\" height=\"766\" src=\"https:\/\/cinemaorion.fi\/wp-content\/uploads\/2024\/11\/image-3-1024x766.jpeg\" alt=\"\" class=\"wp-image-24559\" srcset=\"https:\/\/cinemaorion.fi\/wp-content\/uploads\/2024\/11\/image-3-1024x766.jpeg 1024w, https:\/\/cinemaorion.fi\/wp-content\/uploads\/2024\/11\/image-3-300x225.jpeg 300w, https:\/\/cinemaorion.fi\/wp-content\/uploads\/2024\/11\/image-3-768x575.jpeg 768w, https:\/\/cinemaorion.fi\/wp-content\/uploads\/2024\/11\/image-3-16x12.jpeg 16w, https:\/\/cinemaorion.fi\/wp-content\/uploads\/2024\/11\/image-3-5x5.jpeg 5w, https:\/\/cinemaorion.fi\/wp-content\/uploads\/2024\/11\/image-3.jpeg 1280w\" sizes=\"auto, (max-width: 1024px) 100vw, 1024px\" \/><\/figure>\n\n\n\n<p><em>Taiteiden Talo Turku<\/em><\/p>\n\n\n\n<figure class=\"wp-block-image size-large\"><img loading=\"lazy\" decoding=\"async\" width=\"1024\" height=\"645\" src=\"https:\/\/cinemaorion.fi\/wp-content\/uploads\/2024\/11\/image-4-1024x645.jpeg\" alt=\"\" class=\"wp-image-24560\" srcset=\"https:\/\/cinemaorion.fi\/wp-content\/uploads\/2024\/11\/image-4-1024x645.jpeg 1024w, https:\/\/cinemaorion.fi\/wp-content\/uploads\/2024\/11\/image-4-300x189.jpeg 300w, https:\/\/cinemaorion.fi\/wp-content\/uploads\/2024\/11\/image-4-768x484.jpeg 768w, https:\/\/cinemaorion.fi\/wp-content\/uploads\/2024\/11\/image-4-18x12.jpeg 18w, https:\/\/cinemaorion.fi\/wp-content\/uploads\/2024\/11\/image-4-5x3.jpeg 5w, https:\/\/cinemaorion.fi\/wp-content\/uploads\/2024\/11\/image-4.jpeg 1280w\" sizes=\"auto, (max-width: 1024px) 100vw, 1024px\" \/><\/figure>\n\n\n\n<p><em>Porvoon kirjasto<\/em><\/p>\n\n\n\n<p>Hankkeen puolesta ei ollut p\u00f6yti\u00e4, tuoleja, v\u00e4liseini\u00e4 tai valaisimia, vaan n\u00e4m\u00e4 kaikki j\u00e4rjestettiin esitystilaa hallinnoivan yhteisty\u00f6tahon toimesta. Kaikki VR-taiteen esitt\u00e4miseen tarvittava teknologia tuli puolestaan hankkeen ja yhteisty\u00f6kumppaneiden kautta.<\/p>\n\n\n\n<p>Osassa tiloista oli n\u00e4ytt\u00e4m\u00f6tekniikkaa kuten videotykki ja -sein\u00e4, suuri ulkoinen n\u00e4ytt\u00f6 tai n\u00e4ytt\u00e4m\u00f6valoja. Jos t\u00e4llaista tekniikkaa oli, sit\u00e4 k\u00e4ytettiin tunnelman luomiseen ja tilan maisemointiin. Toiset tilat olivat raakatiloja, joissa ei mit\u00e4\u00e4n n\u00e4ytt\u00e4m\u00f6tekniikkaa tai valaisumahdollisuutta ollut.<\/p>\n\n\n\n<p>Hankkeessa haluttiin my\u00f6s selvitt\u00e4\u00e4, onnistuuko VR-taiteen esitt\u00e4minen tilassa, jossa ei ole n\u00e4ytt\u00e4m\u00f6tekniikkaa tai johon ei voi erityisesti suunnitella n\u00e4yttelyarkkitehtuuria. Kevyess\u00e4, parin p\u00e4iv\u00e4n pop-up-esityksess\u00e4 ei kovin mittavan n\u00e4yttelyarkkitehtuurin rakentamiseen muutenkaan olisi ollut mahdollisuutta.<\/p>\n\n\n\n<p>Esityskokonaisuus oli toki n\u00e4ytt\u00e4v\u00e4mpi niiss\u00e4 tiloissa, joissa valaisua voitiin s\u00e4\u00e4t\u00e4\u00e4 ja&nbsp; videomateriaalia teoksista projisoida tilaan. Yleis\u00f6 oli kuitenkin kokemukseensa tyytyv\u00e4inen yht\u00e4lailla tiloissa, joissa ei ollut mahdollista somistamiseen tai valaisuun. Ilmeisesti tilan visuaalisuus ei ole erityisen ratkaiseva asia VR-taiteesta nauttimisen kannalta. Teoksia katsottaessa ollaan kuitenkin aivan eri maailmoissa ja valaisuissa. Silti kiinnostava valaisu ja mahdollinen musiikki voivat her\u00e4tt\u00e4\u00e4 yleis\u00f6n kiinnostusta esitystiloissa, joissa yleis\u00f6\u00e4 houkutellaan sis\u00e4\u00e4n kulkuv\u00e4ylilt\u00e4.<\/p>\n\n\n\n<p>Kaikissa kiertueen esitystiloissa oli omat haasteensa ratkaistavaksi. Korkeassa tilassa ei esimerkiksi ollut mahdollista viritt\u00e4\u00e4 tietokoneen ja VR-lasien v\u00e4list\u00e4 piuhaa riippumaan katosta, joten ihmisten py\u00f6riess\u00e4 tilassa, ja teoksen maailmassa, piuhat saattoivat sotkeutua jalkoihin ja t\u00e4t\u00e4 piti valvoa valppaasti.<\/p>\n\n\n\n<p>Pieness\u00e4 tilassa puolestaan oli haasteena taata jokaiselle teokselle riitt\u00e4v\u00e4 oma alueensa ja esimerkiksi 360-elokuvateosten katselua ei ollut tilanpuutteen takia aina mahdollista j\u00e4rjest\u00e4\u00e4 niin, ett\u00e4 kokijat voisivat py\u00f6ri\u00e4 tuoleillaan vapaasti eri suuntiin, vaan tuolit oli suunnattu tiettyyn suuntaan ja takana tapahtuvaa piti seurata olan yli katsomalla.<\/p>\n\n\n\n<p>Kuitenkin kaikkiin tiloihin saatiin pystytetty\u00e4 7-8 erillist\u00e4 esityspistett\u00e4, joissa py\u00f6ri yhteens\u00e4 3-4 eri teosta.<\/p>\n\n\n\n<p>Tilallisesti haastavimpia ovat teokset, joissa kokijat itse liikkuu virtuaalitilassa \u2013 py\u00f6rii, heiluttaa raajojaan tai vaikkapa tanssii ohjatakseen teoksen kulkua. T\u00e4m\u00e4nkaltaisten teosten osalta on tarkistettava, ett\u00e4 muulta liikkumiselta rauhoitettua tilaa on riitt\u00e4v\u00e4sti, jotta kokijat ei t\u00f6rm\u00e4\u00e4 asioihin tai ihmisiin. VR-laseihin m\u00e4\u00e4ritell\u00e4\u00e4n aina pelialue. T\u00e4m\u00e4n alueen reunaa l\u00e4hestytt\u00e4ess\u00e4 kokija n\u00e4kee rajan, joka ilmaisee, ett\u00e4 h\u00e4n on toiminta-alueen laidalla ja h\u00e4nen tulisi siirty\u00e4 j\u00e4lleen takaisin toiminta-alueelle. T\u00e4m\u00e4 kannattaa kertoa my\u00f6s kokijalle, jotta h\u00e4n osaa siirty\u00e4 takaisin turvalliselle alueelle.<\/p>\n\n\n\n<p>V\u00e4himm\u00e4isvaatimuksena tilalle VR-taiteen esitt\u00e4misess\u00e4 voi pit\u00e4\u00e4, ett\u00e4 kokija saa uppoutua teokseen rauhassa \u2013 eli ei esimerkiksi ole vaaraa, ett\u00e4 l\u00e4pikulkuliikenne aiheuttaa t\u00f6rm\u00e4yksi\u00e4 tai katselupisteen vieress\u00e4 ei ole aivan liian \u00e4\u00e4nek\u00e4st\u00e4 toimintaa, joka vuotaisi kuulokkeiden l\u00e4pi ja h\u00e4iritsisi teoksen katselua liikaa.<\/p>\n\n\n\n<p>Hankkeessa oli mukana siis hyvin eri kokoisia ja luonteisia tiloja. Yleis\u00f6kyselyn vapaaseen kentt\u00e4\u00e4n \u2018soveltuiko tila mielest\u00e4si teosten katseluun\u2019 tuli paljon vastauksia ja k\u00e4yt\u00e4nn\u00f6ss\u00e4 kaikki k\u00e4vij\u00e4t vastasivat ett\u00e4 tila, jossa he k\u00e4viv\u00e4t, oli soveltunut hyvin tarkoitukseen.<br>Loppup\u00e4\u00e4telm\u00e4n\u00e4 voidaankin pit\u00e4\u00e4, ett\u00e4 l\u00e4hes mink\u00e4 kokoinen ja muotoinen tila tahansa taipuu VR-taiteen esitt\u00e4miseen. Esityspisteiden m\u00e4\u00e4r\u00e4\u00e4 ja teosten luonnetta, esimerkiksi vapaan liikkumisen tarvetta, kannattaa tietenkin sovittaa tilan koon mukaan.<\/p>\n\n\n\n\n\n\n\n<p><strong><a href=\"https:\/\/cinemaorion.fi\/en\/elavan-kuvan-keskus-elke-ry\/vr-taiteen-paivat\/\">Sis\u00e4llysluetteloon<\/a><\/strong><\/p>","protected":false},"excerpt":{"rendered":"<p>Hankkeessa tutkittiin my\u00f6s, mink\u00e4 tyyppisiss\u00e4 tiloissa VR-taiteen esitt\u00e4minen toimisi. Esitystiloiksi valittiin kesken\u00e4\u00e4n erilaisia kulttuuritiloja, joissa VR-taidetta ei oltu aiemmin (juuri tai ollenkaan) esitetty. Esityksi\u00e4 j\u00e4rjestettiin kirjastossa, taidegalleriassa, black-box-esitystilassa, kulttuurikeskuksissa ja elokuvateatterissa. Suurin esitystila oli Vaasan keskuskirjaston Draamasali, 156-neli\u00f6inen, korkea black-box-tila. Pienin esitystila oli Forum Boxin sis\u00e4\u00e4ntuloaulaan verhoilla rajattu, noin 18m2 matalahko alue. Kiertue pystytettiin my\u00f6s [&hellip;]<\/p>\n","protected":false},"author":6,"featured_media":0,"parent":24522,"menu_order":2,"comment_status":"closed","ping_status":"closed","template":"page-vr-taide.php","meta":{"_acf_changed":false,"footnotes":""},"class_list":["post-24555","page","type-page","status-publish","hentry"],"acf":[],"yoast_head":"<!-- This site is optimized with the Yoast SEO plugin v27.3 - https:\/\/yoast.com\/product\/yoast-seo-wordpress\/ -->\n<title>5. Mink\u00e4laiset tilat soveltuvat VR-taiteen esitt\u00e4miseen? - ELKE RY<\/title>\n<meta name=\"description\" content=\"Kiertue k\u00e4ynnistyy syksyll\u00e4 2023 ja jatkuu kev\u00e4\u00e4ll\u00e4 2024. Esityksi\u00e4 j\u00e4rjestet\u00e4\u00e4n yhteens\u00e4 kuudella paikkakunnalla. Esitystilat palvelevat eri taidemuotoja, eik\u00e4 niiss\u00e4 yleens\u00e4 esitet\u00e4 VR-taidetta. Mukana kiertueella on elokuvateattereita, kirjastoja, kulttuurikeskuksia ja taidegalleria.\" \/>\n<meta name=\"robots\" content=\"index, follow, max-snippet:-1, max-image-preview:large, max-video-preview:-1\" \/>\n<link rel=\"canonical\" href=\"https:\/\/cinemaorion.fi\/en\/elavan-kuvan-keskus-elke-ry\/vr-taiteen-paivat\/5-minkalaiset-tilat-soveltuvat-vr-taiteen-esittamiseen\/\" \/>\n<meta property=\"og:locale\" content=\"en_GB\" \/>\n<meta property=\"og:type\" content=\"article\" \/>\n<meta property=\"og:title\" content=\"VR-taiteen p\u00e4iv\u00e4t - Elke RY\" \/>\n<meta property=\"og:description\" content=\"Kiertue k\u00e4ynnistyy syksyll\u00e4 2023 ja jatkuu kev\u00e4\u00e4ll\u00e4 2024. Esityksi\u00e4 j\u00e4rjestet\u00e4\u00e4n yhteens\u00e4 kuudella paikkakunnalla. Esitystilat palvelevat eri taidemuotoja, eik\u00e4 niiss\u00e4 yleens\u00e4 esitet\u00e4 VR-taidetta. Mukana kiertueella on elokuvateattereita, kirjastoja, kulttuurikeskuksia ja taidegalleria.\" \/>\n<meta property=\"og:url\" content=\"https:\/\/cinemaorion.fi\/en\/elavan-kuvan-keskus-elke-ry\/vr-taiteen-paivat\/5-minkalaiset-tilat-soveltuvat-vr-taiteen-esittamiseen\/\" \/>\n<meta property=\"og:site_name\" content=\"Cinema Orion\" \/>\n<meta property=\"article:publisher\" content=\"https:\/\/www.facebook.com\/cinemaorion\" \/>\n<meta property=\"article:modified_time\" content=\"2024-12-12T09:40:34+00:00\" \/>\n<meta property=\"og:image\" content=\"https:\/\/cinemaorion.fi\/wp-content\/uploads\/2023\/08\/vr_taiteen_paivat_banneri_1920x1080.png\" \/>\n\t<meta property=\"og:image:width\" content=\"1920\" \/>\n\t<meta property=\"og:image:height\" content=\"1080\" \/>\n\t<meta property=\"og:image:type\" content=\"image\/png\" \/>\n<meta name=\"twitter:card\" content=\"summary_large_image\" \/>\n<meta name=\"twitter:title\" content=\"5. Mink\u00e4laiset tilat soveltuvat VR-taiteen esitt\u00e4miseen? - ELKE RY\" \/>\n<meta name=\"twitter:description\" content=\"Kiertue k\u00e4ynnistyy syksyll\u00e4 2023 ja jatkuu kev\u00e4\u00e4ll\u00e4 2024. Esityksi\u00e4 j\u00e4rjestet\u00e4\u00e4n yhteens\u00e4 kuudella paikkakunnalla. Esitystilat palvelevat eri taidemuotoja, eik\u00e4 niiss\u00e4 yleens\u00e4 esitet\u00e4 VR-taidetta. Mukana kiertueella on elokuvateattereita, kirjastoja, kulttuurikeskuksia ja taidegalleria.\" \/>\n<meta name=\"twitter:image\" content=\"https:\/\/cinemaorion.fi\/wp-content\/uploads\/2023\/08\/vr_taiteen_paivat_banneri_1920x1080.png\" \/>\n<meta name=\"twitter:site\" content=\"@cinemaorion\" \/>\n<meta name=\"twitter:label1\" content=\"Estimated reading time\" \/>\n\t<meta name=\"twitter:data1\" content=\"5 minutes\" \/>\n<script type=\"application\/ld+json\" class=\"yoast-schema-graph\">{\"@context\":\"https:\\\/\\\/schema.org\",\"@graph\":[{\"@type\":\"WebPage\",\"@id\":\"https:\\\/\\\/cinemaorion.fi\\\/elavan-kuvan-keskus-elke-ry\\\/vr-taiteen-paivat\\\/5-minkalaiset-tilat-soveltuvat-vr-taiteen-esittamiseen\\\/\",\"url\":\"https:\\\/\\\/cinemaorion.fi\\\/elavan-kuvan-keskus-elke-ry\\\/vr-taiteen-paivat\\\/5-minkalaiset-tilat-soveltuvat-vr-taiteen-esittamiseen\\\/\",\"name\":\"5. Mink\u00e4laiset tilat soveltuvat VR-taiteen esitt\u00e4miseen? - ELKE RY\",\"isPartOf\":{\"@id\":\"https:\\\/\\\/cinemaorion.fi\\\/#website\"},\"primaryImageOfPage\":{\"@id\":\"https:\\\/\\\/cinemaorion.fi\\\/elavan-kuvan-keskus-elke-ry\\\/vr-taiteen-paivat\\\/5-minkalaiset-tilat-soveltuvat-vr-taiteen-esittamiseen\\\/#primaryimage\"},\"image\":{\"@id\":\"https:\\\/\\\/cinemaorion.fi\\\/elavan-kuvan-keskus-elke-ry\\\/vr-taiteen-paivat\\\/5-minkalaiset-tilat-soveltuvat-vr-taiteen-esittamiseen\\\/#primaryimage\"},\"thumbnailUrl\":\"https:\\\/\\\/cinemaorion.fi\\\/wp-content\\\/uploads\\\/2024\\\/11\\\/image-1024x766.jpeg\",\"datePublished\":\"2024-11-08T17:59:29+00:00\",\"dateModified\":\"2024-12-12T09:40:34+00:00\",\"description\":\"Kiertue k\u00e4ynnistyy syksyll\u00e4 2023 ja jatkuu kev\u00e4\u00e4ll\u00e4 2024. Esityksi\u00e4 j\u00e4rjestet\u00e4\u00e4n yhteens\u00e4 kuudella paikkakunnalla. Esitystilat palvelevat eri taidemuotoja, eik\u00e4 niiss\u00e4 yleens\u00e4 esitet\u00e4 VR-taidetta. Mukana kiertueella on elokuvateattereita, kirjastoja, kulttuurikeskuksia ja taidegalleria.\",\"breadcrumb\":{\"@id\":\"https:\\\/\\\/cinemaorion.fi\\\/elavan-kuvan-keskus-elke-ry\\\/vr-taiteen-paivat\\\/5-minkalaiset-tilat-soveltuvat-vr-taiteen-esittamiseen\\\/#breadcrumb\"},\"inLanguage\":\"en-GB\",\"potentialAction\":[{\"@type\":\"ReadAction\",\"target\":[\"https:\\\/\\\/cinemaorion.fi\\\/elavan-kuvan-keskus-elke-ry\\\/vr-taiteen-paivat\\\/5-minkalaiset-tilat-soveltuvat-vr-taiteen-esittamiseen\\\/\"]}]},{\"@type\":\"ImageObject\",\"inLanguage\":\"en-GB\",\"@id\":\"https:\\\/\\\/cinemaorion.fi\\\/elavan-kuvan-keskus-elke-ry\\\/vr-taiteen-paivat\\\/5-minkalaiset-tilat-soveltuvat-vr-taiteen-esittamiseen\\\/#primaryimage\",\"url\":\"https:\\\/\\\/cinemaorion.fi\\\/wp-content\\\/uploads\\\/2024\\\/11\\\/image-1024x766.jpeg\",\"contentUrl\":\"https:\\\/\\\/cinemaorion.fi\\\/wp-content\\\/uploads\\\/2024\\\/11\\\/image-1024x766.jpeg\"},{\"@type\":\"BreadcrumbList\",\"@id\":\"https:\\\/\\\/cinemaorion.fi\\\/elavan-kuvan-keskus-elke-ry\\\/vr-taiteen-paivat\\\/5-minkalaiset-tilat-soveltuvat-vr-taiteen-esittamiseen\\\/#breadcrumb\",\"itemListElement\":[{\"@type\":\"ListItem\",\"position\":1,\"name\":\"Home\",\"item\":\"https:\\\/\\\/cinemaorion.fi\\\/\"},{\"@type\":\"ListItem\",\"position\":2,\"name\":\"El\u00e4v\u00e4n kuvan keskus ELKE ry\",\"item\":\"https:\\\/\\\/cinemaorion.fi\\\/elavan-kuvan-keskus-elke-ry\\\/\"},{\"@type\":\"ListItem\",\"position\":3,\"name\":\"VR-taiteen esitt\u00e4minen \u2014 kokemuksia ja neuvoja\",\"item\":\"https:\\\/\\\/cinemaorion.fi\\\/elavan-kuvan-keskus-elke-ry\\\/vr-taiteen-paivat\\\/\"},{\"@type\":\"ListItem\",\"position\":4,\"name\":\"5. Mink\u00e4laiset tilat soveltuvat VR-taiteen esitt\u00e4miseen?\"}]},{\"@type\":\"WebSite\",\"@id\":\"https:\\\/\\\/cinemaorion.fi\\\/#website\",\"url\":\"https:\\\/\\\/cinemaorion.fi\\\/\",\"name\":\"Cinema Orion\",\"description\":\"Cinema Orion tagline\",\"publisher\":{\"@id\":\"https:\\\/\\\/cinemaorion.fi\\\/#organization\"},\"alternateName\":\"Elokuvateatteri Orion\",\"potentialAction\":[{\"@type\":\"SearchAction\",\"target\":{\"@type\":\"EntryPoint\",\"urlTemplate\":\"https:\\\/\\\/cinemaorion.fi\\\/?s={search_term_string}\"},\"query-input\":{\"@type\":\"PropertyValueSpecification\",\"valueRequired\":true,\"valueName\":\"search_term_string\"}}],\"inLanguage\":\"en-GB\"},{\"@type\":\"Organization\",\"@id\":\"https:\\\/\\\/cinemaorion.fi\\\/#organization\",\"name\":\"Cinema Orion\",\"url\":\"https:\\\/\\\/cinemaorion.fi\\\/\",\"logo\":{\"@type\":\"ImageObject\",\"inLanguage\":\"en-GB\",\"@id\":\"https:\\\/\\\/cinemaorion.fi\\\/#\\\/schema\\\/logo\\\/image\\\/\",\"url\":\"https:\\\/\\\/cinemaorion.fi\\\/wp-content\\\/uploads\\\/2021\\\/03\\\/logo-cinemaorion-elke-ry.png\",\"contentUrl\":\"https:\\\/\\\/cinemaorion.fi\\\/wp-content\\\/uploads\\\/2021\\\/03\\\/logo-cinemaorion-elke-ry.png\",\"width\":1300,\"height\":278,\"caption\":\"Cinema Orion\"},\"image\":{\"@id\":\"https:\\\/\\\/cinemaorion.fi\\\/#\\\/schema\\\/logo\\\/image\\\/\"},\"sameAs\":[\"https:\\\/\\\/www.facebook.com\\\/cinemaorion\",\"https:\\\/\\\/x.com\\\/cinemaorion\",\"https:\\\/\\\/www.instagram.com\\\/cinemaorion\\\/\",\"https:\\\/\\\/twitter.com\\\/cinemaorion\"]}]}<\/script>\n<!-- \/ Yoast SEO plugin. -->","yoast_head_json":{"title":"5. Mink\u00e4laiset tilat soveltuvat VR-taiteen esitt\u00e4miseen? - ELKE RY","description":"Kiertue k\u00e4ynnistyy syksyll\u00e4 2023 ja jatkuu kev\u00e4\u00e4ll\u00e4 2024. Esityksi\u00e4 j\u00e4rjestet\u00e4\u00e4n yhteens\u00e4 kuudella paikkakunnalla. Esitystilat palvelevat eri taidemuotoja, eik\u00e4 niiss\u00e4 yleens\u00e4 esitet\u00e4 VR-taidetta. Mukana kiertueella on elokuvateattereita, kirjastoja, kulttuurikeskuksia ja taidegalleria.","robots":{"index":"index","follow":"follow","max-snippet":"max-snippet:-1","max-image-preview":"max-image-preview:large","max-video-preview":"max-video-preview:-1"},"canonical":"https:\/\/cinemaorion.fi\/en\/elavan-kuvan-keskus-elke-ry\/vr-taiteen-paivat\/5-minkalaiset-tilat-soveltuvat-vr-taiteen-esittamiseen\/","og_locale":"en_GB","og_type":"article","og_title":"VR-taiteen p\u00e4iv\u00e4t - Elke RY","og_description":"Kiertue k\u00e4ynnistyy syksyll\u00e4 2023 ja jatkuu kev\u00e4\u00e4ll\u00e4 2024. Esityksi\u00e4 j\u00e4rjestet\u00e4\u00e4n yhteens\u00e4 kuudella paikkakunnalla. Esitystilat palvelevat eri taidemuotoja, eik\u00e4 niiss\u00e4 yleens\u00e4 esitet\u00e4 VR-taidetta. Mukana kiertueella on elokuvateattereita, kirjastoja, kulttuurikeskuksia ja taidegalleria.","og_url":"https:\/\/cinemaorion.fi\/en\/elavan-kuvan-keskus-elke-ry\/vr-taiteen-paivat\/5-minkalaiset-tilat-soveltuvat-vr-taiteen-esittamiseen\/","og_site_name":"Cinema Orion","article_publisher":"https:\/\/www.facebook.com\/cinemaorion","article_modified_time":"2024-12-12T09:40:34+00:00","og_image":[{"width":1920,"height":1080,"url":"https:\/\/cinemaorion.fi\/wp-content\/uploads\/2023\/08\/vr_taiteen_paivat_banneri_1920x1080.png","type":"image\/png"}],"twitter_card":"summary_large_image","twitter_title":"5. Mink\u00e4laiset tilat soveltuvat VR-taiteen esitt\u00e4miseen? - ELKE RY","twitter_description":"Kiertue k\u00e4ynnistyy syksyll\u00e4 2023 ja jatkuu kev\u00e4\u00e4ll\u00e4 2024. Esityksi\u00e4 j\u00e4rjestet\u00e4\u00e4n yhteens\u00e4 kuudella paikkakunnalla. Esitystilat palvelevat eri taidemuotoja, eik\u00e4 niiss\u00e4 yleens\u00e4 esitet\u00e4 VR-taidetta. Mukana kiertueella on elokuvateattereita, kirjastoja, kulttuurikeskuksia ja taidegalleria.","twitter_image":"https:\/\/cinemaorion.fi\/wp-content\/uploads\/2023\/08\/vr_taiteen_paivat_banneri_1920x1080.png","twitter_site":"@cinemaorion","twitter_misc":{"Estimated reading time":"5 minutes"},"schema":{"@context":"https:\/\/schema.org","@graph":[{"@type":"WebPage","@id":"https:\/\/cinemaorion.fi\/elavan-kuvan-keskus-elke-ry\/vr-taiteen-paivat\/5-minkalaiset-tilat-soveltuvat-vr-taiteen-esittamiseen\/","url":"https:\/\/cinemaorion.fi\/elavan-kuvan-keskus-elke-ry\/vr-taiteen-paivat\/5-minkalaiset-tilat-soveltuvat-vr-taiteen-esittamiseen\/","name":"5. Mink\u00e4laiset tilat soveltuvat VR-taiteen esitt\u00e4miseen? - ELKE RY","isPartOf":{"@id":"https:\/\/cinemaorion.fi\/#website"},"primaryImageOfPage":{"@id":"https:\/\/cinemaorion.fi\/elavan-kuvan-keskus-elke-ry\/vr-taiteen-paivat\/5-minkalaiset-tilat-soveltuvat-vr-taiteen-esittamiseen\/#primaryimage"},"image":{"@id":"https:\/\/cinemaorion.fi\/elavan-kuvan-keskus-elke-ry\/vr-taiteen-paivat\/5-minkalaiset-tilat-soveltuvat-vr-taiteen-esittamiseen\/#primaryimage"},"thumbnailUrl":"https:\/\/cinemaorion.fi\/wp-content\/uploads\/2024\/11\/image-1024x766.jpeg","datePublished":"2024-11-08T17:59:29+00:00","dateModified":"2024-12-12T09:40:34+00:00","description":"Kiertue k\u00e4ynnistyy syksyll\u00e4 2023 ja jatkuu kev\u00e4\u00e4ll\u00e4 2024. Esityksi\u00e4 j\u00e4rjestet\u00e4\u00e4n yhteens\u00e4 kuudella paikkakunnalla. Esitystilat palvelevat eri taidemuotoja, eik\u00e4 niiss\u00e4 yleens\u00e4 esitet\u00e4 VR-taidetta. Mukana kiertueella on elokuvateattereita, kirjastoja, kulttuurikeskuksia ja taidegalleria.","breadcrumb":{"@id":"https:\/\/cinemaorion.fi\/elavan-kuvan-keskus-elke-ry\/vr-taiteen-paivat\/5-minkalaiset-tilat-soveltuvat-vr-taiteen-esittamiseen\/#breadcrumb"},"inLanguage":"en-GB","potentialAction":[{"@type":"ReadAction","target":["https:\/\/cinemaorion.fi\/elavan-kuvan-keskus-elke-ry\/vr-taiteen-paivat\/5-minkalaiset-tilat-soveltuvat-vr-taiteen-esittamiseen\/"]}]},{"@type":"ImageObject","inLanguage":"en-GB","@id":"https:\/\/cinemaorion.fi\/elavan-kuvan-keskus-elke-ry\/vr-taiteen-paivat\/5-minkalaiset-tilat-soveltuvat-vr-taiteen-esittamiseen\/#primaryimage","url":"https:\/\/cinemaorion.fi\/wp-content\/uploads\/2024\/11\/image-1024x766.jpeg","contentUrl":"https:\/\/cinemaorion.fi\/wp-content\/uploads\/2024\/11\/image-1024x766.jpeg"},{"@type":"BreadcrumbList","@id":"https:\/\/cinemaorion.fi\/elavan-kuvan-keskus-elke-ry\/vr-taiteen-paivat\/5-minkalaiset-tilat-soveltuvat-vr-taiteen-esittamiseen\/#breadcrumb","itemListElement":[{"@type":"ListItem","position":1,"name":"Home","item":"https:\/\/cinemaorion.fi\/"},{"@type":"ListItem","position":2,"name":"El\u00e4v\u00e4n kuvan keskus ELKE ry","item":"https:\/\/cinemaorion.fi\/elavan-kuvan-keskus-elke-ry\/"},{"@type":"ListItem","position":3,"name":"VR-taiteen esitt\u00e4minen \u2014 kokemuksia ja neuvoja","item":"https:\/\/cinemaorion.fi\/elavan-kuvan-keskus-elke-ry\/vr-taiteen-paivat\/"},{"@type":"ListItem","position":4,"name":"5. Mink\u00e4laiset tilat soveltuvat VR-taiteen esitt\u00e4miseen?"}]},{"@type":"WebSite","@id":"https:\/\/cinemaorion.fi\/#website","url":"https:\/\/cinemaorion.fi\/","name":"Cinema Orion","description":"Cinema Orion tagline","publisher":{"@id":"https:\/\/cinemaorion.fi\/#organization"},"alternateName":"Elokuvateatteri Orion","potentialAction":[{"@type":"SearchAction","target":{"@type":"EntryPoint","urlTemplate":"https:\/\/cinemaorion.fi\/?s={search_term_string}"},"query-input":{"@type":"PropertyValueSpecification","valueRequired":true,"valueName":"search_term_string"}}],"inLanguage":"en-GB"},{"@type":"Organization","@id":"https:\/\/cinemaorion.fi\/#organization","name":"Cinema Orion","url":"https:\/\/cinemaorion.fi\/","logo":{"@type":"ImageObject","inLanguage":"en-GB","@id":"https:\/\/cinemaorion.fi\/#\/schema\/logo\/image\/","url":"https:\/\/cinemaorion.fi\/wp-content\/uploads\/2021\/03\/logo-cinemaorion-elke-ry.png","contentUrl":"https:\/\/cinemaorion.fi\/wp-content\/uploads\/2021\/03\/logo-cinemaorion-elke-ry.png","width":1300,"height":278,"caption":"Cinema Orion"},"image":{"@id":"https:\/\/cinemaorion.fi\/#\/schema\/logo\/image\/"},"sameAs":["https:\/\/www.facebook.com\/cinemaorion","https:\/\/x.com\/cinemaorion","https:\/\/www.instagram.com\/cinemaorion\/","https:\/\/twitter.com\/cinemaorion"]}]}},"_links":{"self":[{"href":"https:\/\/cinemaorion.fi\/en\/wp-json\/wp\/v2\/pages\/24555","targetHints":{"allow":["GET"]}}],"collection":[{"href":"https:\/\/cinemaorion.fi\/en\/wp-json\/wp\/v2\/pages"}],"about":[{"href":"https:\/\/cinemaorion.fi\/en\/wp-json\/wp\/v2\/types\/page"}],"author":[{"embeddable":true,"href":"https:\/\/cinemaorion.fi\/en\/wp-json\/wp\/v2\/users\/6"}],"replies":[{"embeddable":true,"href":"https:\/\/cinemaorion.fi\/en\/wp-json\/wp\/v2\/comments?post=24555"}],"version-history":[{"count":4,"href":"https:\/\/cinemaorion.fi\/en\/wp-json\/wp\/v2\/pages\/24555\/revisions"}],"predecessor-version":[{"id":25082,"href":"https:\/\/cinemaorion.fi\/en\/wp-json\/wp\/v2\/pages\/24555\/revisions\/25082"}],"up":[{"embeddable":true,"href":"https:\/\/cinemaorion.fi\/en\/wp-json\/wp\/v2\/pages\/24522"}],"wp:attachment":[{"href":"https:\/\/cinemaorion.fi\/en\/wp-json\/wp\/v2\/media?parent=24555"}],"curies":[{"name":"wp","href":"https:\/\/api.w.org\/{rel}","templated":true}]}}