{"id":24546,"date":"2024-11-08T17:53:52","date_gmt":"2024-11-08T17:53:52","guid":{"rendered":"https:\/\/cinemaorion.fi\/?page_id=24546"},"modified":"2026-01-22T11:53:38","modified_gmt":"2026-01-22T11:53:38","slug":"3-vr-laitteet-ja-kavijoiden-ohjaus","status":"publish","type":"page","link":"https:\/\/cinemaorion.fi\/en\/elavan-kuvan-keskus-elke-ry\/vr-taiteen-paivat\/3-vr-laitteet-ja-kavijoiden-ohjaus\/","title":{"rendered":"3. VR-laitteet ja k\u00e4vij\u00f6iden ohjaus"},"content":{"rendered":"<p class=\"has-text-align-center vr-quote has-white-color has-text-color has-background has-link-color has-medium-font-size wp-elements-a33e48eed91be66482ad1f011cd828d9\" style=\"background-color:#18799d\"><em>&#8221;Tykk\u00e4sin ett\u00e4 rauhassa kuvaillaan mit\u00e4 tullaan tekem\u00e4\u00e4n ja mit\u00e4 on tapahtumassa.&#8221;<\/em><\/p>\n\n\n\n<p class=\"has-text-align-center vr-quote has-white-color has-text-color has-background has-link-color has-medium-font-size wp-elements-59e7be7dde35849ca71694d602299f9b\" style=\"background-color:#18799d\"><em>&#8221;Kaikki hyvin, opastus hyv\u00e4. Hyv\u00e4 kertoa, mit\u00e4 esityksiss\u00e4 tarkoitus itse tehd\u00e4 \/ miten liikkua, muuten voi olla aika pihalla.&#8221;<\/em><\/p>\n\n\n\n<p class=\"has-text-align-center vr-quote has-white-color has-text-color has-background has-link-color has-medium-font-size wp-elements-1f7c303ea3c046fff923e823f6f98146\" style=\"background-color:#18799d\"><em>&#8221;Kaikki sujui hyvin. Varusteiden pukemisessa autettiin ja opastettiin hyvin miten tulee toimia. Kiitokset mukaville opastajille \ud83d\ude42 Oli my\u00f6s mukava huomata, ett\u00e4 hygieniasta pidettiin hyv\u00e4\u00e4 huolta.&#8221;<\/em><\/p>\n\n\n\n<p>Salivalvojat selittiv\u00e4t k\u00e4vij\u00f6ille heid\u00e4n saapuessaan, miten kukin teos toimii ja miten VR-lasit oli hyv\u00e4 laittaa p\u00e4\u00e4h\u00e4n niin, ett\u00e4 kuva oli ter\u00e4v\u00e4. He my\u00f6s laittoivat teokset py\u00f6rim\u00e4\u00e4n ja varmistivat, ett\u00e4 ne alkoivat py\u00f6rim\u00e4\u00e4n ilman h\u00e4iri\u00f6it\u00e4. K\u00e4vij\u00f6iden ei siis tarvinnut osata itse k\u00e4ytt\u00e4\u00e4 laseja.<\/p>\n\n\n\n<p>T\u00e4m\u00e4 oli toimiva ratkaisu, sill\u00e4 yli puolet kyselyyn vastanneista k\u00e4vij\u00f6ist\u00e4 ilmoitti k\u00e4ytt\u00e4v\u00e4ns\u00e4 VR-laseja ensimm\u00e4ist\u00e4 kertaa, eik\u00e4 lasien toiminnallisuus ollut siis tuttua. K\u00e4vij\u00e4kyselyn vapaan kommentoinnin kentt\u00e4\u00e4n kertyneest\u00e4 palautteesta yleisin oli kiitos siit\u00e4, ett\u00e4 ohjausta oli riitt\u00e4v\u00e4sti ja salivalvojat selittiv\u00e4t tarpeeksi rauhallisesti ja tarkkaan, miten teoksessa tuli toimia.<\/p>\n\n\n\n<p>T\u00e4h\u00e4n kappaleeseen on ker\u00e4tty joitain k\u00e4yt\u00e4nn\u00f6n neuvoja ja ohjeita pop-up VR-taide-esityksen pystytt\u00e4miseksi laitteiston osalta. <a href=\"https:\/\/helsinkixrcenter.com\/resources\/xr-glossary\/\" target=\"_blank\" rel=\"noreferrer noopener\">VR-alan sanastosta l\u00f6ytyy tiivistys Helsinki XR Centerin sivuilta<\/a> (englanniksi).<\/p>\n\n\n\n<h2 class=\"wp-block-heading\">3.1. Mit\u00e4 laitteita tarvitaan VR-taiteen esitt\u00e4miseksi?<\/h2>\n\n\n\n<p><strong>VR-lasit<\/strong><\/p>\n\n\n\n<p>Kaikkia VR-teoksia yhdist\u00e4\u00e4 se, ett\u00e4 niiden katselemiseksi tarvitaan VR-lasit.<\/p>\n\n\n\n<p>Osa teoksista, kuten useimmat 360-elokuvat, eiv\u00e4t muuta vaadikaan sen j\u00e4lkeen, kun teos on ladattu laseihin ja kontrollereilla k\u00e4ynnistetty.<\/p>\n\n\n\n<p>Useimmat teokset py\u00f6riv\u00e4t my\u00f6s markkinoiden edullisimmilla laseilla (suosituimpina Meta Quest ja Pico Neo), joiden hintahaarukka on 200-500 euroa. Tosin jotkut teokset ovat raskaampia ja saattavat vaatia ammattimaisemmat lasit (kuten Varjo), jotka ovat jo huomattavasti hintavampia. Toki kalliimpien lasien kuvanlaatu on yleens\u00e4 parempi.<\/p>\n\n\n\n<p>Jos k\u00e4ytt\u00e4\u00e4 halvimpia VR-laseja (esim Meta Quest), suositeltavaa on hankkia niihin lis\u00e4varusteena VR-lasien s\u00e4\u00e4t\u00e4mist\u00e4 ja k\u00e4ytt\u00f6mukavuutta helpottava p\u00e4\u00e4hihna. Lasien s\u00e4\u00e4t\u00e4misen helppous ja ripeys on yleis\u00f6k\u00e4yt\u00f6ss\u00e4 t\u00e4rke\u00e4\u00e4.<\/p>\n\n\n\n<p>Joissain teoksissa lasit tulee olla kytkettyn\u00e4 suoraan tietokoneeseen, jonka kautta ne my\u00f6s saivat virtaa. Toiset teokset ladataan suoraan VR-laseihin, jolloin pit\u00e4\u00e4 muistaa laittaa lasit latautumaan aina kun mahdollista. Tulee my\u00f6s muistaa ett\u00e4 suoraa auringonvaloa ei tulisi p\u00e4\u00e4st\u00e4\u00e4 paistamaan VR-lasien sis\u00e4ll\u00e4 oleviin linsseihin sill\u00e4 se vaurioittaa lasien sis\u00e4ll\u00e4 olevaa n\u00e4ytt\u00f6\u00e4.&nbsp;<\/p>\n\n\n\n<p><strong>VR-lasien kontrollerit \/ k\u00e4siohjaimet<\/strong><\/p>\n\n\n\n<p>VR-laseihin kuuluu kiinte\u00e4st\u00e4 kaksi kontrolleria, k\u00e4dess\u00e4 pidett\u00e4v\u00e4\u00e4 ohjainta, joilla lasien valikossa (menu) edet\u00e4\u00e4n ja teos k\u00e4ynnistet\u00e4\u00e4n.&nbsp;<\/p>\n\n\n\n<p>Joissain teoksissa kontrollereita k\u00e4ytet\u00e4\u00e4n my\u00f6s teoksen maailmassa navigointiin ja erilaisiin sis\u00e4ll\u00f6llisiin toimintoihin. Perusk\u00e4siohjaimet tulevat aina lasien mukana. T\u00e4m\u00e4n lis\u00e4ksi on my\u00f6s joitakin teoksia joissa ei tarvita k\u00e4siohjaimia vaan kokemus perustuu k\u00e4sienseurantaan.<\/p>\n\n\n\n<p><strong>Kuulokkeet<\/strong><\/p>\n\n\n\n<p>L\u00e4hes aina teoksiin kuuluu my\u00f6s tilallinen, kolmiulotteinen \u00e4\u00e4nimaisema.<\/p>\n\n\n\n<p>VR-laseissa on oma, sis\u00e4\u00e4nrakennettu kaiuttimensa, mutta \u00e4\u00e4nen laatu paranee eik\u00e4 \u00e4\u00e4ni vuoda ymp\u00e4rist\u00f6\u00f6n, kun k\u00e4ytet\u00e4\u00e4n kuulokkeita. Kiertueen aikana ilmeni, ett\u00e4 vastamelukuulokkeet olisivat toimineet parhaiten esitystiloissa, joissa samanaikaisesti ohjattiin uusia tulijoita teosten pariin ja joissa muutoinkin oli erilaisia tausta\u00e4\u00e4ni\u00e4. Vastamelukuulokkeita kannattaakin mahdollisuuksien mukaan suosia.<\/p>\n\n\n\n<p><strong>Tietokone ja sen kytkeminen VR-laseihin<\/strong><\/p>\n\n\n\n<p>Graafisesti raskaammat VR-taideteokset tarvitsevat VR-lasien lis\u00e4ksi niihin kytketyn tietokoneen. T\u00e4h\u00e4n tarkoitukseen tarvitaan pelaamiseen soveltuva, nykyaikaisella n\u00e4yt\u00f6nohjaimella varustettu PC tai l\u00e4pp\u00e4ri.&nbsp;<\/p>\n\n\n\n<p>Joskus lasien ja tietokoneen v\u00e4liss\u00e4 on fyysinen piuha. Teoksissa, joissa kokija liikkuu vapaasti ja py\u00f6rii tilassa on t\u00e4rke\u00e4 mietti\u00e4, miten piuhan saa vedetty\u00e4 niin, ettei katsoja kompastu tai kietoudu siihen. Ideaalia on, jos on mahdollista tuoda piuha ylh\u00e4\u00e4lt\u00e4 katon kautta. Joissain esitystiloissa t\u00e4m\u00e4 ei ollut mahdollista ja t\u00e4ll\u00f6in tilavalvojan piti valvoa, ettei katsojai kompastuisi piuhaan.<\/p>\n\n\n\n<p><strong>Lis\u00e4sensorit ja majakat<\/strong><\/p>\n\n\n\n<p>VR-laitteisto seuraa kokijaa ohjaimien ja lasien kautta. Laitteisto seuraa erityisesti laseja tiet\u00e4\u00e4kseen, mihin p\u00e4\u00e4 k\u00e4\u00e4ntyy. Joissain teoksissa on kolmen seurattavan pisteen (kaksi k\u00e4tt\u00e4 ja p\u00e4\u00e4) lis\u00e4ksi my\u00f6s jalkasensorit. T\u00e4ll\u00e4 hetkell\u00e4 eniten k\u00e4ytetyiss\u00e4 peruslaitteistoissa (esim Quest) lasien sis\u00e4\u00e4n on rakennettu p\u00e4\u00e4n ja k\u00e4siohjainten liikkeit\u00e4 seuraava tekniikka.<\/p>\n\n\n\n<p>Tietyt tietokoneeseen kytkett\u00e4v\u00e4t VR-laitteet k\u00e4ytt\u00e4v\u00e4t k\u00e4ytt\u00e4j\u00e4n liikkeiden seuraamiseen erillisi\u00e4 majakoita. Kaksi majakkaa riitt\u00e4\u00e4 yleens\u00e4 seuraamaan k\u00e4ytt\u00e4j\u00e4n liikett\u00e4 tilassa.<\/p>\n\n\n\n<p>Joissain teoksissa on k\u00e4yt\u00f6ss\u00e4 lis\u00e4ksi muita sensoreita (esim jalkasensorit). Teokset, jotka k\u00e4ytt\u00e4v\u00e4t lis\u00e4sensoreita ovat tosin suhteellisen harvinaisia. T\u00e4llaisten teosten pystytt\u00e4minen vaatii hieman enemm\u00e4n aikaa ja osaamista.<\/p>\n\n\n\n<h2 class=\"wp-block-heading\">3.2. Saako laitteita lainaksi, vai tarviiko ne ostaa?<\/h2>\n\n\n\n<p>Mik\u00e4li aikomuksena on esitt\u00e4\u00e4 VR-taidetta pidemm\u00e4n aikaa tai useamman kerran, tulee omien VR-lasien ostaminen ajankohtaiseksi.&nbsp;<\/p>\n\n\n\n<p>Varsinaisesti VR-laitteita vuokraavaa tai lisenssoivaa toimijaa on vaikea l\u00f6yt\u00e4\u00e4. Paikkoja joista voi kysy\u00e4 lainausmahdollisuuksista ovat esimerkiksi Helsinki XR Center, &amp; Espoon teatteri, Aalto-yliopisto ja erilaiset oppilaitokset.<\/p>\n\n\n\n<p>Kuulokkeet ovat my\u00f6skin helppo, eik\u00e4 kukkaroa kovasti kuormittava hankinta. Kuulokkeiden istuvuuteen VR-lasien kanssa kannattaa kiinnitt\u00e4\u00e4 huomiota. Vastamelukuulokkeet ovat suositeltavia tiloissa, joissa on tausta\u00e4\u00e4ni\u00e4.<\/p>\n\n\n\n<p>Tietokoneita on hieman haastavaa vuokrata tarkoitukseen, eli k\u00e4tevint\u00e4 on, jos esitt\u00e4v\u00e4ll\u00e4 taholla on tarkoitukseen sopiva&nbsp; kone, jota voidaan k\u00e4ytt\u00e4\u00e4.<\/p>\n\n\n\n<p>Erikoisemmat k\u00e4si- tai jalkasensorit, majakat ja mahdollisesti tarvittavat ammattimaisemmat VR-lasit kannattaa tapauskohtaisesti vuokrata\/lainata. Jos teos vaatii erikoisempaa teknologiaa, saattaa teoksen tekij\u00e4ll\u00e4 itsell\u00e4\u00e4n olla mahdollisuus vuokrata\/lainata tarvittavaa laitteistoa.<\/p>\n\n\n\n\n\n\n\n<p><strong><a href=\"https:\/\/cinemaorion.fi\/en\/elavan-kuvan-keskus-elke-ry\/vr-taiteen-paivat\/\">Sis\u00e4llysluetteloon<\/a><\/strong><\/p>","protected":false},"excerpt":{"rendered":"<p>&#8221;Tykk\u00e4sin ett\u00e4 rauhassa kuvaillaan mit\u00e4 tullaan tekem\u00e4\u00e4n ja mit\u00e4 on tapahtumassa.&#8221; &#8221;Kaikki hyvin, opastus hyv\u00e4. Hyv\u00e4 kertoa, mit\u00e4 esityksiss\u00e4 tarkoitus itse tehd\u00e4 \/ miten liikkua, muuten voi olla aika pihalla.&#8221; &#8221;Kaikki sujui hyvin. Varusteiden pukemisessa autettiin ja opastettiin hyvin miten tulee toimia. Kiitokset mukaville opastajille \ud83d\ude42 Oli my\u00f6s mukava huomata, ett\u00e4 hygieniasta pidettiin hyv\u00e4\u00e4 huolta.&#8221; [&hellip;]<\/p>\n","protected":false},"author":6,"featured_media":0,"parent":24522,"menu_order":2,"comment_status":"closed","ping_status":"closed","template":"page-vr-taide.php","meta":{"_acf_changed":false,"footnotes":""},"class_list":["post-24546","page","type-page","status-publish","hentry"],"acf":[],"yoast_head":"<!-- This site is optimized with the Yoast SEO plugin v27.3 - https:\/\/yoast.com\/product\/yoast-seo-wordpress\/ -->\n<title>3. VR-laitteet ja k\u00e4vij\u00f6iden ohjaus - ELKE RY<\/title>\n<meta name=\"description\" content=\"Kiertue k\u00e4ynnistyy syksyll\u00e4 2023 ja jatkuu kev\u00e4\u00e4ll\u00e4 2024. Esityksi\u00e4 j\u00e4rjestet\u00e4\u00e4n yhteens\u00e4 kuudella paikkakunnalla. Esitystilat palvelevat eri taidemuotoja, eik\u00e4 niiss\u00e4 yleens\u00e4 esitet\u00e4 VR-taidetta. Mukana kiertueella on elokuvateattereita, kirjastoja, kulttuurikeskuksia ja taidegalleria.\" \/>\n<meta name=\"robots\" content=\"index, follow, max-snippet:-1, max-image-preview:large, max-video-preview:-1\" \/>\n<link rel=\"canonical\" href=\"https:\/\/cinemaorion.fi\/en\/elavan-kuvan-keskus-elke-ry\/vr-taiteen-paivat\/3-vr-laitteet-ja-kavijoiden-ohjaus\/\" \/>\n<meta property=\"og:locale\" content=\"en_GB\" \/>\n<meta property=\"og:type\" content=\"article\" \/>\n<meta property=\"og:title\" content=\"VR-taiteen p\u00e4iv\u00e4t - Elke RY\" \/>\n<meta property=\"og:description\" content=\"Kiertue k\u00e4ynnistyy syksyll\u00e4 2023 ja jatkuu kev\u00e4\u00e4ll\u00e4 2024. Esityksi\u00e4 j\u00e4rjestet\u00e4\u00e4n yhteens\u00e4 kuudella paikkakunnalla. Esitystilat palvelevat eri taidemuotoja, eik\u00e4 niiss\u00e4 yleens\u00e4 esitet\u00e4 VR-taidetta. Mukana kiertueella on elokuvateattereita, kirjastoja, kulttuurikeskuksia ja taidegalleria.\" \/>\n<meta property=\"og:url\" content=\"https:\/\/cinemaorion.fi\/en\/elavan-kuvan-keskus-elke-ry\/vr-taiteen-paivat\/3-vr-laitteet-ja-kavijoiden-ohjaus\/\" \/>\n<meta property=\"og:site_name\" content=\"Cinema Orion\" \/>\n<meta property=\"article:publisher\" content=\"https:\/\/www.facebook.com\/cinemaorion\" \/>\n<meta property=\"article:modified_time\" content=\"2026-01-22T11:53:38+00:00\" \/>\n<meta property=\"og:image\" content=\"https:\/\/cinemaorion.fi\/wp-content\/uploads\/2023\/08\/vr_taiteen_paivat_banneri_1920x1080.png\" \/>\n\t<meta property=\"og:image:width\" content=\"1920\" \/>\n\t<meta property=\"og:image:height\" content=\"1080\" \/>\n\t<meta property=\"og:image:type\" content=\"image\/png\" \/>\n<meta name=\"twitter:card\" content=\"summary_large_image\" \/>\n<meta name=\"twitter:title\" content=\"3. VR-laitteet ja k\u00e4vij\u00f6iden ohjaus - ELKE RY\" \/>\n<meta name=\"twitter:description\" content=\"Kiertue k\u00e4ynnistyy syksyll\u00e4 2023 ja jatkuu kev\u00e4\u00e4ll\u00e4 2024. Esityksi\u00e4 j\u00e4rjestet\u00e4\u00e4n yhteens\u00e4 kuudella paikkakunnalla. Esitystilat palvelevat eri taidemuotoja, eik\u00e4 niiss\u00e4 yleens\u00e4 esitet\u00e4 VR-taidetta. Mukana kiertueella on elokuvateattereita, kirjastoja, kulttuurikeskuksia ja taidegalleria.\" \/>\n<meta name=\"twitter:image\" content=\"https:\/\/cinemaorion.fi\/wp-content\/uploads\/2023\/08\/vr_taiteen_paivat_banneri_1920x1080.png\" \/>\n<meta name=\"twitter:site\" content=\"@cinemaorion\" \/>\n<meta name=\"twitter:label1\" content=\"Estimated reading time\" \/>\n\t<meta name=\"twitter:data1\" content=\"5 minutes\" \/>\n<script type=\"application\/ld+json\" class=\"yoast-schema-graph\">{\"@context\":\"https:\\\/\\\/schema.org\",\"@graph\":[{\"@type\":\"WebPage\",\"@id\":\"https:\\\/\\\/cinemaorion.fi\\\/elavan-kuvan-keskus-elke-ry\\\/vr-taiteen-paivat\\\/3-vr-laitteet-ja-kavijoiden-ohjaus\\\/\",\"url\":\"https:\\\/\\\/cinemaorion.fi\\\/elavan-kuvan-keskus-elke-ry\\\/vr-taiteen-paivat\\\/3-vr-laitteet-ja-kavijoiden-ohjaus\\\/\",\"name\":\"3. VR-laitteet ja k\u00e4vij\u00f6iden ohjaus - ELKE RY\",\"isPartOf\":{\"@id\":\"https:\\\/\\\/cinemaorion.fi\\\/#website\"},\"datePublished\":\"2024-11-08T17:53:52+00:00\",\"dateModified\":\"2026-01-22T11:53:38+00:00\",\"description\":\"Kiertue k\u00e4ynnistyy syksyll\u00e4 2023 ja jatkuu kev\u00e4\u00e4ll\u00e4 2024. Esityksi\u00e4 j\u00e4rjestet\u00e4\u00e4n yhteens\u00e4 kuudella paikkakunnalla. Esitystilat palvelevat eri taidemuotoja, eik\u00e4 niiss\u00e4 yleens\u00e4 esitet\u00e4 VR-taidetta. Mukana kiertueella on elokuvateattereita, kirjastoja, kulttuurikeskuksia ja taidegalleria.\",\"breadcrumb\":{\"@id\":\"https:\\\/\\\/cinemaorion.fi\\\/elavan-kuvan-keskus-elke-ry\\\/vr-taiteen-paivat\\\/3-vr-laitteet-ja-kavijoiden-ohjaus\\\/#breadcrumb\"},\"inLanguage\":\"en-GB\",\"potentialAction\":[{\"@type\":\"ReadAction\",\"target\":[\"https:\\\/\\\/cinemaorion.fi\\\/elavan-kuvan-keskus-elke-ry\\\/vr-taiteen-paivat\\\/3-vr-laitteet-ja-kavijoiden-ohjaus\\\/\"]}]},{\"@type\":\"BreadcrumbList\",\"@id\":\"https:\\\/\\\/cinemaorion.fi\\\/elavan-kuvan-keskus-elke-ry\\\/vr-taiteen-paivat\\\/3-vr-laitteet-ja-kavijoiden-ohjaus\\\/#breadcrumb\",\"itemListElement\":[{\"@type\":\"ListItem\",\"position\":1,\"name\":\"Home\",\"item\":\"https:\\\/\\\/cinemaorion.fi\\\/\"},{\"@type\":\"ListItem\",\"position\":2,\"name\":\"El\u00e4v\u00e4n kuvan keskus ELKE ry\",\"item\":\"https:\\\/\\\/cinemaorion.fi\\\/elavan-kuvan-keskus-elke-ry\\\/\"},{\"@type\":\"ListItem\",\"position\":3,\"name\":\"VR-taiteen esitt\u00e4minen \u2014 kokemuksia ja neuvoja\",\"item\":\"https:\\\/\\\/cinemaorion.fi\\\/elavan-kuvan-keskus-elke-ry\\\/vr-taiteen-paivat\\\/\"},{\"@type\":\"ListItem\",\"position\":4,\"name\":\"3. VR-laitteet ja k\u00e4vij\u00f6iden ohjaus\"}]},{\"@type\":\"WebSite\",\"@id\":\"https:\\\/\\\/cinemaorion.fi\\\/#website\",\"url\":\"https:\\\/\\\/cinemaorion.fi\\\/\",\"name\":\"Cinema Orion\",\"description\":\"Cinema Orion tagline\",\"publisher\":{\"@id\":\"https:\\\/\\\/cinemaorion.fi\\\/#organization\"},\"alternateName\":\"Elokuvateatteri Orion\",\"potentialAction\":[{\"@type\":\"SearchAction\",\"target\":{\"@type\":\"EntryPoint\",\"urlTemplate\":\"https:\\\/\\\/cinemaorion.fi\\\/?s={search_term_string}\"},\"query-input\":{\"@type\":\"PropertyValueSpecification\",\"valueRequired\":true,\"valueName\":\"search_term_string\"}}],\"inLanguage\":\"en-GB\"},{\"@type\":\"Organization\",\"@id\":\"https:\\\/\\\/cinemaorion.fi\\\/#organization\",\"name\":\"Cinema Orion\",\"url\":\"https:\\\/\\\/cinemaorion.fi\\\/\",\"logo\":{\"@type\":\"ImageObject\",\"inLanguage\":\"en-GB\",\"@id\":\"https:\\\/\\\/cinemaorion.fi\\\/#\\\/schema\\\/logo\\\/image\\\/\",\"url\":\"https:\\\/\\\/cinemaorion.fi\\\/wp-content\\\/uploads\\\/2021\\\/03\\\/logo-cinemaorion-elke-ry.png\",\"contentUrl\":\"https:\\\/\\\/cinemaorion.fi\\\/wp-content\\\/uploads\\\/2021\\\/03\\\/logo-cinemaorion-elke-ry.png\",\"width\":1300,\"height\":278,\"caption\":\"Cinema Orion\"},\"image\":{\"@id\":\"https:\\\/\\\/cinemaorion.fi\\\/#\\\/schema\\\/logo\\\/image\\\/\"},\"sameAs\":[\"https:\\\/\\\/www.facebook.com\\\/cinemaorion\",\"https:\\\/\\\/x.com\\\/cinemaorion\",\"https:\\\/\\\/www.instagram.com\\\/cinemaorion\\\/\",\"https:\\\/\\\/twitter.com\\\/cinemaorion\"]}]}<\/script>\n<!-- \/ Yoast SEO plugin. -->","yoast_head_json":{"title":"3. VR-laitteet ja k\u00e4vij\u00f6iden ohjaus - ELKE RY","description":"Kiertue k\u00e4ynnistyy syksyll\u00e4 2023 ja jatkuu kev\u00e4\u00e4ll\u00e4 2024. Esityksi\u00e4 j\u00e4rjestet\u00e4\u00e4n yhteens\u00e4 kuudella paikkakunnalla. Esitystilat palvelevat eri taidemuotoja, eik\u00e4 niiss\u00e4 yleens\u00e4 esitet\u00e4 VR-taidetta. Mukana kiertueella on elokuvateattereita, kirjastoja, kulttuurikeskuksia ja taidegalleria.","robots":{"index":"index","follow":"follow","max-snippet":"max-snippet:-1","max-image-preview":"max-image-preview:large","max-video-preview":"max-video-preview:-1"},"canonical":"https:\/\/cinemaorion.fi\/en\/elavan-kuvan-keskus-elke-ry\/vr-taiteen-paivat\/3-vr-laitteet-ja-kavijoiden-ohjaus\/","og_locale":"en_GB","og_type":"article","og_title":"VR-taiteen p\u00e4iv\u00e4t - Elke RY","og_description":"Kiertue k\u00e4ynnistyy syksyll\u00e4 2023 ja jatkuu kev\u00e4\u00e4ll\u00e4 2024. Esityksi\u00e4 j\u00e4rjestet\u00e4\u00e4n yhteens\u00e4 kuudella paikkakunnalla. Esitystilat palvelevat eri taidemuotoja, eik\u00e4 niiss\u00e4 yleens\u00e4 esitet\u00e4 VR-taidetta. Mukana kiertueella on elokuvateattereita, kirjastoja, kulttuurikeskuksia ja taidegalleria.","og_url":"https:\/\/cinemaorion.fi\/en\/elavan-kuvan-keskus-elke-ry\/vr-taiteen-paivat\/3-vr-laitteet-ja-kavijoiden-ohjaus\/","og_site_name":"Cinema Orion","article_publisher":"https:\/\/www.facebook.com\/cinemaorion","article_modified_time":"2026-01-22T11:53:38+00:00","og_image":[{"width":1920,"height":1080,"url":"https:\/\/cinemaorion.fi\/wp-content\/uploads\/2023\/08\/vr_taiteen_paivat_banneri_1920x1080.png","type":"image\/png"}],"twitter_card":"summary_large_image","twitter_title":"3. VR-laitteet ja k\u00e4vij\u00f6iden ohjaus - ELKE RY","twitter_description":"Kiertue k\u00e4ynnistyy syksyll\u00e4 2023 ja jatkuu kev\u00e4\u00e4ll\u00e4 2024. Esityksi\u00e4 j\u00e4rjestet\u00e4\u00e4n yhteens\u00e4 kuudella paikkakunnalla. Esitystilat palvelevat eri taidemuotoja, eik\u00e4 niiss\u00e4 yleens\u00e4 esitet\u00e4 VR-taidetta. Mukana kiertueella on elokuvateattereita, kirjastoja, kulttuurikeskuksia ja taidegalleria.","twitter_image":"https:\/\/cinemaorion.fi\/wp-content\/uploads\/2023\/08\/vr_taiteen_paivat_banneri_1920x1080.png","twitter_site":"@cinemaorion","twitter_misc":{"Estimated reading time":"5 minutes"},"schema":{"@context":"https:\/\/schema.org","@graph":[{"@type":"WebPage","@id":"https:\/\/cinemaorion.fi\/elavan-kuvan-keskus-elke-ry\/vr-taiteen-paivat\/3-vr-laitteet-ja-kavijoiden-ohjaus\/","url":"https:\/\/cinemaorion.fi\/elavan-kuvan-keskus-elke-ry\/vr-taiteen-paivat\/3-vr-laitteet-ja-kavijoiden-ohjaus\/","name":"3. VR-laitteet ja k\u00e4vij\u00f6iden ohjaus - ELKE RY","isPartOf":{"@id":"https:\/\/cinemaorion.fi\/#website"},"datePublished":"2024-11-08T17:53:52+00:00","dateModified":"2026-01-22T11:53:38+00:00","description":"Kiertue k\u00e4ynnistyy syksyll\u00e4 2023 ja jatkuu kev\u00e4\u00e4ll\u00e4 2024. Esityksi\u00e4 j\u00e4rjestet\u00e4\u00e4n yhteens\u00e4 kuudella paikkakunnalla. Esitystilat palvelevat eri taidemuotoja, eik\u00e4 niiss\u00e4 yleens\u00e4 esitet\u00e4 VR-taidetta. Mukana kiertueella on elokuvateattereita, kirjastoja, kulttuurikeskuksia ja taidegalleria.","breadcrumb":{"@id":"https:\/\/cinemaorion.fi\/elavan-kuvan-keskus-elke-ry\/vr-taiteen-paivat\/3-vr-laitteet-ja-kavijoiden-ohjaus\/#breadcrumb"},"inLanguage":"en-GB","potentialAction":[{"@type":"ReadAction","target":["https:\/\/cinemaorion.fi\/elavan-kuvan-keskus-elke-ry\/vr-taiteen-paivat\/3-vr-laitteet-ja-kavijoiden-ohjaus\/"]}]},{"@type":"BreadcrumbList","@id":"https:\/\/cinemaorion.fi\/elavan-kuvan-keskus-elke-ry\/vr-taiteen-paivat\/3-vr-laitteet-ja-kavijoiden-ohjaus\/#breadcrumb","itemListElement":[{"@type":"ListItem","position":1,"name":"Home","item":"https:\/\/cinemaorion.fi\/"},{"@type":"ListItem","position":2,"name":"El\u00e4v\u00e4n kuvan keskus ELKE ry","item":"https:\/\/cinemaorion.fi\/elavan-kuvan-keskus-elke-ry\/"},{"@type":"ListItem","position":3,"name":"VR-taiteen esitt\u00e4minen \u2014 kokemuksia ja neuvoja","item":"https:\/\/cinemaorion.fi\/elavan-kuvan-keskus-elke-ry\/vr-taiteen-paivat\/"},{"@type":"ListItem","position":4,"name":"3. VR-laitteet ja k\u00e4vij\u00f6iden ohjaus"}]},{"@type":"WebSite","@id":"https:\/\/cinemaorion.fi\/#website","url":"https:\/\/cinemaorion.fi\/","name":"Cinema Orion","description":"Cinema Orion tagline","publisher":{"@id":"https:\/\/cinemaorion.fi\/#organization"},"alternateName":"Elokuvateatteri Orion","potentialAction":[{"@type":"SearchAction","target":{"@type":"EntryPoint","urlTemplate":"https:\/\/cinemaorion.fi\/?s={search_term_string}"},"query-input":{"@type":"PropertyValueSpecification","valueRequired":true,"valueName":"search_term_string"}}],"inLanguage":"en-GB"},{"@type":"Organization","@id":"https:\/\/cinemaorion.fi\/#organization","name":"Cinema Orion","url":"https:\/\/cinemaorion.fi\/","logo":{"@type":"ImageObject","inLanguage":"en-GB","@id":"https:\/\/cinemaorion.fi\/#\/schema\/logo\/image\/","url":"https:\/\/cinemaorion.fi\/wp-content\/uploads\/2021\/03\/logo-cinemaorion-elke-ry.png","contentUrl":"https:\/\/cinemaorion.fi\/wp-content\/uploads\/2021\/03\/logo-cinemaorion-elke-ry.png","width":1300,"height":278,"caption":"Cinema Orion"},"image":{"@id":"https:\/\/cinemaorion.fi\/#\/schema\/logo\/image\/"},"sameAs":["https:\/\/www.facebook.com\/cinemaorion","https:\/\/x.com\/cinemaorion","https:\/\/www.instagram.com\/cinemaorion\/","https:\/\/twitter.com\/cinemaorion"]}]}},"_links":{"self":[{"href":"https:\/\/cinemaorion.fi\/en\/wp-json\/wp\/v2\/pages\/24546","targetHints":{"allow":["GET"]}}],"collection":[{"href":"https:\/\/cinemaorion.fi\/en\/wp-json\/wp\/v2\/pages"}],"about":[{"href":"https:\/\/cinemaorion.fi\/en\/wp-json\/wp\/v2\/types\/page"}],"author":[{"embeddable":true,"href":"https:\/\/cinemaorion.fi\/en\/wp-json\/wp\/v2\/users\/6"}],"replies":[{"embeddable":true,"href":"https:\/\/cinemaorion.fi\/en\/wp-json\/wp\/v2\/comments?post=24546"}],"version-history":[{"count":9,"href":"https:\/\/cinemaorion.fi\/en\/wp-json\/wp\/v2\/pages\/24546\/revisions"}],"predecessor-version":[{"id":29095,"href":"https:\/\/cinemaorion.fi\/en\/wp-json\/wp\/v2\/pages\/24546\/revisions\/29095"}],"up":[{"embeddable":true,"href":"https:\/\/cinemaorion.fi\/en\/wp-json\/wp\/v2\/pages\/24522"}],"wp:attachment":[{"href":"https:\/\/cinemaorion.fi\/en\/wp-json\/wp\/v2\/media?parent=24546"}],"curies":[{"name":"wp","href":"https:\/\/api.w.org\/{rel}","templated":true}]}}