{"id":24542,"date":"2024-11-08T17:11:34","date_gmt":"2024-11-08T17:11:34","guid":{"rendered":"https:\/\/cinemaorion.fi\/?page_id=24542"},"modified":"2024-12-12T09:43:23","modified_gmt":"2024-12-12T09:43:23","slug":"2-mita-huomioida-ohjelmistovalinnoissa","status":"publish","type":"page","link":"https:\/\/cinemaorion.fi\/en\/elavan-kuvan-keskus-elke-ry\/vr-taiteen-paivat\/2-mita-huomioida-ohjelmistovalinnoissa\/","title":{"rendered":"2. Mit\u00e4 huomioida ohjelmistovalinnoissa?"},"content":{"rendered":"<p class=\"has-text-align-center vr-quote has-white-color has-text-color has-background has-link-color has-medium-font-size wp-elements-9c136ed3bfe9d9b06a99e864125aeeb2\" style=\"background-color:#18799d\"><em>&#8221;Mielenkiintoista miten erilaiset teokset oli kesken\u00e4\u00e4n! Kaikkiaan vaikuttava kokonaisuus.&#8221;<\/em><\/p>\n\n\n\n<p class=\"has-text-align-center vr-quote has-white-color has-text-color has-background has-link-color has-medium-font-size wp-elements-51dc389343f5264b52fff439b3553177\" style=\"background-color:#18799d\"><em>&#8221;Ennakkoon en osannut olettaa mit\u00e4\u00e4n, koska en ole aiemmin k\u00e4ynyt vastaavissa tapahtumissa. Yll\u00e4tyin positiivisesti, kaikki teokset olivat sopivasti erilaisia.&#8221;<\/em><\/p>\n\n\n\n<p>VR-taiteen p\u00e4iv\u00e4t -kiertue j\u00e4rjestettiin syksyll\u00e4 2023 ja kev\u00e4\u00e4ll\u00e4 2024. Kev\u00e4\u00e4n ja syksyn ohjelmisto oli erilainen. Esitett\u00e4vi\u00e4 teoksia oli yhteens\u00e4 6 kappaletta, joista suurin osa tuoreita kotimaisia teoksia. Osa teoksista oli vuorovaikutteisia, osa ei.<\/p>\n\n\n\n<p>Hankkeen ohjausryhm\u00e4 valitsi teokset siten, ett\u00e4 kummassakin n\u00e4yt\u00f6ksess\u00e4 olleet 3-4 teosta olivat kesken\u00e4\u00e4n mahdollisimman erilaisia niin tekotavaltaan, toiminnaltaan kuin estetiikaltaan. N\u00e4in k\u00e4vij\u00e4 sai mahdollisimman monipuolisen k\u00e4sityksen VR-taiteesta. Palautteessa niin yleis\u00f6lt\u00e4 kuin esitystiloilta, t\u00e4t\u00e4 ratkaisua kiiteltiin.<\/p>\n\n\n\n<h2 class=\"wp-block-heading\">Kiertueella esitetyt teokset<\/h2>\n\n\n\n<p><strong>Syksy 2023:<\/strong><\/p>\n\n\n\n<ul class=\"wp-block-list\">\n<li>Rakkaussimulaatio Eve: Vedenhenget, Eero Tiainen, 2023<\/li>\n\n\n\n<li>Birth of a Bird, Janne Storm, 2023<\/li>\n\n\n\n<li>Whispers, Jacek Naglowski &amp; Patryk Jordanowicz, 2020<\/li>\n<\/ul>\n\n\n\n<p><strong>Kev\u00e4t 2024:<\/strong><\/p>\n\n\n\n<ul class=\"wp-block-list\">\n<li>Skeleton Conductor XR Art, Hanna Pajala-Assefa, 2020<\/li>\n\n\n\n<li>Siltojen alta tulevaisuuden ihmiselle, Hanna V\u00e4stinsalo, 2019<\/li>\n\n\n\n<li>Making Art in My Dreams, Leena J\u00e4\u00e4skel\u00e4inen, 2024<\/li>\n\n\n\n<li>Whispers, Jacek Naglowski &amp; Patryk Jordanowicz, 2020<\/li>\n<\/ul>\n\n\n\n<p>Teosten tarkempi esittely l\u00f6ytyy osoitteesta:&nbsp;<a href=\"http:\/\/cinemaorion.fi\/en\/elavan-kuvan-keskus-elke-ry\/vr-teokset\/\">cinemaorion.fi\/elavan-kuvan-keskus-elke-ry\/vr-teokset\/<\/a><\/p>\n\n\n\n<p>Jokaisella kiertueen aikana esitetyll\u00e4 teoksella oli omat, kesken\u00e4\u00e4n erilaiset tekniset vaatimuksensa. Ala on viel\u00e4 uusi ja k\u00e4ytt\u00f6liittymien suunnittelun suhteen standardit n\u00e4ytt\u00e4v\u00e4t puutteellisilta. VR-taidekokemukset k\u00e4sitt\u00e4v\u00e4t kirjavan joukon sek\u00e4 elokuvallisempia ett\u00e4 vuorovaikutteisempia teoksia. Niinp\u00e4 kun yksi teos py\u00f6ri pelkill\u00e4 VR-laseilla, toinen vaati laseihin liitetyn tietokoneen ja kolmas lis\u00e4ksi jalka- ja k\u00e4sisensoreita. T\u00e4st\u00e4 syyst\u00e4 kussakin tiloihin rakennetuista katselupisteist\u00e4 (7-8 kpl) oli esill\u00e4 vain yksi teos ja kun joku halusi vaihtaa katsomaan seuraavaa teosta, h\u00e4n joutui poistamaan lasit ja siirtym\u00e4\u00e4n seuraavaan esityspisteeseen ja laittamaan uudet VR-lasit p\u00e4\u00e4lle.&nbsp;<\/p>\n\n\n\n<p>T\u00e4st\u00e4 hieman k\u00f6mpel\u00f6st\u00e4 ratkaisusta on vaikea p\u00e4\u00e4st\u00e4 eroon niin kauan, kun teokset on tehty erilaisilla alustoilla ja k\u00e4ytt\u00f6liittym\u00e4t ja kokemustavat (seisten, istuen) ovat erilaisia. Ja vaikka samoihin VR-laseihin olisikin useampi teos ladattuna, ei siirtyminen valikon kautta yhdest\u00e4 teoksesta toiseen viel\u00e4 katsojilta helposti onnistu, sill\u00e4 teknologia on viel\u00e4 useimmille k\u00e4vij\u00f6ille vierasta ja uutta. Toisaalta ratkaisu selkeytti yleis\u00f6n ohjaamista, kun kukin p\u00e4\u00e4telaite sis\u00e4lsi aina yhden tietyn kokemuksen.&nbsp;<\/p>\n\n\n\n<p>Hankkeessa esitettiin 3-4 eri teosta jokaisessa esityspaikassa. Kokemuksemme hankkeesta on, ett\u00e4 kolme erilaista teosta on hyv\u00e4 optimim\u00e4\u00e4r\u00e4, jotta ohjelmiston monipuolisuus s\u00e4ilyy, mutta yleis\u00f6virtojen hallinta ja tiedotus eiv\u00e4t mene kovin monimutkaiseksi.<\/p>\n\n\n\n<p>Mik\u00e4li esityksess\u00e4 yleis\u00f6\u00e4 palvellaan walk-in-periaatteella, jolloin katselupisteit\u00e4 on useampia ja esill\u00e4 on useampi eri VR-taideteos, sis\u00e4lt\u00f6jen pituus m\u00e4\u00e4rittelee kuinka monta laitetta olisi hyv\u00e4 varata kullekin teokselle. Pidemm\u00e4t teokset vaativat useampia laitteita kun taas lyhyille teoksille kierto on nopeampaa ja yksitt\u00e4inenkin katselupiste voi riitt\u00e4\u00e4. N\u00e4in yleis\u00f6virta pysyy tasaisena eri pituisille teoksille, eik\u00e4 kokijoiden tarvitse odotella vuoroaan.<\/p>\n\n\n\n<p>Kev\u00e4\u00e4n n\u00e4yt\u00f6ksille laitettiin ik\u00e4rajasuositukseksi K-15. Yhdess\u00e4 teoksessa oli teemallisesti raskasta sis\u00e4lt\u00f6\u00e4 ja toisessa oli k\u00e4yt\u00f6ss\u00e4 tavallista painavammat ammattilaislasit, jotka painonsa vuoksi eiv\u00e4t soveltuneet hyvin nuorille lapsille. Tapahtumaan saapui kuitenkin my\u00f6s lapsiperheit\u00e4, jolloin ohjasimme nuoremmat lapset niihin teoksiin, jotka heille soveltuivat<\/p>\n\n\n\n\n\n\n\n<p><strong><a href=\"https:\/\/cinemaorion.fi\/en\/elavan-kuvan-keskus-elke-ry\/vr-taiteen-paivat\/\">Sis\u00e4llysluetteloon<\/a><\/strong><\/p>","protected":false},"excerpt":{"rendered":"<p>&#8221;Mielenkiintoista miten erilaiset teokset oli kesken\u00e4\u00e4n! Kaikkiaan vaikuttava kokonaisuus.&#8221; &#8221;Ennakkoon en osannut olettaa mit\u00e4\u00e4n, koska en ole aiemmin k\u00e4ynyt vastaavissa tapahtumissa. Yll\u00e4tyin positiivisesti, kaikki teokset olivat sopivasti erilaisia.&#8221; VR-taiteen p\u00e4iv\u00e4t -kiertue j\u00e4rjestettiin syksyll\u00e4 2023 ja kev\u00e4\u00e4ll\u00e4 2024. Kev\u00e4\u00e4n ja syksyn ohjelmisto oli erilainen. Esitett\u00e4vi\u00e4 teoksia oli yhteens\u00e4 6 kappaletta, joista suurin osa tuoreita kotimaisia teoksia. [&hellip;]<\/p>\n","protected":false},"author":6,"featured_media":0,"parent":24522,"menu_order":2,"comment_status":"closed","ping_status":"closed","template":"page-vr-taide.php","meta":{"_acf_changed":false,"footnotes":""},"class_list":["post-24542","page","type-page","status-publish","hentry"],"acf":[],"yoast_head":"<!-- This site is optimized with the Yoast SEO plugin v27.3 - https:\/\/yoast.com\/product\/yoast-seo-wordpress\/ -->\n<title>2. Mit\u00e4 huomioida ohjelmistovalinnoissa? - ELKE RY<\/title>\n<meta name=\"description\" content=\"Kiertue k\u00e4ynnistyy syksyll\u00e4 2023 ja jatkuu kev\u00e4\u00e4ll\u00e4 2024. Esityksi\u00e4 j\u00e4rjestet\u00e4\u00e4n yhteens\u00e4 kuudella paikkakunnalla. Esitystilat palvelevat eri taidemuotoja, eik\u00e4 niiss\u00e4 yleens\u00e4 esitet\u00e4 VR-taidetta. Mukana kiertueella on elokuvateattereita, kirjastoja, kulttuurikeskuksia ja taidegalleria.\" \/>\n<meta name=\"robots\" content=\"index, follow, max-snippet:-1, max-image-preview:large, max-video-preview:-1\" \/>\n<link rel=\"canonical\" href=\"https:\/\/cinemaorion.fi\/en\/elavan-kuvan-keskus-elke-ry\/vr-taiteen-paivat\/2-mita-huomioida-ohjelmistovalinnoissa\/\" \/>\n<meta property=\"og:locale\" content=\"en_GB\" \/>\n<meta property=\"og:type\" content=\"article\" \/>\n<meta property=\"og:title\" content=\"VR-taiteen p\u00e4iv\u00e4t - Elke RY\" \/>\n<meta property=\"og:description\" content=\"Kiertue k\u00e4ynnistyy syksyll\u00e4 2023 ja jatkuu kev\u00e4\u00e4ll\u00e4 2024. Esityksi\u00e4 j\u00e4rjestet\u00e4\u00e4n yhteens\u00e4 kuudella paikkakunnalla. Esitystilat palvelevat eri taidemuotoja, eik\u00e4 niiss\u00e4 yleens\u00e4 esitet\u00e4 VR-taidetta. Mukana kiertueella on elokuvateattereita, kirjastoja, kulttuurikeskuksia ja taidegalleria.\" \/>\n<meta property=\"og:url\" content=\"https:\/\/cinemaorion.fi\/en\/elavan-kuvan-keskus-elke-ry\/vr-taiteen-paivat\/2-mita-huomioida-ohjelmistovalinnoissa\/\" \/>\n<meta property=\"og:site_name\" content=\"Cinema Orion\" \/>\n<meta property=\"article:publisher\" content=\"https:\/\/www.facebook.com\/cinemaorion\" \/>\n<meta property=\"article:modified_time\" content=\"2024-12-12T09:43:23+00:00\" \/>\n<meta property=\"og:image\" content=\"https:\/\/cinemaorion.fi\/wp-content\/uploads\/2023\/08\/vr_taiteen_paivat_banneri_1920x1080.png\" \/>\n\t<meta property=\"og:image:width\" content=\"1920\" \/>\n\t<meta property=\"og:image:height\" content=\"1080\" \/>\n\t<meta property=\"og:image:type\" content=\"image\/png\" \/>\n<meta name=\"twitter:card\" content=\"summary_large_image\" \/>\n<meta name=\"twitter:title\" content=\"2. Mit\u00e4 huomioida ohjelmistovalinnoissa? - ELKE RY\" \/>\n<meta name=\"twitter:description\" content=\"Kiertue k\u00e4ynnistyy syksyll\u00e4 2023 ja jatkuu kev\u00e4\u00e4ll\u00e4 2024. Esityksi\u00e4 j\u00e4rjestet\u00e4\u00e4n yhteens\u00e4 kuudella paikkakunnalla. Esitystilat palvelevat eri taidemuotoja, eik\u00e4 niiss\u00e4 yleens\u00e4 esitet\u00e4 VR-taidetta. Mukana kiertueella on elokuvateattereita, kirjastoja, kulttuurikeskuksia ja taidegalleria.\" \/>\n<meta name=\"twitter:image\" content=\"https:\/\/cinemaorion.fi\/wp-content\/uploads\/2023\/08\/vr_taiteen_paivat_banneri_1920x1080.png\" \/>\n<meta name=\"twitter:site\" content=\"@cinemaorion\" \/>\n<meta name=\"twitter:label1\" content=\"Estimated reading time\" \/>\n\t<meta name=\"twitter:data1\" content=\"3 minutes\" \/>\n<script type=\"application\/ld+json\" class=\"yoast-schema-graph\">{\"@context\":\"https:\\\/\\\/schema.org\",\"@graph\":[{\"@type\":\"WebPage\",\"@id\":\"https:\\\/\\\/cinemaorion.fi\\\/elavan-kuvan-keskus-elke-ry\\\/vr-taiteen-paivat\\\/2-mita-huomioida-ohjelmistovalinnoissa\\\/\",\"url\":\"https:\\\/\\\/cinemaorion.fi\\\/elavan-kuvan-keskus-elke-ry\\\/vr-taiteen-paivat\\\/2-mita-huomioida-ohjelmistovalinnoissa\\\/\",\"name\":\"2. Mit\u00e4 huomioida ohjelmistovalinnoissa? - ELKE RY\",\"isPartOf\":{\"@id\":\"https:\\\/\\\/cinemaorion.fi\\\/#website\"},\"datePublished\":\"2024-11-08T17:11:34+00:00\",\"dateModified\":\"2024-12-12T09:43:23+00:00\",\"description\":\"Kiertue k\u00e4ynnistyy syksyll\u00e4 2023 ja jatkuu kev\u00e4\u00e4ll\u00e4 2024. Esityksi\u00e4 j\u00e4rjestet\u00e4\u00e4n yhteens\u00e4 kuudella paikkakunnalla. Esitystilat palvelevat eri taidemuotoja, eik\u00e4 niiss\u00e4 yleens\u00e4 esitet\u00e4 VR-taidetta. Mukana kiertueella on elokuvateattereita, kirjastoja, kulttuurikeskuksia ja taidegalleria.\",\"breadcrumb\":{\"@id\":\"https:\\\/\\\/cinemaorion.fi\\\/elavan-kuvan-keskus-elke-ry\\\/vr-taiteen-paivat\\\/2-mita-huomioida-ohjelmistovalinnoissa\\\/#breadcrumb\"},\"inLanguage\":\"en-GB\",\"potentialAction\":[{\"@type\":\"ReadAction\",\"target\":[\"https:\\\/\\\/cinemaorion.fi\\\/elavan-kuvan-keskus-elke-ry\\\/vr-taiteen-paivat\\\/2-mita-huomioida-ohjelmistovalinnoissa\\\/\"]}]},{\"@type\":\"BreadcrumbList\",\"@id\":\"https:\\\/\\\/cinemaorion.fi\\\/elavan-kuvan-keskus-elke-ry\\\/vr-taiteen-paivat\\\/2-mita-huomioida-ohjelmistovalinnoissa\\\/#breadcrumb\",\"itemListElement\":[{\"@type\":\"ListItem\",\"position\":1,\"name\":\"Home\",\"item\":\"https:\\\/\\\/cinemaorion.fi\\\/\"},{\"@type\":\"ListItem\",\"position\":2,\"name\":\"El\u00e4v\u00e4n kuvan keskus ELKE ry\",\"item\":\"https:\\\/\\\/cinemaorion.fi\\\/elavan-kuvan-keskus-elke-ry\\\/\"},{\"@type\":\"ListItem\",\"position\":3,\"name\":\"VR-taiteen esitt\u00e4minen \u2014 kokemuksia ja neuvoja\",\"item\":\"https:\\\/\\\/cinemaorion.fi\\\/elavan-kuvan-keskus-elke-ry\\\/vr-taiteen-paivat\\\/\"},{\"@type\":\"ListItem\",\"position\":4,\"name\":\"2. Mit\u00e4 huomioida ohjelmistovalinnoissa?\"}]},{\"@type\":\"WebSite\",\"@id\":\"https:\\\/\\\/cinemaorion.fi\\\/#website\",\"url\":\"https:\\\/\\\/cinemaorion.fi\\\/\",\"name\":\"Cinema Orion\",\"description\":\"Cinema Orion tagline\",\"publisher\":{\"@id\":\"https:\\\/\\\/cinemaorion.fi\\\/#organization\"},\"alternateName\":\"Elokuvateatteri Orion\",\"potentialAction\":[{\"@type\":\"SearchAction\",\"target\":{\"@type\":\"EntryPoint\",\"urlTemplate\":\"https:\\\/\\\/cinemaorion.fi\\\/?s={search_term_string}\"},\"query-input\":{\"@type\":\"PropertyValueSpecification\",\"valueRequired\":true,\"valueName\":\"search_term_string\"}}],\"inLanguage\":\"en-GB\"},{\"@type\":\"Organization\",\"@id\":\"https:\\\/\\\/cinemaorion.fi\\\/#organization\",\"name\":\"Cinema Orion\",\"url\":\"https:\\\/\\\/cinemaorion.fi\\\/\",\"logo\":{\"@type\":\"ImageObject\",\"inLanguage\":\"en-GB\",\"@id\":\"https:\\\/\\\/cinemaorion.fi\\\/#\\\/schema\\\/logo\\\/image\\\/\",\"url\":\"https:\\\/\\\/cinemaorion.fi\\\/wp-content\\\/uploads\\\/2021\\\/03\\\/logo-cinemaorion-elke-ry.png\",\"contentUrl\":\"https:\\\/\\\/cinemaorion.fi\\\/wp-content\\\/uploads\\\/2021\\\/03\\\/logo-cinemaorion-elke-ry.png\",\"width\":1300,\"height\":278,\"caption\":\"Cinema Orion\"},\"image\":{\"@id\":\"https:\\\/\\\/cinemaorion.fi\\\/#\\\/schema\\\/logo\\\/image\\\/\"},\"sameAs\":[\"https:\\\/\\\/www.facebook.com\\\/cinemaorion\",\"https:\\\/\\\/x.com\\\/cinemaorion\",\"https:\\\/\\\/www.instagram.com\\\/cinemaorion\\\/\",\"https:\\\/\\\/twitter.com\\\/cinemaorion\"]}]}<\/script>\n<!-- \/ Yoast SEO plugin. -->","yoast_head_json":{"title":"2. Mit\u00e4 huomioida ohjelmistovalinnoissa? - ELKE RY","description":"Kiertue k\u00e4ynnistyy syksyll\u00e4 2023 ja jatkuu kev\u00e4\u00e4ll\u00e4 2024. Esityksi\u00e4 j\u00e4rjestet\u00e4\u00e4n yhteens\u00e4 kuudella paikkakunnalla. Esitystilat palvelevat eri taidemuotoja, eik\u00e4 niiss\u00e4 yleens\u00e4 esitet\u00e4 VR-taidetta. Mukana kiertueella on elokuvateattereita, kirjastoja, kulttuurikeskuksia ja taidegalleria.","robots":{"index":"index","follow":"follow","max-snippet":"max-snippet:-1","max-image-preview":"max-image-preview:large","max-video-preview":"max-video-preview:-1"},"canonical":"https:\/\/cinemaorion.fi\/en\/elavan-kuvan-keskus-elke-ry\/vr-taiteen-paivat\/2-mita-huomioida-ohjelmistovalinnoissa\/","og_locale":"en_GB","og_type":"article","og_title":"VR-taiteen p\u00e4iv\u00e4t - Elke RY","og_description":"Kiertue k\u00e4ynnistyy syksyll\u00e4 2023 ja jatkuu kev\u00e4\u00e4ll\u00e4 2024. Esityksi\u00e4 j\u00e4rjestet\u00e4\u00e4n yhteens\u00e4 kuudella paikkakunnalla. Esitystilat palvelevat eri taidemuotoja, eik\u00e4 niiss\u00e4 yleens\u00e4 esitet\u00e4 VR-taidetta. Mukana kiertueella on elokuvateattereita, kirjastoja, kulttuurikeskuksia ja taidegalleria.","og_url":"https:\/\/cinemaorion.fi\/en\/elavan-kuvan-keskus-elke-ry\/vr-taiteen-paivat\/2-mita-huomioida-ohjelmistovalinnoissa\/","og_site_name":"Cinema Orion","article_publisher":"https:\/\/www.facebook.com\/cinemaorion","article_modified_time":"2024-12-12T09:43:23+00:00","og_image":[{"width":1920,"height":1080,"url":"https:\/\/cinemaorion.fi\/wp-content\/uploads\/2023\/08\/vr_taiteen_paivat_banneri_1920x1080.png","type":"image\/png"}],"twitter_card":"summary_large_image","twitter_title":"2. Mit\u00e4 huomioida ohjelmistovalinnoissa? - ELKE RY","twitter_description":"Kiertue k\u00e4ynnistyy syksyll\u00e4 2023 ja jatkuu kev\u00e4\u00e4ll\u00e4 2024. Esityksi\u00e4 j\u00e4rjestet\u00e4\u00e4n yhteens\u00e4 kuudella paikkakunnalla. Esitystilat palvelevat eri taidemuotoja, eik\u00e4 niiss\u00e4 yleens\u00e4 esitet\u00e4 VR-taidetta. Mukana kiertueella on elokuvateattereita, kirjastoja, kulttuurikeskuksia ja taidegalleria.","twitter_image":"https:\/\/cinemaorion.fi\/wp-content\/uploads\/2023\/08\/vr_taiteen_paivat_banneri_1920x1080.png","twitter_site":"@cinemaorion","twitter_misc":{"Estimated reading time":"3 minutes"},"schema":{"@context":"https:\/\/schema.org","@graph":[{"@type":"WebPage","@id":"https:\/\/cinemaorion.fi\/elavan-kuvan-keskus-elke-ry\/vr-taiteen-paivat\/2-mita-huomioida-ohjelmistovalinnoissa\/","url":"https:\/\/cinemaorion.fi\/elavan-kuvan-keskus-elke-ry\/vr-taiteen-paivat\/2-mita-huomioida-ohjelmistovalinnoissa\/","name":"2. Mit\u00e4 huomioida ohjelmistovalinnoissa? - ELKE RY","isPartOf":{"@id":"https:\/\/cinemaorion.fi\/#website"},"datePublished":"2024-11-08T17:11:34+00:00","dateModified":"2024-12-12T09:43:23+00:00","description":"Kiertue k\u00e4ynnistyy syksyll\u00e4 2023 ja jatkuu kev\u00e4\u00e4ll\u00e4 2024. Esityksi\u00e4 j\u00e4rjestet\u00e4\u00e4n yhteens\u00e4 kuudella paikkakunnalla. Esitystilat palvelevat eri taidemuotoja, eik\u00e4 niiss\u00e4 yleens\u00e4 esitet\u00e4 VR-taidetta. Mukana kiertueella on elokuvateattereita, kirjastoja, kulttuurikeskuksia ja taidegalleria.","breadcrumb":{"@id":"https:\/\/cinemaorion.fi\/elavan-kuvan-keskus-elke-ry\/vr-taiteen-paivat\/2-mita-huomioida-ohjelmistovalinnoissa\/#breadcrumb"},"inLanguage":"en-GB","potentialAction":[{"@type":"ReadAction","target":["https:\/\/cinemaorion.fi\/elavan-kuvan-keskus-elke-ry\/vr-taiteen-paivat\/2-mita-huomioida-ohjelmistovalinnoissa\/"]}]},{"@type":"BreadcrumbList","@id":"https:\/\/cinemaorion.fi\/elavan-kuvan-keskus-elke-ry\/vr-taiteen-paivat\/2-mita-huomioida-ohjelmistovalinnoissa\/#breadcrumb","itemListElement":[{"@type":"ListItem","position":1,"name":"Home","item":"https:\/\/cinemaorion.fi\/"},{"@type":"ListItem","position":2,"name":"El\u00e4v\u00e4n kuvan keskus ELKE ry","item":"https:\/\/cinemaorion.fi\/elavan-kuvan-keskus-elke-ry\/"},{"@type":"ListItem","position":3,"name":"VR-taiteen esitt\u00e4minen \u2014 kokemuksia ja neuvoja","item":"https:\/\/cinemaorion.fi\/elavan-kuvan-keskus-elke-ry\/vr-taiteen-paivat\/"},{"@type":"ListItem","position":4,"name":"2. Mit\u00e4 huomioida ohjelmistovalinnoissa?"}]},{"@type":"WebSite","@id":"https:\/\/cinemaorion.fi\/#website","url":"https:\/\/cinemaorion.fi\/","name":"Cinema Orion","description":"Cinema Orion tagline","publisher":{"@id":"https:\/\/cinemaorion.fi\/#organization"},"alternateName":"Elokuvateatteri Orion","potentialAction":[{"@type":"SearchAction","target":{"@type":"EntryPoint","urlTemplate":"https:\/\/cinemaorion.fi\/?s={search_term_string}"},"query-input":{"@type":"PropertyValueSpecification","valueRequired":true,"valueName":"search_term_string"}}],"inLanguage":"en-GB"},{"@type":"Organization","@id":"https:\/\/cinemaorion.fi\/#organization","name":"Cinema Orion","url":"https:\/\/cinemaorion.fi\/","logo":{"@type":"ImageObject","inLanguage":"en-GB","@id":"https:\/\/cinemaorion.fi\/#\/schema\/logo\/image\/","url":"https:\/\/cinemaorion.fi\/wp-content\/uploads\/2021\/03\/logo-cinemaorion-elke-ry.png","contentUrl":"https:\/\/cinemaorion.fi\/wp-content\/uploads\/2021\/03\/logo-cinemaorion-elke-ry.png","width":1300,"height":278,"caption":"Cinema Orion"},"image":{"@id":"https:\/\/cinemaorion.fi\/#\/schema\/logo\/image\/"},"sameAs":["https:\/\/www.facebook.com\/cinemaorion","https:\/\/x.com\/cinemaorion","https:\/\/www.instagram.com\/cinemaorion\/","https:\/\/twitter.com\/cinemaorion"]}]}},"_links":{"self":[{"href":"https:\/\/cinemaorion.fi\/en\/wp-json\/wp\/v2\/pages\/24542","targetHints":{"allow":["GET"]}}],"collection":[{"href":"https:\/\/cinemaorion.fi\/en\/wp-json\/wp\/v2\/pages"}],"about":[{"href":"https:\/\/cinemaorion.fi\/en\/wp-json\/wp\/v2\/types\/page"}],"author":[{"embeddable":true,"href":"https:\/\/cinemaorion.fi\/en\/wp-json\/wp\/v2\/users\/6"}],"replies":[{"embeddable":true,"href":"https:\/\/cinemaorion.fi\/en\/wp-json\/wp\/v2\/comments?post=24542"}],"version-history":[{"count":7,"href":"https:\/\/cinemaorion.fi\/en\/wp-json\/wp\/v2\/pages\/24542\/revisions"}],"predecessor-version":[{"id":25087,"href":"https:\/\/cinemaorion.fi\/en\/wp-json\/wp\/v2\/pages\/24542\/revisions\/25087"}],"up":[{"embeddable":true,"href":"https:\/\/cinemaorion.fi\/en\/wp-json\/wp\/v2\/pages\/24522"}],"wp:attachment":[{"href":"https:\/\/cinemaorion.fi\/en\/wp-json\/wp\/v2\/media?parent=24542"}],"curies":[{"name":"wp","href":"https:\/\/api.w.org\/{rel}","templated":true}]}}