{"id":24539,"date":"2024-11-08T17:05:49","date_gmt":"2024-11-08T17:05:49","guid":{"rendered":"https:\/\/cinemaorion.fi\/?page_id=24539"},"modified":"2024-12-12T09:38:38","modified_gmt":"2024-12-12T09:38:38","slug":"1-virtuaalinen-taide-todelliseksi-pilottihankkeen-esittely","status":"publish","type":"page","link":"https:\/\/cinemaorion.fi\/en\/elavan-kuvan-keskus-elke-ry\/vr-taiteen-paivat\/1-virtuaalinen-taide-todelliseksi-pilottihankkeen-esittely\/","title":{"rendered":"1. \u2019Virtuaalinen taide todelliseksi\u2019 -pilottihankkeen esittely"},"content":{"rendered":"<p class=\"has-text-align-left has-medium-font-size\">Virtuaalinen taide todelliseksi on vuosina 2023-2024 toteutettu, Koneen s\u00e4\u00e4ti\u00f6n rahoittama hanke, joka pilotoi VR-teosten levityst\u00e4 ja esitystoimintaa Suomessa. Hankkeen toteuttaa El\u00e4v\u00e4n kuvan keskus ELKE ry.<\/p>\n\n\n\n<p class=\"has-text-align-center vr-quote has-white-color has-text-color has-background has-link-color has-medium-font-size wp-elements-e33a0ee0abb52e0b54b012666b387af7\" style=\"background-color:#18799d\"><em>&#8221;Oli jotain ihan muuta. V\u00e4h\u00e4n my\u00f6skin pelottavaa. Aivan toinen maailma.&#8221;<\/em><\/p>\n\n\n\n<p>Kiinnostus VR-taidetta kohtaan lis\u00e4\u00e4ntyy nopeasti niin tekij\u00f6iden kuin yleis\u00f6n keskuudessa. Levitys on kuitenkin alan suurimpia ongelmia. Mahdollisuudet p\u00e4\u00e4st\u00e4 katsomaan VR-taideteoksia ovat t\u00e4ll\u00e4 hetkell\u00e4 huonot. My\u00f6s tekij\u00e4t ovat ep\u00e4tietoisia siit\u00e4, miss\u00e4 saisivat VR-teoksensa esille. Taidelajin esitt\u00e4mist\u00e4 vaikeuttaa my\u00f6s se, ettei potentiaalisilla esitystahoilla ole riitt\u00e4v\u00e4sti tietoa esitysten teknisist\u00e4 ja katsojakontaktin luomisen vaatimuksista.<\/p>\n\n\n\n<p>Virtuaalinen taide todelliseksi -hankkeessa j\u00e4rjestettiin \u2018VR-taiteen p\u00e4iv\u00e4t\u2019, VR-teoksia ja -elokuvia esitt\u00e4v\u00e4 kiertue, joka pilotoi alan teosten levityst\u00e4 ja esitystoimintaa. Kiertue esitti uutta kotimaista ja ulkomaista VR-taidetta erilaisissa kulttuuritiloissa ymp\u00e4ri Suomea.<br>Kiertueen aikana tutkittiin monipuolisesti levitykseen liittyvi\u00e4 kysymyksi\u00e4 ja ker\u00e4ttiin k\u00e4yt\u00e4nn\u00f6n kokemuksia alan pop-up-tapahtumien pystytt\u00e4misest\u00e4 ja py\u00f6ritt\u00e4misest\u00e4 erilaisissa tiloissa.<\/p>\n\n\n\n<p>Kiertueen aikana ker\u00e4ttiin konkreettista oppia siit\u00e4, mit\u00e4 VR-teosten tuominen erilaisiin tiloihin vaatii niin teknisesti kuin henkil\u00f6kunnan koulutuksen osaltakin, lis\u00e4ksi havainnoitiin mink\u00e4 tyyppiset teokset toimivat mink\u00e4laisissa ymp\u00e4rist\u00f6iss\u00e4 sek\u00e4 miten yleis\u00f6 vastaanottaa VR-taiteen n\u00e4iss\u00e4 tiloissa.<\/p>\n\n\n\n<p>Tietoa ker\u00e4ttiin niin esitystilojen henkil\u00f6kunnalta, tilavalvojilta kuin k\u00e4vij\u00f6ilt\u00e4. My\u00f6s kiertueen j\u00e4rjest\u00e4j\u00e4t oppivat prosessin aikana lis\u00e4\u00e4 siit\u00e4, mit\u00e4 t\u00e4m\u00e4n tapaisen VR-tapahtuman j\u00e4rjest\u00e4minen vaatii niin laitteiston kuin henkil\u00f6kunnan osalta. N\u00e4it\u00e4 tietoja ja k\u00e4yt\u00e4nn\u00f6n taitoja kaivataan kent\u00e4ll\u00e4, jotta VR-taiteen esitt\u00e4misen mahdollisuus Suomessa edistyisi.<\/p>\n\n\n\n<p>Hankkeen opit on koottu t\u00e4h\u00e4n ohjeistukseen. Toivomme, ett\u00e4 koosteen avulla VR-taidetta ensi kertaa esitt\u00e4v\u00e4 taho saa tietoa ja ymm\u00e4rryst\u00e4 siit\u00e4 miten VR-taiteen esitt\u00e4minen onnistuisi h\u00e4nen tiloissaan. Toivomme kokemusten ja k\u00e4yt\u00e4nteiden jakamisen auttavan my\u00f6s taiteilijoita teosten levitysty\u00f6ss\u00e4.<\/p>\n\n\n\n<p>T\u00e4ss\u00e4 koostesessa ei k\u00e4yd\u00e4 l\u00e4pi sit\u00e4, mit\u00e4 VR-taide on. M\u00e4\u00e4ritelmi\u00e4 ja lis\u00e4tietoa l\u00f6ytyy verkosta. Alan sanastoon voi puolestaa tutustua tarkemmin esimerkiksi <a href=\"https:\/\/helsinkixrcenter.com\/resources\/xr-glossary\/\" target=\"_blank\" rel=\"noreferrer noopener\">t\u00e4\u00e4ll\u00e4<\/a> (englanninkielinen).<\/p>\n\n\n\n<p>Hankkeen on rahoittanut Koneen S\u00e4\u00e4ti\u00f6 ja yhteisty\u00f6kumppaneita ovat VR-taidefestivaali Embrace sek\u00e4 &amp; Espoon teatteri. Hankkeen tuotti el\u00e4v\u00e4n kuvan keskus ELKE ry, jonka toiminnanjohtaja Leena N\u00e4rekangas osallistui hankkeen suunnitteluun yhdess\u00e4 ohjausryhm\u00e4n kanssa. Ohjausryhm\u00e4n j\u00e4senin\u00e4 toimivat VR-taiteilijat Eero Tiainen ja Hanna Pajala-Assefa. T\u00e4m\u00e4 kooste on kirjoitettu syksyll\u00e4 2024 ja sen sis\u00e4lt\u00f6 vastaa kirjoitushetken tilannetta. Ohjeistuksen on kirjoittanut hankkeen tuottaja Kati \u00c5berg.<\/p>\n\n\n\n<h2 class=\"wp-block-heading\">VR-taiteen p\u00e4iv\u00e4t kiersi Suomea<\/h2>\n\n\n\n<figure class=\"wp-block-image size-large\"><img loading=\"lazy\" decoding=\"async\" width=\"1024\" height=\"390\" src=\"https:\/\/cinemaorion.fi\/wp-content\/uploads\/2023\/08\/vr_taiteen_paivat_banneri_820x312-1024x390.png\" alt=\"\" class=\"wp-image-20652\" srcset=\"https:\/\/cinemaorion.fi\/wp-content\/uploads\/2023\/08\/vr_taiteen_paivat_banneri_820x312-1024x390.png 1024w, https:\/\/cinemaorion.fi\/wp-content\/uploads\/2023\/08\/vr_taiteen_paivat_banneri_820x312-5x2.png 5w, https:\/\/cinemaorion.fi\/wp-content\/uploads\/2023\/08\/vr_taiteen_paivat_banneri_820x312-300x114.png 300w, https:\/\/cinemaorion.fi\/wp-content\/uploads\/2023\/08\/vr_taiteen_paivat_banneri_820x312-768x292.png 768w, https:\/\/cinemaorion.fi\/wp-content\/uploads\/2023\/08\/vr_taiteen_paivat_banneri_820x312-1536x584.png 1536w, https:\/\/cinemaorion.fi\/wp-content\/uploads\/2023\/08\/vr_taiteen_paivat_banneri_820x312-18x7.png 18w, https:\/\/cinemaorion.fi\/wp-content\/uploads\/2023\/08\/vr_taiteen_paivat_banneri_820x312.png 1640w\" sizes=\"auto, (max-width: 1024px) 100vw, 1024px\" \/><\/figure>\n\n\n\n<p class=\"has-text-align-center vr-quote has-white-color has-text-color has-background has-link-color has-medium-font-size wp-elements-11b198062758187e8602f5985c5e11b1\" style=\"background-color:#18799d\"><em>&#8221;Eritt\u00e4in mullistava kokemus ennakoivasta skeptisyydest\u00e4 huolimatta.&#8221;<\/em><\/p>\n\n\n\n<p class=\"has-text-align-center vr-quote has-white-color has-text-color has-background has-link-color has-medium-font-size wp-elements-8290ea0c0394322b793a51cf2130c354\" style=\"background-color:#18799d\"><em>&#8221;Kiitos el\u00e4myksest\u00e4! Kannatti tulla.&#8221;<\/em><\/p>\n\n\n\n<p>VR-taiteen p\u00e4iv\u00e4t -kiertueessa esitettiin VR-teoksia kuudella eri paikkakunnalla eri taidemuotoihin keskittyneiss\u00e4 tiloissa, jotka eiv\u00e4t perinteisesti VR-taidetta juuri esit\u00e4: elokuvateatterissa, kirjastossa, black-box-tilassa, kulttuurikeskuksissa sek\u00e4 kuvataidegalleriassa.<\/p>\n\n\n\n<p>Kaksi tai kolme p\u00e4iv\u00e4\u00e4 kest\u00e4vi\u00e4 VR-taiteen p\u00e4iv\u00e4t -esityksi\u00e4 j\u00e4rjestettiin yhteens\u00e4 kahdeksan kertaa, sill\u00e4 osassa tiloista (Porvoon kaupunginkirjasto ja Elokuvakeskus Botnia) j\u00e4rjestettiin esityskiertue kaksi kertaa. Muissa tiloissa esitykset j\u00e4rjestettiin kerran.<\/p>\n\n\n\n<p>Kuhunkin tilaan rakennettiin 7-8 katselupistett\u00e4 ja jokaisessa esityksess\u00e4 oli mahdollisuus n\u00e4hd\u00e4 3-4 eri teosta.<\/p>\n\n\n\n<p class=\"has-text-align-left\"><strong>Esitysaikataulu:<br><\/strong>Porvoon kaupunginkirjasto, Porvoo &#8211; 17.-19.10.2023 &amp; 29.2.-2.3.2024<br>Forum Box -galleria, Helsinki &#8211; 21.-22.10.2023<br>Elokuvakeskus Botnia, Vaasan keskuskirjasto, Vaasa \u2013 8.-9.12.2023 &amp; 3.-4.5.2024<br>Kulttuurikeskus Villa Rana, Jyv\u00e4skyl\u00e4 \u2013 10.-11.12.2023<br>Kino Iiris, Lahti &#8211; 8.-9.2.2024<br>Taiteen Talo, Turku &#8211; 4.4.-5.4.2024<\/p>\n\n\n\n\n\n<p><strong><a href=\"https:\/\/cinemaorion.fi\/en\/elavan-kuvan-keskus-elke-ry\/vr-taiteen-paivat\/\">Sis\u00e4llysluetteloon<\/a><\/strong><\/p>\n\n\n\n<p><\/p>","protected":false},"excerpt":{"rendered":"<p>Virtuaalinen taide todelliseksi on vuosina 2023-2024 toteutettu, Koneen s\u00e4\u00e4ti\u00f6n rahoittama hanke, joka pilotoi VR-teosten levityst\u00e4 ja esitystoimintaa Suomessa. Hankkeen toteuttaa El\u00e4v\u00e4n kuvan keskus ELKE ry. &#8221;Oli jotain ihan muuta. V\u00e4h\u00e4n my\u00f6skin pelottavaa. Aivan toinen maailma.&#8221; Kiinnostus VR-taidetta kohtaan lis\u00e4\u00e4ntyy nopeasti niin tekij\u00f6iden kuin yleis\u00f6n keskuudessa. Levitys on kuitenkin alan suurimpia ongelmia. Mahdollisuudet p\u00e4\u00e4st\u00e4 katsomaan VR-taideteoksia [&hellip;]<\/p>\n","protected":false},"author":6,"featured_media":0,"parent":24522,"menu_order":2,"comment_status":"closed","ping_status":"closed","template":"page-vr-taide.php","meta":{"_acf_changed":false,"footnotes":""},"class_list":["post-24539","page","type-page","status-publish","hentry"],"acf":[],"yoast_head":"<!-- This site is optimized with the Yoast SEO plugin v27.3 - https:\/\/yoast.com\/product\/yoast-seo-wordpress\/ -->\n<title>1. \u2019Virtuaalinen taide todelliseksi\u2019 -pilottihankkeen esittely - ELKE RY<\/title>\n<meta name=\"description\" content=\"Kiertue k\u00e4ynnistyy syksyll\u00e4 2023 ja jatkuu kev\u00e4\u00e4ll\u00e4 2024. Esityksi\u00e4 j\u00e4rjestet\u00e4\u00e4n yhteens\u00e4 kuudella paikkakunnalla. Esitystilat palvelevat eri taidemuotoja, eik\u00e4 niiss\u00e4 yleens\u00e4 esitet\u00e4 VR-taidetta. Mukana kiertueella on elokuvateattereita, kirjastoja, kulttuurikeskuksia ja taidegalleria.\" \/>\n<meta name=\"robots\" content=\"index, follow, max-snippet:-1, max-image-preview:large, max-video-preview:-1\" \/>\n<link rel=\"canonical\" href=\"https:\/\/cinemaorion.fi\/en\/elavan-kuvan-keskus-elke-ry\/vr-taiteen-paivat\/1-virtuaalinen-taide-todelliseksi-pilottihankkeen-esittely\/\" \/>\n<meta property=\"og:locale\" content=\"en_GB\" \/>\n<meta property=\"og:type\" content=\"article\" \/>\n<meta property=\"og:title\" content=\"VR-taiteen p\u00e4iv\u00e4t - Elke RY\" \/>\n<meta property=\"og:description\" content=\"Kiertue k\u00e4ynnistyy syksyll\u00e4 2023 ja jatkuu kev\u00e4\u00e4ll\u00e4 2024. Esityksi\u00e4 j\u00e4rjestet\u00e4\u00e4n yhteens\u00e4 kuudella paikkakunnalla. Esitystilat palvelevat eri taidemuotoja, eik\u00e4 niiss\u00e4 yleens\u00e4 esitet\u00e4 VR-taidetta. Mukana kiertueella on elokuvateattereita, kirjastoja, kulttuurikeskuksia ja taidegalleria.\" \/>\n<meta property=\"og:url\" content=\"https:\/\/cinemaorion.fi\/en\/elavan-kuvan-keskus-elke-ry\/vr-taiteen-paivat\/1-virtuaalinen-taide-todelliseksi-pilottihankkeen-esittely\/\" \/>\n<meta property=\"og:site_name\" content=\"Cinema Orion\" \/>\n<meta property=\"article:publisher\" content=\"https:\/\/www.facebook.com\/cinemaorion\" \/>\n<meta property=\"article:modified_time\" content=\"2024-12-12T09:38:38+00:00\" \/>\n<meta property=\"og:image\" content=\"https:\/\/cinemaorion.fi\/wp-content\/uploads\/2023\/08\/vr_taiteen_paivat_banneri_1920x1080.png\" \/>\n\t<meta property=\"og:image:width\" content=\"1920\" \/>\n\t<meta property=\"og:image:height\" content=\"1080\" \/>\n\t<meta property=\"og:image:type\" content=\"image\/png\" \/>\n<meta name=\"twitter:card\" content=\"summary_large_image\" \/>\n<meta name=\"twitter:title\" content=\"1. \u2019Virtuaalinen taide todelliseksi\u2019 -pilottihankkeen esittely - ELKE RY\" \/>\n<meta name=\"twitter:description\" content=\"Kiertue k\u00e4ynnistyy syksyll\u00e4 2023 ja jatkuu kev\u00e4\u00e4ll\u00e4 2024. Esityksi\u00e4 j\u00e4rjestet\u00e4\u00e4n yhteens\u00e4 kuudella paikkakunnalla. Esitystilat palvelevat eri taidemuotoja, eik\u00e4 niiss\u00e4 yleens\u00e4 esitet\u00e4 VR-taidetta. Mukana kiertueella on elokuvateattereita, kirjastoja, kulttuurikeskuksia ja taidegalleria.\" \/>\n<meta name=\"twitter:image\" content=\"https:\/\/cinemaorion.fi\/wp-content\/uploads\/2023\/08\/vr_taiteen_paivat_banneri_1920x1080.png\" \/>\n<meta name=\"twitter:site\" content=\"@cinemaorion\" \/>\n<meta name=\"twitter:label1\" content=\"Estimated reading time\" \/>\n\t<meta name=\"twitter:data1\" content=\"3 minutes\" \/>\n<script type=\"application\/ld+json\" class=\"yoast-schema-graph\">{\"@context\":\"https:\\\/\\\/schema.org\",\"@graph\":[{\"@type\":\"WebPage\",\"@id\":\"https:\\\/\\\/cinemaorion.fi\\\/elavan-kuvan-keskus-elke-ry\\\/vr-taiteen-paivat\\\/1-virtuaalinen-taide-todelliseksi-pilottihankkeen-esittely\\\/\",\"url\":\"https:\\\/\\\/cinemaorion.fi\\\/elavan-kuvan-keskus-elke-ry\\\/vr-taiteen-paivat\\\/1-virtuaalinen-taide-todelliseksi-pilottihankkeen-esittely\\\/\",\"name\":\"1. \u2019Virtuaalinen taide todelliseksi\u2019 -pilottihankkeen esittely - ELKE RY\",\"isPartOf\":{\"@id\":\"https:\\\/\\\/cinemaorion.fi\\\/#website\"},\"primaryImageOfPage\":{\"@id\":\"https:\\\/\\\/cinemaorion.fi\\\/elavan-kuvan-keskus-elke-ry\\\/vr-taiteen-paivat\\\/1-virtuaalinen-taide-todelliseksi-pilottihankkeen-esittely\\\/#primaryimage\"},\"image\":{\"@id\":\"https:\\\/\\\/cinemaorion.fi\\\/elavan-kuvan-keskus-elke-ry\\\/vr-taiteen-paivat\\\/1-virtuaalinen-taide-todelliseksi-pilottihankkeen-esittely\\\/#primaryimage\"},\"thumbnailUrl\":\"https:\\\/\\\/cinemaorion.fi\\\/wp-content\\\/uploads\\\/2023\\\/08\\\/vr_taiteen_paivat_banneri_820x312-1024x390.png\",\"datePublished\":\"2024-11-08T17:05:49+00:00\",\"dateModified\":\"2024-12-12T09:38:38+00:00\",\"description\":\"Kiertue k\u00e4ynnistyy syksyll\u00e4 2023 ja jatkuu kev\u00e4\u00e4ll\u00e4 2024. Esityksi\u00e4 j\u00e4rjestet\u00e4\u00e4n yhteens\u00e4 kuudella paikkakunnalla. Esitystilat palvelevat eri taidemuotoja, eik\u00e4 niiss\u00e4 yleens\u00e4 esitet\u00e4 VR-taidetta. Mukana kiertueella on elokuvateattereita, kirjastoja, kulttuurikeskuksia ja taidegalleria.\",\"breadcrumb\":{\"@id\":\"https:\\\/\\\/cinemaorion.fi\\\/elavan-kuvan-keskus-elke-ry\\\/vr-taiteen-paivat\\\/1-virtuaalinen-taide-todelliseksi-pilottihankkeen-esittely\\\/#breadcrumb\"},\"inLanguage\":\"en-GB\",\"potentialAction\":[{\"@type\":\"ReadAction\",\"target\":[\"https:\\\/\\\/cinemaorion.fi\\\/elavan-kuvan-keskus-elke-ry\\\/vr-taiteen-paivat\\\/1-virtuaalinen-taide-todelliseksi-pilottihankkeen-esittely\\\/\"]}]},{\"@type\":\"ImageObject\",\"inLanguage\":\"en-GB\",\"@id\":\"https:\\\/\\\/cinemaorion.fi\\\/elavan-kuvan-keskus-elke-ry\\\/vr-taiteen-paivat\\\/1-virtuaalinen-taide-todelliseksi-pilottihankkeen-esittely\\\/#primaryimage\",\"url\":\"https:\\\/\\\/cinemaorion.fi\\\/wp-content\\\/uploads\\\/2023\\\/08\\\/vr_taiteen_paivat_banneri_820x312-1024x390.png\",\"contentUrl\":\"https:\\\/\\\/cinemaorion.fi\\\/wp-content\\\/uploads\\\/2023\\\/08\\\/vr_taiteen_paivat_banneri_820x312-1024x390.png\"},{\"@type\":\"BreadcrumbList\",\"@id\":\"https:\\\/\\\/cinemaorion.fi\\\/elavan-kuvan-keskus-elke-ry\\\/vr-taiteen-paivat\\\/1-virtuaalinen-taide-todelliseksi-pilottihankkeen-esittely\\\/#breadcrumb\",\"itemListElement\":[{\"@type\":\"ListItem\",\"position\":1,\"name\":\"Home\",\"item\":\"https:\\\/\\\/cinemaorion.fi\\\/\"},{\"@type\":\"ListItem\",\"position\":2,\"name\":\"El\u00e4v\u00e4n kuvan keskus ELKE ry\",\"item\":\"https:\\\/\\\/cinemaorion.fi\\\/elavan-kuvan-keskus-elke-ry\\\/\"},{\"@type\":\"ListItem\",\"position\":3,\"name\":\"VR-taiteen esitt\u00e4minen \u2014 kokemuksia ja neuvoja\",\"item\":\"https:\\\/\\\/cinemaorion.fi\\\/elavan-kuvan-keskus-elke-ry\\\/vr-taiteen-paivat\\\/\"},{\"@type\":\"ListItem\",\"position\":4,\"name\":\"1. \u2019Virtuaalinen taide todelliseksi\u2019 -pilottihankkeen esittely\"}]},{\"@type\":\"WebSite\",\"@id\":\"https:\\\/\\\/cinemaorion.fi\\\/#website\",\"url\":\"https:\\\/\\\/cinemaorion.fi\\\/\",\"name\":\"Cinema Orion\",\"description\":\"Cinema Orion tagline\",\"publisher\":{\"@id\":\"https:\\\/\\\/cinemaorion.fi\\\/#organization\"},\"alternateName\":\"Elokuvateatteri Orion\",\"potentialAction\":[{\"@type\":\"SearchAction\",\"target\":{\"@type\":\"EntryPoint\",\"urlTemplate\":\"https:\\\/\\\/cinemaorion.fi\\\/?s={search_term_string}\"},\"query-input\":{\"@type\":\"PropertyValueSpecification\",\"valueRequired\":true,\"valueName\":\"search_term_string\"}}],\"inLanguage\":\"en-GB\"},{\"@type\":\"Organization\",\"@id\":\"https:\\\/\\\/cinemaorion.fi\\\/#organization\",\"name\":\"Cinema Orion\",\"url\":\"https:\\\/\\\/cinemaorion.fi\\\/\",\"logo\":{\"@type\":\"ImageObject\",\"inLanguage\":\"en-GB\",\"@id\":\"https:\\\/\\\/cinemaorion.fi\\\/#\\\/schema\\\/logo\\\/image\\\/\",\"url\":\"https:\\\/\\\/cinemaorion.fi\\\/wp-content\\\/uploads\\\/2021\\\/03\\\/logo-cinemaorion-elke-ry.png\",\"contentUrl\":\"https:\\\/\\\/cinemaorion.fi\\\/wp-content\\\/uploads\\\/2021\\\/03\\\/logo-cinemaorion-elke-ry.png\",\"width\":1300,\"height\":278,\"caption\":\"Cinema Orion\"},\"image\":{\"@id\":\"https:\\\/\\\/cinemaorion.fi\\\/#\\\/schema\\\/logo\\\/image\\\/\"},\"sameAs\":[\"https:\\\/\\\/www.facebook.com\\\/cinemaorion\",\"https:\\\/\\\/x.com\\\/cinemaorion\",\"https:\\\/\\\/www.instagram.com\\\/cinemaorion\\\/\",\"https:\\\/\\\/twitter.com\\\/cinemaorion\"]}]}<\/script>\n<!-- \/ Yoast SEO plugin. -->","yoast_head_json":{"title":"1. \u2019Virtuaalinen taide todelliseksi\u2019 -pilottihankkeen esittely - ELKE RY","description":"Kiertue k\u00e4ynnistyy syksyll\u00e4 2023 ja jatkuu kev\u00e4\u00e4ll\u00e4 2024. Esityksi\u00e4 j\u00e4rjestet\u00e4\u00e4n yhteens\u00e4 kuudella paikkakunnalla. Esitystilat palvelevat eri taidemuotoja, eik\u00e4 niiss\u00e4 yleens\u00e4 esitet\u00e4 VR-taidetta. Mukana kiertueella on elokuvateattereita, kirjastoja, kulttuurikeskuksia ja taidegalleria.","robots":{"index":"index","follow":"follow","max-snippet":"max-snippet:-1","max-image-preview":"max-image-preview:large","max-video-preview":"max-video-preview:-1"},"canonical":"https:\/\/cinemaorion.fi\/en\/elavan-kuvan-keskus-elke-ry\/vr-taiteen-paivat\/1-virtuaalinen-taide-todelliseksi-pilottihankkeen-esittely\/","og_locale":"en_GB","og_type":"article","og_title":"VR-taiteen p\u00e4iv\u00e4t - Elke RY","og_description":"Kiertue k\u00e4ynnistyy syksyll\u00e4 2023 ja jatkuu kev\u00e4\u00e4ll\u00e4 2024. Esityksi\u00e4 j\u00e4rjestet\u00e4\u00e4n yhteens\u00e4 kuudella paikkakunnalla. Esitystilat palvelevat eri taidemuotoja, eik\u00e4 niiss\u00e4 yleens\u00e4 esitet\u00e4 VR-taidetta. Mukana kiertueella on elokuvateattereita, kirjastoja, kulttuurikeskuksia ja taidegalleria.","og_url":"https:\/\/cinemaorion.fi\/en\/elavan-kuvan-keskus-elke-ry\/vr-taiteen-paivat\/1-virtuaalinen-taide-todelliseksi-pilottihankkeen-esittely\/","og_site_name":"Cinema Orion","article_publisher":"https:\/\/www.facebook.com\/cinemaorion","article_modified_time":"2024-12-12T09:38:38+00:00","og_image":[{"width":1920,"height":1080,"url":"https:\/\/cinemaorion.fi\/wp-content\/uploads\/2023\/08\/vr_taiteen_paivat_banneri_1920x1080.png","type":"image\/png"}],"twitter_card":"summary_large_image","twitter_title":"1. \u2019Virtuaalinen taide todelliseksi\u2019 -pilottihankkeen esittely - ELKE RY","twitter_description":"Kiertue k\u00e4ynnistyy syksyll\u00e4 2023 ja jatkuu kev\u00e4\u00e4ll\u00e4 2024. Esityksi\u00e4 j\u00e4rjestet\u00e4\u00e4n yhteens\u00e4 kuudella paikkakunnalla. Esitystilat palvelevat eri taidemuotoja, eik\u00e4 niiss\u00e4 yleens\u00e4 esitet\u00e4 VR-taidetta. Mukana kiertueella on elokuvateattereita, kirjastoja, kulttuurikeskuksia ja taidegalleria.","twitter_image":"https:\/\/cinemaorion.fi\/wp-content\/uploads\/2023\/08\/vr_taiteen_paivat_banneri_1920x1080.png","twitter_site":"@cinemaorion","twitter_misc":{"Estimated reading time":"3 minutes"},"schema":{"@context":"https:\/\/schema.org","@graph":[{"@type":"WebPage","@id":"https:\/\/cinemaorion.fi\/elavan-kuvan-keskus-elke-ry\/vr-taiteen-paivat\/1-virtuaalinen-taide-todelliseksi-pilottihankkeen-esittely\/","url":"https:\/\/cinemaorion.fi\/elavan-kuvan-keskus-elke-ry\/vr-taiteen-paivat\/1-virtuaalinen-taide-todelliseksi-pilottihankkeen-esittely\/","name":"1. \u2019Virtuaalinen taide todelliseksi\u2019 -pilottihankkeen esittely - ELKE RY","isPartOf":{"@id":"https:\/\/cinemaorion.fi\/#website"},"primaryImageOfPage":{"@id":"https:\/\/cinemaorion.fi\/elavan-kuvan-keskus-elke-ry\/vr-taiteen-paivat\/1-virtuaalinen-taide-todelliseksi-pilottihankkeen-esittely\/#primaryimage"},"image":{"@id":"https:\/\/cinemaorion.fi\/elavan-kuvan-keskus-elke-ry\/vr-taiteen-paivat\/1-virtuaalinen-taide-todelliseksi-pilottihankkeen-esittely\/#primaryimage"},"thumbnailUrl":"https:\/\/cinemaorion.fi\/wp-content\/uploads\/2023\/08\/vr_taiteen_paivat_banneri_820x312-1024x390.png","datePublished":"2024-11-08T17:05:49+00:00","dateModified":"2024-12-12T09:38:38+00:00","description":"Kiertue k\u00e4ynnistyy syksyll\u00e4 2023 ja jatkuu kev\u00e4\u00e4ll\u00e4 2024. Esityksi\u00e4 j\u00e4rjestet\u00e4\u00e4n yhteens\u00e4 kuudella paikkakunnalla. Esitystilat palvelevat eri taidemuotoja, eik\u00e4 niiss\u00e4 yleens\u00e4 esitet\u00e4 VR-taidetta. Mukana kiertueella on elokuvateattereita, kirjastoja, kulttuurikeskuksia ja taidegalleria.","breadcrumb":{"@id":"https:\/\/cinemaorion.fi\/elavan-kuvan-keskus-elke-ry\/vr-taiteen-paivat\/1-virtuaalinen-taide-todelliseksi-pilottihankkeen-esittely\/#breadcrumb"},"inLanguage":"en-GB","potentialAction":[{"@type":"ReadAction","target":["https:\/\/cinemaorion.fi\/elavan-kuvan-keskus-elke-ry\/vr-taiteen-paivat\/1-virtuaalinen-taide-todelliseksi-pilottihankkeen-esittely\/"]}]},{"@type":"ImageObject","inLanguage":"en-GB","@id":"https:\/\/cinemaorion.fi\/elavan-kuvan-keskus-elke-ry\/vr-taiteen-paivat\/1-virtuaalinen-taide-todelliseksi-pilottihankkeen-esittely\/#primaryimage","url":"https:\/\/cinemaorion.fi\/wp-content\/uploads\/2023\/08\/vr_taiteen_paivat_banneri_820x312-1024x390.png","contentUrl":"https:\/\/cinemaorion.fi\/wp-content\/uploads\/2023\/08\/vr_taiteen_paivat_banneri_820x312-1024x390.png"},{"@type":"BreadcrumbList","@id":"https:\/\/cinemaorion.fi\/elavan-kuvan-keskus-elke-ry\/vr-taiteen-paivat\/1-virtuaalinen-taide-todelliseksi-pilottihankkeen-esittely\/#breadcrumb","itemListElement":[{"@type":"ListItem","position":1,"name":"Home","item":"https:\/\/cinemaorion.fi\/"},{"@type":"ListItem","position":2,"name":"El\u00e4v\u00e4n kuvan keskus ELKE ry","item":"https:\/\/cinemaorion.fi\/elavan-kuvan-keskus-elke-ry\/"},{"@type":"ListItem","position":3,"name":"VR-taiteen esitt\u00e4minen \u2014 kokemuksia ja neuvoja","item":"https:\/\/cinemaorion.fi\/elavan-kuvan-keskus-elke-ry\/vr-taiteen-paivat\/"},{"@type":"ListItem","position":4,"name":"1. \u2019Virtuaalinen taide todelliseksi\u2019 -pilottihankkeen esittely"}]},{"@type":"WebSite","@id":"https:\/\/cinemaorion.fi\/#website","url":"https:\/\/cinemaorion.fi\/","name":"Cinema Orion","description":"Cinema Orion tagline","publisher":{"@id":"https:\/\/cinemaorion.fi\/#organization"},"alternateName":"Elokuvateatteri Orion","potentialAction":[{"@type":"SearchAction","target":{"@type":"EntryPoint","urlTemplate":"https:\/\/cinemaorion.fi\/?s={search_term_string}"},"query-input":{"@type":"PropertyValueSpecification","valueRequired":true,"valueName":"search_term_string"}}],"inLanguage":"en-GB"},{"@type":"Organization","@id":"https:\/\/cinemaorion.fi\/#organization","name":"Cinema Orion","url":"https:\/\/cinemaorion.fi\/","logo":{"@type":"ImageObject","inLanguage":"en-GB","@id":"https:\/\/cinemaorion.fi\/#\/schema\/logo\/image\/","url":"https:\/\/cinemaorion.fi\/wp-content\/uploads\/2021\/03\/logo-cinemaorion-elke-ry.png","contentUrl":"https:\/\/cinemaorion.fi\/wp-content\/uploads\/2021\/03\/logo-cinemaorion-elke-ry.png","width":1300,"height":278,"caption":"Cinema Orion"},"image":{"@id":"https:\/\/cinemaorion.fi\/#\/schema\/logo\/image\/"},"sameAs":["https:\/\/www.facebook.com\/cinemaorion","https:\/\/x.com\/cinemaorion","https:\/\/www.instagram.com\/cinemaorion\/","https:\/\/twitter.com\/cinemaorion"]}]}},"_links":{"self":[{"href":"https:\/\/cinemaorion.fi\/en\/wp-json\/wp\/v2\/pages\/24539","targetHints":{"allow":["GET"]}}],"collection":[{"href":"https:\/\/cinemaorion.fi\/en\/wp-json\/wp\/v2\/pages"}],"about":[{"href":"https:\/\/cinemaorion.fi\/en\/wp-json\/wp\/v2\/types\/page"}],"author":[{"embeddable":true,"href":"https:\/\/cinemaorion.fi\/en\/wp-json\/wp\/v2\/users\/6"}],"replies":[{"embeddable":true,"href":"https:\/\/cinemaorion.fi\/en\/wp-json\/wp\/v2\/comments?post=24539"}],"version-history":[{"count":9,"href":"https:\/\/cinemaorion.fi\/en\/wp-json\/wp\/v2\/pages\/24539\/revisions"}],"predecessor-version":[{"id":25080,"href":"https:\/\/cinemaorion.fi\/en\/wp-json\/wp\/v2\/pages\/24539\/revisions\/25080"}],"up":[{"embeddable":true,"href":"https:\/\/cinemaorion.fi\/en\/wp-json\/wp\/v2\/pages\/24522"}],"wp:attachment":[{"href":"https:\/\/cinemaorion.fi\/en\/wp-json\/wp\/v2\/media?parent=24539"}],"curies":[{"name":"wp","href":"https:\/\/api.w.org\/{rel}","templated":true}]}}