{"id":24522,"date":"2024-11-08T16:47:39","date_gmt":"2024-11-08T16:47:39","guid":{"rendered":"https:\/\/cinemaorion.fi\/?page_id=24522"},"modified":"2024-11-26T09:31:18","modified_gmt":"2024-11-26T09:31:18","slug":"vr-taiteen-paivat","status":"publish","type":"page","link":"https:\/\/cinemaorion.fi\/en\/elavan-kuvan-keskus-elke-ry\/vr-taiteen-paivat\/","title":{"rendered":"VR-taiteen esitt\u00e4minen \u2014 kokemuksia ja neuvoja"},"content":{"rendered":"<div style=\"height:25px\" aria-hidden=\"true\" class=\"wp-block-spacer\"><\/div>\n\n\n\n<figure class=\"wp-block-image size-large is-style-default\"><img loading=\"lazy\" decoding=\"async\" width=\"1024\" height=\"885\" src=\"https:\/\/cinemaorion.fi\/wp-content\/uploads\/2024\/11\/vr_taide_intro-1024x885.jpg\" alt=\"VR-taiteen esitt\u00e4minen \u2014 kokemuksia ja neuvoja: kansikuva\" class=\"wp-image-24770\" style=\"aspect-ratio:3\/2;object-fit:cover\" srcset=\"https:\/\/cinemaorion.fi\/wp-content\/uploads\/2024\/11\/vr_taide_intro-1024x885.jpg 1024w, https:\/\/cinemaorion.fi\/wp-content\/uploads\/2024\/11\/vr_taide_intro-300x259.jpg 300w, https:\/\/cinemaorion.fi\/wp-content\/uploads\/2024\/11\/vr_taide_intro-768x664.jpg 768w, https:\/\/cinemaorion.fi\/wp-content\/uploads\/2024\/11\/vr_taide_intro-14x12.jpg 14w, https:\/\/cinemaorion.fi\/wp-content\/uploads\/2024\/11\/vr_taide_intro-5x5.jpg 5w, https:\/\/cinemaorion.fi\/wp-content\/uploads\/2024\/11\/vr_taide_intro.jpg 1280w\" sizes=\"auto, (max-width: 1024px) 100vw, 1024px\" \/><\/figure>\n\n\n\n<div style=\"height:20px\" aria-hidden=\"true\" class=\"wp-block-spacer\"><\/div>\n\n\n\n<h2 class=\"wp-block-heading has-text-align-left\">VR-taiteen pop-up-esitysten j\u00e4rjest\u00e4minen erilaisissa tiloissa<\/h2>\n\n\n\n<p>Edess\u00e4si on El\u00e4v\u00e4n kuvan keskus ELKE ry:n toteuttaman ja Koneen s\u00e4\u00e4ti\u00f6n rahoittaman kaksivuotisen (2023-2024) hankkeen lopputulos ja -raportti. <\/p>\n\n\n\n<p>Hankkeen l\u00e4ht\u00f6kohtana on ollut tarve lis\u00e4t\u00e4 tietoa VR-teosten (Virtual Reality, suom. virtuaalitodellisuus) esitt\u00e4misen mahdollisuuksista Suomessa.\u00a0Halusimme hankkeessa kartoittaa VR-teosten esitt\u00e4mist\u00e4 erilaisissa ymp\u00e4rist\u00f6iss\u00e4 ja erityyppisill\u00e4 teoksilla. Kokosimme tietoa sek\u00e4 yleis\u00f6lt\u00e4 ett\u00e4 esityspaikoilta, joista monet tarttuivat aiheeseen ensimm\u00e4ist\u00e4 kertaa.\u00a0Olemme koostaneet kokemuksemme ja ker\u00e4\u00e4m\u00e4mme tiedon t\u00e4lle sivustolle. Toivomme, ett\u00e4 t\u00e4st\u00e4 on apua\u00a0niin VR-teosten esitt\u00e4misest\u00e4 kiinnostuneille kuin teoksia tekevillekin tahoille.\u00a0<\/p>\n\n\n\n<p>Raportin lopussa, kohdassa&nbsp;<a href=\"https:\/\/cinemaorion.fi\/en\/elavan-kuvan-keskus-elke-ry\/vr-taiteen-esittaminen-kokemuksia-ja-neuvoja\/9-kaytannon-vihjeita-vr-taiteen-esittamiseen\/\"><strong>9.&nbsp;K\u00e4yt\u00e4nn\u00f6n vihjeit\u00e4 VR-taiteen esitt\u00e4miseen<\/strong><\/a>&nbsp;on lis\u00e4ksi koottu tiivis ja k\u00e4yt\u00e4nn\u00f6nl\u00e4heinen tietopaketti niille, jotka suunnittelevat VR-taiteen esitt\u00e4mist\u00e4.&nbsp;<\/p>\n\n\n\n<div style=\"height:20px\" aria-hidden=\"true\" class=\"wp-block-spacer\"><\/div>\n\n\n\n<h2 class=\"wp-block-heading has-text-align-left\">Sis\u00e4llysluettelo<\/h2>\n\n\n\n<p class=\"toc\"><a href=\"https:\/\/cinemaorion.fi\/en\/elavan-kuvan-keskus-elke-ry\/vr-taiteen-esittaminen-kokemuksia-ja-neuvoja\/1-virtuaalinen-taide-todelliseksi-pilottihankkeen-esittely\/\">1. \u2019Virtuaalinen taide todelliseksi\u2019 -pilottihankkeen esittely<\/a><br><a href=\"https:\/\/cinemaorion.fi\/en\/elavan-kuvan-keskus-elke-ry\/vr-taiteen-esittaminen-kokemuksia-ja-neuvoja\/2-mita-huomioida-ohjelmistovalinnoissa\/\">2. Mit\u00e4 huomioida ohjelmistovalinnoissa?<\/a><br><a href=\"https:\/\/cinemaorion.fi\/en\/elavan-kuvan-keskus-elke-ry\/vr-taiteen-esittaminen-kokemuksia-ja-neuvoja\/3-vr-laitteet-ja-kavijoiden-ohjaus\/\">3. VR-laitteet ja k\u00e4vij\u00f6iden ohjaus&nbsp;<\/a><br><em>3.1. Mit\u00e4 laitteita tarvitaan VR-taiteen esitt\u00e4miseksi?<br>3.2. Saako laitteita lainaksi, vai tarviiko ne ostaa?<br><\/em><a href=\"https:\/\/cinemaorion.fi\/en\/elavan-kuvan-keskus-elke-ry\/vr-taiteen-esittaminen-kokemuksia-ja-neuvoja\/4-teosten-installointi-ja-esityskorvaukset\/\">4. Teosten installointi ja esityskorvaukset<\/a><br><a href=\"https:\/\/cinemaorion.fi\/en\/elavan-kuvan-keskus-elke-ry\/vr-taiteen-esittaminen-kokemuksia-ja-neuvoja\/5-minkalaiset-tilat-soveltuvat-vr-taiteen-esittamiseen\/\">5. Mink\u00e4laiset tilat soveltuvat VR-taiteen esitt\u00e4miseen?<\/a><br><a href=\"https:\/\/cinemaorion.fi\/en\/elavan-kuvan-keskus-elke-ry\/vr-taiteen-esittaminen-kokemuksia-ja-neuvoja\/6-palaute-yleisolta\/\">6. Palaute yleis\u00f6lt\u00e4<\/a><br><em>6.1. Kyselyyn vastanneiden ik\u00e4jakauma<br>6.2. Kuinka usein k\u00e4vij\u00e4 oli n\u00e4hnyt VR-taidetta aiemmin<br>6.3. Miss\u00e4 VR-taidetta oli aiemmin n\u00e4hty<br>6.4. Paljonko yleis\u00f6 olisi valmis maksamaan VR-taiteen esityksest\u00e4?<br>6.5. Tavoittiko tapahtuma uutta yleis\u00f6pohjaa?<br><\/em><a href=\"https:\/\/cinemaorion.fi\/en\/elavan-kuvan-keskus-elke-ry\/vr-taiteen-esittaminen-kokemuksia-ja-neuvoja\/7-palaute-esitystiloilta\/\">7. Palaute esitystiloilta<\/a><br><em>7.1. Yleistunnelma tapahtumasta ja esitystilojen saama palaute<br>7.2. Kokemuksia maksullisesta esityksest\u00e4<br>7.3. VR-laitteiden k\u00e4ytt\u00f6\u00f6n ohjeistaminen<br><\/em><a href=\"https:\/\/cinemaorion.fi\/en\/elavan-kuvan-keskus-elke-ry\/vr-taiteen-esittaminen-kokemuksia-ja-neuvoja\/8-loppupaatelmia-vr-taiteen-esittamisesta\/\">8. Loppup\u00e4\u00e4telmi\u00e4 VR-taiteen esitt\u00e4misest\u00e4<\/a><br><a href=\"https:\/\/cinemaorion.fi\/en\/elavan-kuvan-keskus-elke-ry\/vr-taiteen-esittaminen-kokemuksia-ja-neuvoja\/9-kaytannon-vihjeita-vr-taiteen-esittamiseen\/\"><strong>9.&nbsp;K\u00e4yt\u00e4nn\u00f6n vihjeit\u00e4 VR-taiteen esitt\u00e4miseen<\/strong><\/a><br><br><a href=\"https:\/\/cinemaorion.fi\/wp-content\/uploads\/2024\/11\/VR-taiteen_paivat_palautelomake.pdf\" target=\"_blank\" rel=\"noreferrer noopener\">LIITE 1: yleis\u00f6kyselylomake<br><\/a><a href=\"https:\/\/cinemaorion.fi\/wp-content\/uploads\/2024\/11\/Yleisopalaute-RAPORTTIIN.pdf\">LIITE 2: yleis\u00f6kyselyn vastausaineisto<\/a><\/p>\n\n\n\n<p class=\"toc\"><\/p>\n\n\n\n<div style=\"height:25px\" aria-hidden=\"true\" class=\"wp-block-spacer\"><\/div>\n\n\n\n<p class=\"has-text-align-center\"><em>Hanketta rahoittaa Koneen S\u00e4\u00e4ti\u00f6 ja sen yhteisty\u00f6kumppaneita ovat VR-taidefestivaali Embrace sek\u00e4 &amp; Espoon teatteri.<\/em><\/p>\n\n\n\n<div class=\"wp-block-columns is-layout-flex wp-container-core-columns-is-layout-9d6595d7 wp-block-columns-is-layout-flex\">\n<div class=\"wp-block-column is-vertically-aligned-center is-layout-flow wp-block-column-is-layout-flow\"><div class=\"wp-block-image\">\n<figure class=\"aligncenter size-large is-resized\"><img loading=\"lazy\" decoding=\"async\" width=\"1024\" height=\"216\" src=\"https:\/\/cinemaorion.fi\/wp-content\/uploads\/2023\/08\/koneensaatio-h-logo-bitmap-07_18632570981_o-1024x216.png\" alt=\"\" class=\"wp-image-20774\" style=\"width:250px\" srcset=\"https:\/\/cinemaorion.fi\/wp-content\/uploads\/2023\/08\/koneensaatio-h-logo-bitmap-07_18632570981_o-1024x216.png 1024w, https:\/\/cinemaorion.fi\/wp-content\/uploads\/2023\/08\/koneensaatio-h-logo-bitmap-07_18632570981_o-1536x324.png 1536w, https:\/\/cinemaorion.fi\/wp-content\/uploads\/2023\/08\/koneensaatio-h-logo-bitmap-07_18632570981_o-5x1.png 5w, https:\/\/cinemaorion.fi\/wp-content\/uploads\/2023\/08\/koneensaatio-h-logo-bitmap-07_18632570981_o-300x63.png 300w, https:\/\/cinemaorion.fi\/wp-content\/uploads\/2023\/08\/koneensaatio-h-logo-bitmap-07_18632570981_o-768x162.png 768w, https:\/\/cinemaorion.fi\/wp-content\/uploads\/2023\/08\/koneensaatio-h-logo-bitmap-07_18632570981_o-2048x433.png 2048w, https:\/\/cinemaorion.fi\/wp-content\/uploads\/2023\/08\/koneensaatio-h-logo-bitmap-07_18632570981_o-18x4.png 18w\" sizes=\"auto, (max-width: 1024px) 100vw, 1024px\" \/><\/figure><\/div><\/div>\n\n\n\n<div class=\"wp-block-column is-vertically-aligned-center is-layout-flow wp-block-column-is-layout-flow\"><div class=\"wp-block-image\">\n<figure class=\"aligncenter size-large is-resized\"><img loading=\"lazy\" decoding=\"async\" width=\"1024\" height=\"386\" src=\"https:\/\/cinemaorion.fi\/wp-content\/uploads\/2023\/09\/perusversio_5_kielta_bright_purple-1024x386.png\" alt=\"\" class=\"wp-image-20951\" style=\"width:190px\" srcset=\"https:\/\/cinemaorion.fi\/wp-content\/uploads\/2023\/09\/perusversio_5_kielta_bright_purple-1024x386.png 1024w, https:\/\/cinemaorion.fi\/wp-content\/uploads\/2023\/09\/perusversio_5_kielta_bright_purple-5x2.png 5w, https:\/\/cinemaorion.fi\/wp-content\/uploads\/2023\/09\/perusversio_5_kielta_bright_purple-300x113.png 300w, https:\/\/cinemaorion.fi\/wp-content\/uploads\/2023\/09\/perusversio_5_kielta_bright_purple-768x290.png 768w, https:\/\/cinemaorion.fi\/wp-content\/uploads\/2023\/09\/perusversio_5_kielta_bright_purple-18x7.png 18w, https:\/\/cinemaorion.fi\/wp-content\/uploads\/2023\/09\/perusversio_5_kielta_bright_purple.png 1158w\" sizes=\"auto, (max-width: 1024px) 100vw, 1024px\" \/><\/figure><\/div><\/div>\n\n\n\n<div class=\"wp-block-column is-vertically-aligned-center is-layout-flow wp-block-column-is-layout-flow\"><div class=\"wp-block-image\">\n<figure class=\"aligncenter size-large is-resized\"><img loading=\"lazy\" decoding=\"async\" width=\"1024\" height=\"286\" src=\"https:\/\/cinemaorion.fi\/wp-content\/uploads\/2023\/09\/embrace_logomark_transparentBG-copy-1024x286.jpg\" alt=\"\" class=\"wp-image-20977\" style=\"width:200px\" srcset=\"https:\/\/cinemaorion.fi\/wp-content\/uploads\/2023\/09\/embrace_logomark_transparentBG-copy-1024x286.jpg 1024w, https:\/\/cinemaorion.fi\/wp-content\/uploads\/2023\/09\/embrace_logomark_transparentBG-copy-5x1.jpg 5w, https:\/\/cinemaorion.fi\/wp-content\/uploads\/2023\/09\/embrace_logomark_transparentBG-copy-300x84.jpg 300w, https:\/\/cinemaorion.fi\/wp-content\/uploads\/2023\/09\/embrace_logomark_transparentBG-copy-768x214.jpg 768w, https:\/\/cinemaorion.fi\/wp-content\/uploads\/2023\/09\/embrace_logomark_transparentBG-copy-18x5.jpg 18w, https:\/\/cinemaorion.fi\/wp-content\/uploads\/2023\/09\/embrace_logomark_transparentBG-copy.jpg 1133w\" sizes=\"auto, (max-width: 1024px) 100vw, 1024px\" \/><\/figure><\/div><\/div>\n<\/div>\n\n\n\n<div style=\"height:25px\" aria-hidden=\"true\" class=\"wp-block-spacer\"><\/div>\n\n\n\n<div class=\"wp-block-group\"><div class=\"wp-block-group__inner-container is-layout-constrained wp-block-group-is-layout-constrained\">\n<p><\/p>\n\n\n\n<p class=\"has-text-align-center vr-quote has-white-color has-text-color has-background has-link-color has-medium-font-size wp-elements-32838989cf19842be9dcd64cccd2c15c\" style=\"background-color:#18799d\"><em>&#8221;Olihan t\u00e4\u00e4 diippii shittii!&#8221;<\/em> \u2013 Yleis\u00f6palaute<\/p>\n<\/div><\/div>\n\n\n\n<p><\/p>","protected":false},"excerpt":{"rendered":"<p>VR-taiteen pop-up-esitysten j\u00e4rjest\u00e4minen erilaisissa tiloissa Edess\u00e4si on El\u00e4v\u00e4n kuvan keskus ELKE ry:n toteuttaman ja Koneen s\u00e4\u00e4ti\u00f6n rahoittaman kaksivuotisen (2023-2024) hankkeen lopputulos ja -raportti. Hankkeen l\u00e4ht\u00f6kohtana on ollut tarve lis\u00e4t\u00e4 tietoa VR-teosten (Virtual Reality, suom. virtuaalitodellisuus) esitt\u00e4misen mahdollisuuksista Suomessa.\u00a0Halusimme hankkeessa kartoittaa VR-teosten esitt\u00e4mist\u00e4 erilaisissa ymp\u00e4rist\u00f6iss\u00e4 ja erityyppisill\u00e4 teoksilla. Kokosimme tietoa sek\u00e4 yleis\u00f6lt\u00e4 ett\u00e4 esityspaikoilta, joista monet [&hellip;]<\/p>\n","protected":false},"author":6,"featured_media":0,"parent":690,"menu_order":2,"comment_status":"closed","ping_status":"closed","template":"page-vr-taide.php","meta":{"_acf_changed":false,"footnotes":""},"class_list":["post-24522","page","type-page","status-publish","hentry"],"acf":[],"yoast_head":"<!-- This site is optimized with the Yoast SEO plugin v27.3 - https:\/\/yoast.com\/product\/yoast-seo-wordpress\/ -->\n<title>VR-taiteen esitt\u00e4minen \u2014 kokemuksia ja neuvoja - ELKE RY<\/title>\n<meta name=\"description\" content=\"Kiertue k\u00e4ynnistyy syksyll\u00e4 2023 ja jatkuu kev\u00e4\u00e4ll\u00e4 2024. Esityksi\u00e4 j\u00e4rjestet\u00e4\u00e4n yhteens\u00e4 kuudella paikkakunnalla. Esitystilat palvelevat eri taidemuotoja, eik\u00e4 niiss\u00e4 yleens\u00e4 esitet\u00e4 VR-taidetta. Mukana kiertueella on elokuvateattereita, kirjastoja, kulttuurikeskuksia ja taidegalleria.\" \/>\n<meta name=\"robots\" content=\"index, follow, max-snippet:-1, max-image-preview:large, max-video-preview:-1\" \/>\n<link rel=\"canonical\" href=\"https:\/\/cinemaorion.fi\/en\/elavan-kuvan-keskus-elke-ry\/vr-taiteen-paivat\/\" \/>\n<meta property=\"og:locale\" content=\"en_GB\" \/>\n<meta property=\"og:type\" content=\"article\" \/>\n<meta property=\"og:title\" content=\"VR-taiteen p\u00e4iv\u00e4t - Elke RY\" \/>\n<meta property=\"og:description\" content=\"Kiertue k\u00e4ynnistyy syksyll\u00e4 2023 ja jatkuu kev\u00e4\u00e4ll\u00e4 2024. Esityksi\u00e4 j\u00e4rjestet\u00e4\u00e4n yhteens\u00e4 kuudella paikkakunnalla. Esitystilat palvelevat eri taidemuotoja, eik\u00e4 niiss\u00e4 yleens\u00e4 esitet\u00e4 VR-taidetta. Mukana kiertueella on elokuvateattereita, kirjastoja, kulttuurikeskuksia ja taidegalleria.\" \/>\n<meta property=\"og:url\" content=\"https:\/\/cinemaorion.fi\/en\/elavan-kuvan-keskus-elke-ry\/vr-taiteen-paivat\/\" \/>\n<meta property=\"og:site_name\" content=\"Cinema Orion\" \/>\n<meta property=\"article:publisher\" content=\"https:\/\/www.facebook.com\/cinemaorion\" \/>\n<meta property=\"article:modified_time\" content=\"2024-11-26T09:31:18+00:00\" \/>\n<meta property=\"og:image\" content=\"https:\/\/cinemaorion.fi\/wp-content\/uploads\/2023\/08\/vr_taiteen_paivat_banneri_1920x1080.png\" \/>\n\t<meta property=\"og:image:width\" content=\"1920\" \/>\n\t<meta property=\"og:image:height\" content=\"1080\" \/>\n\t<meta property=\"og:image:type\" content=\"image\/png\" \/>\n<meta name=\"twitter:card\" content=\"summary_large_image\" \/>\n<meta name=\"twitter:title\" content=\"VR-taiteen esitt\u00e4minen \u2014 kokemuksia ja neuvoja - ELKE RY\" \/>\n<meta name=\"twitter:description\" content=\"Kiertue k\u00e4ynnistyy syksyll\u00e4 2023 ja jatkuu kev\u00e4\u00e4ll\u00e4 2024. Esityksi\u00e4 j\u00e4rjestet\u00e4\u00e4n yhteens\u00e4 kuudella paikkakunnalla. Esitystilat palvelevat eri taidemuotoja, eik\u00e4 niiss\u00e4 yleens\u00e4 esitet\u00e4 VR-taidetta. Mukana kiertueella on elokuvateattereita, kirjastoja, kulttuurikeskuksia ja taidegalleria.\" \/>\n<meta name=\"twitter:image\" content=\"https:\/\/cinemaorion.fi\/wp-content\/uploads\/2023\/08\/vr_taiteen_paivat_banneri_1920x1080.png\" \/>\n<meta name=\"twitter:site\" content=\"@cinemaorion\" \/>\n<meta name=\"twitter:label1\" content=\"Estimated reading time\" \/>\n\t<meta name=\"twitter:data1\" content=\"3 minutes\" \/>\n<script type=\"application\/ld+json\" class=\"yoast-schema-graph\">{\"@context\":\"https:\\\/\\\/schema.org\",\"@graph\":[{\"@type\":\"WebPage\",\"@id\":\"https:\\\/\\\/cinemaorion.fi\\\/elavan-kuvan-keskus-elke-ry\\\/vr-taiteen-paivat\\\/\",\"url\":\"https:\\\/\\\/cinemaorion.fi\\\/elavan-kuvan-keskus-elke-ry\\\/vr-taiteen-paivat\\\/\",\"name\":\"VR-taiteen esitt\u00e4minen \u2014 kokemuksia ja neuvoja - ELKE RY\",\"isPartOf\":{\"@id\":\"https:\\\/\\\/cinemaorion.fi\\\/#website\"},\"primaryImageOfPage\":{\"@id\":\"https:\\\/\\\/cinemaorion.fi\\\/elavan-kuvan-keskus-elke-ry\\\/vr-taiteen-paivat\\\/#primaryimage\"},\"image\":{\"@id\":\"https:\\\/\\\/cinemaorion.fi\\\/elavan-kuvan-keskus-elke-ry\\\/vr-taiteen-paivat\\\/#primaryimage\"},\"thumbnailUrl\":\"https:\\\/\\\/cinemaorion.fi\\\/wp-content\\\/uploads\\\/2024\\\/11\\\/vr_taide_intro-1024x885.jpg\",\"datePublished\":\"2024-11-08T16:47:39+00:00\",\"dateModified\":\"2024-11-26T09:31:18+00:00\",\"description\":\"Kiertue k\u00e4ynnistyy syksyll\u00e4 2023 ja jatkuu kev\u00e4\u00e4ll\u00e4 2024. Esityksi\u00e4 j\u00e4rjestet\u00e4\u00e4n yhteens\u00e4 kuudella paikkakunnalla. Esitystilat palvelevat eri taidemuotoja, eik\u00e4 niiss\u00e4 yleens\u00e4 esitet\u00e4 VR-taidetta. Mukana kiertueella on elokuvateattereita, kirjastoja, kulttuurikeskuksia ja taidegalleria.\",\"breadcrumb\":{\"@id\":\"https:\\\/\\\/cinemaorion.fi\\\/elavan-kuvan-keskus-elke-ry\\\/vr-taiteen-paivat\\\/#breadcrumb\"},\"inLanguage\":\"en-GB\",\"potentialAction\":[{\"@type\":\"ReadAction\",\"target\":[\"https:\\\/\\\/cinemaorion.fi\\\/elavan-kuvan-keskus-elke-ry\\\/vr-taiteen-paivat\\\/\"]}]},{\"@type\":\"ImageObject\",\"inLanguage\":\"en-GB\",\"@id\":\"https:\\\/\\\/cinemaorion.fi\\\/elavan-kuvan-keskus-elke-ry\\\/vr-taiteen-paivat\\\/#primaryimage\",\"url\":\"https:\\\/\\\/cinemaorion.fi\\\/wp-content\\\/uploads\\\/2024\\\/11\\\/vr_taide_intro-1024x885.jpg\",\"contentUrl\":\"https:\\\/\\\/cinemaorion.fi\\\/wp-content\\\/uploads\\\/2024\\\/11\\\/vr_taide_intro-1024x885.jpg\"},{\"@type\":\"BreadcrumbList\",\"@id\":\"https:\\\/\\\/cinemaorion.fi\\\/elavan-kuvan-keskus-elke-ry\\\/vr-taiteen-paivat\\\/#breadcrumb\",\"itemListElement\":[{\"@type\":\"ListItem\",\"position\":1,\"name\":\"Home\",\"item\":\"https:\\\/\\\/cinemaorion.fi\\\/\"},{\"@type\":\"ListItem\",\"position\":2,\"name\":\"El\u00e4v\u00e4n kuvan keskus ELKE ry\",\"item\":\"https:\\\/\\\/cinemaorion.fi\\\/elavan-kuvan-keskus-elke-ry\\\/\"},{\"@type\":\"ListItem\",\"position\":3,\"name\":\"VR-taiteen esitt\u00e4minen \u2014 kokemuksia ja neuvoja\"}]},{\"@type\":\"WebSite\",\"@id\":\"https:\\\/\\\/cinemaorion.fi\\\/#website\",\"url\":\"https:\\\/\\\/cinemaorion.fi\\\/\",\"name\":\"Cinema Orion\",\"description\":\"Cinema Orion tagline\",\"publisher\":{\"@id\":\"https:\\\/\\\/cinemaorion.fi\\\/#organization\"},\"alternateName\":\"Elokuvateatteri Orion\",\"potentialAction\":[{\"@type\":\"SearchAction\",\"target\":{\"@type\":\"EntryPoint\",\"urlTemplate\":\"https:\\\/\\\/cinemaorion.fi\\\/?s={search_term_string}\"},\"query-input\":{\"@type\":\"PropertyValueSpecification\",\"valueRequired\":true,\"valueName\":\"search_term_string\"}}],\"inLanguage\":\"en-GB\"},{\"@type\":\"Organization\",\"@id\":\"https:\\\/\\\/cinemaorion.fi\\\/#organization\",\"name\":\"Cinema Orion\",\"url\":\"https:\\\/\\\/cinemaorion.fi\\\/\",\"logo\":{\"@type\":\"ImageObject\",\"inLanguage\":\"en-GB\",\"@id\":\"https:\\\/\\\/cinemaorion.fi\\\/#\\\/schema\\\/logo\\\/image\\\/\",\"url\":\"https:\\\/\\\/cinemaorion.fi\\\/wp-content\\\/uploads\\\/2021\\\/03\\\/logo-cinemaorion-elke-ry.png\",\"contentUrl\":\"https:\\\/\\\/cinemaorion.fi\\\/wp-content\\\/uploads\\\/2021\\\/03\\\/logo-cinemaorion-elke-ry.png\",\"width\":1300,\"height\":278,\"caption\":\"Cinema Orion\"},\"image\":{\"@id\":\"https:\\\/\\\/cinemaorion.fi\\\/#\\\/schema\\\/logo\\\/image\\\/\"},\"sameAs\":[\"https:\\\/\\\/www.facebook.com\\\/cinemaorion\",\"https:\\\/\\\/x.com\\\/cinemaorion\",\"https:\\\/\\\/www.instagram.com\\\/cinemaorion\\\/\",\"https:\\\/\\\/twitter.com\\\/cinemaorion\"]}]}<\/script>\n<!-- \/ Yoast SEO plugin. -->","yoast_head_json":{"title":"VR-taiteen esitt\u00e4minen \u2014 kokemuksia ja neuvoja - ELKE RY","description":"Kiertue k\u00e4ynnistyy syksyll\u00e4 2023 ja jatkuu kev\u00e4\u00e4ll\u00e4 2024. Esityksi\u00e4 j\u00e4rjestet\u00e4\u00e4n yhteens\u00e4 kuudella paikkakunnalla. Esitystilat palvelevat eri taidemuotoja, eik\u00e4 niiss\u00e4 yleens\u00e4 esitet\u00e4 VR-taidetta. Mukana kiertueella on elokuvateattereita, kirjastoja, kulttuurikeskuksia ja taidegalleria.","robots":{"index":"index","follow":"follow","max-snippet":"max-snippet:-1","max-image-preview":"max-image-preview:large","max-video-preview":"max-video-preview:-1"},"canonical":"https:\/\/cinemaorion.fi\/en\/elavan-kuvan-keskus-elke-ry\/vr-taiteen-paivat\/","og_locale":"en_GB","og_type":"article","og_title":"VR-taiteen p\u00e4iv\u00e4t - Elke RY","og_description":"Kiertue k\u00e4ynnistyy syksyll\u00e4 2023 ja jatkuu kev\u00e4\u00e4ll\u00e4 2024. Esityksi\u00e4 j\u00e4rjestet\u00e4\u00e4n yhteens\u00e4 kuudella paikkakunnalla. Esitystilat palvelevat eri taidemuotoja, eik\u00e4 niiss\u00e4 yleens\u00e4 esitet\u00e4 VR-taidetta. Mukana kiertueella on elokuvateattereita, kirjastoja, kulttuurikeskuksia ja taidegalleria.","og_url":"https:\/\/cinemaorion.fi\/en\/elavan-kuvan-keskus-elke-ry\/vr-taiteen-paivat\/","og_site_name":"Cinema Orion","article_publisher":"https:\/\/www.facebook.com\/cinemaorion","article_modified_time":"2024-11-26T09:31:18+00:00","og_image":[{"width":1920,"height":1080,"url":"https:\/\/cinemaorion.fi\/wp-content\/uploads\/2023\/08\/vr_taiteen_paivat_banneri_1920x1080.png","type":"image\/png"}],"twitter_card":"summary_large_image","twitter_title":"VR-taiteen esitt\u00e4minen \u2014 kokemuksia ja neuvoja - ELKE RY","twitter_description":"Kiertue k\u00e4ynnistyy syksyll\u00e4 2023 ja jatkuu kev\u00e4\u00e4ll\u00e4 2024. Esityksi\u00e4 j\u00e4rjestet\u00e4\u00e4n yhteens\u00e4 kuudella paikkakunnalla. Esitystilat palvelevat eri taidemuotoja, eik\u00e4 niiss\u00e4 yleens\u00e4 esitet\u00e4 VR-taidetta. Mukana kiertueella on elokuvateattereita, kirjastoja, kulttuurikeskuksia ja taidegalleria.","twitter_image":"https:\/\/cinemaorion.fi\/wp-content\/uploads\/2023\/08\/vr_taiteen_paivat_banneri_1920x1080.png","twitter_site":"@cinemaorion","twitter_misc":{"Estimated reading time":"3 minutes"},"schema":{"@context":"https:\/\/schema.org","@graph":[{"@type":"WebPage","@id":"https:\/\/cinemaorion.fi\/elavan-kuvan-keskus-elke-ry\/vr-taiteen-paivat\/","url":"https:\/\/cinemaorion.fi\/elavan-kuvan-keskus-elke-ry\/vr-taiteen-paivat\/","name":"VR-taiteen esitt\u00e4minen \u2014 kokemuksia ja neuvoja - ELKE RY","isPartOf":{"@id":"https:\/\/cinemaorion.fi\/#website"},"primaryImageOfPage":{"@id":"https:\/\/cinemaorion.fi\/elavan-kuvan-keskus-elke-ry\/vr-taiteen-paivat\/#primaryimage"},"image":{"@id":"https:\/\/cinemaorion.fi\/elavan-kuvan-keskus-elke-ry\/vr-taiteen-paivat\/#primaryimage"},"thumbnailUrl":"https:\/\/cinemaorion.fi\/wp-content\/uploads\/2024\/11\/vr_taide_intro-1024x885.jpg","datePublished":"2024-11-08T16:47:39+00:00","dateModified":"2024-11-26T09:31:18+00:00","description":"Kiertue k\u00e4ynnistyy syksyll\u00e4 2023 ja jatkuu kev\u00e4\u00e4ll\u00e4 2024. Esityksi\u00e4 j\u00e4rjestet\u00e4\u00e4n yhteens\u00e4 kuudella paikkakunnalla. Esitystilat palvelevat eri taidemuotoja, eik\u00e4 niiss\u00e4 yleens\u00e4 esitet\u00e4 VR-taidetta. Mukana kiertueella on elokuvateattereita, kirjastoja, kulttuurikeskuksia ja taidegalleria.","breadcrumb":{"@id":"https:\/\/cinemaorion.fi\/elavan-kuvan-keskus-elke-ry\/vr-taiteen-paivat\/#breadcrumb"},"inLanguage":"en-GB","potentialAction":[{"@type":"ReadAction","target":["https:\/\/cinemaorion.fi\/elavan-kuvan-keskus-elke-ry\/vr-taiteen-paivat\/"]}]},{"@type":"ImageObject","inLanguage":"en-GB","@id":"https:\/\/cinemaorion.fi\/elavan-kuvan-keskus-elke-ry\/vr-taiteen-paivat\/#primaryimage","url":"https:\/\/cinemaorion.fi\/wp-content\/uploads\/2024\/11\/vr_taide_intro-1024x885.jpg","contentUrl":"https:\/\/cinemaorion.fi\/wp-content\/uploads\/2024\/11\/vr_taide_intro-1024x885.jpg"},{"@type":"BreadcrumbList","@id":"https:\/\/cinemaorion.fi\/elavan-kuvan-keskus-elke-ry\/vr-taiteen-paivat\/#breadcrumb","itemListElement":[{"@type":"ListItem","position":1,"name":"Home","item":"https:\/\/cinemaorion.fi\/"},{"@type":"ListItem","position":2,"name":"El\u00e4v\u00e4n kuvan keskus ELKE ry","item":"https:\/\/cinemaorion.fi\/elavan-kuvan-keskus-elke-ry\/"},{"@type":"ListItem","position":3,"name":"VR-taiteen esitt\u00e4minen \u2014 kokemuksia ja neuvoja"}]},{"@type":"WebSite","@id":"https:\/\/cinemaorion.fi\/#website","url":"https:\/\/cinemaorion.fi\/","name":"Cinema Orion","description":"Cinema Orion tagline","publisher":{"@id":"https:\/\/cinemaorion.fi\/#organization"},"alternateName":"Elokuvateatteri Orion","potentialAction":[{"@type":"SearchAction","target":{"@type":"EntryPoint","urlTemplate":"https:\/\/cinemaorion.fi\/?s={search_term_string}"},"query-input":{"@type":"PropertyValueSpecification","valueRequired":true,"valueName":"search_term_string"}}],"inLanguage":"en-GB"},{"@type":"Organization","@id":"https:\/\/cinemaorion.fi\/#organization","name":"Cinema Orion","url":"https:\/\/cinemaorion.fi\/","logo":{"@type":"ImageObject","inLanguage":"en-GB","@id":"https:\/\/cinemaorion.fi\/#\/schema\/logo\/image\/","url":"https:\/\/cinemaorion.fi\/wp-content\/uploads\/2021\/03\/logo-cinemaorion-elke-ry.png","contentUrl":"https:\/\/cinemaorion.fi\/wp-content\/uploads\/2021\/03\/logo-cinemaorion-elke-ry.png","width":1300,"height":278,"caption":"Cinema Orion"},"image":{"@id":"https:\/\/cinemaorion.fi\/#\/schema\/logo\/image\/"},"sameAs":["https:\/\/www.facebook.com\/cinemaorion","https:\/\/x.com\/cinemaorion","https:\/\/www.instagram.com\/cinemaorion\/","https:\/\/twitter.com\/cinemaorion"]}]}},"_links":{"self":[{"href":"https:\/\/cinemaorion.fi\/en\/wp-json\/wp\/v2\/pages\/24522","targetHints":{"allow":["GET"]}}],"collection":[{"href":"https:\/\/cinemaorion.fi\/en\/wp-json\/wp\/v2\/pages"}],"about":[{"href":"https:\/\/cinemaorion.fi\/en\/wp-json\/wp\/v2\/types\/page"}],"author":[{"embeddable":true,"href":"https:\/\/cinemaorion.fi\/en\/wp-json\/wp\/v2\/users\/6"}],"replies":[{"embeddable":true,"href":"https:\/\/cinemaorion.fi\/en\/wp-json\/wp\/v2\/comments?post=24522"}],"version-history":[{"count":20,"href":"https:\/\/cinemaorion.fi\/en\/wp-json\/wp\/v2\/pages\/24522\/revisions"}],"predecessor-version":[{"id":24845,"href":"https:\/\/cinemaorion.fi\/en\/wp-json\/wp\/v2\/pages\/24522\/revisions\/24845"}],"up":[{"embeddable":true,"href":"https:\/\/cinemaorion.fi\/en\/wp-json\/wp\/v2\/pages\/690"}],"wp:attachment":[{"href":"https:\/\/cinemaorion.fi\/en\/wp-json\/wp\/v2\/media?parent=24522"}],"curies":[{"name":"wp","href":"https:\/\/api.w.org\/{rel}","templated":true}]}}