{"id":21185,"date":"2023-10-10T11:36:43","date_gmt":"2023-10-10T11:36:43","guid":{"rendered":"https:\/\/cinemaorion.fi\/?page_id=21185"},"modified":"2023-10-10T11:36:44","modified_gmt":"2023-10-10T11:36:44","slug":"kino-k13","status":"publish","type":"page","link":"https:\/\/cinemaorion.fi\/en\/kino-k13\/","title":{"rendered":"KINO K13"},"content":{"rendered":"<p><strong>Cinema Orionin erikoisohjelmistoa Kino K13 -teatteriin<\/strong><\/p>\n\n\n\n<p>Vesivahinkojen vuoksi ovensa sulkemaan joutunut Cinema Orion saa v\u00e4liaikaisen v\u00e4ist\u00f6tilan Suomen elokuvas\u00e4\u00e4ti\u00f6n Kino K13:ssa Helsingin Katajanokalla 18.10. alkaen. Kino K13:ssa tullaan n\u00e4kem\u00e4\u00e4n poimintoja Orionin syksyn erikoisohjelmistosta, kuten Kuolleet lehdet -neulontan\u00e4yt\u00f6s ja HopeaCine-elokuvakerhon Lapua 1976 -n\u00e4yt\u00f6s tekij\u00e4vieraiden esittelem\u00e4n\u00e4.<\/p>\n\n\n\n<p>N\u00e4yt\u00f6sten lis\u00e4ksi Kino K13:n aulassa myyd\u00e4\u00e4n Cinema Orionin oheistuotteita, kuten t-paitoja ja kangaskasseja, sek\u00e4 lahja- ja sarjakortteja Orionin kauniissa lahjakuorissa.<\/p>\n\n\n\n<p>Erikoisn\u00e4yt\u00f6kset aloittaa helsinkil\u00e4isille el\u00e4kel\u00e4isille suunnatun HopeaCine-elokuvakerhon\u00a0<em>Lapua 1976<\/em>\u00a0-n\u00e4yt\u00f6s keskiviikkona 18.10.\u00a0klo 13.<\/p>\n\n\n\n<p><\/p>\n\n\n\n<p><a href=\"https:\/\/www.ses.fi\/kinok13\/kino-k-13n-saavutettavuus\/\"><strong>Kino K13 &#8211; Saavutettavuus<\/strong><\/a><\/p>\n\n\n\n<figure class=\"wp-block-gallery has-nested-images columns-default is-cropped wp-block-gallery-1 is-layout-flex wp-block-gallery-is-layout-flex\">\n<figure class=\"wp-block-image size-large\"><img loading=\"lazy\" decoding=\"async\" width=\"1024\" height=\"819\" data-id=\"21186\" src=\"https:\/\/cinemaorion.fi\/wp-content\/uploads\/2023\/10\/Kino_K13_aula_11-1024x819.jpg\" alt=\"\" class=\"wp-image-21186\" srcset=\"https:\/\/cinemaorion.fi\/wp-content\/uploads\/2023\/10\/Kino_K13_aula_11-1024x819.jpg 1024w, https:\/\/cinemaorion.fi\/wp-content\/uploads\/2023\/10\/Kino_K13_aula_11-5x5.jpg 5w, https:\/\/cinemaorion.fi\/wp-content\/uploads\/2023\/10\/Kino_K13_aula_11-300x240.jpg 300w, https:\/\/cinemaorion.fi\/wp-content\/uploads\/2023\/10\/Kino_K13_aula_11-768x614.jpg 768w, https:\/\/cinemaorion.fi\/wp-content\/uploads\/2023\/10\/Kino_K13_aula_11-15x12.jpg 15w, https:\/\/cinemaorion.fi\/wp-content\/uploads\/2023\/10\/Kino_K13_aula_11.jpg 1500w\" sizes=\"auto, (max-width: 1024px) 100vw, 1024px\" \/><\/figure>\n\n\n\n<figure class=\"wp-block-image size-large\"><img loading=\"lazy\" decoding=\"async\" width=\"1024\" height=\"819\" data-id=\"21188\" src=\"https:\/\/cinemaorion.fi\/wp-content\/uploads\/2023\/10\/Kino-K13_sali-2-1024x819.jpg\" alt=\"\" class=\"wp-image-21188\" srcset=\"https:\/\/cinemaorion.fi\/wp-content\/uploads\/2023\/10\/Kino-K13_sali-2-1024x819.jpg 1024w, https:\/\/cinemaorion.fi\/wp-content\/uploads\/2023\/10\/Kino-K13_sali-2-5x5.jpg 5w, https:\/\/cinemaorion.fi\/wp-content\/uploads\/2023\/10\/Kino-K13_sali-2-300x240.jpg 300w, https:\/\/cinemaorion.fi\/wp-content\/uploads\/2023\/10\/Kino-K13_sali-2-768x614.jpg 768w, https:\/\/cinemaorion.fi\/wp-content\/uploads\/2023\/10\/Kino-K13_sali-2-15x12.jpg 15w, https:\/\/cinemaorion.fi\/wp-content\/uploads\/2023\/10\/Kino-K13_sali-2.jpg 1500w\" sizes=\"auto, (max-width: 1024px) 100vw, 1024px\" \/><\/figure>\n\n\n\n<figure class=\"wp-block-image size-large\"><img loading=\"lazy\" decoding=\"async\" width=\"1024\" height=\"819\" data-id=\"21187\" src=\"https:\/\/cinemaorion.fi\/wp-content\/uploads\/2023\/10\/Kino-K13_sali-penkit-3-1024x819.jpg\" alt=\"\" class=\"wp-image-21187\" srcset=\"https:\/\/cinemaorion.fi\/wp-content\/uploads\/2023\/10\/Kino-K13_sali-penkit-3-1024x819.jpg 1024w, https:\/\/cinemaorion.fi\/wp-content\/uploads\/2023\/10\/Kino-K13_sali-penkit-3-5x5.jpg 5w, https:\/\/cinemaorion.fi\/wp-content\/uploads\/2023\/10\/Kino-K13_sali-penkit-3-300x240.jpg 300w, https:\/\/cinemaorion.fi\/wp-content\/uploads\/2023\/10\/Kino-K13_sali-penkit-3-768x614.jpg 768w, https:\/\/cinemaorion.fi\/wp-content\/uploads\/2023\/10\/Kino-K13_sali-penkit-3-15x12.jpg 15w, https:\/\/cinemaorion.fi\/wp-content\/uploads\/2023\/10\/Kino-K13_sali-penkit-3.jpg 1500w\" sizes=\"auto, (max-width: 1024px) 100vw, 1024px\" \/><\/figure>\n\n\n\n<figure class=\"wp-block-image size-large\"><img loading=\"lazy\" decoding=\"async\" width=\"1024\" height=\"281\" data-id=\"21189\" src=\"https:\/\/cinemaorion.fi\/wp-content\/uploads\/2023\/10\/kino-k13-logo_musta-2-1024x281.jpg\" alt=\"\" class=\"wp-image-21189\" srcset=\"https:\/\/cinemaorion.fi\/wp-content\/uploads\/2023\/10\/kino-k13-logo_musta-2-1024x281.jpg 1024w, https:\/\/cinemaorion.fi\/wp-content\/uploads\/2023\/10\/kino-k13-logo_musta-2-5x1.jpg 5w, https:\/\/cinemaorion.fi\/wp-content\/uploads\/2023\/10\/kino-k13-logo_musta-2-300x82.jpg 300w, https:\/\/cinemaorion.fi\/wp-content\/uploads\/2023\/10\/kino-k13-logo_musta-2-768x211.jpg 768w, https:\/\/cinemaorion.fi\/wp-content\/uploads\/2023\/10\/kino-k13-logo_musta-2-1536x421.jpg 1536w, https:\/\/cinemaorion.fi\/wp-content\/uploads\/2023\/10\/kino-k13-logo_musta-2-2048x562.jpg 2048w, https:\/\/cinemaorion.fi\/wp-content\/uploads\/2023\/10\/kino-k13-logo_musta-2-18x5.jpg 18w\" sizes=\"auto, (max-width: 1024px) 100vw, 1024px\" \/><\/figure>\n<\/figure>","protected":false},"excerpt":{"rendered":"<p>Cinema Orionin erikoisohjelmistoa Kino K13 -teatteriin Vesivahinkojen vuoksi ovensa sulkemaan joutunut Cinema Orion saa v\u00e4liaikaisen v\u00e4ist\u00f6tilan Suomen elokuvas\u00e4\u00e4ti\u00f6n Kino K13:ssa Helsingin Katajanokalla 18.10. alkaen. Kino K13:ssa tullaan n\u00e4kem\u00e4\u00e4n poimintoja Orionin syksyn erikoisohjelmistosta, kuten Kuolleet lehdet -neulontan\u00e4yt\u00f6s ja HopeaCine-elokuvakerhon Lapua 1976 -n\u00e4yt\u00f6s tekij\u00e4vieraiden esittelem\u00e4n\u00e4. N\u00e4yt\u00f6sten lis\u00e4ksi Kino K13:n aulassa myyd\u00e4\u00e4n Cinema Orionin oheistuotteita, kuten t-paitoja ja [&hellip;]<\/p>\n","protected":false},"author":31,"featured_media":0,"parent":0,"menu_order":0,"comment_status":"closed","ping_status":"closed","template":"","meta":{"_acf_changed":false,"footnotes":""},"class_list":["post-21185","page","type-page","status-publish","hentry"],"acf":[],"yoast_head":"<!-- This site is optimized with the Yoast SEO plugin v27.6 - https:\/\/yoast.com\/product\/yoast-seo-wordpress\/ -->\n<title>KINO K13 - Cinema Orion<\/title>\n<meta name=\"description\" content=\"Cinema Orionin erikoisohjelmistoa Kino K13 -teatteriinVesivahinkojen vuoksi ovensa sulkemaan joutunut Cinema Orion saa v\u00e4liaikaisen v\u00e4ist\u00f6tilan Suomen elokuvas\u00e4\u00e4ti\u00f6n Kino K13:ssa Helsingin Katajanokalla 18.10. alkaen. Kino K13:ssa tullaan n\u00e4kem\u00e4\u00e4n poimintoja Orionin syksyn erikoisohjelmistosta, kuten Kuolleet lehdet -neulontan\u00e4yt\u00f6s ja HopeaCine-elokuvakerhon Lapua 1976 -n\u00e4yt\u00f6s tekij\u00e4vieraiden esittelem\u00e4n\u00e4.N\u00e4yt\u00f6sten lis\u00e4ksi Kino K13:n aulassa myyd\u00e4\u00e4n Cinema Orionin oheistuotteita, kuten t-paitoja ja kangaskasseja, sek\u00e4 lahja- ja sarjakortteja Orionin kauniissa lahjakuorissa.Erikoisn\u00e4yt\u00f6kset aloittaa helsinkil\u00e4isille el\u00e4kel\u00e4isille suunnatun HopeaCine-elokuvakerhon\u00a0Lapua 1976\u00a0-n\u00e4yt\u00f6s keskiviikkona 18.10.\u00a0klo 13.Kino K13 - Saavutettavuus\" \/>\n<meta name=\"robots\" content=\"index, follow, max-snippet:-1, max-image-preview:large, max-video-preview:-1\" \/>\n<link rel=\"canonical\" href=\"https:\/\/cinemaorion.fi\/en\/kino-k13\/\" \/>\n<meta property=\"og:locale\" content=\"en_GB\" \/>\n<meta property=\"og:type\" content=\"article\" \/>\n<meta property=\"og:title\" content=\"KINO K13 - Cinema Orion\" \/>\n<meta property=\"og:description\" content=\"Cinema Orionin erikoisohjelmistoa Kino K13 -teatteriinVesivahinkojen vuoksi ovensa sulkemaan joutunut Cinema Orion saa v\u00e4liaikaisen v\u00e4ist\u00f6tilan Suomen elokuvas\u00e4\u00e4ti\u00f6n Kino K13:ssa Helsingin Katajanokalla 18.10. alkaen. Kino K13:ssa tullaan n\u00e4kem\u00e4\u00e4n poimintoja Orionin syksyn erikoisohjelmistosta, kuten Kuolleet lehdet -neulontan\u00e4yt\u00f6s ja HopeaCine-elokuvakerhon Lapua 1976 -n\u00e4yt\u00f6s tekij\u00e4vieraiden esittelem\u00e4n\u00e4.N\u00e4yt\u00f6sten lis\u00e4ksi Kino K13:n aulassa myyd\u00e4\u00e4n Cinema Orionin oheistuotteita, kuten t-paitoja ja kangaskasseja, sek\u00e4 lahja- ja sarjakortteja Orionin kauniissa lahjakuorissa.Erikoisn\u00e4yt\u00f6kset aloittaa helsinkil\u00e4isille el\u00e4kel\u00e4isille suunnatun HopeaCine-elokuvakerhon\u00a0Lapua 1976\u00a0-n\u00e4yt\u00f6s keskiviikkona 18.10.\u00a0klo 13.Kino K13 - Saavutettavuus\" \/>\n<meta property=\"og:url\" content=\"https:\/\/cinemaorion.fi\/en\/kino-k13\/\" \/>\n<meta property=\"og:site_name\" content=\"Cinema Orion\" \/>\n<meta property=\"article:publisher\" content=\"https:\/\/www.facebook.com\/cinemaorion\" \/>\n<meta property=\"article:modified_time\" content=\"2023-10-10T11:36:44+00:00\" \/>\n<meta property=\"og:image\" content=\"https:\/\/cinemaorion.fi\/wp-content\/uploads\/2023\/10\/Kino_K13_aula_11.jpg\" \/>\n<meta name=\"twitter:card\" content=\"summary_large_image\" \/>\n<meta name=\"twitter:site\" content=\"@cinemaorion\" \/>\n<meta name=\"twitter:label1\" content=\"Estimated reading time\" \/>\n\t<meta name=\"twitter:data1\" content=\"2 minutes\" \/>\n<script type=\"application\/ld+json\" class=\"yoast-schema-graph\">{\"@context\":\"https:\\\/\\\/schema.org\",\"@graph\":[{\"@type\":\"WebPage\",\"@id\":\"https:\\\/\\\/cinemaorion.fi\\\/kino-k13\\\/\",\"url\":\"https:\\\/\\\/cinemaorion.fi\\\/kino-k13\\\/\",\"name\":\"KINO K13 - Cinema Orion\",\"isPartOf\":{\"@id\":\"https:\\\/\\\/cinemaorion.fi\\\/#website\"},\"primaryImageOfPage\":{\"@id\":\"https:\\\/\\\/cinemaorion.fi\\\/kino-k13\\\/#primaryimage\"},\"image\":{\"@id\":\"https:\\\/\\\/cinemaorion.fi\\\/kino-k13\\\/#primaryimage\"},\"thumbnailUrl\":\"https:\\\/\\\/cinemaorion.fi\\\/wp-content\\\/uploads\\\/2023\\\/10\\\/Kino_K13_aula_11-1024x819.jpg\",\"datePublished\":\"2023-10-10T11:36:43+00:00\",\"dateModified\":\"2023-10-10T11:36:44+00:00\",\"description\":\"Cinema Orionin erikoisohjelmistoa Kino K13 -teatteriinVesivahinkojen vuoksi ovensa sulkemaan joutunut Cinema Orion saa v\u00e4liaikaisen v\u00e4ist\u00f6tilan Suomen elokuvas\u00e4\u00e4ti\u00f6n Kino K13:ssa Helsingin Katajanokalla 18.10. alkaen. Kino K13:ssa tullaan n\u00e4kem\u00e4\u00e4n poimintoja Orionin syksyn erikoisohjelmistosta, kuten Kuolleet lehdet -neulontan\u00e4yt\u00f6s ja HopeaCine-elokuvakerhon Lapua 1976 -n\u00e4yt\u00f6s tekij\u00e4vieraiden esittelem\u00e4n\u00e4.N\u00e4yt\u00f6sten lis\u00e4ksi Kino K13:n aulassa myyd\u00e4\u00e4n Cinema Orionin oheistuotteita, kuten t-paitoja ja kangaskasseja, sek\u00e4 lahja- ja sarjakortteja Orionin kauniissa lahjakuorissa.Erikoisn\u00e4yt\u00f6kset aloittaa helsinkil\u00e4isille el\u00e4kel\u00e4isille suunnatun HopeaCine-elokuvakerhon\u00a0Lapua 1976\u00a0-n\u00e4yt\u00f6s keskiviikkona 18.10.\u00a0klo 13.Kino K13 - Saavutettavuus\",\"breadcrumb\":{\"@id\":\"https:\\\/\\\/cinemaorion.fi\\\/kino-k13\\\/#breadcrumb\"},\"inLanguage\":\"en-GB\",\"potentialAction\":[{\"@type\":\"ReadAction\",\"target\":[\"https:\\\/\\\/cinemaorion.fi\\\/kino-k13\\\/\"]}]},{\"@type\":\"ImageObject\",\"inLanguage\":\"en-GB\",\"@id\":\"https:\\\/\\\/cinemaorion.fi\\\/kino-k13\\\/#primaryimage\",\"url\":\"https:\\\/\\\/cinemaorion.fi\\\/wp-content\\\/uploads\\\/2023\\\/10\\\/Kino_K13_aula_11-1024x819.jpg\",\"contentUrl\":\"https:\\\/\\\/cinemaorion.fi\\\/wp-content\\\/uploads\\\/2023\\\/10\\\/Kino_K13_aula_11-1024x819.jpg\"},{\"@type\":\"BreadcrumbList\",\"@id\":\"https:\\\/\\\/cinemaorion.fi\\\/kino-k13\\\/#breadcrumb\",\"itemListElement\":[{\"@type\":\"ListItem\",\"position\":1,\"name\":\"Home\",\"item\":\"https:\\\/\\\/cinemaorion.fi\\\/\"},{\"@type\":\"ListItem\",\"position\":2,\"name\":\"KINO K13\"}]},{\"@type\":\"WebSite\",\"@id\":\"https:\\\/\\\/cinemaorion.fi\\\/#website\",\"url\":\"https:\\\/\\\/cinemaorion.fi\\\/\",\"name\":\"Cinema Orion\",\"description\":\"Cinema Orion tagline\",\"publisher\":{\"@id\":\"https:\\\/\\\/cinemaorion.fi\\\/#organization\"},\"alternateName\":\"Elokuvateatteri Orion\",\"potentialAction\":[{\"@type\":\"SearchAction\",\"target\":{\"@type\":\"EntryPoint\",\"urlTemplate\":\"https:\\\/\\\/cinemaorion.fi\\\/?s={search_term_string}\"},\"query-input\":{\"@type\":\"PropertyValueSpecification\",\"valueRequired\":true,\"valueName\":\"search_term_string\"}}],\"inLanguage\":\"en-GB\"},{\"@type\":\"Organization\",\"@id\":\"https:\\\/\\\/cinemaorion.fi\\\/#organization\",\"name\":\"Cinema Orion\",\"url\":\"https:\\\/\\\/cinemaorion.fi\\\/\",\"logo\":{\"@type\":\"ImageObject\",\"inLanguage\":\"en-GB\",\"@id\":\"https:\\\/\\\/cinemaorion.fi\\\/#\\\/schema\\\/logo\\\/image\\\/\",\"url\":\"https:\\\/\\\/cinemaorion.fi\\\/wp-content\\\/uploads\\\/2021\\\/03\\\/logo-cinemaorion-elke-ry.png\",\"contentUrl\":\"https:\\\/\\\/cinemaorion.fi\\\/wp-content\\\/uploads\\\/2021\\\/03\\\/logo-cinemaorion-elke-ry.png\",\"width\":1300,\"height\":278,\"caption\":\"Cinema Orion\"},\"image\":{\"@id\":\"https:\\\/\\\/cinemaorion.fi\\\/#\\\/schema\\\/logo\\\/image\\\/\"},\"sameAs\":[\"https:\\\/\\\/www.facebook.com\\\/cinemaorion\",\"https:\\\/\\\/x.com\\\/cinemaorion\",\"https:\\\/\\\/www.instagram.com\\\/cinemaorion\\\/\",\"https:\\\/\\\/twitter.com\\\/cinemaorion\"]}]}<\/script>\n<!-- \/ Yoast SEO plugin. -->","yoast_head_json":{"title":"KINO K13 - Cinema Orion","description":"Cinema Orionin erikoisohjelmistoa Kino K13 -teatteriinVesivahinkojen vuoksi ovensa sulkemaan joutunut Cinema Orion saa v\u00e4liaikaisen v\u00e4ist\u00f6tilan Suomen elokuvas\u00e4\u00e4ti\u00f6n Kino K13:ssa Helsingin Katajanokalla 18.10. alkaen. Kino K13:ssa tullaan n\u00e4kem\u00e4\u00e4n poimintoja Orionin syksyn erikoisohjelmistosta, kuten Kuolleet lehdet -neulontan\u00e4yt\u00f6s ja HopeaCine-elokuvakerhon Lapua 1976 -n\u00e4yt\u00f6s tekij\u00e4vieraiden esittelem\u00e4n\u00e4.N\u00e4yt\u00f6sten lis\u00e4ksi Kino K13:n aulassa myyd\u00e4\u00e4n Cinema Orionin oheistuotteita, kuten t-paitoja ja kangaskasseja, sek\u00e4 lahja- ja sarjakortteja Orionin kauniissa lahjakuorissa.Erikoisn\u00e4yt\u00f6kset aloittaa helsinkil\u00e4isille el\u00e4kel\u00e4isille suunnatun HopeaCine-elokuvakerhon\u00a0Lapua 1976\u00a0-n\u00e4yt\u00f6s keskiviikkona 18.10.\u00a0klo 13.Kino K13 - Saavutettavuus","robots":{"index":"index","follow":"follow","max-snippet":"max-snippet:-1","max-image-preview":"max-image-preview:large","max-video-preview":"max-video-preview:-1"},"canonical":"https:\/\/cinemaorion.fi\/en\/kino-k13\/","og_locale":"en_GB","og_type":"article","og_title":"KINO K13 - Cinema Orion","og_description":"Cinema Orionin erikoisohjelmistoa Kino K13 -teatteriinVesivahinkojen vuoksi ovensa sulkemaan joutunut Cinema Orion saa v\u00e4liaikaisen v\u00e4ist\u00f6tilan Suomen elokuvas\u00e4\u00e4ti\u00f6n Kino K13:ssa Helsingin Katajanokalla 18.10. alkaen. Kino K13:ssa tullaan n\u00e4kem\u00e4\u00e4n poimintoja Orionin syksyn erikoisohjelmistosta, kuten Kuolleet lehdet -neulontan\u00e4yt\u00f6s ja HopeaCine-elokuvakerhon Lapua 1976 -n\u00e4yt\u00f6s tekij\u00e4vieraiden esittelem\u00e4n\u00e4.N\u00e4yt\u00f6sten lis\u00e4ksi Kino K13:n aulassa myyd\u00e4\u00e4n Cinema Orionin oheistuotteita, kuten t-paitoja ja kangaskasseja, sek\u00e4 lahja- ja sarjakortteja Orionin kauniissa lahjakuorissa.Erikoisn\u00e4yt\u00f6kset aloittaa helsinkil\u00e4isille el\u00e4kel\u00e4isille suunnatun HopeaCine-elokuvakerhon\u00a0Lapua 1976\u00a0-n\u00e4yt\u00f6s keskiviikkona 18.10.\u00a0klo 13.Kino K13 - Saavutettavuus","og_url":"https:\/\/cinemaorion.fi\/en\/kino-k13\/","og_site_name":"Cinema Orion","article_publisher":"https:\/\/www.facebook.com\/cinemaorion","article_modified_time":"2023-10-10T11:36:44+00:00","og_image":[{"url":"https:\/\/cinemaorion.fi\/wp-content\/uploads\/2023\/10\/Kino_K13_aula_11.jpg","type":"","width":"","height":""}],"twitter_card":"summary_large_image","twitter_site":"@cinemaorion","twitter_misc":{"Estimated reading time":"2 minutes"},"schema":{"@context":"https:\/\/schema.org","@graph":[{"@type":"WebPage","@id":"https:\/\/cinemaorion.fi\/kino-k13\/","url":"https:\/\/cinemaorion.fi\/kino-k13\/","name":"KINO K13 - Cinema Orion","isPartOf":{"@id":"https:\/\/cinemaorion.fi\/#website"},"primaryImageOfPage":{"@id":"https:\/\/cinemaorion.fi\/kino-k13\/#primaryimage"},"image":{"@id":"https:\/\/cinemaorion.fi\/kino-k13\/#primaryimage"},"thumbnailUrl":"https:\/\/cinemaorion.fi\/wp-content\/uploads\/2023\/10\/Kino_K13_aula_11-1024x819.jpg","datePublished":"2023-10-10T11:36:43+00:00","dateModified":"2023-10-10T11:36:44+00:00","description":"Cinema Orionin erikoisohjelmistoa Kino K13 -teatteriinVesivahinkojen vuoksi ovensa sulkemaan joutunut Cinema Orion saa v\u00e4liaikaisen v\u00e4ist\u00f6tilan Suomen elokuvas\u00e4\u00e4ti\u00f6n Kino K13:ssa Helsingin Katajanokalla 18.10. alkaen. Kino K13:ssa tullaan n\u00e4kem\u00e4\u00e4n poimintoja Orionin syksyn erikoisohjelmistosta, kuten Kuolleet lehdet -neulontan\u00e4yt\u00f6s ja HopeaCine-elokuvakerhon Lapua 1976 -n\u00e4yt\u00f6s tekij\u00e4vieraiden esittelem\u00e4n\u00e4.N\u00e4yt\u00f6sten lis\u00e4ksi Kino K13:n aulassa myyd\u00e4\u00e4n Cinema Orionin oheistuotteita, kuten t-paitoja ja kangaskasseja, sek\u00e4 lahja- ja sarjakortteja Orionin kauniissa lahjakuorissa.Erikoisn\u00e4yt\u00f6kset aloittaa helsinkil\u00e4isille el\u00e4kel\u00e4isille suunnatun HopeaCine-elokuvakerhon\u00a0Lapua 1976\u00a0-n\u00e4yt\u00f6s keskiviikkona 18.10.\u00a0klo 13.Kino K13 - Saavutettavuus","breadcrumb":{"@id":"https:\/\/cinemaorion.fi\/kino-k13\/#breadcrumb"},"inLanguage":"en-GB","potentialAction":[{"@type":"ReadAction","target":["https:\/\/cinemaorion.fi\/kino-k13\/"]}]},{"@type":"ImageObject","inLanguage":"en-GB","@id":"https:\/\/cinemaorion.fi\/kino-k13\/#primaryimage","url":"https:\/\/cinemaorion.fi\/wp-content\/uploads\/2023\/10\/Kino_K13_aula_11-1024x819.jpg","contentUrl":"https:\/\/cinemaorion.fi\/wp-content\/uploads\/2023\/10\/Kino_K13_aula_11-1024x819.jpg"},{"@type":"BreadcrumbList","@id":"https:\/\/cinemaorion.fi\/kino-k13\/#breadcrumb","itemListElement":[{"@type":"ListItem","position":1,"name":"Home","item":"https:\/\/cinemaorion.fi\/"},{"@type":"ListItem","position":2,"name":"KINO K13"}]},{"@type":"WebSite","@id":"https:\/\/cinemaorion.fi\/#website","url":"https:\/\/cinemaorion.fi\/","name":"Cinema Orion","description":"Cinema Orion tagline","publisher":{"@id":"https:\/\/cinemaorion.fi\/#organization"},"alternateName":"Elokuvateatteri Orion","potentialAction":[{"@type":"SearchAction","target":{"@type":"EntryPoint","urlTemplate":"https:\/\/cinemaorion.fi\/?s={search_term_string}"},"query-input":{"@type":"PropertyValueSpecification","valueRequired":true,"valueName":"search_term_string"}}],"inLanguage":"en-GB"},{"@type":"Organization","@id":"https:\/\/cinemaorion.fi\/#organization","name":"Cinema Orion","url":"https:\/\/cinemaorion.fi\/","logo":{"@type":"ImageObject","inLanguage":"en-GB","@id":"https:\/\/cinemaorion.fi\/#\/schema\/logo\/image\/","url":"https:\/\/cinemaorion.fi\/wp-content\/uploads\/2021\/03\/logo-cinemaorion-elke-ry.png","contentUrl":"https:\/\/cinemaorion.fi\/wp-content\/uploads\/2021\/03\/logo-cinemaorion-elke-ry.png","width":1300,"height":278,"caption":"Cinema Orion"},"image":{"@id":"https:\/\/cinemaorion.fi\/#\/schema\/logo\/image\/"},"sameAs":["https:\/\/www.facebook.com\/cinemaorion","https:\/\/x.com\/cinemaorion","https:\/\/www.instagram.com\/cinemaorion\/","https:\/\/twitter.com\/cinemaorion"]}]}},"_links":{"self":[{"href":"https:\/\/cinemaorion.fi\/en\/wp-json\/wp\/v2\/pages\/21185","targetHints":{"allow":["GET"]}}],"collection":[{"href":"https:\/\/cinemaorion.fi\/en\/wp-json\/wp\/v2\/pages"}],"about":[{"href":"https:\/\/cinemaorion.fi\/en\/wp-json\/wp\/v2\/types\/page"}],"author":[{"embeddable":true,"href":"https:\/\/cinemaorion.fi\/en\/wp-json\/wp\/v2\/users\/31"}],"replies":[{"embeddable":true,"href":"https:\/\/cinemaorion.fi\/en\/wp-json\/wp\/v2\/comments?post=21185"}],"version-history":[{"count":10,"href":"https:\/\/cinemaorion.fi\/en\/wp-json\/wp\/v2\/pages\/21185\/revisions"}],"predecessor-version":[{"id":21207,"href":"https:\/\/cinemaorion.fi\/en\/wp-json\/wp\/v2\/pages\/21185\/revisions\/21207"}],"wp:attachment":[{"href":"https:\/\/cinemaorion.fi\/en\/wp-json\/wp\/v2\/media?parent=21185"}],"curies":[{"name":"wp","href":"https:\/\/api.w.org\/{rel}","templated":true}]}}