{"id":20613,"date":"2023-08-27T10:44:54","date_gmt":"2023-08-27T10:44:54","guid":{"rendered":"https:\/\/cinemaorion.fi\/?page_id=20613"},"modified":"2024-11-26T09:31:10","modified_gmt":"2024-11-26T09:31:10","slug":"vr-taiteen-paivat-kuvaus","status":"publish","type":"page","link":"https:\/\/cinemaorion.fi\/en\/elavan-kuvan-keskus-elke-ry\/vr-taiteen-paivat-kuvaus\/","title":{"rendered":"VR-taiteen p\u00e4iv\u00e4t"},"content":{"rendered":"<p>VR-taiteen p\u00e4iv\u00e4t -kiertue tarjoaa ainutlaatuisen mahdollisuuden tutustua monipuoliseen VR-taiteeseen useissa erilaisissa kulttuuritiloissa ymp\u00e4ri Suomea.&nbsp;<\/p>\n\n\n\n<figure class=\"wp-block-image size-large\"><img loading=\"lazy\" decoding=\"async\" width=\"1024\" height=\"390\" src=\"https:\/\/cinemaorion.fi\/wp-content\/uploads\/2023\/08\/vr_taiteen_paivat_banneri_820x312-1024x390.png\" alt=\"\" class=\"wp-image-20652\" srcset=\"https:\/\/cinemaorion.fi\/wp-content\/uploads\/2023\/08\/vr_taiteen_paivat_banneri_820x312-1024x390.png 1024w, https:\/\/cinemaorion.fi\/wp-content\/uploads\/2023\/08\/vr_taiteen_paivat_banneri_820x312-5x2.png 5w, https:\/\/cinemaorion.fi\/wp-content\/uploads\/2023\/08\/vr_taiteen_paivat_banneri_820x312-300x114.png 300w, https:\/\/cinemaorion.fi\/wp-content\/uploads\/2023\/08\/vr_taiteen_paivat_banneri_820x312-768x292.png 768w, https:\/\/cinemaorion.fi\/wp-content\/uploads\/2023\/08\/vr_taiteen_paivat_banneri_820x312-1536x584.png 1536w, https:\/\/cinemaorion.fi\/wp-content\/uploads\/2023\/08\/vr_taiteen_paivat_banneri_820x312-18x7.png 18w, https:\/\/cinemaorion.fi\/wp-content\/uploads\/2023\/08\/vr_taiteen_paivat_banneri_820x312.png 1640w\" sizes=\"auto, (max-width: 1024px) 100vw, 1024px\" \/><\/figure>\n\n\n\n<p><\/p>\n\n\n\n<p>Kiertue k\u00e4ynnistyy syksyll\u00e4 2023 ja jatkuu kev\u00e4\u00e4ll\u00e4 2024. Esityksi\u00e4 j\u00e4rjestet\u00e4\u00e4n yhteens\u00e4 kuudella paikkakunnalla. Esitystilat palvelevat eri taidemuotoja, eik\u00e4 niiss\u00e4 yleens\u00e4 esitet\u00e4 VR-taidetta. Mukana kiertueella on elokuvateattereita, kirjastoja, kulttuurikeskuksia ja taidegalleria.<\/p>\n\n\n\n<p>Kiertueaikataulu ja yhteisty\u00f6kumppanit:<br><strong>Elokuvateatteri Kino Iiris<\/strong>, Lahti | esitykset 8.-9.2.2024<br><strong>Porvoon kaupunginkirjasto<\/strong>, Porvoo | esitykset 29.2.-2.3.2024<br><strong>Taiteen talo, Turku<\/strong> | esitykset 4.-5.4.2024<br><strong>Elokuvakeskus Botnia<\/strong>, Vaasa | esitykset 3.-4.5.2024<br><strong>Forum Box<\/strong> <strong>\u2013 Tila Taiteelle<\/strong>, Helsinki | esitykset 21.-22.10.2023<br><strong>Kulttuuritalo Villa Rana<\/strong>, Jyv\u00e4skyl\u00e4 | esitykset 10.-11.12.2023<\/p>\n\n\n\n<p>Kiertueohjelmaan valitaan joka n\u00e4yt\u00f6kseen kolme teosta. Katselukokemuksen yhteenlaskettu kesto on noin tunnin.&nbsp;<\/p>\n\n\n\n<p>Kiertueella ker\u00e4t\u00e4\u00e4n my\u00f6s tietoa siit\u00e4, mit\u00e4 VR-teosten tuominen erilaisiin kulttuuritiloihin vaatii teknisesti ja henkil\u00f6kunnan koulutuksen osalta, mink\u00e4 tyyppiset teokset toimivat mink\u00e4laisissa ymp\u00e4rist\u00f6iss\u00e4 sek\u00e4 miten yleis\u00f6 vastaanottaa VR-taiteen n\u00e4iss\u00e4 tiloissa.&nbsp;<\/p>\n\n\n\n<p><\/p>\n\n\n\n<p><strong>Syksyn 2023 ohjelmisto:<\/strong><br><strong><a href=\"https:\/\/cinemaorion.fi\/en\/elokuvat\/vr-teos-whispers\/\">Whispers<em> <\/em><\/a><\/strong>(Jacek Naglowski &amp; Patryk Jordanowicz, Puola, 2020, 21 min)<br><strong><a href=\"https:\/\/cinemaorion.fi\/en\/elokuvat\/vr-teos-vedenhenget\/\">Rakkausimulaatio EVE: Vedenhenget <\/a><\/strong>(Eero Tiainen, Suomi, 2023, 5 min)<br><a href=\"https:\/\/cinemaorion.fi\/en\/elokuvat\/vr-teos-birth-of-a-bird\/\"><strong>Birth of a Bird<\/strong> <\/a>(Janne Storm, Suomi, 2023, 8 min)<\/p>\n\n\n\n<p>Katselukokemuksen yhteenlaskettu kesto vaihtojen kanssa on noin tunnin.&nbsp;<\/p>\n\n\n\n<p><strong>Kev\u00e4\u00e4n 2024 ohjelmisto:<\/strong><br><strong><a href=\"https:\/\/cinemaorion.fi\/en\/elokuvat\/vr-teos-skeleton-conductor-xr-art\/\">Skeleton Conductor XR Art<\/a><\/strong><em> <\/em>(Hanna Pajala-Assefa, Suomi, 2020, 12 min)<br><strong><a href=\"https:\/\/cinemaorion.fi\/en\/elokuvat\/vr-teos-siltojen-alta-tulevaisuuden-ihmiselle\/\">Siltojen alta tulevaisuuden ihmiselle<\/a><\/strong><em> <\/em>(Hanna V\u00e4stinsalo, Suomi, 2019, 7 min)<br><a href=\"https:\/\/cinemaorion.fi\/en\/elokuvat\/making-art-in-my-dreams\/\"><strong>Making Art In My Dreams <\/strong><\/a> (Leena J\u00e4\u00e4skel\u00e4inen, Suomi, 2024)<br><br>\/\/\/<\/p>\n\n\n\n<p><strong>VR Art Days will tour Finland<\/strong><\/p>\n\n\n\n<p>The VR Art Days tour offers a unique chance to get to see VR Art in various cultural venues around Finland.<\/p>\n\n\n\n<p>The tour will commence in the fall of 2023 and continue during spring 2024. Exhibitions will be held in six different districts. The selected venues represent various kinds of cultural organizations \u2013 libraries, cultural centres, art galleries, movie theatres. What they have in common is that VR Art is seldom, if ever, shown in them.<\/p>\n\n\n\n<p>The tour schedule and partners are:<br><br><strong>Elokuvakeskus Botnia<\/strong>, Vaasa | exhibition open 3.-4.5.2024<br><strong>Taiteen talo, Turku<\/strong> | exhibition open 4.-5.4.2024<br><strong>Porvoon kaupunginkirjasto<\/strong>, Porvoo | exhibition open 17.-19.10.2023<br><strong>Forum Box \u2013 Tila Taiteelle<\/strong>, Helsinki | exhibition open 21.-22.10.2023<br><strong>Kulttuuritalo Villa Rana<\/strong>, Jyv\u00e4skyl\u00e4 | exhibition open 10.-11.12.2023<br><strong>Elokuvateatteri Kino Iiris<\/strong>, Lahti | exhibition will tour during Spring 2024<br><\/p>\n\n\n\n<p>The tour will return to some of the Autumn venues also during Spring 2024.<\/p>\n\n\n\n<p>The programme of the tour consists of three curated VR art works. The duration of the exhibition is around one hour.<\/p>\n\n\n\n<p>During the tour we will gather information about the practicalities and demands (both technical and personnel) of setting up a VR exhibition in different kinds of spaces. We will investigate which kinds of works work best in the various spaces and gather audience responses to the exhibition.<\/p>\n\n\n\n<p><strong>Tour programme \u2013 Autumn 2023:<\/strong><br><strong><a href=\"https:\/\/cinemaorion.fi\/en\/elokuvat\/vr-teos-whispers\/\">Whispers<\/a><em> <\/em><\/strong>(Jacek Naglowski &amp; Patryk Jordanowicz, Poland, 2020, 21<em> <\/em>min)<br><strong><a href=\"https:\/\/cinemaorion.fi\/en\/elokuvat\/vr-teos-vedenhenget\/\">Love Simulation EVE: Water Spirit <\/a><\/strong>(Eero Tiainen, Finland, 2023, 5 min)<br><a href=\"https:\/\/cinemaorion.fi\/en\/elokuvat\/vr-teos-birth-of-a-bird\/\"><strong>Birth of a Bird<\/strong> <\/a>(Janne Storm, Finland, 2023, 8 min)<\/p>\n\n\n\n<p>The duration of the exhibition (including changes between works) is approximately one hour.<\/p>\n\n\n\n<p><strong>Tour programme \u2013 Spring 2024:<\/strong><br><a href=\"https:\/\/cinemaorion.fi\/en\/elokuvat\/vr-teos-skeleton-conductor-xr-art\/\"><strong>Skeleton Conductor XR Art<\/strong> <\/a>(Hanna Pajala-Assefa, Finland, 2020, 12 min)<br><strong><a href=\"https:\/\/cinemaorion.fi\/en\/elokuvat\/vr-teos-siltojen-alta-tulevaisuuden-ihmiselle\/\">Man Under Bridge<\/a><\/strong> (Hanna V\u00e4stinsalo, Finland, 2019, 7 min)<br><a href=\"https:\/\/cinemaorion.fi\/en\/elokuvat\/making-art-in-my-dreams\/\"><strong>Making Art In My Dreams <\/strong><\/a> (Leena J\u00e4\u00e4skel\u00e4inen, Finland, 2024)<\/p>\n\n\n\n<p><\/p>","protected":false},"excerpt":{"rendered":"<p>VR-taiteen p\u00e4iv\u00e4t -kiertue tarjoaa ainutlaatuisen mahdollisuuden tutustua monipuoliseen VR-taiteeseen useissa erilaisissa kulttuuritiloissa ymp\u00e4ri Suomea.&nbsp; Kiertue k\u00e4ynnistyy syksyll\u00e4 2023 ja jatkuu kev\u00e4\u00e4ll\u00e4 2024. Esityksi\u00e4 j\u00e4rjestet\u00e4\u00e4n yhteens\u00e4 kuudella paikkakunnalla. Esitystilat palvelevat eri taidemuotoja, eik\u00e4 niiss\u00e4 yleens\u00e4 esitet\u00e4 VR-taidetta. Mukana kiertueella on elokuvateattereita, kirjastoja, kulttuurikeskuksia ja taidegalleria. Kiertueaikataulu ja yhteisty\u00f6kumppanit:Elokuvateatteri Kino Iiris, Lahti | esitykset 8.-9.2.2024Porvoon kaupunginkirjasto, Porvoo [&hellip;]<\/p>\n","protected":false},"author":25,"featured_media":0,"parent":690,"menu_order":2,"comment_status":"closed","ping_status":"closed","template":"page-vr-taide.php","meta":{"_acf_changed":false,"footnotes":""},"class_list":["post-20613","page","type-page","status-publish","hentry"],"acf":[],"yoast_head":"<!-- This site is optimized with the Yoast SEO plugin v27.3 - https:\/\/yoast.com\/product\/yoast-seo-wordpress\/ -->\n<title>VR-taiteen p\u00e4iv\u00e4t - ELKE RY<\/title>\n<meta name=\"description\" content=\"Kiertue k\u00e4ynnistyy syksyll\u00e4 2023 ja jatkuu kev\u00e4\u00e4ll\u00e4 2024. Esityksi\u00e4 j\u00e4rjestet\u00e4\u00e4n yhteens\u00e4 kuudella paikkakunnalla. Esitystilat palvelevat eri taidemuotoja, eik\u00e4 niiss\u00e4 yleens\u00e4 esitet\u00e4 VR-taidetta. Mukana kiertueella on elokuvateattereita, kirjastoja, kulttuurikeskuksia ja taidegalleria.\" \/>\n<meta name=\"robots\" content=\"index, follow, max-snippet:-1, max-image-preview:large, max-video-preview:-1\" \/>\n<link rel=\"canonical\" href=\"https:\/\/cinemaorion.fi\/en\/elavan-kuvan-keskus-elke-ry\/vr-taiteen-paivat-kuvaus\/\" \/>\n<meta property=\"og:locale\" content=\"en_GB\" \/>\n<meta property=\"og:type\" content=\"article\" \/>\n<meta property=\"og:title\" content=\"VR-taiteen p\u00e4iv\u00e4t - Elke RY\" \/>\n<meta property=\"og:description\" content=\"Kiertue k\u00e4ynnistyy syksyll\u00e4 2023 ja jatkuu kev\u00e4\u00e4ll\u00e4 2024. Esityksi\u00e4 j\u00e4rjestet\u00e4\u00e4n yhteens\u00e4 kuudella paikkakunnalla. Esitystilat palvelevat eri taidemuotoja, eik\u00e4 niiss\u00e4 yleens\u00e4 esitet\u00e4 VR-taidetta. Mukana kiertueella on elokuvateattereita, kirjastoja, kulttuurikeskuksia ja taidegalleria.\" \/>\n<meta property=\"og:url\" content=\"https:\/\/cinemaorion.fi\/en\/elavan-kuvan-keskus-elke-ry\/vr-taiteen-paivat-kuvaus\/\" \/>\n<meta property=\"og:site_name\" content=\"Cinema Orion\" \/>\n<meta property=\"article:publisher\" content=\"https:\/\/www.facebook.com\/cinemaorion\" \/>\n<meta property=\"article:modified_time\" content=\"2024-11-26T09:31:10+00:00\" \/>\n<meta property=\"og:image\" content=\"https:\/\/cinemaorion.fi\/wp-content\/uploads\/2023\/08\/vr_taiteen_paivat_banneri_1920x1080.png\" \/>\n\t<meta property=\"og:image:width\" content=\"1920\" \/>\n\t<meta property=\"og:image:height\" content=\"1080\" \/>\n\t<meta property=\"og:image:type\" content=\"image\/png\" \/>\n<meta name=\"twitter:card\" content=\"summary_large_image\" \/>\n<meta name=\"twitter:title\" content=\"VR-taiteen p\u00e4iv\u00e4t - ELKE RY\" \/>\n<meta name=\"twitter:description\" content=\"Kiertue k\u00e4ynnistyy syksyll\u00e4 2023 ja jatkuu kev\u00e4\u00e4ll\u00e4 2024. Esityksi\u00e4 j\u00e4rjestet\u00e4\u00e4n yhteens\u00e4 kuudella paikkakunnalla. Esitystilat palvelevat eri taidemuotoja, eik\u00e4 niiss\u00e4 yleens\u00e4 esitet\u00e4 VR-taidetta. Mukana kiertueella on elokuvateattereita, kirjastoja, kulttuurikeskuksia ja taidegalleria.\" \/>\n<meta name=\"twitter:image\" content=\"https:\/\/cinemaorion.fi\/wp-content\/uploads\/2023\/08\/vr_taiteen_paivat_banneri_1920x1080.png\" \/>\n<meta name=\"twitter:site\" content=\"@cinemaorion\" \/>\n<meta name=\"twitter:label1\" content=\"Estimated reading time\" \/>\n\t<meta name=\"twitter:data1\" content=\"4 minutes\" \/>\n<script type=\"application\/ld+json\" class=\"yoast-schema-graph\">{\"@context\":\"https:\\\/\\\/schema.org\",\"@graph\":[{\"@type\":\"WebPage\",\"@id\":\"https:\\\/\\\/cinemaorion.fi\\\/elavan-kuvan-keskus-elke-ry\\\/vr-taiteen-paivat-kuvaus\\\/\",\"url\":\"https:\\\/\\\/cinemaorion.fi\\\/elavan-kuvan-keskus-elke-ry\\\/vr-taiteen-paivat-kuvaus\\\/\",\"name\":\"VR-taiteen p\u00e4iv\u00e4t - ELKE RY\",\"isPartOf\":{\"@id\":\"https:\\\/\\\/cinemaorion.fi\\\/#website\"},\"primaryImageOfPage\":{\"@id\":\"https:\\\/\\\/cinemaorion.fi\\\/elavan-kuvan-keskus-elke-ry\\\/vr-taiteen-paivat-kuvaus\\\/#primaryimage\"},\"image\":{\"@id\":\"https:\\\/\\\/cinemaorion.fi\\\/elavan-kuvan-keskus-elke-ry\\\/vr-taiteen-paivat-kuvaus\\\/#primaryimage\"},\"thumbnailUrl\":\"https:\\\/\\\/cinemaorion.fi\\\/wp-content\\\/uploads\\\/2023\\\/08\\\/vr_taiteen_paivat_banneri_820x312-1024x390.png\",\"datePublished\":\"2023-08-27T10:44:54+00:00\",\"dateModified\":\"2024-11-26T09:31:10+00:00\",\"description\":\"Kiertue k\u00e4ynnistyy syksyll\u00e4 2023 ja jatkuu kev\u00e4\u00e4ll\u00e4 2024. Esityksi\u00e4 j\u00e4rjestet\u00e4\u00e4n yhteens\u00e4 kuudella paikkakunnalla. Esitystilat palvelevat eri taidemuotoja, eik\u00e4 niiss\u00e4 yleens\u00e4 esitet\u00e4 VR-taidetta. Mukana kiertueella on elokuvateattereita, kirjastoja, kulttuurikeskuksia ja taidegalleria.\",\"breadcrumb\":{\"@id\":\"https:\\\/\\\/cinemaorion.fi\\\/elavan-kuvan-keskus-elke-ry\\\/vr-taiteen-paivat-kuvaus\\\/#breadcrumb\"},\"inLanguage\":\"en-GB\",\"potentialAction\":[{\"@type\":\"ReadAction\",\"target\":[\"https:\\\/\\\/cinemaorion.fi\\\/elavan-kuvan-keskus-elke-ry\\\/vr-taiteen-paivat-kuvaus\\\/\"]}]},{\"@type\":\"ImageObject\",\"inLanguage\":\"en-GB\",\"@id\":\"https:\\\/\\\/cinemaorion.fi\\\/elavan-kuvan-keskus-elke-ry\\\/vr-taiteen-paivat-kuvaus\\\/#primaryimage\",\"url\":\"https:\\\/\\\/cinemaorion.fi\\\/wp-content\\\/uploads\\\/2023\\\/08\\\/vr_taiteen_paivat_banneri_820x312-1024x390.png\",\"contentUrl\":\"https:\\\/\\\/cinemaorion.fi\\\/wp-content\\\/uploads\\\/2023\\\/08\\\/vr_taiteen_paivat_banneri_820x312-1024x390.png\"},{\"@type\":\"BreadcrumbList\",\"@id\":\"https:\\\/\\\/cinemaorion.fi\\\/elavan-kuvan-keskus-elke-ry\\\/vr-taiteen-paivat-kuvaus\\\/#breadcrumb\",\"itemListElement\":[{\"@type\":\"ListItem\",\"position\":1,\"name\":\"Home\",\"item\":\"https:\\\/\\\/cinemaorion.fi\\\/\"},{\"@type\":\"ListItem\",\"position\":2,\"name\":\"El\u00e4v\u00e4n kuvan keskus ELKE ry\",\"item\":\"https:\\\/\\\/cinemaorion.fi\\\/elavan-kuvan-keskus-elke-ry\\\/\"},{\"@type\":\"ListItem\",\"position\":3,\"name\":\"VR-taiteen p\u00e4iv\u00e4t\"}]},{\"@type\":\"WebSite\",\"@id\":\"https:\\\/\\\/cinemaorion.fi\\\/#website\",\"url\":\"https:\\\/\\\/cinemaorion.fi\\\/\",\"name\":\"Cinema Orion\",\"description\":\"Cinema Orion tagline\",\"publisher\":{\"@id\":\"https:\\\/\\\/cinemaorion.fi\\\/#organization\"},\"alternateName\":\"Elokuvateatteri Orion\",\"potentialAction\":[{\"@type\":\"SearchAction\",\"target\":{\"@type\":\"EntryPoint\",\"urlTemplate\":\"https:\\\/\\\/cinemaorion.fi\\\/?s={search_term_string}\"},\"query-input\":{\"@type\":\"PropertyValueSpecification\",\"valueRequired\":true,\"valueName\":\"search_term_string\"}}],\"inLanguage\":\"en-GB\"},{\"@type\":\"Organization\",\"@id\":\"https:\\\/\\\/cinemaorion.fi\\\/#organization\",\"name\":\"Cinema Orion\",\"url\":\"https:\\\/\\\/cinemaorion.fi\\\/\",\"logo\":{\"@type\":\"ImageObject\",\"inLanguage\":\"en-GB\",\"@id\":\"https:\\\/\\\/cinemaorion.fi\\\/#\\\/schema\\\/logo\\\/image\\\/\",\"url\":\"https:\\\/\\\/cinemaorion.fi\\\/wp-content\\\/uploads\\\/2021\\\/03\\\/logo-cinemaorion-elke-ry.png\",\"contentUrl\":\"https:\\\/\\\/cinemaorion.fi\\\/wp-content\\\/uploads\\\/2021\\\/03\\\/logo-cinemaorion-elke-ry.png\",\"width\":1300,\"height\":278,\"caption\":\"Cinema Orion\"},\"image\":{\"@id\":\"https:\\\/\\\/cinemaorion.fi\\\/#\\\/schema\\\/logo\\\/image\\\/\"},\"sameAs\":[\"https:\\\/\\\/www.facebook.com\\\/cinemaorion\",\"https:\\\/\\\/x.com\\\/cinemaorion\",\"https:\\\/\\\/www.instagram.com\\\/cinemaorion\\\/\",\"https:\\\/\\\/twitter.com\\\/cinemaorion\"]}]}<\/script>\n<!-- \/ Yoast SEO plugin. -->","yoast_head_json":{"title":"VR-taiteen p\u00e4iv\u00e4t - ELKE RY","description":"Kiertue k\u00e4ynnistyy syksyll\u00e4 2023 ja jatkuu kev\u00e4\u00e4ll\u00e4 2024. Esityksi\u00e4 j\u00e4rjestet\u00e4\u00e4n yhteens\u00e4 kuudella paikkakunnalla. Esitystilat palvelevat eri taidemuotoja, eik\u00e4 niiss\u00e4 yleens\u00e4 esitet\u00e4 VR-taidetta. Mukana kiertueella on elokuvateattereita, kirjastoja, kulttuurikeskuksia ja taidegalleria.","robots":{"index":"index","follow":"follow","max-snippet":"max-snippet:-1","max-image-preview":"max-image-preview:large","max-video-preview":"max-video-preview:-1"},"canonical":"https:\/\/cinemaorion.fi\/en\/elavan-kuvan-keskus-elke-ry\/vr-taiteen-paivat-kuvaus\/","og_locale":"en_GB","og_type":"article","og_title":"VR-taiteen p\u00e4iv\u00e4t - Elke RY","og_description":"Kiertue k\u00e4ynnistyy syksyll\u00e4 2023 ja jatkuu kev\u00e4\u00e4ll\u00e4 2024. Esityksi\u00e4 j\u00e4rjestet\u00e4\u00e4n yhteens\u00e4 kuudella paikkakunnalla. Esitystilat palvelevat eri taidemuotoja, eik\u00e4 niiss\u00e4 yleens\u00e4 esitet\u00e4 VR-taidetta. Mukana kiertueella on elokuvateattereita, kirjastoja, kulttuurikeskuksia ja taidegalleria.","og_url":"https:\/\/cinemaorion.fi\/en\/elavan-kuvan-keskus-elke-ry\/vr-taiteen-paivat-kuvaus\/","og_site_name":"Cinema Orion","article_publisher":"https:\/\/www.facebook.com\/cinemaorion","article_modified_time":"2024-11-26T09:31:10+00:00","og_image":[{"width":1920,"height":1080,"url":"https:\/\/cinemaorion.fi\/wp-content\/uploads\/2023\/08\/vr_taiteen_paivat_banneri_1920x1080.png","type":"image\/png"}],"twitter_card":"summary_large_image","twitter_title":"VR-taiteen p\u00e4iv\u00e4t - ELKE RY","twitter_description":"Kiertue k\u00e4ynnistyy syksyll\u00e4 2023 ja jatkuu kev\u00e4\u00e4ll\u00e4 2024. Esityksi\u00e4 j\u00e4rjestet\u00e4\u00e4n yhteens\u00e4 kuudella paikkakunnalla. Esitystilat palvelevat eri taidemuotoja, eik\u00e4 niiss\u00e4 yleens\u00e4 esitet\u00e4 VR-taidetta. Mukana kiertueella on elokuvateattereita, kirjastoja, kulttuurikeskuksia ja taidegalleria.","twitter_image":"https:\/\/cinemaorion.fi\/wp-content\/uploads\/2023\/08\/vr_taiteen_paivat_banneri_1920x1080.png","twitter_site":"@cinemaorion","twitter_misc":{"Estimated reading time":"4 minutes"},"schema":{"@context":"https:\/\/schema.org","@graph":[{"@type":"WebPage","@id":"https:\/\/cinemaorion.fi\/elavan-kuvan-keskus-elke-ry\/vr-taiteen-paivat-kuvaus\/","url":"https:\/\/cinemaorion.fi\/elavan-kuvan-keskus-elke-ry\/vr-taiteen-paivat-kuvaus\/","name":"VR-taiteen p\u00e4iv\u00e4t - ELKE RY","isPartOf":{"@id":"https:\/\/cinemaorion.fi\/#website"},"primaryImageOfPage":{"@id":"https:\/\/cinemaorion.fi\/elavan-kuvan-keskus-elke-ry\/vr-taiteen-paivat-kuvaus\/#primaryimage"},"image":{"@id":"https:\/\/cinemaorion.fi\/elavan-kuvan-keskus-elke-ry\/vr-taiteen-paivat-kuvaus\/#primaryimage"},"thumbnailUrl":"https:\/\/cinemaorion.fi\/wp-content\/uploads\/2023\/08\/vr_taiteen_paivat_banneri_820x312-1024x390.png","datePublished":"2023-08-27T10:44:54+00:00","dateModified":"2024-11-26T09:31:10+00:00","description":"Kiertue k\u00e4ynnistyy syksyll\u00e4 2023 ja jatkuu kev\u00e4\u00e4ll\u00e4 2024. Esityksi\u00e4 j\u00e4rjestet\u00e4\u00e4n yhteens\u00e4 kuudella paikkakunnalla. Esitystilat palvelevat eri taidemuotoja, eik\u00e4 niiss\u00e4 yleens\u00e4 esitet\u00e4 VR-taidetta. Mukana kiertueella on elokuvateattereita, kirjastoja, kulttuurikeskuksia ja taidegalleria.","breadcrumb":{"@id":"https:\/\/cinemaorion.fi\/elavan-kuvan-keskus-elke-ry\/vr-taiteen-paivat-kuvaus\/#breadcrumb"},"inLanguage":"en-GB","potentialAction":[{"@type":"ReadAction","target":["https:\/\/cinemaorion.fi\/elavan-kuvan-keskus-elke-ry\/vr-taiteen-paivat-kuvaus\/"]}]},{"@type":"ImageObject","inLanguage":"en-GB","@id":"https:\/\/cinemaorion.fi\/elavan-kuvan-keskus-elke-ry\/vr-taiteen-paivat-kuvaus\/#primaryimage","url":"https:\/\/cinemaorion.fi\/wp-content\/uploads\/2023\/08\/vr_taiteen_paivat_banneri_820x312-1024x390.png","contentUrl":"https:\/\/cinemaorion.fi\/wp-content\/uploads\/2023\/08\/vr_taiteen_paivat_banneri_820x312-1024x390.png"},{"@type":"BreadcrumbList","@id":"https:\/\/cinemaorion.fi\/elavan-kuvan-keskus-elke-ry\/vr-taiteen-paivat-kuvaus\/#breadcrumb","itemListElement":[{"@type":"ListItem","position":1,"name":"Home","item":"https:\/\/cinemaorion.fi\/"},{"@type":"ListItem","position":2,"name":"El\u00e4v\u00e4n kuvan keskus ELKE ry","item":"https:\/\/cinemaorion.fi\/elavan-kuvan-keskus-elke-ry\/"},{"@type":"ListItem","position":3,"name":"VR-taiteen p\u00e4iv\u00e4t"}]},{"@type":"WebSite","@id":"https:\/\/cinemaorion.fi\/#website","url":"https:\/\/cinemaorion.fi\/","name":"Cinema Orion","description":"Cinema Orion tagline","publisher":{"@id":"https:\/\/cinemaorion.fi\/#organization"},"alternateName":"Elokuvateatteri Orion","potentialAction":[{"@type":"SearchAction","target":{"@type":"EntryPoint","urlTemplate":"https:\/\/cinemaorion.fi\/?s={search_term_string}"},"query-input":{"@type":"PropertyValueSpecification","valueRequired":true,"valueName":"search_term_string"}}],"inLanguage":"en-GB"},{"@type":"Organization","@id":"https:\/\/cinemaorion.fi\/#organization","name":"Cinema Orion","url":"https:\/\/cinemaorion.fi\/","logo":{"@type":"ImageObject","inLanguage":"en-GB","@id":"https:\/\/cinemaorion.fi\/#\/schema\/logo\/image\/","url":"https:\/\/cinemaorion.fi\/wp-content\/uploads\/2021\/03\/logo-cinemaorion-elke-ry.png","contentUrl":"https:\/\/cinemaorion.fi\/wp-content\/uploads\/2021\/03\/logo-cinemaorion-elke-ry.png","width":1300,"height":278,"caption":"Cinema Orion"},"image":{"@id":"https:\/\/cinemaorion.fi\/#\/schema\/logo\/image\/"},"sameAs":["https:\/\/www.facebook.com\/cinemaorion","https:\/\/x.com\/cinemaorion","https:\/\/www.instagram.com\/cinemaorion\/","https:\/\/twitter.com\/cinemaorion"]}]}},"_links":{"self":[{"href":"https:\/\/cinemaorion.fi\/en\/wp-json\/wp\/v2\/pages\/20613","targetHints":{"allow":["GET"]}}],"collection":[{"href":"https:\/\/cinemaorion.fi\/en\/wp-json\/wp\/v2\/pages"}],"about":[{"href":"https:\/\/cinemaorion.fi\/en\/wp-json\/wp\/v2\/types\/page"}],"author":[{"embeddable":true,"href":"https:\/\/cinemaorion.fi\/en\/wp-json\/wp\/v2\/users\/25"}],"replies":[{"embeddable":true,"href":"https:\/\/cinemaorion.fi\/en\/wp-json\/wp\/v2\/comments?post=20613"}],"version-history":[{"count":20,"href":"https:\/\/cinemaorion.fi\/en\/wp-json\/wp\/v2\/pages\/20613\/revisions"}],"predecessor-version":[{"id":24897,"href":"https:\/\/cinemaorion.fi\/en\/wp-json\/wp\/v2\/pages\/20613\/revisions\/24897"}],"up":[{"embeddable":true,"href":"https:\/\/cinemaorion.fi\/en\/wp-json\/wp\/v2\/pages\/690"}],"wp:attachment":[{"href":"https:\/\/cinemaorion.fi\/en\/wp-json\/wp\/v2\/media?parent=20613"}],"curies":[{"name":"wp","href":"https:\/\/api.w.org\/{rel}","templated":true}]}}