{"id":20418,"date":"2023-08-27T10:42:15","date_gmt":"2023-08-27T10:42:15","guid":{"rendered":"https:\/\/cinemaorion.fi\/?page_id=20418"},"modified":"2025-10-09T11:32:04","modified_gmt":"2025-10-09T11:32:04","slug":"virtuaalinen-taide-todelliseksi","status":"publish","type":"page","link":"https:\/\/cinemaorion.fi\/en\/elavan-kuvan-keskus-elke-ry\/virtuaalinen-taide-todelliseksi\/","title":{"rendered":"Virtuaalinen taide todelliseksi"},"content":{"rendered":"<p>Virtuaalinen taide todelliseksi oli Koneen s\u00e4\u00e4ti\u00f6n rahoittama 2-vuotinen hanke, joka pilotoi VR-teosten levityst\u00e4 ja esitystoimintaa Suomessa.\u00a0Hankkeen toteutti El\u00e4v\u00e4n kuvan keskus ELKE ry.<\/p>\n\n\n\n<p>Osana hanketta toteuttettiin VR-taiteen p\u00e4iv\u00e4t -niminen kiertue kuudella eri paikkakunnalla syksyn 2023 ja kev\u00e4\u00e4n 2024 v\u00e4lisen\u00e4 aikana. Kiertueella esitettiin VR-teoksia erilaisissa esityspaikoissa, ker\u00e4ttiin tietoa niin esityspaikoilta kuin katsojiltakin. Kiertueen kokemus ker\u00e4ttiin talteen kattavaan<strong><a href=\"https:\/\/cinemaorion.fi\/en\/elavan-kuvan-keskus-elke-ry\/vr-taiteen-paivat\/\"> infopakettiin<\/a><\/strong>, joka palvelee niin VR-taiteeen tekij\u00f6it\u00e4, kuin sen esitt\u00e4misest\u00e4 kiinnostuneita tahoja.<\/p>\n\n\n\n<p>Hankkeen tuottaja toimi Kati \u00c5berg, <a href=\"mailto:kati@cinemaorion.fi\">kati@cinemaorion.fi<\/a><\/p>\n\n\n\n<p><\/p>\n\n\n\n<p><em>Hanketta rahoittaa Koneen S\u00e4\u00e4ti\u00f6 ja sen yhteisty\u00f6kumppaneita ovat VR-taidefestivaali Embrace sek\u00e4 &amp; Espoon teatteri.<\/em><\/p>\n\n\n\n<figure class=\"wp-block-image size-large is-resized\"><img loading=\"lazy\" decoding=\"async\" width=\"1024\" height=\"216\" src=\"https:\/\/cinemaorion.fi\/wp-content\/uploads\/2023\/08\/koneensaatio-h-logo-bitmap-07_18632570981_o-1024x216.png\" alt=\"\" class=\"wp-image-20774\" style=\"width:298px;height:63px\" srcset=\"https:\/\/cinemaorion.fi\/wp-content\/uploads\/2023\/08\/koneensaatio-h-logo-bitmap-07_18632570981_o-1024x216.png 1024w, https:\/\/cinemaorion.fi\/wp-content\/uploads\/2023\/08\/koneensaatio-h-logo-bitmap-07_18632570981_o-1536x324.png 1536w, https:\/\/cinemaorion.fi\/wp-content\/uploads\/2023\/08\/koneensaatio-h-logo-bitmap-07_18632570981_o-5x1.png 5w, https:\/\/cinemaorion.fi\/wp-content\/uploads\/2023\/08\/koneensaatio-h-logo-bitmap-07_18632570981_o-300x63.png 300w, https:\/\/cinemaorion.fi\/wp-content\/uploads\/2023\/08\/koneensaatio-h-logo-bitmap-07_18632570981_o-768x162.png 768w, https:\/\/cinemaorion.fi\/wp-content\/uploads\/2023\/08\/koneensaatio-h-logo-bitmap-07_18632570981_o-2048x433.png 2048w, https:\/\/cinemaorion.fi\/wp-content\/uploads\/2023\/08\/koneensaatio-h-logo-bitmap-07_18632570981_o-18x4.png 18w\" sizes=\"auto, (max-width: 1024px) 100vw, 1024px\" \/><\/figure>\n\n\n\n<div class=\"wp-block-group\"><div class=\"wp-block-group__inner-container is-layout-constrained wp-block-group-is-layout-constrained\">\n<div class=\"wp-block-group\"><div class=\"wp-block-group__inner-container is-layout-constrained wp-block-group-is-layout-constrained\">\n<figure class=\"wp-block-image size-large is-resized\"><img loading=\"lazy\" decoding=\"async\" width=\"1024\" height=\"386\" src=\"https:\/\/cinemaorion.fi\/wp-content\/uploads\/2023\/09\/perusversio_5_kielta_bright_purple-1024x386.png\" alt=\"\" class=\"wp-image-20951\" style=\"width:157px;height:59px\" srcset=\"https:\/\/cinemaorion.fi\/wp-content\/uploads\/2023\/09\/perusversio_5_kielta_bright_purple-1024x386.png 1024w, https:\/\/cinemaorion.fi\/wp-content\/uploads\/2023\/09\/perusversio_5_kielta_bright_purple-5x2.png 5w, https:\/\/cinemaorion.fi\/wp-content\/uploads\/2023\/09\/perusversio_5_kielta_bright_purple-300x113.png 300w, https:\/\/cinemaorion.fi\/wp-content\/uploads\/2023\/09\/perusversio_5_kielta_bright_purple-768x290.png 768w, https:\/\/cinemaorion.fi\/wp-content\/uploads\/2023\/09\/perusversio_5_kielta_bright_purple-18x7.png 18w, https:\/\/cinemaorion.fi\/wp-content\/uploads\/2023\/09\/perusversio_5_kielta_bright_purple.png 1158w\" sizes=\"auto, (max-width: 1024px) 100vw, 1024px\" \/><\/figure>\n<\/div><\/div>\n\n\n\n<figure class=\"wp-block-image size-large is-resized\"><img loading=\"lazy\" decoding=\"async\" width=\"1024\" height=\"286\" src=\"https:\/\/cinemaorion.fi\/wp-content\/uploads\/2023\/09\/embrace_logomark_transparentBG-copy-1024x286.jpg\" alt=\"\" class=\"wp-image-20977\" style=\"width:198px;height:55px\" srcset=\"https:\/\/cinemaorion.fi\/wp-content\/uploads\/2023\/09\/embrace_logomark_transparentBG-copy-1024x286.jpg 1024w, https:\/\/cinemaorion.fi\/wp-content\/uploads\/2023\/09\/embrace_logomark_transparentBG-copy-5x1.jpg 5w, https:\/\/cinemaorion.fi\/wp-content\/uploads\/2023\/09\/embrace_logomark_transparentBG-copy-300x84.jpg 300w, https:\/\/cinemaorion.fi\/wp-content\/uploads\/2023\/09\/embrace_logomark_transparentBG-copy-768x214.jpg 768w, https:\/\/cinemaorion.fi\/wp-content\/uploads\/2023\/09\/embrace_logomark_transparentBG-copy-18x5.jpg 18w, https:\/\/cinemaorion.fi\/wp-content\/uploads\/2023\/09\/embrace_logomark_transparentBG-copy.jpg 1133w\" sizes=\"auto, (max-width: 1024px) 100vw, 1024px\" \/><\/figure>\n<\/div><\/div>","protected":false},"excerpt":{"rendered":"<p>Virtuaalinen taide todelliseksi oli Koneen s\u00e4\u00e4ti\u00f6n rahoittama 2-vuotinen hanke, joka pilotoi VR-teosten levityst\u00e4 ja esitystoimintaa Suomessa.\u00a0Hankkeen toteutti El\u00e4v\u00e4n kuvan keskus ELKE ry. Osana hanketta toteuttettiin VR-taiteen p\u00e4iv\u00e4t -niminen kiertue kuudella eri paikkakunnalla syksyn 2023 ja kev\u00e4\u00e4n 2024 v\u00e4lisen\u00e4 aikana. Kiertueella esitettiin VR-teoksia erilaisissa esityspaikoissa, ker\u00e4ttiin tietoa niin esityspaikoilta kuin katsojiltakin. Kiertueen kokemus ker\u00e4ttiin talteen kattavaan [&hellip;]<\/p>\n","protected":false},"author":25,"featured_media":0,"parent":690,"menu_order":2,"comment_status":"closed","ping_status":"closed","template":"page-vr-taide.php","meta":{"_acf_changed":false,"footnotes":""},"class_list":["post-20418","page","type-page","status-publish","hentry"],"acf":[],"yoast_head":"<!-- This site is optimized with the Yoast SEO plugin v27.3 - https:\/\/yoast.com\/product\/yoast-seo-wordpress\/ -->\n<title>Virtuaalinen taide todelliseksi - ELKE RY<\/title>\n<meta name=\"description\" content=\"ELKEn tuottamassa Virtuaalinen taide todelliseksi -hankkeessa esitet\u00e4\u00e4n VR-taideteoksia kuudessa eri kiertuekohteessa. Hanke pilotoi VR-teosten levityst\u00e4 ja esitystoimintaa Suomessa.\" \/>\n<meta name=\"robots\" content=\"index, follow, max-snippet:-1, max-image-preview:large, max-video-preview:-1\" \/>\n<link rel=\"canonical\" href=\"https:\/\/cinemaorion.fi\/en\/elavan-kuvan-keskus-elke-ry\/virtuaalinen-taide-todelliseksi\/\" \/>\n<meta property=\"og:locale\" content=\"en_GB\" \/>\n<meta property=\"og:type\" content=\"article\" \/>\n<meta property=\"og:title\" content=\"Virtuaalinen taide todelliseksi - ELKE RY\" \/>\n<meta property=\"og:description\" content=\"Virtuaalinen taide todelliseksi on Koneen s\u00e4\u00e4ti\u00f6n rahoittama 2-vuotinen hanke, joka pilotoi VR-teosten levityst\u00e4 ja esitystoimintaa Suomessa.\u00a0Hankkeen toteuttaa El\u00e4v\u00e4n kuvan keskus ELKE ry.\" \/>\n<meta property=\"og:url\" content=\"https:\/\/cinemaorion.fi\/en\/elavan-kuvan-keskus-elke-ry\/virtuaalinen-taide-todelliseksi\/\" \/>\n<meta property=\"og:site_name\" content=\"Cinema Orion\" \/>\n<meta property=\"article:publisher\" content=\"https:\/\/www.facebook.com\/cinemaorion\" \/>\n<meta property=\"article:modified_time\" content=\"2025-10-09T11:32:04+00:00\" \/>\n<meta property=\"og:image\" content=\"https:\/\/cinemaorion.fi\/wp-content\/uploads\/2023\/08\/vr_taiteen_paivat_banneri_1920x1080.png\" \/>\n\t<meta property=\"og:image:width\" content=\"1920\" \/>\n\t<meta property=\"og:image:height\" content=\"1080\" \/>\n\t<meta property=\"og:image:type\" content=\"image\/png\" \/>\n<meta name=\"twitter:card\" content=\"summary_large_image\" \/>\n<meta name=\"twitter:site\" content=\"@cinemaorion\" \/>\n<meta name=\"twitter:label1\" content=\"Estimated reading time\" \/>\n\t<meta name=\"twitter:data1\" content=\"2 minutes\" \/>\n<script type=\"application\/ld+json\" class=\"yoast-schema-graph\">{\"@context\":\"https:\\\/\\\/schema.org\",\"@graph\":[{\"@type\":[\"WebPage\",\"AboutPage\"],\"@id\":\"https:\\\/\\\/cinemaorion.fi\\\/elavan-kuvan-keskus-elke-ry\\\/virtuaalinen-taide-todelliseksi\\\/\",\"url\":\"https:\\\/\\\/cinemaorion.fi\\\/elavan-kuvan-keskus-elke-ry\\\/virtuaalinen-taide-todelliseksi\\\/\",\"name\":\"Virtuaalinen taide todelliseksi - ELKE RY\",\"isPartOf\":{\"@id\":\"https:\\\/\\\/cinemaorion.fi\\\/#website\"},\"primaryImageOfPage\":{\"@id\":\"https:\\\/\\\/cinemaorion.fi\\\/elavan-kuvan-keskus-elke-ry\\\/virtuaalinen-taide-todelliseksi\\\/#primaryimage\"},\"image\":{\"@id\":\"https:\\\/\\\/cinemaorion.fi\\\/elavan-kuvan-keskus-elke-ry\\\/virtuaalinen-taide-todelliseksi\\\/#primaryimage\"},\"thumbnailUrl\":\"https:\\\/\\\/cinemaorion.fi\\\/wp-content\\\/uploads\\\/2023\\\/08\\\/koneensaatio-h-logo-bitmap-07_18632570981_o-1024x216.png\",\"datePublished\":\"2023-08-27T10:42:15+00:00\",\"dateModified\":\"2025-10-09T11:32:04+00:00\",\"description\":\"ELKEn tuottamassa Virtuaalinen taide todelliseksi -hankkeessa esitet\u00e4\u00e4n VR-taideteoksia kuudessa eri kiertuekohteessa. Hanke pilotoi VR-teosten levityst\u00e4 ja esitystoimintaa Suomessa.\",\"breadcrumb\":{\"@id\":\"https:\\\/\\\/cinemaorion.fi\\\/elavan-kuvan-keskus-elke-ry\\\/virtuaalinen-taide-todelliseksi\\\/#breadcrumb\"},\"inLanguage\":\"en-GB\",\"potentialAction\":[{\"@type\":\"ReadAction\",\"target\":[\"https:\\\/\\\/cinemaorion.fi\\\/elavan-kuvan-keskus-elke-ry\\\/virtuaalinen-taide-todelliseksi\\\/\"]}]},{\"@type\":\"ImageObject\",\"inLanguage\":\"en-GB\",\"@id\":\"https:\\\/\\\/cinemaorion.fi\\\/elavan-kuvan-keskus-elke-ry\\\/virtuaalinen-taide-todelliseksi\\\/#primaryimage\",\"url\":\"https:\\\/\\\/cinemaorion.fi\\\/wp-content\\\/uploads\\\/2023\\\/08\\\/koneensaatio-h-logo-bitmap-07_18632570981_o-1024x216.png\",\"contentUrl\":\"https:\\\/\\\/cinemaorion.fi\\\/wp-content\\\/uploads\\\/2023\\\/08\\\/koneensaatio-h-logo-bitmap-07_18632570981_o-1024x216.png\"},{\"@type\":\"BreadcrumbList\",\"@id\":\"https:\\\/\\\/cinemaorion.fi\\\/elavan-kuvan-keskus-elke-ry\\\/virtuaalinen-taide-todelliseksi\\\/#breadcrumb\",\"itemListElement\":[{\"@type\":\"ListItem\",\"position\":1,\"name\":\"Home\",\"item\":\"https:\\\/\\\/cinemaorion.fi\\\/\"},{\"@type\":\"ListItem\",\"position\":2,\"name\":\"El\u00e4v\u00e4n kuvan keskus ELKE ry\",\"item\":\"https:\\\/\\\/cinemaorion.fi\\\/elavan-kuvan-keskus-elke-ry\\\/\"},{\"@type\":\"ListItem\",\"position\":3,\"name\":\"Virtuaalinen taide todelliseksi\"}]},{\"@type\":\"WebSite\",\"@id\":\"https:\\\/\\\/cinemaorion.fi\\\/#website\",\"url\":\"https:\\\/\\\/cinemaorion.fi\\\/\",\"name\":\"Cinema Orion\",\"description\":\"Cinema Orion tagline\",\"publisher\":{\"@id\":\"https:\\\/\\\/cinemaorion.fi\\\/#organization\"},\"alternateName\":\"Elokuvateatteri Orion\",\"potentialAction\":[{\"@type\":\"SearchAction\",\"target\":{\"@type\":\"EntryPoint\",\"urlTemplate\":\"https:\\\/\\\/cinemaorion.fi\\\/?s={search_term_string}\"},\"query-input\":{\"@type\":\"PropertyValueSpecification\",\"valueRequired\":true,\"valueName\":\"search_term_string\"}}],\"inLanguage\":\"en-GB\"},{\"@type\":\"Organization\",\"@id\":\"https:\\\/\\\/cinemaorion.fi\\\/#organization\",\"name\":\"Cinema Orion\",\"url\":\"https:\\\/\\\/cinemaorion.fi\\\/\",\"logo\":{\"@type\":\"ImageObject\",\"inLanguage\":\"en-GB\",\"@id\":\"https:\\\/\\\/cinemaorion.fi\\\/#\\\/schema\\\/logo\\\/image\\\/\",\"url\":\"https:\\\/\\\/cinemaorion.fi\\\/wp-content\\\/uploads\\\/2021\\\/03\\\/logo-cinemaorion-elke-ry.png\",\"contentUrl\":\"https:\\\/\\\/cinemaorion.fi\\\/wp-content\\\/uploads\\\/2021\\\/03\\\/logo-cinemaorion-elke-ry.png\",\"width\":1300,\"height\":278,\"caption\":\"Cinema Orion\"},\"image\":{\"@id\":\"https:\\\/\\\/cinemaorion.fi\\\/#\\\/schema\\\/logo\\\/image\\\/\"},\"sameAs\":[\"https:\\\/\\\/www.facebook.com\\\/cinemaorion\",\"https:\\\/\\\/x.com\\\/cinemaorion\",\"https:\\\/\\\/www.instagram.com\\\/cinemaorion\\\/\",\"https:\\\/\\\/twitter.com\\\/cinemaorion\"]}]}<\/script>\n<!-- \/ Yoast SEO plugin. -->","yoast_head_json":{"title":"Virtuaalinen taide todelliseksi - ELKE RY","description":"ELKEn tuottamassa Virtuaalinen taide todelliseksi -hankkeessa esitet\u00e4\u00e4n VR-taideteoksia kuudessa eri kiertuekohteessa. Hanke pilotoi VR-teosten levityst\u00e4 ja esitystoimintaa Suomessa.","robots":{"index":"index","follow":"follow","max-snippet":"max-snippet:-1","max-image-preview":"max-image-preview:large","max-video-preview":"max-video-preview:-1"},"canonical":"https:\/\/cinemaorion.fi\/en\/elavan-kuvan-keskus-elke-ry\/virtuaalinen-taide-todelliseksi\/","og_locale":"en_GB","og_type":"article","og_title":"Virtuaalinen taide todelliseksi - ELKE RY","og_description":"Virtuaalinen taide todelliseksi on Koneen s\u00e4\u00e4ti\u00f6n rahoittama 2-vuotinen hanke, joka pilotoi VR-teosten levityst\u00e4 ja esitystoimintaa Suomessa.\u00a0Hankkeen toteuttaa El\u00e4v\u00e4n kuvan keskus ELKE ry.","og_url":"https:\/\/cinemaorion.fi\/en\/elavan-kuvan-keskus-elke-ry\/virtuaalinen-taide-todelliseksi\/","og_site_name":"Cinema Orion","article_publisher":"https:\/\/www.facebook.com\/cinemaorion","article_modified_time":"2025-10-09T11:32:04+00:00","og_image":[{"width":1920,"height":1080,"url":"https:\/\/cinemaorion.fi\/wp-content\/uploads\/2023\/08\/vr_taiteen_paivat_banneri_1920x1080.png","type":"image\/png"}],"twitter_card":"summary_large_image","twitter_site":"@cinemaorion","twitter_misc":{"Estimated reading time":"2 minutes"},"schema":{"@context":"https:\/\/schema.org","@graph":[{"@type":["WebPage","AboutPage"],"@id":"https:\/\/cinemaorion.fi\/elavan-kuvan-keskus-elke-ry\/virtuaalinen-taide-todelliseksi\/","url":"https:\/\/cinemaorion.fi\/elavan-kuvan-keskus-elke-ry\/virtuaalinen-taide-todelliseksi\/","name":"Virtuaalinen taide todelliseksi - ELKE RY","isPartOf":{"@id":"https:\/\/cinemaorion.fi\/#website"},"primaryImageOfPage":{"@id":"https:\/\/cinemaorion.fi\/elavan-kuvan-keskus-elke-ry\/virtuaalinen-taide-todelliseksi\/#primaryimage"},"image":{"@id":"https:\/\/cinemaorion.fi\/elavan-kuvan-keskus-elke-ry\/virtuaalinen-taide-todelliseksi\/#primaryimage"},"thumbnailUrl":"https:\/\/cinemaorion.fi\/wp-content\/uploads\/2023\/08\/koneensaatio-h-logo-bitmap-07_18632570981_o-1024x216.png","datePublished":"2023-08-27T10:42:15+00:00","dateModified":"2025-10-09T11:32:04+00:00","description":"ELKEn tuottamassa Virtuaalinen taide todelliseksi -hankkeessa esitet\u00e4\u00e4n VR-taideteoksia kuudessa eri kiertuekohteessa. Hanke pilotoi VR-teosten levityst\u00e4 ja esitystoimintaa Suomessa.","breadcrumb":{"@id":"https:\/\/cinemaorion.fi\/elavan-kuvan-keskus-elke-ry\/virtuaalinen-taide-todelliseksi\/#breadcrumb"},"inLanguage":"en-GB","potentialAction":[{"@type":"ReadAction","target":["https:\/\/cinemaorion.fi\/elavan-kuvan-keskus-elke-ry\/virtuaalinen-taide-todelliseksi\/"]}]},{"@type":"ImageObject","inLanguage":"en-GB","@id":"https:\/\/cinemaorion.fi\/elavan-kuvan-keskus-elke-ry\/virtuaalinen-taide-todelliseksi\/#primaryimage","url":"https:\/\/cinemaorion.fi\/wp-content\/uploads\/2023\/08\/koneensaatio-h-logo-bitmap-07_18632570981_o-1024x216.png","contentUrl":"https:\/\/cinemaorion.fi\/wp-content\/uploads\/2023\/08\/koneensaatio-h-logo-bitmap-07_18632570981_o-1024x216.png"},{"@type":"BreadcrumbList","@id":"https:\/\/cinemaorion.fi\/elavan-kuvan-keskus-elke-ry\/virtuaalinen-taide-todelliseksi\/#breadcrumb","itemListElement":[{"@type":"ListItem","position":1,"name":"Home","item":"https:\/\/cinemaorion.fi\/"},{"@type":"ListItem","position":2,"name":"El\u00e4v\u00e4n kuvan keskus ELKE ry","item":"https:\/\/cinemaorion.fi\/elavan-kuvan-keskus-elke-ry\/"},{"@type":"ListItem","position":3,"name":"Virtuaalinen taide todelliseksi"}]},{"@type":"WebSite","@id":"https:\/\/cinemaorion.fi\/#website","url":"https:\/\/cinemaorion.fi\/","name":"Cinema Orion","description":"Cinema Orion tagline","publisher":{"@id":"https:\/\/cinemaorion.fi\/#organization"},"alternateName":"Elokuvateatteri Orion","potentialAction":[{"@type":"SearchAction","target":{"@type":"EntryPoint","urlTemplate":"https:\/\/cinemaorion.fi\/?s={search_term_string}"},"query-input":{"@type":"PropertyValueSpecification","valueRequired":true,"valueName":"search_term_string"}}],"inLanguage":"en-GB"},{"@type":"Organization","@id":"https:\/\/cinemaorion.fi\/#organization","name":"Cinema Orion","url":"https:\/\/cinemaorion.fi\/","logo":{"@type":"ImageObject","inLanguage":"en-GB","@id":"https:\/\/cinemaorion.fi\/#\/schema\/logo\/image\/","url":"https:\/\/cinemaorion.fi\/wp-content\/uploads\/2021\/03\/logo-cinemaorion-elke-ry.png","contentUrl":"https:\/\/cinemaorion.fi\/wp-content\/uploads\/2021\/03\/logo-cinemaorion-elke-ry.png","width":1300,"height":278,"caption":"Cinema Orion"},"image":{"@id":"https:\/\/cinemaorion.fi\/#\/schema\/logo\/image\/"},"sameAs":["https:\/\/www.facebook.com\/cinemaorion","https:\/\/x.com\/cinemaorion","https:\/\/www.instagram.com\/cinemaorion\/","https:\/\/twitter.com\/cinemaorion"]}]}},"_links":{"self":[{"href":"https:\/\/cinemaorion.fi\/en\/wp-json\/wp\/v2\/pages\/20418","targetHints":{"allow":["GET"]}}],"collection":[{"href":"https:\/\/cinemaorion.fi\/en\/wp-json\/wp\/v2\/pages"}],"about":[{"href":"https:\/\/cinemaorion.fi\/en\/wp-json\/wp\/v2\/types\/page"}],"author":[{"embeddable":true,"href":"https:\/\/cinemaorion.fi\/en\/wp-json\/wp\/v2\/users\/25"}],"replies":[{"embeddable":true,"href":"https:\/\/cinemaorion.fi\/en\/wp-json\/wp\/v2\/comments?post=20418"}],"version-history":[{"count":19,"href":"https:\/\/cinemaorion.fi\/en\/wp-json\/wp\/v2\/pages\/20418\/revisions"}],"predecessor-version":[{"id":28095,"href":"https:\/\/cinemaorion.fi\/en\/wp-json\/wp\/v2\/pages\/20418\/revisions\/28095"}],"up":[{"embeddable":true,"href":"https:\/\/cinemaorion.fi\/en\/wp-json\/wp\/v2\/pages\/690"}],"wp:attachment":[{"href":"https:\/\/cinemaorion.fi\/en\/wp-json\/wp\/v2\/media?parent=20418"}],"curies":[{"name":"wp","href":"https:\/\/api.w.org\/{rel}","templated":true}]}}