{"id":15423,"date":"2022-05-05T11:47:27","date_gmt":"2022-05-05T11:47:27","guid":{"rendered":"https:\/\/cinemaorion.fi\/?page_id=15423"},"modified":"2023-03-31T06:31:18","modified_gmt":"2023-03-31T06:31:18","slug":"be-part-of-this-years-27-times-cinema","status":"publish","type":"page","link":"https:\/\/cinemaorion.fi\/en\/be-part-of-this-years-27-times-cinema\/","title":{"rendered":"BE PART OF THIS YEAR\u2019S 27 TIMES CINEMA!"},"content":{"rendered":"<p>Hae mukaan 27 Times Cinema -hankkeeseen ja koe unohtumaton elokuvavuosi kansainv\u00e4lisess\u00e4 seurassa! Hankkeeseen valitut 27 eurooppalaista nuorta (18-25 v) kutsutaan mukaan Venetsian elokuvajuhlille, jossa he valitsevat parhaan elokuvan The Giorniate degli Autori -kilpailussa. <\/p>\n\n\n\n<p><strong>L\u00e4het\u00e4 hakemuksesi viimeist\u00e4\u00e4n 10.4. menness\u00e4 <\/strong>ja olet mukana kilpailemassa Suomen edustajan paikasta. Lis\u00e4\u00e4 tietoa hankkeesta ja hakuvaatimuksista alla. Linkin hakulomakkeeseen l\u00f6yd\u00e4t sivun alareunasta.<\/p>\n\n\n\n<figure class=\"wp-block-image size-large\"><img loading=\"lazy\" decoding=\"async\" width=\"725\" height=\"1024\" src=\"https:\/\/cinemaorion.fi\/wp-content\/uploads\/2023\/02\/Newsletter-2023_Page_1-725x1024.jpg\" alt=\"\" class=\"wp-image-18536\" srcset=\"https:\/\/cinemaorion.fi\/wp-content\/uploads\/2023\/02\/Newsletter-2023_Page_1-725x1024.jpg 725w, https:\/\/cinemaorion.fi\/wp-content\/uploads\/2023\/02\/Newsletter-2023_Page_1-213x300.jpg 213w, https:\/\/cinemaorion.fi\/wp-content\/uploads\/2023\/02\/Newsletter-2023_Page_1-768x1084.jpg 768w, https:\/\/cinemaorion.fi\/wp-content\/uploads\/2023\/02\/Newsletter-2023_Page_1-1088x1536.jpg 1088w, https:\/\/cinemaorion.fi\/wp-content\/uploads\/2023\/02\/Newsletter-2023_Page_1-1451x2048.jpg 1451w, https:\/\/cinemaorion.fi\/wp-content\/uploads\/2023\/02\/Newsletter-2023_Page_1-9x12.jpg 9w, https:\/\/cinemaorion.fi\/wp-content\/uploads\/2023\/02\/Newsletter-2023_Page_1-scaled.jpg 1814w\" sizes=\"auto, (max-width: 725px) 100vw, 725px\" \/><\/figure>\n\n\n\n<figure class=\"wp-block-image size-large\"><img loading=\"lazy\" decoding=\"async\" width=\"723\" height=\"1024\" src=\"https:\/\/cinemaorion.fi\/wp-content\/uploads\/2023\/02\/Newsletter-2023_Page_2-723x1024.jpg\" alt=\"\" class=\"wp-image-18537\" srcset=\"https:\/\/cinemaorion.fi\/wp-content\/uploads\/2023\/02\/Newsletter-2023_Page_2-723x1024.jpg 723w, https:\/\/cinemaorion.fi\/wp-content\/uploads\/2023\/02\/Newsletter-2023_Page_2-212x300.jpg 212w, https:\/\/cinemaorion.fi\/wp-content\/uploads\/2023\/02\/Newsletter-2023_Page_2-768x1087.jpg 768w, https:\/\/cinemaorion.fi\/wp-content\/uploads\/2023\/02\/Newsletter-2023_Page_2-1085x1536.jpg 1085w, https:\/\/cinemaorion.fi\/wp-content\/uploads\/2023\/02\/Newsletter-2023_Page_2-1446x2048.jpg 1446w, https:\/\/cinemaorion.fi\/wp-content\/uploads\/2023\/02\/Newsletter-2023_Page_2-8x12.jpg 8w, https:\/\/cinemaorion.fi\/wp-content\/uploads\/2023\/02\/Newsletter-2023_Page_2-scaled.jpg 1808w\" sizes=\"auto, (max-width: 723px) 100vw, 723px\" \/><\/figure>\n\n\n\n<p><strong>Linkki hakulomakkeeseen<\/strong>: <a href=\"https:\/\/form.jotform.com\/EuropaCinemas\/27TC-application-form-2023\">https:\/\/form.jotform.com\/EuropaCinemas\/27TC-application-form-2023<\/a><br>Huom! T\u00e4yt\u00e4 hakemus englanniksi. Kun olet t\u00e4ytt\u00e4nyt lomakkeen ja painanut &#8221;submit&#8221;-painiketta saat lomakkeesta pdf-kopion. <strong>L\u00e4het\u00e4 t\u00e4m\u00e4 kopio yhdess\u00e4 tekem\u00e4si videon kanssa osoitteeseen info@cinemaorion.fi viimeist\u00e4\u00e4n 29.3.  <\/strong><\/p>\n\n\n\n<p>Katso edellisten vuosien videohakemukset Vimeosta: <a href=\"https:\/\/vimeo.com\/showcase\/4645377\">https:\/\/vimeo.com\/showcase\/4645377<\/a><\/p>\n\n\n\n<p>Lis\u00e4tietoja hausta: info@cinemaorion.fi<\/p>\n\n\n\n<div class=\"wp-block-group\"><div class=\"wp-block-group__inner-container is-layout-flow wp-block-group-is-layout-flow\">\n<div class=\"wp-block-columns is-layout-flex wp-container-core-columns-is-layout-9d6595d7 wp-block-columns-is-layout-flex\">\n<div class=\"wp-block-column is-layout-flow wp-block-column-is-layout-flow\" style=\"flex-basis:100%\">\n<div class=\"wp-block-group\"><div class=\"wp-block-group__inner-container is-layout-flow wp-block-group-is-layout-flow\">\n<div class=\"wp-block-group\"><div class=\"wp-block-group__inner-container is-layout-flow wp-block-group-is-layout-flow\"><\/div><\/div>\n\n\n\n<div class=\"wp-block-columns is-layout-flex wp-container-core-columns-is-layout-9d6595d7 wp-block-columns-is-layout-flex\">\n<div class=\"wp-block-column is-layout-flow wp-block-column-is-layout-flow\">\n<figure class=\"wp-block-image size-large\"><img loading=\"lazy\" decoding=\"async\" width=\"1024\" height=\"538\" src=\"https:\/\/cinemaorion.fi\/wp-content\/uploads\/2022\/10\/EUROPACINEMAS_logo_blue_-1024x538.png\" alt=\"\" class=\"wp-image-17047\" srcset=\"https:\/\/cinemaorion.fi\/wp-content\/uploads\/2022\/10\/EUROPACINEMAS_logo_blue_-1024x538.png 1024w, https:\/\/cinemaorion.fi\/wp-content\/uploads\/2022\/10\/EUROPACINEMAS_logo_blue_-5x3.png 5w, https:\/\/cinemaorion.fi\/wp-content\/uploads\/2022\/10\/EUROPACINEMAS_logo_blue_-300x158.png 300w, https:\/\/cinemaorion.fi\/wp-content\/uploads\/2022\/10\/EUROPACINEMAS_logo_blue_-768x404.png 768w, https:\/\/cinemaorion.fi\/wp-content\/uploads\/2022\/10\/EUROPACINEMAS_logo_blue_-1536x807.png 1536w, https:\/\/cinemaorion.fi\/wp-content\/uploads\/2022\/10\/EUROPACINEMAS_logo_blue_-2048x1077.png 2048w, https:\/\/cinemaorion.fi\/wp-content\/uploads\/2022\/10\/EUROPACINEMAS_logo_blue_-18x9.png 18w\" sizes=\"auto, (max-width: 1024px) 100vw, 1024px\" \/><\/figure>\n<\/div>\n\n\n\n<div class=\"wp-block-column is-layout-flow wp-block-column-is-layout-flow\">\n<figure class=\"wp-block-image size-full\"><img loading=\"lazy\" decoding=\"async\" width=\"404\" height=\"140\" src=\"https:\/\/cinemaorion.fi\/wp-content\/uploads\/2022\/05\/Artboard-2.png\" alt=\"\" class=\"wp-image-15463\" srcset=\"https:\/\/cinemaorion.fi\/wp-content\/uploads\/2022\/05\/Artboard-2.png 404w, https:\/\/cinemaorion.fi\/wp-content\/uploads\/2022\/05\/Artboard-2-5x2.png 5w, https:\/\/cinemaorion.fi\/wp-content\/uploads\/2022\/05\/Artboard-2-300x104.png 300w, https:\/\/cinemaorion.fi\/wp-content\/uploads\/2022\/05\/Artboard-2-18x6.png 18w\" sizes=\"auto, (max-width: 404px) 100vw, 404px\" \/><\/figure>\n<\/div>\n\n\n\n<div class=\"wp-block-column is-layout-flow wp-block-column-is-layout-flow\">\n<figure class=\"wp-block-image size-full\"><img loading=\"lazy\" decoding=\"async\" width=\"177\" height=\"96\" src=\"https:\/\/cinemaorion.fi\/wp-content\/uploads\/2022\/05\/15-LUX-AUDIENCE-AWARD_GENERIC_S_neg_EN.jpg\" alt=\"\" class=\"wp-image-15455\" srcset=\"https:\/\/cinemaorion.fi\/wp-content\/uploads\/2022\/05\/15-LUX-AUDIENCE-AWARD_GENERIC_S_neg_EN.jpg 177w, https:\/\/cinemaorion.fi\/wp-content\/uploads\/2022\/05\/15-LUX-AUDIENCE-AWARD_GENERIC_S_neg_EN-5x3.jpg 5w, https:\/\/cinemaorion.fi\/wp-content\/uploads\/2022\/05\/15-LUX-AUDIENCE-AWARD_GENERIC_S_neg_EN-18x10.jpg 18w\" sizes=\"auto, (max-width: 177px) 100vw, 177px\" \/><\/figure>\n<\/div>\n<\/div>\n<\/div><\/div>\n<\/div>\n<\/div>\n<\/div><\/div>\n\n\n\n<div class=\"wp-block-group\"><div class=\"wp-block-group__inner-container is-layout-flow wp-block-group-is-layout-flow\">\n<div class=\"wp-block-columns is-layout-flex wp-container-core-columns-is-layout-9d6595d7 wp-block-columns-is-layout-flex\">\n<div class=\"wp-block-column is-layout-flow wp-block-column-is-layout-flow\">\n<figure class=\"wp-block-image size-full is-resized\"><img loading=\"lazy\" decoding=\"async\" src=\"https:\/\/cinemaorion.fi\/wp-content\/uploads\/2022\/05\/EP-logo-CMYK-neg_EN.png\" alt=\"\" class=\"wp-image-15464\" width=\"203\" height=\"163\" srcset=\"https:\/\/cinemaorion.fi\/wp-content\/uploads\/2022\/05\/EP-logo-CMYK-neg_EN-5x5.png 5w, https:\/\/cinemaorion.fi\/wp-content\/uploads\/2022\/05\/EP-logo-CMYK-neg_EN-15x12.png 15w\" sizes=\"auto, (max-width: 203px) 100vw, 203px\" \/><\/figure>\n<\/div>\n\n\n\n<div class=\"wp-block-column is-layout-flow wp-block-column-is-layout-flow\">\n<figure class=\"wp-block-image size-full\"><img loading=\"lazy\" decoding=\"async\" width=\"177\" height=\"177\" src=\"https:\/\/cinemaorion.fi\/wp-content\/uploads\/2022\/05\/15-27-times-cinema-blanc-fond-transparent-1.png\" alt=\"\" class=\"wp-image-15451\" srcset=\"https:\/\/cinemaorion.fi\/wp-content\/uploads\/2022\/05\/15-27-times-cinema-blanc-fond-transparent-1.png 177w, https:\/\/cinemaorion.fi\/wp-content\/uploads\/2022\/05\/15-27-times-cinema-blanc-fond-transparent-1-5x5.png 5w, https:\/\/cinemaorion.fi\/wp-content\/uploads\/2022\/05\/15-27-times-cinema-blanc-fond-transparent-1-150x150.png 150w, https:\/\/cinemaorion.fi\/wp-content\/uploads\/2022\/05\/15-27-times-cinema-blanc-fond-transparent-1-12x12.png 12w\" sizes=\"auto, (max-width: 177px) 100vw, 177px\" \/><\/figure>\n<\/div>\n\n\n\n<div class=\"wp-block-column is-layout-flow wp-block-column-is-layout-flow\"><\/div>\n<\/div>\n<\/div><\/div>","protected":false},"excerpt":{"rendered":"<p>Hae mukaan 27 Times Cinema -hankkeeseen ja koe unohtumaton elokuvavuosi kansainv\u00e4lisess\u00e4 seurassa! Hankkeeseen valitut 27 eurooppalaista nuorta (18-25 v) kutsutaan mukaan Venetsian elokuvajuhlille, jossa he valitsevat parhaan elokuvan The Giorniate degli Autori -kilpailussa. L\u00e4het\u00e4 hakemuksesi viimeist\u00e4\u00e4n 10.4. menness\u00e4 ja olet mukana kilpailemassa Suomen edustajan paikasta. Lis\u00e4\u00e4 tietoa hankkeesta ja hakuvaatimuksista alla. Linkin hakulomakkeeseen l\u00f6yd\u00e4t sivun [&hellip;]<\/p>\n","protected":false},"author":3,"featured_media":0,"parent":0,"menu_order":0,"comment_status":"closed","ping_status":"closed","template":"","meta":{"_acf_changed":false,"footnotes":""},"class_list":["post-15423","page","type-page","status-publish","hentry"],"acf":[],"yoast_head":"<!-- This site is optimized with the Yoast SEO plugin v27.4 - https:\/\/yoast.com\/product\/yoast-seo-wordpress\/ -->\n<title>BE PART OF THIS YEAR\u2019S 27 TIMES CINEMA! - Cinema Orion<\/title>\n<meta name=\"description\" content=\"Hae mukaan 27 Times Cinema -hankkeeseen ja koe unohtumaton elokuvavuosi kansainv\u00e4lisess\u00e4 seurassa! Hankkeeseen valitut 27 eurooppalaista nuorta (18-25 v) kutsutaan mukaan Venetsian elokuvajuhlille, jossa he valitsevat parhaan elokuvan The Giorniate degli Autori -kilpailussa. L\u00e4het\u00e4 hakemuksesi viimeist\u00e4\u00e4n 10.4. menness\u00e4 ja olet mukana kilpailemassa Suomen edustajan paikasta. Lis\u00e4\u00e4 tietoa hankkeesta ja hakuvaatimuksista alla. Linkin hakulomakkeeseen l\u00f6yd\u00e4t sivun alareunasta.Linkki hakulomakkeeseen: https:\/\/form.jotform.com\/EuropaCinemas\/27TC-application-form-2023Huom! T\u00e4yt\u00e4 hakemus englanniksi. Kun olet t\u00e4ytt\u00e4nyt lomakkeen ja painanut &quot;submit&quot;-painiketta saat lomakkeesta pdf-kopion. L\u00e4het\u00e4 t\u00e4m\u00e4 kopio yhdess\u00e4 tekem\u00e4si videon kanssa osoitteeseen info@cinemaorion.fi viimeist\u00e4\u00e4n 29.3. Katso edellisten vuosien videohakemukset Vimeosta: https:\/\/vimeo.com\/showcase\/4645377Lis\u00e4tietoja hausta: info@cinemaorion.fi\" \/>\n<meta name=\"robots\" content=\"index, follow, max-snippet:-1, max-image-preview:large, max-video-preview:-1\" \/>\n<link rel=\"canonical\" href=\"https:\/\/cinemaorion.fi\/en\/be-part-of-this-years-27-times-cinema\/\" \/>\n<meta property=\"og:locale\" content=\"en_GB\" \/>\n<meta property=\"og:type\" content=\"article\" \/>\n<meta property=\"og:title\" content=\"BE PART OF THIS YEAR\u2019S 27 TIMES CINEMA! - Cinema Orion\" \/>\n<meta property=\"og:description\" content=\"Hae mukaan 27 Times Cinema -hankkeeseen ja koe unohtumaton elokuvavuosi kansainv\u00e4lisess\u00e4 seurassa! Hankkeeseen valitut 27 eurooppalaista nuorta (18-25 v) kutsutaan mukaan Venetsian elokuvajuhlille, jossa he valitsevat parhaan elokuvan The Giorniate degli Autori -kilpailussa. L\u00e4het\u00e4 hakemuksesi viimeist\u00e4\u00e4n 10.4. menness\u00e4 ja olet mukana kilpailemassa Suomen edustajan paikasta. Lis\u00e4\u00e4 tietoa hankkeesta ja hakuvaatimuksista alla. Linkin hakulomakkeeseen l\u00f6yd\u00e4t sivun alareunasta.Linkki hakulomakkeeseen: https:\/\/form.jotform.com\/EuropaCinemas\/27TC-application-form-2023Huom! T\u00e4yt\u00e4 hakemus englanniksi. Kun olet t\u00e4ytt\u00e4nyt lomakkeen ja painanut &quot;submit&quot;-painiketta saat lomakkeesta pdf-kopion. L\u00e4het\u00e4 t\u00e4m\u00e4 kopio yhdess\u00e4 tekem\u00e4si videon kanssa osoitteeseen info@cinemaorion.fi viimeist\u00e4\u00e4n 29.3. Katso edellisten vuosien videohakemukset Vimeosta: https:\/\/vimeo.com\/showcase\/4645377Lis\u00e4tietoja hausta: info@cinemaorion.fi\" \/>\n<meta property=\"og:url\" content=\"https:\/\/cinemaorion.fi\/en\/be-part-of-this-years-27-times-cinema\/\" \/>\n<meta property=\"og:site_name\" content=\"Cinema Orion\" \/>\n<meta property=\"article:publisher\" content=\"https:\/\/www.facebook.com\/cinemaorion\" \/>\n<meta property=\"article:modified_time\" content=\"2023-03-31T06:31:18+00:00\" \/>\n<meta property=\"og:image\" content=\"https:\/\/cinemaorion.fi\/wp-content\/uploads\/2022\/05\/2022-Poster.png\" \/>\n<meta name=\"twitter:card\" content=\"summary_large_image\" \/>\n<meta name=\"twitter:site\" content=\"@cinemaorion\" \/>\n<meta name=\"twitter:label1\" content=\"Estimated reading time\" \/>\n\t<meta name=\"twitter:data1\" content=\"2 minutes\" \/>\n<script type=\"application\/ld+json\" class=\"yoast-schema-graph\">{\"@context\":\"https:\\\/\\\/schema.org\",\"@graph\":[{\"@type\":\"WebPage\",\"@id\":\"https:\\\/\\\/cinemaorion.fi\\\/be-part-of-this-years-27-times-cinema\\\/\",\"url\":\"https:\\\/\\\/cinemaorion.fi\\\/be-part-of-this-years-27-times-cinema\\\/\",\"name\":\"BE PART OF THIS YEAR\u2019S 27 TIMES CINEMA! - Cinema Orion\",\"isPartOf\":{\"@id\":\"https:\\\/\\\/cinemaorion.fi\\\/#website\"},\"primaryImageOfPage\":{\"@id\":\"https:\\\/\\\/cinemaorion.fi\\\/be-part-of-this-years-27-times-cinema\\\/#primaryimage\"},\"image\":{\"@id\":\"https:\\\/\\\/cinemaorion.fi\\\/be-part-of-this-years-27-times-cinema\\\/#primaryimage\"},\"thumbnailUrl\":\"https:\\\/\\\/cinemaorion.fi\\\/wp-content\\\/uploads\\\/2023\\\/02\\\/Newsletter-2023_Page_1-725x1024.jpg\",\"datePublished\":\"2022-05-05T11:47:27+00:00\",\"dateModified\":\"2023-03-31T06:31:18+00:00\",\"description\":\"Hae mukaan 27 Times Cinema -hankkeeseen ja koe unohtumaton elokuvavuosi kansainv\u00e4lisess\u00e4 seurassa! Hankkeeseen valitut 27 eurooppalaista nuorta (18-25 v) kutsutaan mukaan Venetsian elokuvajuhlille, jossa he valitsevat parhaan elokuvan The Giorniate degli Autori -kilpailussa. L\u00e4het\u00e4 hakemuksesi viimeist\u00e4\u00e4n 10.4. menness\u00e4 ja olet mukana kilpailemassa Suomen edustajan paikasta. Lis\u00e4\u00e4 tietoa hankkeesta ja hakuvaatimuksista alla. Linkin hakulomakkeeseen l\u00f6yd\u00e4t sivun alareunasta.Linkki hakulomakkeeseen: https:\\\/\\\/form.jotform.com\\\/EuropaCinemas\\\/27TC-application-form-2023Huom! T\u00e4yt\u00e4 hakemus englanniksi. Kun olet t\u00e4ytt\u00e4nyt lomakkeen ja painanut \\\"submit\\\"-painiketta saat lomakkeesta pdf-kopion. L\u00e4het\u00e4 t\u00e4m\u00e4 kopio yhdess\u00e4 tekem\u00e4si videon kanssa osoitteeseen info@cinemaorion.fi viimeist\u00e4\u00e4n 29.3. Katso edellisten vuosien videohakemukset Vimeosta: https:\\\/\\\/vimeo.com\\\/showcase\\\/4645377Lis\u00e4tietoja hausta: info@cinemaorion.fi\",\"breadcrumb\":{\"@id\":\"https:\\\/\\\/cinemaorion.fi\\\/be-part-of-this-years-27-times-cinema\\\/#breadcrumb\"},\"inLanguage\":\"en-GB\",\"potentialAction\":[{\"@type\":\"ReadAction\",\"target\":[\"https:\\\/\\\/cinemaorion.fi\\\/be-part-of-this-years-27-times-cinema\\\/\"]}]},{\"@type\":\"ImageObject\",\"inLanguage\":\"en-GB\",\"@id\":\"https:\\\/\\\/cinemaorion.fi\\\/be-part-of-this-years-27-times-cinema\\\/#primaryimage\",\"url\":\"https:\\\/\\\/cinemaorion.fi\\\/wp-content\\\/uploads\\\/2023\\\/02\\\/Newsletter-2023_Page_1-725x1024.jpg\",\"contentUrl\":\"https:\\\/\\\/cinemaorion.fi\\\/wp-content\\\/uploads\\\/2023\\\/02\\\/Newsletter-2023_Page_1-725x1024.jpg\"},{\"@type\":\"BreadcrumbList\",\"@id\":\"https:\\\/\\\/cinemaorion.fi\\\/be-part-of-this-years-27-times-cinema\\\/#breadcrumb\",\"itemListElement\":[{\"@type\":\"ListItem\",\"position\":1,\"name\":\"Home\",\"item\":\"https:\\\/\\\/cinemaorion.fi\\\/\"},{\"@type\":\"ListItem\",\"position\":2,\"name\":\"BE PART OF THIS YEAR\u2019S 27 TIMES CINEMA!\"}]},{\"@type\":\"WebSite\",\"@id\":\"https:\\\/\\\/cinemaorion.fi\\\/#website\",\"url\":\"https:\\\/\\\/cinemaorion.fi\\\/\",\"name\":\"Cinema Orion\",\"description\":\"Cinema Orion tagline\",\"publisher\":{\"@id\":\"https:\\\/\\\/cinemaorion.fi\\\/#organization\"},\"alternateName\":\"Elokuvateatteri Orion\",\"potentialAction\":[{\"@type\":\"SearchAction\",\"target\":{\"@type\":\"EntryPoint\",\"urlTemplate\":\"https:\\\/\\\/cinemaorion.fi\\\/?s={search_term_string}\"},\"query-input\":{\"@type\":\"PropertyValueSpecification\",\"valueRequired\":true,\"valueName\":\"search_term_string\"}}],\"inLanguage\":\"en-GB\"},{\"@type\":\"Organization\",\"@id\":\"https:\\\/\\\/cinemaorion.fi\\\/#organization\",\"name\":\"Cinema Orion\",\"url\":\"https:\\\/\\\/cinemaorion.fi\\\/\",\"logo\":{\"@type\":\"ImageObject\",\"inLanguage\":\"en-GB\",\"@id\":\"https:\\\/\\\/cinemaorion.fi\\\/#\\\/schema\\\/logo\\\/image\\\/\",\"url\":\"https:\\\/\\\/cinemaorion.fi\\\/wp-content\\\/uploads\\\/2021\\\/03\\\/logo-cinemaorion-elke-ry.png\",\"contentUrl\":\"https:\\\/\\\/cinemaorion.fi\\\/wp-content\\\/uploads\\\/2021\\\/03\\\/logo-cinemaorion-elke-ry.png\",\"width\":1300,\"height\":278,\"caption\":\"Cinema Orion\"},\"image\":{\"@id\":\"https:\\\/\\\/cinemaorion.fi\\\/#\\\/schema\\\/logo\\\/image\\\/\"},\"sameAs\":[\"https:\\\/\\\/www.facebook.com\\\/cinemaorion\",\"https:\\\/\\\/x.com\\\/cinemaorion\",\"https:\\\/\\\/www.instagram.com\\\/cinemaorion\\\/\",\"https:\\\/\\\/twitter.com\\\/cinemaorion\"]}]}<\/script>\n<!-- \/ Yoast SEO plugin. -->","yoast_head_json":{"title":"BE PART OF THIS YEAR\u2019S 27 TIMES CINEMA! - Cinema Orion","description":"Hae mukaan 27 Times Cinema -hankkeeseen ja koe unohtumaton elokuvavuosi kansainv\u00e4lisess\u00e4 seurassa! Hankkeeseen valitut 27 eurooppalaista nuorta (18-25 v) kutsutaan mukaan Venetsian elokuvajuhlille, jossa he valitsevat parhaan elokuvan The Giorniate degli Autori -kilpailussa. L\u00e4het\u00e4 hakemuksesi viimeist\u00e4\u00e4n 10.4. menness\u00e4 ja olet mukana kilpailemassa Suomen edustajan paikasta. Lis\u00e4\u00e4 tietoa hankkeesta ja hakuvaatimuksista alla. Linkin hakulomakkeeseen l\u00f6yd\u00e4t sivun alareunasta.Linkki hakulomakkeeseen: https:\/\/form.jotform.com\/EuropaCinemas\/27TC-application-form-2023Huom! T\u00e4yt\u00e4 hakemus englanniksi. Kun olet t\u00e4ytt\u00e4nyt lomakkeen ja painanut \"submit\"-painiketta saat lomakkeesta pdf-kopion. L\u00e4het\u00e4 t\u00e4m\u00e4 kopio yhdess\u00e4 tekem\u00e4si videon kanssa osoitteeseen info@cinemaorion.fi viimeist\u00e4\u00e4n 29.3. Katso edellisten vuosien videohakemukset Vimeosta: https:\/\/vimeo.com\/showcase\/4645377Lis\u00e4tietoja hausta: info@cinemaorion.fi","robots":{"index":"index","follow":"follow","max-snippet":"max-snippet:-1","max-image-preview":"max-image-preview:large","max-video-preview":"max-video-preview:-1"},"canonical":"https:\/\/cinemaorion.fi\/en\/be-part-of-this-years-27-times-cinema\/","og_locale":"en_GB","og_type":"article","og_title":"BE PART OF THIS YEAR\u2019S 27 TIMES CINEMA! - Cinema Orion","og_description":"Hae mukaan 27 Times Cinema -hankkeeseen ja koe unohtumaton elokuvavuosi kansainv\u00e4lisess\u00e4 seurassa! Hankkeeseen valitut 27 eurooppalaista nuorta (18-25 v) kutsutaan mukaan Venetsian elokuvajuhlille, jossa he valitsevat parhaan elokuvan The Giorniate degli Autori -kilpailussa. L\u00e4het\u00e4 hakemuksesi viimeist\u00e4\u00e4n 10.4. menness\u00e4 ja olet mukana kilpailemassa Suomen edustajan paikasta. Lis\u00e4\u00e4 tietoa hankkeesta ja hakuvaatimuksista alla. Linkin hakulomakkeeseen l\u00f6yd\u00e4t sivun alareunasta.Linkki hakulomakkeeseen: https:\/\/form.jotform.com\/EuropaCinemas\/27TC-application-form-2023Huom! T\u00e4yt\u00e4 hakemus englanniksi. Kun olet t\u00e4ytt\u00e4nyt lomakkeen ja painanut \"submit\"-painiketta saat lomakkeesta pdf-kopion. L\u00e4het\u00e4 t\u00e4m\u00e4 kopio yhdess\u00e4 tekem\u00e4si videon kanssa osoitteeseen info@cinemaorion.fi viimeist\u00e4\u00e4n 29.3. Katso edellisten vuosien videohakemukset Vimeosta: https:\/\/vimeo.com\/showcase\/4645377Lis\u00e4tietoja hausta: info@cinemaorion.fi","og_url":"https:\/\/cinemaorion.fi\/en\/be-part-of-this-years-27-times-cinema\/","og_site_name":"Cinema Orion","article_publisher":"https:\/\/www.facebook.com\/cinemaorion","article_modified_time":"2023-03-31T06:31:18+00:00","og_image":[{"url":"https:\/\/cinemaorion.fi\/wp-content\/uploads\/2022\/05\/2022-Poster.png","type":"","width":"","height":""}],"twitter_card":"summary_large_image","twitter_site":"@cinemaorion","twitter_misc":{"Estimated reading time":"2 minutes"},"schema":{"@context":"https:\/\/schema.org","@graph":[{"@type":"WebPage","@id":"https:\/\/cinemaorion.fi\/be-part-of-this-years-27-times-cinema\/","url":"https:\/\/cinemaorion.fi\/be-part-of-this-years-27-times-cinema\/","name":"BE PART OF THIS YEAR\u2019S 27 TIMES CINEMA! - Cinema Orion","isPartOf":{"@id":"https:\/\/cinemaorion.fi\/#website"},"primaryImageOfPage":{"@id":"https:\/\/cinemaorion.fi\/be-part-of-this-years-27-times-cinema\/#primaryimage"},"image":{"@id":"https:\/\/cinemaorion.fi\/be-part-of-this-years-27-times-cinema\/#primaryimage"},"thumbnailUrl":"https:\/\/cinemaorion.fi\/wp-content\/uploads\/2023\/02\/Newsletter-2023_Page_1-725x1024.jpg","datePublished":"2022-05-05T11:47:27+00:00","dateModified":"2023-03-31T06:31:18+00:00","description":"Hae mukaan 27 Times Cinema -hankkeeseen ja koe unohtumaton elokuvavuosi kansainv\u00e4lisess\u00e4 seurassa! Hankkeeseen valitut 27 eurooppalaista nuorta (18-25 v) kutsutaan mukaan Venetsian elokuvajuhlille, jossa he valitsevat parhaan elokuvan The Giorniate degli Autori -kilpailussa. L\u00e4het\u00e4 hakemuksesi viimeist\u00e4\u00e4n 10.4. menness\u00e4 ja olet mukana kilpailemassa Suomen edustajan paikasta. Lis\u00e4\u00e4 tietoa hankkeesta ja hakuvaatimuksista alla. Linkin hakulomakkeeseen l\u00f6yd\u00e4t sivun alareunasta.Linkki hakulomakkeeseen: https:\/\/form.jotform.com\/EuropaCinemas\/27TC-application-form-2023Huom! T\u00e4yt\u00e4 hakemus englanniksi. Kun olet t\u00e4ytt\u00e4nyt lomakkeen ja painanut \"submit\"-painiketta saat lomakkeesta pdf-kopion. L\u00e4het\u00e4 t\u00e4m\u00e4 kopio yhdess\u00e4 tekem\u00e4si videon kanssa osoitteeseen info@cinemaorion.fi viimeist\u00e4\u00e4n 29.3. Katso edellisten vuosien videohakemukset Vimeosta: https:\/\/vimeo.com\/showcase\/4645377Lis\u00e4tietoja hausta: info@cinemaorion.fi","breadcrumb":{"@id":"https:\/\/cinemaorion.fi\/be-part-of-this-years-27-times-cinema\/#breadcrumb"},"inLanguage":"en-GB","potentialAction":[{"@type":"ReadAction","target":["https:\/\/cinemaorion.fi\/be-part-of-this-years-27-times-cinema\/"]}]},{"@type":"ImageObject","inLanguage":"en-GB","@id":"https:\/\/cinemaorion.fi\/be-part-of-this-years-27-times-cinema\/#primaryimage","url":"https:\/\/cinemaorion.fi\/wp-content\/uploads\/2023\/02\/Newsletter-2023_Page_1-725x1024.jpg","contentUrl":"https:\/\/cinemaorion.fi\/wp-content\/uploads\/2023\/02\/Newsletter-2023_Page_1-725x1024.jpg"},{"@type":"BreadcrumbList","@id":"https:\/\/cinemaorion.fi\/be-part-of-this-years-27-times-cinema\/#breadcrumb","itemListElement":[{"@type":"ListItem","position":1,"name":"Home","item":"https:\/\/cinemaorion.fi\/"},{"@type":"ListItem","position":2,"name":"BE PART OF THIS YEAR\u2019S 27 TIMES CINEMA!"}]},{"@type":"WebSite","@id":"https:\/\/cinemaorion.fi\/#website","url":"https:\/\/cinemaorion.fi\/","name":"Cinema Orion","description":"Cinema Orion tagline","publisher":{"@id":"https:\/\/cinemaorion.fi\/#organization"},"alternateName":"Elokuvateatteri Orion","potentialAction":[{"@type":"SearchAction","target":{"@type":"EntryPoint","urlTemplate":"https:\/\/cinemaorion.fi\/?s={search_term_string}"},"query-input":{"@type":"PropertyValueSpecification","valueRequired":true,"valueName":"search_term_string"}}],"inLanguage":"en-GB"},{"@type":"Organization","@id":"https:\/\/cinemaorion.fi\/#organization","name":"Cinema Orion","url":"https:\/\/cinemaorion.fi\/","logo":{"@type":"ImageObject","inLanguage":"en-GB","@id":"https:\/\/cinemaorion.fi\/#\/schema\/logo\/image\/","url":"https:\/\/cinemaorion.fi\/wp-content\/uploads\/2021\/03\/logo-cinemaorion-elke-ry.png","contentUrl":"https:\/\/cinemaorion.fi\/wp-content\/uploads\/2021\/03\/logo-cinemaorion-elke-ry.png","width":1300,"height":278,"caption":"Cinema Orion"},"image":{"@id":"https:\/\/cinemaorion.fi\/#\/schema\/logo\/image\/"},"sameAs":["https:\/\/www.facebook.com\/cinemaorion","https:\/\/x.com\/cinemaorion","https:\/\/www.instagram.com\/cinemaorion\/","https:\/\/twitter.com\/cinemaorion"]}]}},"_links":{"self":[{"href":"https:\/\/cinemaorion.fi\/en\/wp-json\/wp\/v2\/pages\/15423","targetHints":{"allow":["GET"]}}],"collection":[{"href":"https:\/\/cinemaorion.fi\/en\/wp-json\/wp\/v2\/pages"}],"about":[{"href":"https:\/\/cinemaorion.fi\/en\/wp-json\/wp\/v2\/types\/page"}],"author":[{"embeddable":true,"href":"https:\/\/cinemaorion.fi\/en\/wp-json\/wp\/v2\/users\/3"}],"replies":[{"embeddable":true,"href":"https:\/\/cinemaorion.fi\/en\/wp-json\/wp\/v2\/comments?post=15423"}],"version-history":[{"count":21,"href":"https:\/\/cinemaorion.fi\/en\/wp-json\/wp\/v2\/pages\/15423\/revisions"}],"predecessor-version":[{"id":18930,"href":"https:\/\/cinemaorion.fi\/en\/wp-json\/wp\/v2\/pages\/15423\/revisions\/18930"}],"wp:attachment":[{"href":"https:\/\/cinemaorion.fi\/en\/wp-json\/wp\/v2\/media?parent=15423"}],"curies":[{"name":"wp","href":"https:\/\/api.w.org\/{rel}","templated":true}]}}