{"id":14676,"date":"2022-02-09T12:16:35","date_gmt":"2022-02-09T12:16:35","guid":{"rendered":"https:\/\/cinemaorion.fi\/?page_id=14676"},"modified":"2024-04-18T10:47:59","modified_gmt":"2024-04-18T10:47:59","slug":"saavutettavuus","status":"publish","type":"page","link":"https:\/\/cinemaorion.fi\/en\/saavutettavuus\/","title":{"rendered":"Accessibility"},"content":{"rendered":"<p><\/p>\n\n\n\n<p><strong>Cinema Accessibility<\/strong><br>Unfortunately Cinema Orion is not fully accessible at the moment.<br><br>Two wheelchair seats are situated at the balcony of the Cinema. <em>We kindly ask You to contact us beforehand (lipunmyynti(at)cinemaorion.fi) when planning to arrive to a screening, that we can ensure you a more pleasant visit.<\/em> <br><br>K\u00e4ynti parvelle tapahtuu kahta py\u00f6r\u00e4tuoliramppia pitkin. Alemman rampin pituus on 180 cm ja nousukulma on jyrkk\u00e4 (n. 32 astetta). Ylemm\u00e4n rampin pituus on 150 cm ja nousukulma 21 astetta. Ramppien levys on 70 cm. Saavuthan siis paikalle avustajan kanssa, jotta ramppien k\u00e4ytt\u00f6 on sujuvaa. Henkil\u00f6kuntamme avustaa avaamalla ovet ja asettamalla rampit paikoilleen. <strong>Rampit eiv\u00e4t sovellu s\u00e4hk\u00f6py\u00f6r\u00e4tuoleille.<\/strong> <\/p>\n\n\n<div class=\"wp-block-image is-style-default\">\n<figure class=\"aligncenter size-medium is-resized\"><img loading=\"lazy\" decoding=\"async\" width=\"225\" height=\"300\" src=\"https:\/\/cinemaorion.fi\/wp-content\/uploads\/2022\/07\/image-edited-225x300.png\" alt=\"\" class=\"wp-image-15983\" style=\"width:320px;height:427px\" srcset=\"https:\/\/cinemaorion.fi\/wp-content\/uploads\/2022\/07\/image-edited-225x300.png 225w, https:\/\/cinemaorion.fi\/wp-content\/uploads\/2022\/07\/image-edited-768x1024.png 768w, https:\/\/cinemaorion.fi\/wp-content\/uploads\/2022\/07\/image-edited-1152x1536.png 1152w, https:\/\/cinemaorion.fi\/wp-content\/uploads\/2022\/07\/image-edited-1536x2048.png 1536w, https:\/\/cinemaorion.fi\/wp-content\/uploads\/2022\/07\/image-edited-9x12.png 9w, https:\/\/cinemaorion.fi\/wp-content\/uploads\/2022\/07\/image-edited-scaled.png 1920w\" sizes=\"auto, (max-width: 225px) 100vw, 225px\" \/><figcaption class=\"wp-element-caption\">Entrance to the wheelchair seats of the balcony.<\/figcaption><\/figure><\/div>\n\n\n<p>Please notice that the toilets in the lobby are unfortunately not accessible by wheelchair.<\/p>\n\n\n\n<p><strong>Assistants<\/strong><br>Assistants have a free entry to our screenings. Please book you ticket (lipunmyynti(at)cinemaorion.fi) in advance to ensure your seat.<\/p>\n\n\n\n<p><strong>Muuta infoa<\/strong><br>Useimpiin kotimaisiin elokuviin on mahdollista saada <strong>kuvailutulkkaus <\/strong>omaan puhelimeen ladattavalla ja maksuttomalla<strong> MovieReading-sovelluksella. <\/strong>Sovellus on saatavilla laitteen sovelluskaupasta sek\u00e4 Android- ett\u00e4 iOS-laitteelle. Ajantasainen tieto kuvailutulkatuista elokuvista l\u00f6ytyy sovelluksesta. Muistathan ottaa omat kuulokkeet mukaan.<\/p>","protected":false},"excerpt":{"rendered":"<p>Tilojen esteett\u00f6myysT\u00e4ll\u00e4 hetkell\u00e4 Cinema Orion ei ole valitettavasti esteet\u00f6n. Pahoittelemme asiaa ja pyrimme korjaamaan tilanteen mahdollisimman pian. Teatterin 2 py\u00f6r\u00e4tuolipaikkaa sijaitsevat salin parvella, jonne k\u00e4ynti tapahtuu Eerikinkadun puolelta talonyhti\u00f6n porrask\u00e4yt\u00e4v\u00e4n kautta. Pyyd\u00e4mme yst\u00e4v\u00e4llisesti ilmoittamaan etuk\u00e4teen teatterin lipunmyyntiin (lipunmyynti(at)cinemaorion.fi) saapumisesta n\u00e4yt\u00f6kseen py\u00f6r\u00e4tuolilla, jotta voimme varata riitt\u00e4v\u00e4sti henkil\u00f6st\u00f6\u00e4 paikalle sujuvan palvelun takaamiseksi. K\u00e4ynti parvelle tapahtuu kahta py\u00f6r\u00e4tuoliramppia [&hellip;]<\/p>\n","protected":false},"author":2,"featured_media":0,"parent":0,"menu_order":0,"comment_status":"closed","ping_status":"closed","template":"","meta":{"_acf_changed":false,"footnotes":""},"class_list":["post-14676","page","type-page","status-publish","hentry"],"acf":[],"yoast_head":"<!-- This site is optimized with the Yoast SEO plugin v27.3 - https:\/\/yoast.com\/product\/yoast-seo-wordpress\/ -->\n<title>Saavutettavuus - Cinema Orion<\/title>\n<meta name=\"description\" content=\"Tilojen esteett\u00f6myysT\u00e4ll\u00e4 hetkell\u00e4 Cinema Orion ei ole valitettavasti esteet\u00f6n. Pahoittelemme asiaa ja pyrimme korjaamaan tilanteen mahdollisimman pian.Teatterin 2 py\u00f6r\u00e4tuolipaikkaa sijaitsevat salin parvella, jonne k\u00e4ynti tapahtuu Eerikinkadun puolelta talonyhti\u00f6n porrask\u00e4yt\u00e4v\u00e4n kautta. Pyyd\u00e4mme yst\u00e4v\u00e4llisesti ilmoittamaan etuk\u00e4teen teatterin lipunmyyntiin (lipunmyynti(at)cinemaorion.fi) saapumisesta n\u00e4yt\u00f6kseen py\u00f6r\u00e4tuolilla, jotta voimme varata riitt\u00e4v\u00e4sti henkil\u00f6st\u00f6\u00e4 paikalle sujuvan palvelun takaamiseksi. K\u00e4ynti parvelle tapahtuu kahta py\u00f6r\u00e4tuoliramppia pitkin. Alemman rampin pituus on 180 cm ja nousukulma on jyrkk\u00e4 (n. 32 astetta). Ylemm\u00e4n rampin pituus on 150 cm ja nousukulma 21 astetta. Ramppien levys on 70 cm. Saavuthan siis paikalle avustajan kanssa, jotta ramppien k\u00e4ytt\u00f6 on sujuvaa. Henkil\u00f6kuntamme avustaa avaamalla ovet ja asettamalla rampit paikoilleen. Rampit eiv\u00e4t sovellu s\u00e4hk\u00f6py\u00f6r\u00e4tuoleille. K\u00e4ynti parven py\u00f6r\u00e4tuolipaikoille.Huomaathan, ett\u00e4 aulan puolella sijaitseviin wc-tiloihin ei ole esteet\u00f6nt\u00e4 k\u00e4ynti\u00e4.AvustajatAvustajilla on vapaa p\u00e4\u00e4sy n\u00e4yt\u00f6ksiimme. Pyyd\u00e4mme kuitenkin varaamaan avustajalipun etuk\u00e4teen s\u00e4hk\u00f6postitse: lipunmyynti(at)cinemaorion.fi. My\u00f6s opaskoirat ovat tervetulleita n\u00e4yt\u00f6ksiimme.Muuta infoaUseimpiin kotimaisiin elokuviin on mahdollista saada kuvailutulkkaus omaan puhelimeen ladattavalla ja maksuttomalla MovieReading-sovelluksella. Sovellus on saatavilla laitteen sovelluskaupasta sek\u00e4 Android- ett\u00e4 iOS-laitteelle. Ajantasainen tieto kuvailutulkatuista elokuvista l\u00f6ytyy sovelluksesta. Muistathan ottaa omat kuulokkeet mukaan.\" \/>\n<meta name=\"robots\" content=\"index, follow, max-snippet:-1, max-image-preview:large, max-video-preview:-1\" \/>\n<link rel=\"canonical\" href=\"https:\/\/cinemaorion.fi\/en\/saavutettavuus\/\" \/>\n<meta property=\"og:locale\" content=\"en_GB\" \/>\n<meta property=\"og:type\" content=\"article\" \/>\n<meta property=\"og:title\" content=\"Saavutettavuus - Cinema Orion\" \/>\n<meta property=\"og:description\" content=\"Tilojen esteett\u00f6myysT\u00e4ll\u00e4 hetkell\u00e4 Cinema Orion ei ole valitettavasti esteet\u00f6n. Pahoittelemme asiaa ja pyrimme korjaamaan tilanteen mahdollisimman pian.Teatterin 2 py\u00f6r\u00e4tuolipaikkaa sijaitsevat salin parvella, jonne k\u00e4ynti tapahtuu Eerikinkadun puolelta talonyhti\u00f6n porrask\u00e4yt\u00e4v\u00e4n kautta. Pyyd\u00e4mme yst\u00e4v\u00e4llisesti ilmoittamaan etuk\u00e4teen teatterin lipunmyyntiin (lipunmyynti(at)cinemaorion.fi) saapumisesta n\u00e4yt\u00f6kseen py\u00f6r\u00e4tuolilla, jotta voimme varata riitt\u00e4v\u00e4sti henkil\u00f6st\u00f6\u00e4 paikalle sujuvan palvelun takaamiseksi. K\u00e4ynti parvelle tapahtuu kahta py\u00f6r\u00e4tuoliramppia pitkin. Alemman rampin pituus on 180 cm ja nousukulma on jyrkk\u00e4 (n. 32 astetta). Ylemm\u00e4n rampin pituus on 150 cm ja nousukulma 21 astetta. Ramppien levys on 70 cm. Saavuthan siis paikalle avustajan kanssa, jotta ramppien k\u00e4ytt\u00f6 on sujuvaa. Henkil\u00f6kuntamme avustaa avaamalla ovet ja asettamalla rampit paikoilleen. Rampit eiv\u00e4t sovellu s\u00e4hk\u00f6py\u00f6r\u00e4tuoleille. K\u00e4ynti parven py\u00f6r\u00e4tuolipaikoille.Huomaathan, ett\u00e4 aulan puolella sijaitseviin wc-tiloihin ei ole esteet\u00f6nt\u00e4 k\u00e4ynti\u00e4.AvustajatAvustajilla on vapaa p\u00e4\u00e4sy n\u00e4yt\u00f6ksiimme. Pyyd\u00e4mme kuitenkin varaamaan avustajalipun etuk\u00e4teen s\u00e4hk\u00f6postitse: lipunmyynti(at)cinemaorion.fi. My\u00f6s opaskoirat ovat tervetulleita n\u00e4yt\u00f6ksiimme.Muuta infoaUseimpiin kotimaisiin elokuviin on mahdollista saada kuvailutulkkaus omaan puhelimeen ladattavalla ja maksuttomalla MovieReading-sovelluksella. Sovellus on saatavilla laitteen sovelluskaupasta sek\u00e4 Android- ett\u00e4 iOS-laitteelle. Ajantasainen tieto kuvailutulkatuista elokuvista l\u00f6ytyy sovelluksesta. Muistathan ottaa omat kuulokkeet mukaan.\" \/>\n<meta property=\"og:url\" content=\"https:\/\/cinemaorion.fi\/en\/saavutettavuus\/\" \/>\n<meta property=\"og:site_name\" content=\"Cinema Orion\" \/>\n<meta property=\"article:publisher\" content=\"https:\/\/www.facebook.com\/cinemaorion\" \/>\n<meta property=\"article:modified_time\" content=\"2024-04-18T10:47:59+00:00\" \/>\n<meta property=\"og:image\" content=\"https:\/\/cinemaorion.fi\/wp-content\/uploads\/2022\/02\/DSC5726-scaled.jpg\" \/>\n<meta name=\"twitter:card\" content=\"summary_large_image\" \/>\n<meta name=\"twitter:site\" content=\"@cinemaorion\" \/>\n<meta name=\"twitter:label1\" content=\"Estimated reading time\" \/>\n\t<meta name=\"twitter:data1\" content=\"2 minutes\" \/>\n<script type=\"application\/ld+json\" class=\"yoast-schema-graph\">{\"@context\":\"https:\\\/\\\/schema.org\",\"@graph\":[{\"@type\":\"WebPage\",\"@id\":\"https:\\\/\\\/cinemaorion.fi\\\/saavutettavuus\\\/\",\"url\":\"https:\\\/\\\/cinemaorion.fi\\\/saavutettavuus\\\/\",\"name\":\"Saavutettavuus - Cinema Orion\",\"isPartOf\":{\"@id\":\"https:\\\/\\\/cinemaorion.fi\\\/#website\"},\"primaryImageOfPage\":{\"@id\":\"https:\\\/\\\/cinemaorion.fi\\\/saavutettavuus\\\/#primaryimage\"},\"image\":{\"@id\":\"https:\\\/\\\/cinemaorion.fi\\\/saavutettavuus\\\/#primaryimage\"},\"thumbnailUrl\":\"https:\\\/\\\/cinemaorion.fi\\\/wp-content\\\/uploads\\\/2022\\\/07\\\/image-edited-225x300.png\",\"datePublished\":\"2022-02-09T12:16:35+00:00\",\"dateModified\":\"2024-04-18T10:47:59+00:00\",\"description\":\"Tilojen esteett\u00f6myysT\u00e4ll\u00e4 hetkell\u00e4 Cinema Orion ei ole valitettavasti esteet\u00f6n. Pahoittelemme asiaa ja pyrimme korjaamaan tilanteen mahdollisimman pian.Teatterin 2 py\u00f6r\u00e4tuolipaikkaa sijaitsevat salin parvella, jonne k\u00e4ynti tapahtuu Eerikinkadun puolelta talonyhti\u00f6n porrask\u00e4yt\u00e4v\u00e4n kautta. Pyyd\u00e4mme yst\u00e4v\u00e4llisesti ilmoittamaan etuk\u00e4teen teatterin lipunmyyntiin (lipunmyynti(at)cinemaorion.fi) saapumisesta n\u00e4yt\u00f6kseen py\u00f6r\u00e4tuolilla, jotta voimme varata riitt\u00e4v\u00e4sti henkil\u00f6st\u00f6\u00e4 paikalle sujuvan palvelun takaamiseksi. K\u00e4ynti parvelle tapahtuu kahta py\u00f6r\u00e4tuoliramppia pitkin. Alemman rampin pituus on 180 cm ja nousukulma on jyrkk\u00e4 (n. 32 astetta). Ylemm\u00e4n rampin pituus on 150 cm ja nousukulma 21 astetta. Ramppien levys on 70 cm. Saavuthan siis paikalle avustajan kanssa, jotta ramppien k\u00e4ytt\u00f6 on sujuvaa. Henkil\u00f6kuntamme avustaa avaamalla ovet ja asettamalla rampit paikoilleen. Rampit eiv\u00e4t sovellu s\u00e4hk\u00f6py\u00f6r\u00e4tuoleille. K\u00e4ynti parven py\u00f6r\u00e4tuolipaikoille.Huomaathan, ett\u00e4 aulan puolella sijaitseviin wc-tiloihin ei ole esteet\u00f6nt\u00e4 k\u00e4ynti\u00e4.AvustajatAvustajilla on vapaa p\u00e4\u00e4sy n\u00e4yt\u00f6ksiimme. Pyyd\u00e4mme kuitenkin varaamaan avustajalipun etuk\u00e4teen s\u00e4hk\u00f6postitse: lipunmyynti(at)cinemaorion.fi. My\u00f6s opaskoirat ovat tervetulleita n\u00e4yt\u00f6ksiimme.Muuta infoaUseimpiin kotimaisiin elokuviin on mahdollista saada kuvailutulkkaus omaan puhelimeen ladattavalla ja maksuttomalla MovieReading-sovelluksella. Sovellus on saatavilla laitteen sovelluskaupasta sek\u00e4 Android- ett\u00e4 iOS-laitteelle. Ajantasainen tieto kuvailutulkatuista elokuvista l\u00f6ytyy sovelluksesta. Muistathan ottaa omat kuulokkeet mukaan.\",\"breadcrumb\":{\"@id\":\"https:\\\/\\\/cinemaorion.fi\\\/saavutettavuus\\\/#breadcrumb\"},\"inLanguage\":\"en-GB\",\"potentialAction\":[{\"@type\":\"ReadAction\",\"target\":[\"https:\\\/\\\/cinemaorion.fi\\\/saavutettavuus\\\/\"]}]},{\"@type\":\"ImageObject\",\"inLanguage\":\"en-GB\",\"@id\":\"https:\\\/\\\/cinemaorion.fi\\\/saavutettavuus\\\/#primaryimage\",\"url\":\"https:\\\/\\\/cinemaorion.fi\\\/wp-content\\\/uploads\\\/2022\\\/07\\\/image-edited-225x300.png\",\"contentUrl\":\"https:\\\/\\\/cinemaorion.fi\\\/wp-content\\\/uploads\\\/2022\\\/07\\\/image-edited-225x300.png\"},{\"@type\":\"BreadcrumbList\",\"@id\":\"https:\\\/\\\/cinemaorion.fi\\\/saavutettavuus\\\/#breadcrumb\",\"itemListElement\":[{\"@type\":\"ListItem\",\"position\":1,\"name\":\"Home\",\"item\":\"https:\\\/\\\/cinemaorion.fi\\\/\"},{\"@type\":\"ListItem\",\"position\":2,\"name\":\"Saavutettavuus\"}]},{\"@type\":\"WebSite\",\"@id\":\"https:\\\/\\\/cinemaorion.fi\\\/#website\",\"url\":\"https:\\\/\\\/cinemaorion.fi\\\/\",\"name\":\"Cinema Orion\",\"description\":\"Cinema Orion tagline\",\"publisher\":{\"@id\":\"https:\\\/\\\/cinemaorion.fi\\\/#organization\"},\"alternateName\":\"Elokuvateatteri Orion\",\"potentialAction\":[{\"@type\":\"SearchAction\",\"target\":{\"@type\":\"EntryPoint\",\"urlTemplate\":\"https:\\\/\\\/cinemaorion.fi\\\/?s={search_term_string}\"},\"query-input\":{\"@type\":\"PropertyValueSpecification\",\"valueRequired\":true,\"valueName\":\"search_term_string\"}}],\"inLanguage\":\"en-GB\"},{\"@type\":\"Organization\",\"@id\":\"https:\\\/\\\/cinemaorion.fi\\\/#organization\",\"name\":\"Cinema Orion\",\"url\":\"https:\\\/\\\/cinemaorion.fi\\\/\",\"logo\":{\"@type\":\"ImageObject\",\"inLanguage\":\"en-GB\",\"@id\":\"https:\\\/\\\/cinemaorion.fi\\\/#\\\/schema\\\/logo\\\/image\\\/\",\"url\":\"https:\\\/\\\/cinemaorion.fi\\\/wp-content\\\/uploads\\\/2021\\\/03\\\/logo-cinemaorion-elke-ry.png\",\"contentUrl\":\"https:\\\/\\\/cinemaorion.fi\\\/wp-content\\\/uploads\\\/2021\\\/03\\\/logo-cinemaorion-elke-ry.png\",\"width\":1300,\"height\":278,\"caption\":\"Cinema Orion\"},\"image\":{\"@id\":\"https:\\\/\\\/cinemaorion.fi\\\/#\\\/schema\\\/logo\\\/image\\\/\"},\"sameAs\":[\"https:\\\/\\\/www.facebook.com\\\/cinemaorion\",\"https:\\\/\\\/x.com\\\/cinemaorion\",\"https:\\\/\\\/www.instagram.com\\\/cinemaorion\\\/\",\"https:\\\/\\\/twitter.com\\\/cinemaorion\"]}]}<\/script>\n<!-- \/ Yoast SEO plugin. -->","yoast_head_json":{"title":"Saavutettavuus - Cinema Orion","description":"Tilojen esteett\u00f6myysT\u00e4ll\u00e4 hetkell\u00e4 Cinema Orion ei ole valitettavasti esteet\u00f6n. Pahoittelemme asiaa ja pyrimme korjaamaan tilanteen mahdollisimman pian.Teatterin 2 py\u00f6r\u00e4tuolipaikkaa sijaitsevat salin parvella, jonne k\u00e4ynti tapahtuu Eerikinkadun puolelta talonyhti\u00f6n porrask\u00e4yt\u00e4v\u00e4n kautta. Pyyd\u00e4mme yst\u00e4v\u00e4llisesti ilmoittamaan etuk\u00e4teen teatterin lipunmyyntiin (lipunmyynti(at)cinemaorion.fi) saapumisesta n\u00e4yt\u00f6kseen py\u00f6r\u00e4tuolilla, jotta voimme varata riitt\u00e4v\u00e4sti henkil\u00f6st\u00f6\u00e4 paikalle sujuvan palvelun takaamiseksi. K\u00e4ynti parvelle tapahtuu kahta py\u00f6r\u00e4tuoliramppia pitkin. Alemman rampin pituus on 180 cm ja nousukulma on jyrkk\u00e4 (n. 32 astetta). Ylemm\u00e4n rampin pituus on 150 cm ja nousukulma 21 astetta. Ramppien levys on 70 cm. Saavuthan siis paikalle avustajan kanssa, jotta ramppien k\u00e4ytt\u00f6 on sujuvaa. Henkil\u00f6kuntamme avustaa avaamalla ovet ja asettamalla rampit paikoilleen. Rampit eiv\u00e4t sovellu s\u00e4hk\u00f6py\u00f6r\u00e4tuoleille. K\u00e4ynti parven py\u00f6r\u00e4tuolipaikoille.Huomaathan, ett\u00e4 aulan puolella sijaitseviin wc-tiloihin ei ole esteet\u00f6nt\u00e4 k\u00e4ynti\u00e4.AvustajatAvustajilla on vapaa p\u00e4\u00e4sy n\u00e4yt\u00f6ksiimme. Pyyd\u00e4mme kuitenkin varaamaan avustajalipun etuk\u00e4teen s\u00e4hk\u00f6postitse: lipunmyynti(at)cinemaorion.fi. My\u00f6s opaskoirat ovat tervetulleita n\u00e4yt\u00f6ksiimme.Muuta infoaUseimpiin kotimaisiin elokuviin on mahdollista saada kuvailutulkkaus omaan puhelimeen ladattavalla ja maksuttomalla MovieReading-sovelluksella. Sovellus on saatavilla laitteen sovelluskaupasta sek\u00e4 Android- ett\u00e4 iOS-laitteelle. Ajantasainen tieto kuvailutulkatuista elokuvista l\u00f6ytyy sovelluksesta. Muistathan ottaa omat kuulokkeet mukaan.","robots":{"index":"index","follow":"follow","max-snippet":"max-snippet:-1","max-image-preview":"max-image-preview:large","max-video-preview":"max-video-preview:-1"},"canonical":"https:\/\/cinemaorion.fi\/en\/saavutettavuus\/","og_locale":"en_GB","og_type":"article","og_title":"Saavutettavuus - Cinema Orion","og_description":"Tilojen esteett\u00f6myysT\u00e4ll\u00e4 hetkell\u00e4 Cinema Orion ei ole valitettavasti esteet\u00f6n. Pahoittelemme asiaa ja pyrimme korjaamaan tilanteen mahdollisimman pian.Teatterin 2 py\u00f6r\u00e4tuolipaikkaa sijaitsevat salin parvella, jonne k\u00e4ynti tapahtuu Eerikinkadun puolelta talonyhti\u00f6n porrask\u00e4yt\u00e4v\u00e4n kautta. Pyyd\u00e4mme yst\u00e4v\u00e4llisesti ilmoittamaan etuk\u00e4teen teatterin lipunmyyntiin (lipunmyynti(at)cinemaorion.fi) saapumisesta n\u00e4yt\u00f6kseen py\u00f6r\u00e4tuolilla, jotta voimme varata riitt\u00e4v\u00e4sti henkil\u00f6st\u00f6\u00e4 paikalle sujuvan palvelun takaamiseksi. K\u00e4ynti parvelle tapahtuu kahta py\u00f6r\u00e4tuoliramppia pitkin. Alemman rampin pituus on 180 cm ja nousukulma on jyrkk\u00e4 (n. 32 astetta). Ylemm\u00e4n rampin pituus on 150 cm ja nousukulma 21 astetta. Ramppien levys on 70 cm. Saavuthan siis paikalle avustajan kanssa, jotta ramppien k\u00e4ytt\u00f6 on sujuvaa. Henkil\u00f6kuntamme avustaa avaamalla ovet ja asettamalla rampit paikoilleen. Rampit eiv\u00e4t sovellu s\u00e4hk\u00f6py\u00f6r\u00e4tuoleille. K\u00e4ynti parven py\u00f6r\u00e4tuolipaikoille.Huomaathan, ett\u00e4 aulan puolella sijaitseviin wc-tiloihin ei ole esteet\u00f6nt\u00e4 k\u00e4ynti\u00e4.AvustajatAvustajilla on vapaa p\u00e4\u00e4sy n\u00e4yt\u00f6ksiimme. Pyyd\u00e4mme kuitenkin varaamaan avustajalipun etuk\u00e4teen s\u00e4hk\u00f6postitse: lipunmyynti(at)cinemaorion.fi. My\u00f6s opaskoirat ovat tervetulleita n\u00e4yt\u00f6ksiimme.Muuta infoaUseimpiin kotimaisiin elokuviin on mahdollista saada kuvailutulkkaus omaan puhelimeen ladattavalla ja maksuttomalla MovieReading-sovelluksella. Sovellus on saatavilla laitteen sovelluskaupasta sek\u00e4 Android- ett\u00e4 iOS-laitteelle. Ajantasainen tieto kuvailutulkatuista elokuvista l\u00f6ytyy sovelluksesta. Muistathan ottaa omat kuulokkeet mukaan.","og_url":"https:\/\/cinemaorion.fi\/en\/saavutettavuus\/","og_site_name":"Cinema Orion","article_publisher":"https:\/\/www.facebook.com\/cinemaorion","article_modified_time":"2024-04-18T10:47:59+00:00","og_image":[{"url":"https:\/\/cinemaorion.fi\/wp-content\/uploads\/2022\/02\/DSC5726-scaled.jpg","type":"","width":"","height":""}],"twitter_card":"summary_large_image","twitter_site":"@cinemaorion","twitter_misc":{"Estimated reading time":"2 minutes"},"schema":{"@context":"https:\/\/schema.org","@graph":[{"@type":"WebPage","@id":"https:\/\/cinemaorion.fi\/saavutettavuus\/","url":"https:\/\/cinemaorion.fi\/saavutettavuus\/","name":"Saavutettavuus - Cinema Orion","isPartOf":{"@id":"https:\/\/cinemaorion.fi\/#website"},"primaryImageOfPage":{"@id":"https:\/\/cinemaorion.fi\/saavutettavuus\/#primaryimage"},"image":{"@id":"https:\/\/cinemaorion.fi\/saavutettavuus\/#primaryimage"},"thumbnailUrl":"https:\/\/cinemaorion.fi\/wp-content\/uploads\/2022\/07\/image-edited-225x300.png","datePublished":"2022-02-09T12:16:35+00:00","dateModified":"2024-04-18T10:47:59+00:00","description":"Tilojen esteett\u00f6myysT\u00e4ll\u00e4 hetkell\u00e4 Cinema Orion ei ole valitettavasti esteet\u00f6n. Pahoittelemme asiaa ja pyrimme korjaamaan tilanteen mahdollisimman pian.Teatterin 2 py\u00f6r\u00e4tuolipaikkaa sijaitsevat salin parvella, jonne k\u00e4ynti tapahtuu Eerikinkadun puolelta talonyhti\u00f6n porrask\u00e4yt\u00e4v\u00e4n kautta. Pyyd\u00e4mme yst\u00e4v\u00e4llisesti ilmoittamaan etuk\u00e4teen teatterin lipunmyyntiin (lipunmyynti(at)cinemaorion.fi) saapumisesta n\u00e4yt\u00f6kseen py\u00f6r\u00e4tuolilla, jotta voimme varata riitt\u00e4v\u00e4sti henkil\u00f6st\u00f6\u00e4 paikalle sujuvan palvelun takaamiseksi. K\u00e4ynti parvelle tapahtuu kahta py\u00f6r\u00e4tuoliramppia pitkin. Alemman rampin pituus on 180 cm ja nousukulma on jyrkk\u00e4 (n. 32 astetta). Ylemm\u00e4n rampin pituus on 150 cm ja nousukulma 21 astetta. Ramppien levys on 70 cm. Saavuthan siis paikalle avustajan kanssa, jotta ramppien k\u00e4ytt\u00f6 on sujuvaa. Henkil\u00f6kuntamme avustaa avaamalla ovet ja asettamalla rampit paikoilleen. Rampit eiv\u00e4t sovellu s\u00e4hk\u00f6py\u00f6r\u00e4tuoleille. K\u00e4ynti parven py\u00f6r\u00e4tuolipaikoille.Huomaathan, ett\u00e4 aulan puolella sijaitseviin wc-tiloihin ei ole esteet\u00f6nt\u00e4 k\u00e4ynti\u00e4.AvustajatAvustajilla on vapaa p\u00e4\u00e4sy n\u00e4yt\u00f6ksiimme. Pyyd\u00e4mme kuitenkin varaamaan avustajalipun etuk\u00e4teen s\u00e4hk\u00f6postitse: lipunmyynti(at)cinemaorion.fi. My\u00f6s opaskoirat ovat tervetulleita n\u00e4yt\u00f6ksiimme.Muuta infoaUseimpiin kotimaisiin elokuviin on mahdollista saada kuvailutulkkaus omaan puhelimeen ladattavalla ja maksuttomalla MovieReading-sovelluksella. Sovellus on saatavilla laitteen sovelluskaupasta sek\u00e4 Android- ett\u00e4 iOS-laitteelle. Ajantasainen tieto kuvailutulkatuista elokuvista l\u00f6ytyy sovelluksesta. Muistathan ottaa omat kuulokkeet mukaan.","breadcrumb":{"@id":"https:\/\/cinemaorion.fi\/saavutettavuus\/#breadcrumb"},"inLanguage":"en-GB","potentialAction":[{"@type":"ReadAction","target":["https:\/\/cinemaorion.fi\/saavutettavuus\/"]}]},{"@type":"ImageObject","inLanguage":"en-GB","@id":"https:\/\/cinemaorion.fi\/saavutettavuus\/#primaryimage","url":"https:\/\/cinemaorion.fi\/wp-content\/uploads\/2022\/07\/image-edited-225x300.png","contentUrl":"https:\/\/cinemaorion.fi\/wp-content\/uploads\/2022\/07\/image-edited-225x300.png"},{"@type":"BreadcrumbList","@id":"https:\/\/cinemaorion.fi\/saavutettavuus\/#breadcrumb","itemListElement":[{"@type":"ListItem","position":1,"name":"Home","item":"https:\/\/cinemaorion.fi\/"},{"@type":"ListItem","position":2,"name":"Saavutettavuus"}]},{"@type":"WebSite","@id":"https:\/\/cinemaorion.fi\/#website","url":"https:\/\/cinemaorion.fi\/","name":"Cinema Orion","description":"Cinema Orion tagline","publisher":{"@id":"https:\/\/cinemaorion.fi\/#organization"},"alternateName":"Elokuvateatteri Orion","potentialAction":[{"@type":"SearchAction","target":{"@type":"EntryPoint","urlTemplate":"https:\/\/cinemaorion.fi\/?s={search_term_string}"},"query-input":{"@type":"PropertyValueSpecification","valueRequired":true,"valueName":"search_term_string"}}],"inLanguage":"en-GB"},{"@type":"Organization","@id":"https:\/\/cinemaorion.fi\/#organization","name":"Cinema Orion","url":"https:\/\/cinemaorion.fi\/","logo":{"@type":"ImageObject","inLanguage":"en-GB","@id":"https:\/\/cinemaorion.fi\/#\/schema\/logo\/image\/","url":"https:\/\/cinemaorion.fi\/wp-content\/uploads\/2021\/03\/logo-cinemaorion-elke-ry.png","contentUrl":"https:\/\/cinemaorion.fi\/wp-content\/uploads\/2021\/03\/logo-cinemaorion-elke-ry.png","width":1300,"height":278,"caption":"Cinema Orion"},"image":{"@id":"https:\/\/cinemaorion.fi\/#\/schema\/logo\/image\/"},"sameAs":["https:\/\/www.facebook.com\/cinemaorion","https:\/\/x.com\/cinemaorion","https:\/\/www.instagram.com\/cinemaorion\/","https:\/\/twitter.com\/cinemaorion"]}]}},"_links":{"self":[{"href":"https:\/\/cinemaorion.fi\/en\/wp-json\/wp\/v2\/pages\/14676","targetHints":{"allow":["GET"]}}],"collection":[{"href":"https:\/\/cinemaorion.fi\/en\/wp-json\/wp\/v2\/pages"}],"about":[{"href":"https:\/\/cinemaorion.fi\/en\/wp-json\/wp\/v2\/types\/page"}],"author":[{"embeddable":true,"href":"https:\/\/cinemaorion.fi\/en\/wp-json\/wp\/v2\/users\/2"}],"replies":[{"embeddable":true,"href":"https:\/\/cinemaorion.fi\/en\/wp-json\/wp\/v2\/comments?post=14676"}],"version-history":[{"count":12,"href":"https:\/\/cinemaorion.fi\/en\/wp-json\/wp\/v2\/pages\/14676\/revisions"}],"predecessor-version":[{"id":22486,"href":"https:\/\/cinemaorion.fi\/en\/wp-json\/wp\/v2\/pages\/14676\/revisions\/22486"}],"wp:attachment":[{"href":"https:\/\/cinemaorion.fi\/en\/wp-json\/wp\/v2\/media?parent=14676"}],"curies":[{"name":"wp","href":"https:\/\/api.w.org\/{rel}","templated":true}]}}