{"id":14000,"date":"2021-10-27T09:10:41","date_gmt":"2021-10-27T09:10:41","guid":{"rendered":"https:\/\/cinemaorion.fi\/?page_id=14000"},"modified":"2022-02-22T12:10:25","modified_gmt":"2022-02-22T12:10:25","slug":"kirjauutuus-kino-suomi","status":"publish","type":"page","link":"https:\/\/cinemaorion.fi\/en\/kirjauutuus-kino-suomi\/","title":{"rendered":"Kirjauutuus: Kino-Suomi"},"content":{"rendered":"<figure class=\"wp-block-image size-full is-resized\"><img loading=\"lazy\" decoding=\"async\" src=\"https:\/\/cinemaorion.fi\/wp-content\/uploads\/2021\/10\/Screenshot-2021-10-27-at-11.59.12.png\" alt=\"\" class=\"wp-image-13997\" width=\"215\" height=\"263\" srcset=\"https:\/\/cinemaorion.fi\/wp-content\/uploads\/2021\/10\/Screenshot-2021-10-27-at-11.59.12.png 430w, https:\/\/cinemaorion.fi\/wp-content\/uploads\/2021\/10\/Screenshot-2021-10-27-at-11.59.12-246x300.png 246w, https:\/\/cinemaorion.fi\/wp-content\/uploads\/2021\/10\/Screenshot-2021-10-27-at-11.59.12-10x12.png 10w, https:\/\/cinemaorion.fi\/wp-content\/uploads\/2021\/10\/Screenshot-2021-10-27-at-11.59.12-5x5.png 5w\" sizes=\"auto, (max-width: 215px) 100vw, 215px\" \/><\/figure>\n\n\n\n<p><em>Voit ostaa oman kopiosi Cinema Orionin kassalta! Norm. hinta 45 euroa.<\/em><br><strong><mark style=\"background-color:rgba(0, 0, 0, 0)\" class=\"has-inline-color has-vivid-red-color\">CINEMA ORIONIN SYNTT\u00c4RIVIIKON (28.2.-6.3.2022) TARJOUS 38 EUROA!<\/mark><\/strong><\/p>\n\n\n\n<p>Uusi ihme, el\u00e4v\u00e4t kuvat, joita ihmiset p\u00e4\u00e4siv\u00e4t katsomaan 1800-luvun viimeisin\u00e4 vuosina, avasivat uuden ikkunan maailmaan. 1900-lukua voidaan nimitt\u00e4\u00e4 elokuvan vuosisadaksi. Tuolloin 1800-luvun lopun lyhyet filmip\u00e4tk\u00e4t vailla juonta kehittyiv\u00e4t kokoillan elokuviksi.<\/p>\n\n\n\n<p><em>Kino-Suomi <\/em>&#8211; <em>Elokuvan esitt\u00e4misen historia 1896\u20132021<\/em> esittelee jokaisen Helsingiss\u00e4 toimineen elokuvateatterin kaupunginosittain, vaihtuvine nimineen, vuodesta 1896 alkaen. My\u00f6s muun Suomen teatterit noin 30 paikkakunnalta esitell\u00e4\u00e4n kirjassa. Elokuvailtaan kuului paljon muutakin kuin elokuva. Se oli yhdess\u00e4oloa kaupungilla, kaunista arkkitehtuuria, v\u00e4liaikaohjelmaa, tuoksuja ja tunnelmaa &#8211; univormupukuisia portieereja ja platsareita, glamouria ja kohtaamisia. Nyky\u00e4\u00e4n se on immersiivisi\u00e4 IMAX-el\u00e4myksi\u00e4, sympaattisia korttelikinoja, yhteisi\u00e4 kulttuurihetki\u00e4.<\/p>\n\n\n\n<p>Kino-Suomi on historia- ja hakuteos kaikille elokuvateattereista kiinnostuneille. Kirjassa k\u00e4yd\u00e4\u00e4n l\u00e4pi my\u00f6s teattereiden arkkitehtuuri, esitystekniikan murrokset, elokuvien levitystoiminta, v\u00e4rikk\u00e4\u00e4t ja elokuvalle omistautuneet persoonat, alan yritykset, lains\u00e4\u00e4d\u00e4nt\u00f6 ja paljon muuta.<\/p>\n\n\n\n<p><strong>Urmas A. Hilapieli<\/strong> (s.1963) on valtiotieteen tohtori ja historiantutkija. Helsinkil\u00e4inen Hilapieli tutustui kotikaupunkinsa elokuvateattereihin jo lapsena. Intohimo elokuviin ja niiden esityspaikkoihin sek\u00e4 huoli korttelikinojen katoamisesta johtivat h\u00e4net tutkimaan aihetta syv\u00e4llisesti. H\u00e4n on tutkinut my\u00f6s poliittista historiaa.<\/p>\n\n\n\n<p><\/p>\n\n\n\n<p><\/p>","protected":false},"excerpt":{"rendered":"<p>Voit ostaa oman kopiosi Cinema Orionin kassalta! Norm. hinta 45 euroa.CINEMA ORIONIN SYNTT\u00c4RIVIIKON (28.2.-6.3.2022) TARJOUS 38 EUROA! Uusi ihme, el\u00e4v\u00e4t kuvat, joita ihmiset p\u00e4\u00e4siv\u00e4t katsomaan 1800-luvun viimeisin\u00e4 vuosina, avasivat uuden ikkunan maailmaan. 1900-lukua voidaan nimitt\u00e4\u00e4 elokuvan vuosisadaksi. Tuolloin 1800-luvun lopun lyhyet filmip\u00e4tk\u00e4t vailla juonta kehittyiv\u00e4t kokoillan elokuviksi. Kino-Suomi &#8211; Elokuvan esitt\u00e4misen historia 1896\u20132021 esittelee jokaisen [&hellip;]<\/p>\n","protected":false},"author":3,"featured_media":0,"parent":0,"menu_order":0,"comment_status":"closed","ping_status":"closed","template":"","meta":{"_acf_changed":false,"footnotes":""},"class_list":["post-14000","page","type-page","status-publish","hentry"],"acf":[],"yoast_head":"<!-- This site is optimized with the Yoast SEO plugin v27.6 - https:\/\/yoast.com\/product\/yoast-seo-wordpress\/ -->\n<title>Kirjauutuus: Kino-Suomi - Cinema Orion<\/title>\n<meta name=\"description\" content=\"Voit ostaa oman kopiosi Cinema Orionin kassalta! Norm. hinta 45 euroa.CINEMA ORIONIN SYNTT\u00c4RIVIIKON (28.2.-6.3.2022) TARJOUS 38 EUROA!Uusi ihme, el\u00e4v\u00e4t kuvat, joita ihmiset p\u00e4\u00e4siv\u00e4t katsomaan 1800-luvun viimeisin\u00e4 vuosina, avasivat uuden ikkunan maailmaan. 1900-lukua voidaan nimitt\u00e4\u00e4 elokuvan vuosisadaksi. Tuolloin 1800-luvun lopun lyhyet filmip\u00e4tk\u00e4t vailla juonta kehittyiv\u00e4t kokoillan elokuviksi.Kino-Suomi - Elokuvan esitt\u00e4misen historia 1896\u20132021 esittelee jokaisen Helsingiss\u00e4 toimineen elokuvateatterin kaupunginosittain, vaihtuvine nimineen, vuodesta 1896 alkaen. My\u00f6s muun Suomen teatterit noin 30 paikkakunnalta esitell\u00e4\u00e4n kirjassa. Elokuvailtaan kuului paljon muutakin kuin elokuva. Se oli yhdess\u00e4oloa kaupungilla, kaunista arkkitehtuuria, v\u00e4liaikaohjelmaa, tuoksuja ja tunnelmaa - univormupukuisia portieereja ja platsareita, glamouria ja kohtaamisia. Nyky\u00e4\u00e4n se on immersiivisi\u00e4 IMAX-el\u00e4myksi\u00e4, sympaattisia korttelikinoja, yhteisi\u00e4 kulttuurihetki\u00e4.Kino-Suomi on historia- ja hakuteos kaikille elokuvateattereista kiinnostuneille. Kirjassa k\u00e4yd\u00e4\u00e4n l\u00e4pi my\u00f6s teattereiden arkkitehtuuri, esitystekniikan murrokset, elokuvien levitystoiminta, v\u00e4rikk\u00e4\u00e4t ja elokuvalle omistautuneet persoonat, alan yritykset, lains\u00e4\u00e4d\u00e4nt\u00f6 ja paljon muuta.Urmas A. Hilapieli (s.1963) on valtiotieteen tohtori ja historiantutkija. Helsinkil\u00e4inen Hilapieli tutustui kotikaupunkinsa elokuvateattereihin jo lapsena. Intohimo elokuviin ja niiden esityspaikkoihin sek\u00e4 huoli korttelikinojen katoamisesta johtivat h\u00e4net tutkimaan aihetta syv\u00e4llisesti. H\u00e4n on tutkinut my\u00f6s poliittista historiaa.\" \/>\n<meta name=\"robots\" content=\"index, follow, max-snippet:-1, max-image-preview:large, max-video-preview:-1\" \/>\n<link rel=\"canonical\" href=\"https:\/\/cinemaorion.fi\/en\/kirjauutuus-kino-suomi\/\" \/>\n<meta property=\"og:locale\" content=\"en_GB\" \/>\n<meta property=\"og:type\" content=\"article\" \/>\n<meta property=\"og:title\" content=\"Kirjauutuus: Kino-Suomi - Cinema Orion\" \/>\n<meta property=\"og:description\" content=\"Voit ostaa oman kopiosi Cinema Orionin kassalta! Norm. hinta 45 euroa.CINEMA ORIONIN SYNTT\u00c4RIVIIKON (28.2.-6.3.2022) TARJOUS 38 EUROA!Uusi ihme, el\u00e4v\u00e4t kuvat, joita ihmiset p\u00e4\u00e4siv\u00e4t katsomaan 1800-luvun viimeisin\u00e4 vuosina, avasivat uuden ikkunan maailmaan. 1900-lukua voidaan nimitt\u00e4\u00e4 elokuvan vuosisadaksi. Tuolloin 1800-luvun lopun lyhyet filmip\u00e4tk\u00e4t vailla juonta kehittyiv\u00e4t kokoillan elokuviksi.Kino-Suomi - Elokuvan esitt\u00e4misen historia 1896\u20132021 esittelee jokaisen Helsingiss\u00e4 toimineen elokuvateatterin kaupunginosittain, vaihtuvine nimineen, vuodesta 1896 alkaen. My\u00f6s muun Suomen teatterit noin 30 paikkakunnalta esitell\u00e4\u00e4n kirjassa. Elokuvailtaan kuului paljon muutakin kuin elokuva. Se oli yhdess\u00e4oloa kaupungilla, kaunista arkkitehtuuria, v\u00e4liaikaohjelmaa, tuoksuja ja tunnelmaa - univormupukuisia portieereja ja platsareita, glamouria ja kohtaamisia. Nyky\u00e4\u00e4n se on immersiivisi\u00e4 IMAX-el\u00e4myksi\u00e4, sympaattisia korttelikinoja, yhteisi\u00e4 kulttuurihetki\u00e4.Kino-Suomi on historia- ja hakuteos kaikille elokuvateattereista kiinnostuneille. Kirjassa k\u00e4yd\u00e4\u00e4n l\u00e4pi my\u00f6s teattereiden arkkitehtuuri, esitystekniikan murrokset, elokuvien levitystoiminta, v\u00e4rikk\u00e4\u00e4t ja elokuvalle omistautuneet persoonat, alan yritykset, lains\u00e4\u00e4d\u00e4nt\u00f6 ja paljon muuta.Urmas A. Hilapieli (s.1963) on valtiotieteen tohtori ja historiantutkija. Helsinkil\u00e4inen Hilapieli tutustui kotikaupunkinsa elokuvateattereihin jo lapsena. Intohimo elokuviin ja niiden esityspaikkoihin sek\u00e4 huoli korttelikinojen katoamisesta johtivat h\u00e4net tutkimaan aihetta syv\u00e4llisesti. H\u00e4n on tutkinut my\u00f6s poliittista historiaa.\" \/>\n<meta property=\"og:url\" content=\"https:\/\/cinemaorion.fi\/en\/kirjauutuus-kino-suomi\/\" \/>\n<meta property=\"og:site_name\" content=\"Cinema Orion\" \/>\n<meta property=\"article:publisher\" content=\"https:\/\/www.facebook.com\/cinemaorion\" \/>\n<meta property=\"article:modified_time\" content=\"2022-02-22T12:10:25+00:00\" \/>\n<meta property=\"og:image\" content=\"https:\/\/cinemaorion.fi\/wp-content\/uploads\/2021\/10\/Screenshot-2021-10-27-at-11.59.12.png\" \/>\n<meta name=\"twitter:card\" content=\"summary_large_image\" \/>\n<meta name=\"twitter:site\" content=\"@cinemaorion\" \/>\n<meta name=\"twitter:label1\" content=\"Estimated reading time\" \/>\n\t<meta name=\"twitter:data1\" content=\"2 minutes\" \/>\n<script type=\"application\/ld+json\" class=\"yoast-schema-graph\">{\"@context\":\"https:\\\/\\\/schema.org\",\"@graph\":[{\"@type\":\"WebPage\",\"@id\":\"https:\\\/\\\/cinemaorion.fi\\\/kirjauutuus-kino-suomi\\\/\",\"url\":\"https:\\\/\\\/cinemaorion.fi\\\/kirjauutuus-kino-suomi\\\/\",\"name\":\"Kirjauutuus: Kino-Suomi - Cinema Orion\",\"isPartOf\":{\"@id\":\"https:\\\/\\\/cinemaorion.fi\\\/#website\"},\"primaryImageOfPage\":{\"@id\":\"https:\\\/\\\/cinemaorion.fi\\\/kirjauutuus-kino-suomi\\\/#primaryimage\"},\"image\":{\"@id\":\"https:\\\/\\\/cinemaorion.fi\\\/kirjauutuus-kino-suomi\\\/#primaryimage\"},\"thumbnailUrl\":\"https:\\\/\\\/cinemaorion.fi\\\/wp-content\\\/uploads\\\/2021\\\/10\\\/Screenshot-2021-10-27-at-11.59.12.png\",\"datePublished\":\"2021-10-27T09:10:41+00:00\",\"dateModified\":\"2022-02-22T12:10:25+00:00\",\"description\":\"Voit ostaa oman kopiosi Cinema Orionin kassalta! Norm. hinta 45 euroa.CINEMA ORIONIN SYNTT\u00c4RIVIIKON (28.2.-6.3.2022) TARJOUS 38 EUROA!Uusi ihme, el\u00e4v\u00e4t kuvat, joita ihmiset p\u00e4\u00e4siv\u00e4t katsomaan 1800-luvun viimeisin\u00e4 vuosina, avasivat uuden ikkunan maailmaan. 1900-lukua voidaan nimitt\u00e4\u00e4 elokuvan vuosisadaksi. Tuolloin 1800-luvun lopun lyhyet filmip\u00e4tk\u00e4t vailla juonta kehittyiv\u00e4t kokoillan elokuviksi.Kino-Suomi - Elokuvan esitt\u00e4misen historia 1896\u20132021 esittelee jokaisen Helsingiss\u00e4 toimineen elokuvateatterin kaupunginosittain, vaihtuvine nimineen, vuodesta 1896 alkaen. My\u00f6s muun Suomen teatterit noin 30 paikkakunnalta esitell\u00e4\u00e4n kirjassa. Elokuvailtaan kuului paljon muutakin kuin elokuva. Se oli yhdess\u00e4oloa kaupungilla, kaunista arkkitehtuuria, v\u00e4liaikaohjelmaa, tuoksuja ja tunnelmaa - univormupukuisia portieereja ja platsareita, glamouria ja kohtaamisia. Nyky\u00e4\u00e4n se on immersiivisi\u00e4 IMAX-el\u00e4myksi\u00e4, sympaattisia korttelikinoja, yhteisi\u00e4 kulttuurihetki\u00e4.Kino-Suomi on historia- ja hakuteos kaikille elokuvateattereista kiinnostuneille. Kirjassa k\u00e4yd\u00e4\u00e4n l\u00e4pi my\u00f6s teattereiden arkkitehtuuri, esitystekniikan murrokset, elokuvien levitystoiminta, v\u00e4rikk\u00e4\u00e4t ja elokuvalle omistautuneet persoonat, alan yritykset, lains\u00e4\u00e4d\u00e4nt\u00f6 ja paljon muuta.Urmas A. Hilapieli (s.1963) on valtiotieteen tohtori ja historiantutkija. Helsinkil\u00e4inen Hilapieli tutustui kotikaupunkinsa elokuvateattereihin jo lapsena. Intohimo elokuviin ja niiden esityspaikkoihin sek\u00e4 huoli korttelikinojen katoamisesta johtivat h\u00e4net tutkimaan aihetta syv\u00e4llisesti. H\u00e4n on tutkinut my\u00f6s poliittista historiaa.\",\"breadcrumb\":{\"@id\":\"https:\\\/\\\/cinemaorion.fi\\\/kirjauutuus-kino-suomi\\\/#breadcrumb\"},\"inLanguage\":\"en-GB\",\"potentialAction\":[{\"@type\":\"ReadAction\",\"target\":[\"https:\\\/\\\/cinemaorion.fi\\\/kirjauutuus-kino-suomi\\\/\"]}]},{\"@type\":\"ImageObject\",\"inLanguage\":\"en-GB\",\"@id\":\"https:\\\/\\\/cinemaorion.fi\\\/kirjauutuus-kino-suomi\\\/#primaryimage\",\"url\":\"https:\\\/\\\/cinemaorion.fi\\\/wp-content\\\/uploads\\\/2021\\\/10\\\/Screenshot-2021-10-27-at-11.59.12.png\",\"contentUrl\":\"https:\\\/\\\/cinemaorion.fi\\\/wp-content\\\/uploads\\\/2021\\\/10\\\/Screenshot-2021-10-27-at-11.59.12.png\"},{\"@type\":\"BreadcrumbList\",\"@id\":\"https:\\\/\\\/cinemaorion.fi\\\/kirjauutuus-kino-suomi\\\/#breadcrumb\",\"itemListElement\":[{\"@type\":\"ListItem\",\"position\":1,\"name\":\"Home\",\"item\":\"https:\\\/\\\/cinemaorion.fi\\\/\"},{\"@type\":\"ListItem\",\"position\":2,\"name\":\"Kirjauutuus: Kino-Suomi\"}]},{\"@type\":\"WebSite\",\"@id\":\"https:\\\/\\\/cinemaorion.fi\\\/#website\",\"url\":\"https:\\\/\\\/cinemaorion.fi\\\/\",\"name\":\"Cinema Orion\",\"description\":\"Cinema Orion tagline\",\"publisher\":{\"@id\":\"https:\\\/\\\/cinemaorion.fi\\\/#organization\"},\"alternateName\":\"Elokuvateatteri Orion\",\"potentialAction\":[{\"@type\":\"SearchAction\",\"target\":{\"@type\":\"EntryPoint\",\"urlTemplate\":\"https:\\\/\\\/cinemaorion.fi\\\/?s={search_term_string}\"},\"query-input\":{\"@type\":\"PropertyValueSpecification\",\"valueRequired\":true,\"valueName\":\"search_term_string\"}}],\"inLanguage\":\"en-GB\"},{\"@type\":\"Organization\",\"@id\":\"https:\\\/\\\/cinemaorion.fi\\\/#organization\",\"name\":\"Cinema Orion\",\"url\":\"https:\\\/\\\/cinemaorion.fi\\\/\",\"logo\":{\"@type\":\"ImageObject\",\"inLanguage\":\"en-GB\",\"@id\":\"https:\\\/\\\/cinemaorion.fi\\\/#\\\/schema\\\/logo\\\/image\\\/\",\"url\":\"https:\\\/\\\/cinemaorion.fi\\\/wp-content\\\/uploads\\\/2021\\\/03\\\/logo-cinemaorion-elke-ry.png\",\"contentUrl\":\"https:\\\/\\\/cinemaorion.fi\\\/wp-content\\\/uploads\\\/2021\\\/03\\\/logo-cinemaorion-elke-ry.png\",\"width\":1300,\"height\":278,\"caption\":\"Cinema Orion\"},\"image\":{\"@id\":\"https:\\\/\\\/cinemaorion.fi\\\/#\\\/schema\\\/logo\\\/image\\\/\"},\"sameAs\":[\"https:\\\/\\\/www.facebook.com\\\/cinemaorion\",\"https:\\\/\\\/x.com\\\/cinemaorion\",\"https:\\\/\\\/www.instagram.com\\\/cinemaorion\\\/\",\"https:\\\/\\\/twitter.com\\\/cinemaorion\"]}]}<\/script>\n<!-- \/ Yoast SEO plugin. -->","yoast_head_json":{"title":"Kirjauutuus: Kino-Suomi - Cinema Orion","description":"Voit ostaa oman kopiosi Cinema Orionin kassalta! Norm. hinta 45 euroa.CINEMA ORIONIN SYNTT\u00c4RIVIIKON (28.2.-6.3.2022) TARJOUS 38 EUROA!Uusi ihme, el\u00e4v\u00e4t kuvat, joita ihmiset p\u00e4\u00e4siv\u00e4t katsomaan 1800-luvun viimeisin\u00e4 vuosina, avasivat uuden ikkunan maailmaan. 1900-lukua voidaan nimitt\u00e4\u00e4 elokuvan vuosisadaksi. Tuolloin 1800-luvun lopun lyhyet filmip\u00e4tk\u00e4t vailla juonta kehittyiv\u00e4t kokoillan elokuviksi.Kino-Suomi - Elokuvan esitt\u00e4misen historia 1896\u20132021 esittelee jokaisen Helsingiss\u00e4 toimineen elokuvateatterin kaupunginosittain, vaihtuvine nimineen, vuodesta 1896 alkaen. My\u00f6s muun Suomen teatterit noin 30 paikkakunnalta esitell\u00e4\u00e4n kirjassa. Elokuvailtaan kuului paljon muutakin kuin elokuva. Se oli yhdess\u00e4oloa kaupungilla, kaunista arkkitehtuuria, v\u00e4liaikaohjelmaa, tuoksuja ja tunnelmaa - univormupukuisia portieereja ja platsareita, glamouria ja kohtaamisia. Nyky\u00e4\u00e4n se on immersiivisi\u00e4 IMAX-el\u00e4myksi\u00e4, sympaattisia korttelikinoja, yhteisi\u00e4 kulttuurihetki\u00e4.Kino-Suomi on historia- ja hakuteos kaikille elokuvateattereista kiinnostuneille. Kirjassa k\u00e4yd\u00e4\u00e4n l\u00e4pi my\u00f6s teattereiden arkkitehtuuri, esitystekniikan murrokset, elokuvien levitystoiminta, v\u00e4rikk\u00e4\u00e4t ja elokuvalle omistautuneet persoonat, alan yritykset, lains\u00e4\u00e4d\u00e4nt\u00f6 ja paljon muuta.Urmas A. Hilapieli (s.1963) on valtiotieteen tohtori ja historiantutkija. Helsinkil\u00e4inen Hilapieli tutustui kotikaupunkinsa elokuvateattereihin jo lapsena. Intohimo elokuviin ja niiden esityspaikkoihin sek\u00e4 huoli korttelikinojen katoamisesta johtivat h\u00e4net tutkimaan aihetta syv\u00e4llisesti. H\u00e4n on tutkinut my\u00f6s poliittista historiaa.","robots":{"index":"index","follow":"follow","max-snippet":"max-snippet:-1","max-image-preview":"max-image-preview:large","max-video-preview":"max-video-preview:-1"},"canonical":"https:\/\/cinemaorion.fi\/en\/kirjauutuus-kino-suomi\/","og_locale":"en_GB","og_type":"article","og_title":"Kirjauutuus: Kino-Suomi - Cinema Orion","og_description":"Voit ostaa oman kopiosi Cinema Orionin kassalta! Norm. hinta 45 euroa.CINEMA ORIONIN SYNTT\u00c4RIVIIKON (28.2.-6.3.2022) TARJOUS 38 EUROA!Uusi ihme, el\u00e4v\u00e4t kuvat, joita ihmiset p\u00e4\u00e4siv\u00e4t katsomaan 1800-luvun viimeisin\u00e4 vuosina, avasivat uuden ikkunan maailmaan. 1900-lukua voidaan nimitt\u00e4\u00e4 elokuvan vuosisadaksi. Tuolloin 1800-luvun lopun lyhyet filmip\u00e4tk\u00e4t vailla juonta kehittyiv\u00e4t kokoillan elokuviksi.Kino-Suomi - Elokuvan esitt\u00e4misen historia 1896\u20132021 esittelee jokaisen Helsingiss\u00e4 toimineen elokuvateatterin kaupunginosittain, vaihtuvine nimineen, vuodesta 1896 alkaen. My\u00f6s muun Suomen teatterit noin 30 paikkakunnalta esitell\u00e4\u00e4n kirjassa. Elokuvailtaan kuului paljon muutakin kuin elokuva. Se oli yhdess\u00e4oloa kaupungilla, kaunista arkkitehtuuria, v\u00e4liaikaohjelmaa, tuoksuja ja tunnelmaa - univormupukuisia portieereja ja platsareita, glamouria ja kohtaamisia. Nyky\u00e4\u00e4n se on immersiivisi\u00e4 IMAX-el\u00e4myksi\u00e4, sympaattisia korttelikinoja, yhteisi\u00e4 kulttuurihetki\u00e4.Kino-Suomi on historia- ja hakuteos kaikille elokuvateattereista kiinnostuneille. Kirjassa k\u00e4yd\u00e4\u00e4n l\u00e4pi my\u00f6s teattereiden arkkitehtuuri, esitystekniikan murrokset, elokuvien levitystoiminta, v\u00e4rikk\u00e4\u00e4t ja elokuvalle omistautuneet persoonat, alan yritykset, lains\u00e4\u00e4d\u00e4nt\u00f6 ja paljon muuta.Urmas A. Hilapieli (s.1963) on valtiotieteen tohtori ja historiantutkija. Helsinkil\u00e4inen Hilapieli tutustui kotikaupunkinsa elokuvateattereihin jo lapsena. Intohimo elokuviin ja niiden esityspaikkoihin sek\u00e4 huoli korttelikinojen katoamisesta johtivat h\u00e4net tutkimaan aihetta syv\u00e4llisesti. H\u00e4n on tutkinut my\u00f6s poliittista historiaa.","og_url":"https:\/\/cinemaorion.fi\/en\/kirjauutuus-kino-suomi\/","og_site_name":"Cinema Orion","article_publisher":"https:\/\/www.facebook.com\/cinemaorion","article_modified_time":"2022-02-22T12:10:25+00:00","og_image":[{"url":"https:\/\/cinemaorion.fi\/wp-content\/uploads\/2021\/10\/Screenshot-2021-10-27-at-11.59.12.png","type":"","width":"","height":""}],"twitter_card":"summary_large_image","twitter_site":"@cinemaorion","twitter_misc":{"Estimated reading time":"2 minutes"},"schema":{"@context":"https:\/\/schema.org","@graph":[{"@type":"WebPage","@id":"https:\/\/cinemaorion.fi\/kirjauutuus-kino-suomi\/","url":"https:\/\/cinemaorion.fi\/kirjauutuus-kino-suomi\/","name":"Kirjauutuus: Kino-Suomi - Cinema Orion","isPartOf":{"@id":"https:\/\/cinemaorion.fi\/#website"},"primaryImageOfPage":{"@id":"https:\/\/cinemaorion.fi\/kirjauutuus-kino-suomi\/#primaryimage"},"image":{"@id":"https:\/\/cinemaorion.fi\/kirjauutuus-kino-suomi\/#primaryimage"},"thumbnailUrl":"https:\/\/cinemaorion.fi\/wp-content\/uploads\/2021\/10\/Screenshot-2021-10-27-at-11.59.12.png","datePublished":"2021-10-27T09:10:41+00:00","dateModified":"2022-02-22T12:10:25+00:00","description":"Voit ostaa oman kopiosi Cinema Orionin kassalta! Norm. hinta 45 euroa.CINEMA ORIONIN SYNTT\u00c4RIVIIKON (28.2.-6.3.2022) TARJOUS 38 EUROA!Uusi ihme, el\u00e4v\u00e4t kuvat, joita ihmiset p\u00e4\u00e4siv\u00e4t katsomaan 1800-luvun viimeisin\u00e4 vuosina, avasivat uuden ikkunan maailmaan. 1900-lukua voidaan nimitt\u00e4\u00e4 elokuvan vuosisadaksi. Tuolloin 1800-luvun lopun lyhyet filmip\u00e4tk\u00e4t vailla juonta kehittyiv\u00e4t kokoillan elokuviksi.Kino-Suomi - Elokuvan esitt\u00e4misen historia 1896\u20132021 esittelee jokaisen Helsingiss\u00e4 toimineen elokuvateatterin kaupunginosittain, vaihtuvine nimineen, vuodesta 1896 alkaen. My\u00f6s muun Suomen teatterit noin 30 paikkakunnalta esitell\u00e4\u00e4n kirjassa. Elokuvailtaan kuului paljon muutakin kuin elokuva. Se oli yhdess\u00e4oloa kaupungilla, kaunista arkkitehtuuria, v\u00e4liaikaohjelmaa, tuoksuja ja tunnelmaa - univormupukuisia portieereja ja platsareita, glamouria ja kohtaamisia. Nyky\u00e4\u00e4n se on immersiivisi\u00e4 IMAX-el\u00e4myksi\u00e4, sympaattisia korttelikinoja, yhteisi\u00e4 kulttuurihetki\u00e4.Kino-Suomi on historia- ja hakuteos kaikille elokuvateattereista kiinnostuneille. Kirjassa k\u00e4yd\u00e4\u00e4n l\u00e4pi my\u00f6s teattereiden arkkitehtuuri, esitystekniikan murrokset, elokuvien levitystoiminta, v\u00e4rikk\u00e4\u00e4t ja elokuvalle omistautuneet persoonat, alan yritykset, lains\u00e4\u00e4d\u00e4nt\u00f6 ja paljon muuta.Urmas A. Hilapieli (s.1963) on valtiotieteen tohtori ja historiantutkija. Helsinkil\u00e4inen Hilapieli tutustui kotikaupunkinsa elokuvateattereihin jo lapsena. Intohimo elokuviin ja niiden esityspaikkoihin sek\u00e4 huoli korttelikinojen katoamisesta johtivat h\u00e4net tutkimaan aihetta syv\u00e4llisesti. H\u00e4n on tutkinut my\u00f6s poliittista historiaa.","breadcrumb":{"@id":"https:\/\/cinemaorion.fi\/kirjauutuus-kino-suomi\/#breadcrumb"},"inLanguage":"en-GB","potentialAction":[{"@type":"ReadAction","target":["https:\/\/cinemaorion.fi\/kirjauutuus-kino-suomi\/"]}]},{"@type":"ImageObject","inLanguage":"en-GB","@id":"https:\/\/cinemaorion.fi\/kirjauutuus-kino-suomi\/#primaryimage","url":"https:\/\/cinemaorion.fi\/wp-content\/uploads\/2021\/10\/Screenshot-2021-10-27-at-11.59.12.png","contentUrl":"https:\/\/cinemaorion.fi\/wp-content\/uploads\/2021\/10\/Screenshot-2021-10-27-at-11.59.12.png"},{"@type":"BreadcrumbList","@id":"https:\/\/cinemaorion.fi\/kirjauutuus-kino-suomi\/#breadcrumb","itemListElement":[{"@type":"ListItem","position":1,"name":"Home","item":"https:\/\/cinemaorion.fi\/"},{"@type":"ListItem","position":2,"name":"Kirjauutuus: Kino-Suomi"}]},{"@type":"WebSite","@id":"https:\/\/cinemaorion.fi\/#website","url":"https:\/\/cinemaorion.fi\/","name":"Cinema Orion","description":"Cinema Orion tagline","publisher":{"@id":"https:\/\/cinemaorion.fi\/#organization"},"alternateName":"Elokuvateatteri Orion","potentialAction":[{"@type":"SearchAction","target":{"@type":"EntryPoint","urlTemplate":"https:\/\/cinemaorion.fi\/?s={search_term_string}"},"query-input":{"@type":"PropertyValueSpecification","valueRequired":true,"valueName":"search_term_string"}}],"inLanguage":"en-GB"},{"@type":"Organization","@id":"https:\/\/cinemaorion.fi\/#organization","name":"Cinema Orion","url":"https:\/\/cinemaorion.fi\/","logo":{"@type":"ImageObject","inLanguage":"en-GB","@id":"https:\/\/cinemaorion.fi\/#\/schema\/logo\/image\/","url":"https:\/\/cinemaorion.fi\/wp-content\/uploads\/2021\/03\/logo-cinemaorion-elke-ry.png","contentUrl":"https:\/\/cinemaorion.fi\/wp-content\/uploads\/2021\/03\/logo-cinemaorion-elke-ry.png","width":1300,"height":278,"caption":"Cinema Orion"},"image":{"@id":"https:\/\/cinemaorion.fi\/#\/schema\/logo\/image\/"},"sameAs":["https:\/\/www.facebook.com\/cinemaorion","https:\/\/x.com\/cinemaorion","https:\/\/www.instagram.com\/cinemaorion\/","https:\/\/twitter.com\/cinemaorion"]}]}},"_links":{"self":[{"href":"https:\/\/cinemaorion.fi\/en\/wp-json\/wp\/v2\/pages\/14000","targetHints":{"allow":["GET"]}}],"collection":[{"href":"https:\/\/cinemaorion.fi\/en\/wp-json\/wp\/v2\/pages"}],"about":[{"href":"https:\/\/cinemaorion.fi\/en\/wp-json\/wp\/v2\/types\/page"}],"author":[{"embeddable":true,"href":"https:\/\/cinemaorion.fi\/en\/wp-json\/wp\/v2\/users\/3"}],"replies":[{"embeddable":true,"href":"https:\/\/cinemaorion.fi\/en\/wp-json\/wp\/v2\/comments?post=14000"}],"version-history":[{"count":8,"href":"https:\/\/cinemaorion.fi\/en\/wp-json\/wp\/v2\/pages\/14000\/revisions"}],"predecessor-version":[{"id":14829,"href":"https:\/\/cinemaorion.fi\/en\/wp-json\/wp\/v2\/pages\/14000\/revisions\/14829"}],"wp:attachment":[{"href":"https:\/\/cinemaorion.fi\/en\/wp-json\/wp\/v2\/media?parent=14000"}],"curies":[{"name":"wp","href":"https:\/\/api.w.org\/{rel}","templated":true}]}}