{"id":14,"date":"2019-02-07T10:31:50","date_gmt":"2019-02-07T10:31:50","guid":{"rendered":"https:\/\/cinemaorion.fi\/dev\/?page_id=14"},"modified":"2026-03-16T09:28:42","modified_gmt":"2026-03-16T09:28:42","slug":"vuokraa","status":"publish","type":"page","link":"https:\/\/cinemaorion.fi\/en\/vuokraa\/","title":{"rendered":"Cinema Hire"},"content":{"rendered":"<p>Are you looking for a place to host your own private screening? Or a seminar? Or perhaps a birthday party?<\/p>\n\n\n\n<p>Cinema Orion is an authentic Art Deco cinema that has been open since the 1920s in the heart of Helsinki. The armchair-like seats and the 4K digital projector will guarantee you a memorable experience. We also have seminar techniques and PA system to hold meetings or other performances in our cinema. <\/p>\n\n\n\n<p>Do you want to offer food &amp; drinks to your guests in your private event? Our partners can help you with that. It's also possible to bring your own servings to the cinema. <\/p>\n\n\n\n<p>Aulamme palvelee n. 50 hengen seisomatilaisuuksia, salista l\u00f6ytyy istuimet 214 hengelle, 36 istuinta parvella ja 178 istuinta permannolla. Lis\u00e4ksi parvella on kaksi paikkaa py\u00f6r\u00e4tuoleille. Lue lis\u00e4\u00e4 teatterin saavutettavuudesta <a href=\"https:\/\/cinemaorion.fi\/en\/saavutettavuus\/\">t\u00e4\u00e4lt\u00e4<\/a>.<\/p>\n\n\n\n<h4 class=\"wp-block-heading\">Ota yhteytt\u00e4: vuokraukset@cinemaorion.fi<br><br><a href=\"https:\/\/cinemaorion.fi\/en\/orionin-tilavuokrausehdot\/\">Hire Terms<\/a><br><a href=\"https:\/\/cinemaorion.fi\/en\/vuokraa\/tekniset-tiedot\/\">Technical info of the theatre (currently only in Finnish)<\/a><br><a href=\"https:\/\/kavi.fi\/kuvaohjelmien-ikarajat-ja-tarjoaminen\/\">Ik\u00e4rajatarkastus<\/a> (tapahtumaj\u00e4rjest\u00e4j\u00e4t)<br><\/h4>","protected":false},"excerpt":{"rendered":"<p>Etsitk\u00f6 tilaa yksityisn\u00e4yt\u00f6kselle? Tai seminaarille? Vai syntym\u00e4p\u00e4iville? Elokuvateatteri Orion on art deco -helmi erinomaisten kulkuyhteyksien p\u00e4\u00e4ss\u00e4 Helsingin keskustassa. Teatterisalin pehme\u00e4t istuimet ja 4K-digiprojektori tarjoavat katsojille ensiluokkaisen elokuvateatterikokemuksen. Tunnelmallisesta salista l\u00f6ytyy my\u00f6s toimiva kokoustekniikka ja PA-j\u00e4rjestelm\u00e4 kokousten ja esitysten j\u00e4rjest\u00e4miseen. Haluatko j\u00e4rjest\u00e4\u00e4 tarjoilun tilaisuuden yhteyteen? Yhteisty\u00f6kumppanimme auttavat sinua tarjoilun j\u00e4rjest\u00e4misess\u00e4. Voit my\u00f6s tuoda omat tarjoilusi paikan [&hellip;]<\/p>\n","protected":false},"author":27,"featured_media":0,"parent":0,"menu_order":7,"comment_status":"closed","ping_status":"closed","template":"","meta":{"_acf_changed":false,"footnotes":""},"class_list":["post-14","page","type-page","status-publish","hentry"],"acf":[],"yoast_head":"<!-- This site is optimized with the Yoast SEO plugin v27.3 - https:\/\/yoast.com\/product\/yoast-seo-wordpress\/ -->\n<title>Vuokraa Orion - Cinema Orion<\/title>\n<meta name=\"description\" content=\"Etsitk\u00f6 tilaa yksityisn\u00e4yt\u00f6kselle? Tai seminaarille? Vai syntym\u00e4p\u00e4iville?Elokuvateatteri Orion on art deco -helmi erinomaisten kulkuyhteyksien p\u00e4\u00e4ss\u00e4 Helsingin keskustassa. Teatterisalin pehme\u00e4t istuimet ja 4K-digiprojektori tarjoavat katsojille ensiluokkaisen elokuvateatterikokemuksen. Tunnelmallisesta salista l\u00f6ytyy my\u00f6s toimiva kokoustekniikka ja PA-j\u00e4rjestelm\u00e4 kokousten ja esitysten j\u00e4rjest\u00e4miseen. Haluatko j\u00e4rjest\u00e4\u00e4 tarjoilun tilaisuuden yhteyteen? Yhteisty\u00f6kumppanimme auttavat sinua tarjoilun j\u00e4rjest\u00e4misess\u00e4. Voit my\u00f6s tuoda omat tarjoilusi paikan p\u00e4\u00e4lle. Aulamme palvelee n. 50 hengen seisomatilaisuuksia, salista l\u00f6ytyy istuimet 214 hengelle, 36 istuinta parvella ja 178 istuinta permannolla. Lis\u00e4ksi parvella on kaksi paikkaa py\u00f6r\u00e4tuoleille. Lue lis\u00e4\u00e4 teatterin saavutettavuudesta t\u00e4\u00e4lt\u00e4.Ota yhteytt\u00e4: vuokraukset@cinemaorion.fiVuokrausehdotTeatterin tekniset tiedotIk\u00e4rajatarkastus (tapahtumaj\u00e4rjest\u00e4j\u00e4t)\" \/>\n<meta name=\"robots\" content=\"index, follow, max-snippet:-1, max-image-preview:large, max-video-preview:-1\" \/>\n<link rel=\"canonical\" href=\"https:\/\/cinemaorion.fi\/en\/vuokraa\/\" \/>\n<meta property=\"og:locale\" content=\"en_GB\" \/>\n<meta property=\"og:type\" content=\"article\" \/>\n<meta property=\"og:title\" content=\"Vuokraa Orion - Cinema Orion\" \/>\n<meta property=\"og:description\" content=\"Etsitk\u00f6 tilaa yksityisn\u00e4yt\u00f6kselle? Tai seminaarille? Vai syntym\u00e4p\u00e4iville?Elokuvateatteri Orion on art deco -helmi erinomaisten kulkuyhteyksien p\u00e4\u00e4ss\u00e4 Helsingin keskustassa. Teatterisalin pehme\u00e4t istuimet ja 4K-digiprojektori tarjoavat katsojille ensiluokkaisen elokuvateatterikokemuksen. Tunnelmallisesta salista l\u00f6ytyy my\u00f6s toimiva kokoustekniikka ja PA-j\u00e4rjestelm\u00e4 kokousten ja esitysten j\u00e4rjest\u00e4miseen. Haluatko j\u00e4rjest\u00e4\u00e4 tarjoilun tilaisuuden yhteyteen? Yhteisty\u00f6kumppanimme auttavat sinua tarjoilun j\u00e4rjest\u00e4misess\u00e4. Voit my\u00f6s tuoda omat tarjoilusi paikan p\u00e4\u00e4lle. Aulamme palvelee n. 50 hengen seisomatilaisuuksia, salista l\u00f6ytyy istuimet 214 hengelle, 36 istuinta parvella ja 178 istuinta permannolla. Lis\u00e4ksi parvella on kaksi paikkaa py\u00f6r\u00e4tuoleille. Lue lis\u00e4\u00e4 teatterin saavutettavuudesta t\u00e4\u00e4lt\u00e4.Ota yhteytt\u00e4: vuokraukset@cinemaorion.fiVuokrausehdotTeatterin tekniset tiedotIk\u00e4rajatarkastus (tapahtumaj\u00e4rjest\u00e4j\u00e4t)\" \/>\n<meta property=\"og:url\" content=\"https:\/\/cinemaorion.fi\/en\/vuokraa\/\" \/>\n<meta property=\"og:site_name\" content=\"Cinema Orion\" \/>\n<meta property=\"article:publisher\" content=\"https:\/\/www.facebook.com\/cinemaorion\" \/>\n<meta property=\"article:modified_time\" content=\"2026-03-16T09:28:42+00:00\" \/>\n<meta property=\"og:image\" content=\"https:\/\/cinemaorion.fi\/wp-content\/uploads\/2026\/03\/Cinema-Orion_PIENI_Helsinki-scaled.jpg\" \/>\n\t<meta property=\"og:image:width\" content=\"1600\" \/>\n\t<meta property=\"og:image:height\" content=\"900\" \/>\n\t<meta property=\"og:image:type\" content=\"image\/jpeg\" \/>\n<meta name=\"twitter:card\" content=\"summary_large_image\" \/>\n<meta name=\"twitter:site\" content=\"@cinemaorion\" \/>\n<meta name=\"twitter:label1\" content=\"Estimated reading time\" \/>\n\t<meta name=\"twitter:data1\" content=\"1 minute\" \/>\n<script type=\"application\/ld+json\" class=\"yoast-schema-graph\">{\"@context\":\"https:\\\/\\\/schema.org\",\"@graph\":[{\"@type\":\"WebPage\",\"@id\":\"https:\\\/\\\/cinemaorion.fi\\\/vuokraa\\\/\",\"url\":\"https:\\\/\\\/cinemaorion.fi\\\/vuokraa\\\/\",\"name\":\"Vuokraa Orion - Cinema Orion\",\"isPartOf\":{\"@id\":\"https:\\\/\\\/cinemaorion.fi\\\/#website\"},\"datePublished\":\"2019-02-07T10:31:50+00:00\",\"dateModified\":\"2026-03-16T09:28:42+00:00\",\"description\":\"Etsitk\u00f6 tilaa yksityisn\u00e4yt\u00f6kselle? Tai seminaarille? Vai syntym\u00e4p\u00e4iville?Elokuvateatteri Orion on art deco -helmi erinomaisten kulkuyhteyksien p\u00e4\u00e4ss\u00e4 Helsingin keskustassa. Teatterisalin pehme\u00e4t istuimet ja 4K-digiprojektori tarjoavat katsojille ensiluokkaisen elokuvateatterikokemuksen. Tunnelmallisesta salista l\u00f6ytyy my\u00f6s toimiva kokoustekniikka ja PA-j\u00e4rjestelm\u00e4 kokousten ja esitysten j\u00e4rjest\u00e4miseen. Haluatko j\u00e4rjest\u00e4\u00e4 tarjoilun tilaisuuden yhteyteen? Yhteisty\u00f6kumppanimme auttavat sinua tarjoilun j\u00e4rjest\u00e4misess\u00e4. Voit my\u00f6s tuoda omat tarjoilusi paikan p\u00e4\u00e4lle. Aulamme palvelee n. 50 hengen seisomatilaisuuksia, salista l\u00f6ytyy istuimet 214 hengelle, 36 istuinta parvella ja 178 istuinta permannolla. Lis\u00e4ksi parvella on kaksi paikkaa py\u00f6r\u00e4tuoleille. Lue lis\u00e4\u00e4 teatterin saavutettavuudesta t\u00e4\u00e4lt\u00e4.Ota yhteytt\u00e4: vuokraukset@cinemaorion.fiVuokrausehdotTeatterin tekniset tiedotIk\u00e4rajatarkastus (tapahtumaj\u00e4rjest\u00e4j\u00e4t)\",\"breadcrumb\":{\"@id\":\"https:\\\/\\\/cinemaorion.fi\\\/vuokraa\\\/#breadcrumb\"},\"inLanguage\":\"en-GB\",\"potentialAction\":[{\"@type\":\"ReadAction\",\"target\":[\"https:\\\/\\\/cinemaorion.fi\\\/vuokraa\\\/\"]}]},{\"@type\":\"BreadcrumbList\",\"@id\":\"https:\\\/\\\/cinemaorion.fi\\\/vuokraa\\\/#breadcrumb\",\"itemListElement\":[{\"@type\":\"ListItem\",\"position\":1,\"name\":\"Home\",\"item\":\"https:\\\/\\\/cinemaorion.fi\\\/\"},{\"@type\":\"ListItem\",\"position\":2,\"name\":\"Vuokraa Orion\"}]},{\"@type\":\"WebSite\",\"@id\":\"https:\\\/\\\/cinemaorion.fi\\\/#website\",\"url\":\"https:\\\/\\\/cinemaorion.fi\\\/\",\"name\":\"Cinema Orion\",\"description\":\"Cinema Orion tagline\",\"publisher\":{\"@id\":\"https:\\\/\\\/cinemaorion.fi\\\/#organization\"},\"alternateName\":\"Elokuvateatteri Orion\",\"potentialAction\":[{\"@type\":\"SearchAction\",\"target\":{\"@type\":\"EntryPoint\",\"urlTemplate\":\"https:\\\/\\\/cinemaorion.fi\\\/?s={search_term_string}\"},\"query-input\":{\"@type\":\"PropertyValueSpecification\",\"valueRequired\":true,\"valueName\":\"search_term_string\"}}],\"inLanguage\":\"en-GB\"},{\"@type\":\"Organization\",\"@id\":\"https:\\\/\\\/cinemaorion.fi\\\/#organization\",\"name\":\"Cinema Orion\",\"url\":\"https:\\\/\\\/cinemaorion.fi\\\/\",\"logo\":{\"@type\":\"ImageObject\",\"inLanguage\":\"en-GB\",\"@id\":\"https:\\\/\\\/cinemaorion.fi\\\/#\\\/schema\\\/logo\\\/image\\\/\",\"url\":\"https:\\\/\\\/cinemaorion.fi\\\/wp-content\\\/uploads\\\/2021\\\/03\\\/logo-cinemaorion-elke-ry.png\",\"contentUrl\":\"https:\\\/\\\/cinemaorion.fi\\\/wp-content\\\/uploads\\\/2021\\\/03\\\/logo-cinemaorion-elke-ry.png\",\"width\":1300,\"height\":278,\"caption\":\"Cinema Orion\"},\"image\":{\"@id\":\"https:\\\/\\\/cinemaorion.fi\\\/#\\\/schema\\\/logo\\\/image\\\/\"},\"sameAs\":[\"https:\\\/\\\/www.facebook.com\\\/cinemaorion\",\"https:\\\/\\\/x.com\\\/cinemaorion\",\"https:\\\/\\\/www.instagram.com\\\/cinemaorion\\\/\",\"https:\\\/\\\/twitter.com\\\/cinemaorion\"]}]}<\/script>\n<!-- \/ Yoast SEO plugin. -->","yoast_head_json":{"title":"Vuokraa Orion - Cinema Orion","description":"Etsitk\u00f6 tilaa yksityisn\u00e4yt\u00f6kselle? Tai seminaarille? Vai syntym\u00e4p\u00e4iville?Elokuvateatteri Orion on art deco -helmi erinomaisten kulkuyhteyksien p\u00e4\u00e4ss\u00e4 Helsingin keskustassa. Teatterisalin pehme\u00e4t istuimet ja 4K-digiprojektori tarjoavat katsojille ensiluokkaisen elokuvateatterikokemuksen. Tunnelmallisesta salista l\u00f6ytyy my\u00f6s toimiva kokoustekniikka ja PA-j\u00e4rjestelm\u00e4 kokousten ja esitysten j\u00e4rjest\u00e4miseen. Haluatko j\u00e4rjest\u00e4\u00e4 tarjoilun tilaisuuden yhteyteen? Yhteisty\u00f6kumppanimme auttavat sinua tarjoilun j\u00e4rjest\u00e4misess\u00e4. Voit my\u00f6s tuoda omat tarjoilusi paikan p\u00e4\u00e4lle. Aulamme palvelee n. 50 hengen seisomatilaisuuksia, salista l\u00f6ytyy istuimet 214 hengelle, 36 istuinta parvella ja 178 istuinta permannolla. Lis\u00e4ksi parvella on kaksi paikkaa py\u00f6r\u00e4tuoleille. Lue lis\u00e4\u00e4 teatterin saavutettavuudesta t\u00e4\u00e4lt\u00e4.Ota yhteytt\u00e4: vuokraukset@cinemaorion.fiVuokrausehdotTeatterin tekniset tiedotIk\u00e4rajatarkastus (tapahtumaj\u00e4rjest\u00e4j\u00e4t)","robots":{"index":"index","follow":"follow","max-snippet":"max-snippet:-1","max-image-preview":"max-image-preview:large","max-video-preview":"max-video-preview:-1"},"canonical":"https:\/\/cinemaorion.fi\/en\/vuokraa\/","og_locale":"en_GB","og_type":"article","og_title":"Vuokraa Orion - Cinema Orion","og_description":"Etsitk\u00f6 tilaa yksityisn\u00e4yt\u00f6kselle? Tai seminaarille? Vai syntym\u00e4p\u00e4iville?Elokuvateatteri Orion on art deco -helmi erinomaisten kulkuyhteyksien p\u00e4\u00e4ss\u00e4 Helsingin keskustassa. Teatterisalin pehme\u00e4t istuimet ja 4K-digiprojektori tarjoavat katsojille ensiluokkaisen elokuvateatterikokemuksen. Tunnelmallisesta salista l\u00f6ytyy my\u00f6s toimiva kokoustekniikka ja PA-j\u00e4rjestelm\u00e4 kokousten ja esitysten j\u00e4rjest\u00e4miseen. Haluatko j\u00e4rjest\u00e4\u00e4 tarjoilun tilaisuuden yhteyteen? Yhteisty\u00f6kumppanimme auttavat sinua tarjoilun j\u00e4rjest\u00e4misess\u00e4. Voit my\u00f6s tuoda omat tarjoilusi paikan p\u00e4\u00e4lle. Aulamme palvelee n. 50 hengen seisomatilaisuuksia, salista l\u00f6ytyy istuimet 214 hengelle, 36 istuinta parvella ja 178 istuinta permannolla. Lis\u00e4ksi parvella on kaksi paikkaa py\u00f6r\u00e4tuoleille. Lue lis\u00e4\u00e4 teatterin saavutettavuudesta t\u00e4\u00e4lt\u00e4.Ota yhteytt\u00e4: vuokraukset@cinemaorion.fiVuokrausehdotTeatterin tekniset tiedotIk\u00e4rajatarkastus (tapahtumaj\u00e4rjest\u00e4j\u00e4t)","og_url":"https:\/\/cinemaorion.fi\/en\/vuokraa\/","og_site_name":"Cinema Orion","article_publisher":"https:\/\/www.facebook.com\/cinemaorion","article_modified_time":"2026-03-16T09:28:42+00:00","og_image":[{"width":1600,"height":900,"url":"https:\/\/cinemaorion.fi\/wp-content\/uploads\/2026\/03\/Cinema-Orion_PIENI_Helsinki-scaled.jpg","type":"image\/jpeg"}],"twitter_card":"summary_large_image","twitter_site":"@cinemaorion","twitter_misc":{"Estimated reading time":"1 minute"},"schema":{"@context":"https:\/\/schema.org","@graph":[{"@type":"WebPage","@id":"https:\/\/cinemaorion.fi\/vuokraa\/","url":"https:\/\/cinemaorion.fi\/vuokraa\/","name":"Vuokraa Orion - Cinema Orion","isPartOf":{"@id":"https:\/\/cinemaorion.fi\/#website"},"datePublished":"2019-02-07T10:31:50+00:00","dateModified":"2026-03-16T09:28:42+00:00","description":"Etsitk\u00f6 tilaa yksityisn\u00e4yt\u00f6kselle? Tai seminaarille? Vai syntym\u00e4p\u00e4iville?Elokuvateatteri Orion on art deco -helmi erinomaisten kulkuyhteyksien p\u00e4\u00e4ss\u00e4 Helsingin keskustassa. Teatterisalin pehme\u00e4t istuimet ja 4K-digiprojektori tarjoavat katsojille ensiluokkaisen elokuvateatterikokemuksen. Tunnelmallisesta salista l\u00f6ytyy my\u00f6s toimiva kokoustekniikka ja PA-j\u00e4rjestelm\u00e4 kokousten ja esitysten j\u00e4rjest\u00e4miseen. Haluatko j\u00e4rjest\u00e4\u00e4 tarjoilun tilaisuuden yhteyteen? Yhteisty\u00f6kumppanimme auttavat sinua tarjoilun j\u00e4rjest\u00e4misess\u00e4. Voit my\u00f6s tuoda omat tarjoilusi paikan p\u00e4\u00e4lle. Aulamme palvelee n. 50 hengen seisomatilaisuuksia, salista l\u00f6ytyy istuimet 214 hengelle, 36 istuinta parvella ja 178 istuinta permannolla. Lis\u00e4ksi parvella on kaksi paikkaa py\u00f6r\u00e4tuoleille. Lue lis\u00e4\u00e4 teatterin saavutettavuudesta t\u00e4\u00e4lt\u00e4.Ota yhteytt\u00e4: vuokraukset@cinemaorion.fiVuokrausehdotTeatterin tekniset tiedotIk\u00e4rajatarkastus (tapahtumaj\u00e4rjest\u00e4j\u00e4t)","breadcrumb":{"@id":"https:\/\/cinemaorion.fi\/vuokraa\/#breadcrumb"},"inLanguage":"en-GB","potentialAction":[{"@type":"ReadAction","target":["https:\/\/cinemaorion.fi\/vuokraa\/"]}]},{"@type":"BreadcrumbList","@id":"https:\/\/cinemaorion.fi\/vuokraa\/#breadcrumb","itemListElement":[{"@type":"ListItem","position":1,"name":"Home","item":"https:\/\/cinemaorion.fi\/"},{"@type":"ListItem","position":2,"name":"Vuokraa Orion"}]},{"@type":"WebSite","@id":"https:\/\/cinemaorion.fi\/#website","url":"https:\/\/cinemaorion.fi\/","name":"Cinema Orion","description":"Cinema Orion tagline","publisher":{"@id":"https:\/\/cinemaorion.fi\/#organization"},"alternateName":"Elokuvateatteri Orion","potentialAction":[{"@type":"SearchAction","target":{"@type":"EntryPoint","urlTemplate":"https:\/\/cinemaorion.fi\/?s={search_term_string}"},"query-input":{"@type":"PropertyValueSpecification","valueRequired":true,"valueName":"search_term_string"}}],"inLanguage":"en-GB"},{"@type":"Organization","@id":"https:\/\/cinemaorion.fi\/#organization","name":"Cinema Orion","url":"https:\/\/cinemaorion.fi\/","logo":{"@type":"ImageObject","inLanguage":"en-GB","@id":"https:\/\/cinemaorion.fi\/#\/schema\/logo\/image\/","url":"https:\/\/cinemaorion.fi\/wp-content\/uploads\/2021\/03\/logo-cinemaorion-elke-ry.png","contentUrl":"https:\/\/cinemaorion.fi\/wp-content\/uploads\/2021\/03\/logo-cinemaorion-elke-ry.png","width":1300,"height":278,"caption":"Cinema Orion"},"image":{"@id":"https:\/\/cinemaorion.fi\/#\/schema\/logo\/image\/"},"sameAs":["https:\/\/www.facebook.com\/cinemaorion","https:\/\/x.com\/cinemaorion","https:\/\/www.instagram.com\/cinemaorion\/","https:\/\/twitter.com\/cinemaorion"]}]}},"_links":{"self":[{"href":"https:\/\/cinemaorion.fi\/en\/wp-json\/wp\/v2\/pages\/14","targetHints":{"allow":["GET"]}}],"collection":[{"href":"https:\/\/cinemaorion.fi\/en\/wp-json\/wp\/v2\/pages"}],"about":[{"href":"https:\/\/cinemaorion.fi\/en\/wp-json\/wp\/v2\/types\/page"}],"author":[{"embeddable":true,"href":"https:\/\/cinemaorion.fi\/en\/wp-json\/wp\/v2\/users\/27"}],"replies":[{"embeddable":true,"href":"https:\/\/cinemaorion.fi\/en\/wp-json\/wp\/v2\/comments?post=14"}],"version-history":[{"count":20,"href":"https:\/\/cinemaorion.fi\/en\/wp-json\/wp\/v2\/pages\/14\/revisions"}],"predecessor-version":[{"id":29626,"href":"https:\/\/cinemaorion.fi\/en\/wp-json\/wp\/v2\/pages\/14\/revisions\/29626"}],"wp:attachment":[{"href":"https:\/\/cinemaorion.fi\/en\/wp-json\/wp\/v2\/media?parent=14"}],"curies":[{"name":"wp","href":"https:\/\/api.w.org\/{rel}","templated":true}]}}