{"id":123,"date":"2019-02-13T12:20:18","date_gmt":"2019-02-13T12:20:18","guid":{"rendered":"https:\/\/cinemaorion.fi\/dev\/?page_id=123"},"modified":"2019-06-06T13:54:18","modified_gmt":"2019-06-06T13:54:18","slug":"tietoa-evasteista","status":"publish","type":"page","link":"https:\/\/cinemaorion.fi\/en\/tietoa-evasteista\/","title":{"rendered":"Tietoa ev\u00e4steist\u00e4"},"content":{"rendered":"<h3 class=\"wp-block-heading\">Ev\u00e4steet<\/h3>\n\n\n\n<p>K\u00e4yt\u00e4mme sivustollamme ev\u00e4steit\u00e4 kehitt\u00e4\u00e4ksemme sen k\u00e4ytt\u00f6kokemusta ja tarjotaksemme k\u00e4ytt\u00e4jille kiinnostavaa sis\u00e4lt\u00f6\u00e4. K\u00e4ytt\u00e4m\u00e4ll\u00e4 palvelua hyv\u00e4ksyt ev\u00e4steiden k\u00e4yt\u00f6n.<\/p>\n\n\n\n<p>Ev\u00e4steet tallentavat tietoa verkkosivun k\u00e4yt\u00f6st\u00e4. K\u00e4ytt\u00e4j\u00e4t tunnistetaan ja lasketaan anonyymisti eik\u00e4 k\u00e4ytt\u00e4j\u00e4\u00e4 voida tai pyrit\u00e4 tunnistamaan ev\u00e4steiden avulla. Ev\u00e4steiden k\u00e4yt\u00f6n tavoitteena on k\u00e4ytt\u00f6kokemuksen parantaminen.<\/p>\n\n\n\n<h3 class=\"wp-block-heading\">Lis\u00e4tietoa<\/h3>\n\n\n\n<p>Jos haluat lis\u00e4tietoa tietosuojak\u00e4yt\u00e4nn\u00f6st\u00e4 ja tallentamiemme tietojen tyypist\u00e4 tai jos haluat meid\u00e4n poistavan kaikki tiedot sinusta, ota meihin\u00a0<a href=\"https:\/\/cinemaorion.fi\/en\/dev\/info\/\">yhteytt\u00e4<\/a>.<\/p>","protected":false},"excerpt":{"rendered":"<p>Ev\u00e4steet K\u00e4yt\u00e4mme sivustollamme ev\u00e4steit\u00e4 kehitt\u00e4\u00e4ksemme sen k\u00e4ytt\u00f6kokemusta ja tarjotaksemme k\u00e4ytt\u00e4jille kiinnostavaa sis\u00e4lt\u00f6\u00e4. K\u00e4ytt\u00e4m\u00e4ll\u00e4 palvelua hyv\u00e4ksyt ev\u00e4steiden k\u00e4yt\u00f6n. Ev\u00e4steet tallentavat tietoa verkkosivun k\u00e4yt\u00f6st\u00e4. K\u00e4ytt\u00e4j\u00e4t tunnistetaan ja lasketaan anonyymisti eik\u00e4 k\u00e4ytt\u00e4j\u00e4\u00e4 voida tai pyrit\u00e4 tunnistamaan ev\u00e4steiden avulla. Ev\u00e4steiden k\u00e4yt\u00f6n tavoitteena on k\u00e4ytt\u00f6kokemuksen parantaminen. Lis\u00e4tietoa Jos haluat lis\u00e4tietoa tietosuojak\u00e4yt\u00e4nn\u00f6st\u00e4 ja tallentamiemme tietojen tyypist\u00e4 tai jos haluat meid\u00e4n poistavan [&hellip;]<\/p>\n","protected":false},"author":27,"featured_media":0,"parent":0,"menu_order":10,"comment_status":"closed","ping_status":"closed","template":"","meta":{"_acf_changed":false,"footnotes":""},"class_list":["post-123","page","type-page","status-publish","hentry"],"acf":[],"yoast_head":"<!-- This site is optimized with the Yoast SEO plugin v27.3 - https:\/\/yoast.com\/product\/yoast-seo-wordpress\/ -->\n<title>Tietoa ev\u00e4steist\u00e4 - Cinema Orion<\/title>\n<meta name=\"description\" content=\"Ev\u00e4steetK\u00e4yt\u00e4mme sivustollamme ev\u00e4steit\u00e4 kehitt\u00e4\u00e4ksemme sen k\u00e4ytt\u00f6kokemusta ja tarjotaksemme k\u00e4ytt\u00e4jille kiinnostavaa sis\u00e4lt\u00f6\u00e4. K\u00e4ytt\u00e4m\u00e4ll\u00e4 palvelua hyv\u00e4ksyt ev\u00e4steiden k\u00e4yt\u00f6n.Ev\u00e4steet tallentavat tietoa verkkosivun k\u00e4yt\u00f6st\u00e4. K\u00e4ytt\u00e4j\u00e4t tunnistetaan ja lasketaan anonyymisti eik\u00e4 k\u00e4ytt\u00e4j\u00e4\u00e4 voida tai pyrit\u00e4 tunnistamaan ev\u00e4steiden avulla. Ev\u00e4steiden k\u00e4yt\u00f6n tavoitteena on k\u00e4ytt\u00f6kokemuksen parantaminen.Lis\u00e4tietoaJos haluat lis\u00e4tietoa tietosuojak\u00e4yt\u00e4nn\u00f6st\u00e4 ja tallentamiemme tietojen tyypist\u00e4 tai jos haluat meid\u00e4n poistavan kaikki tiedot sinusta, ota meihin\u00a0yhteytt\u00e4.\" \/>\n<meta name=\"robots\" content=\"index, follow, max-snippet:-1, max-image-preview:large, max-video-preview:-1\" \/>\n<link rel=\"canonical\" href=\"https:\/\/cinemaorion.fi\/en\/tietoa-evasteista\/\" \/>\n<meta property=\"og:locale\" content=\"en_GB\" \/>\n<meta property=\"og:type\" content=\"article\" \/>\n<meta property=\"og:title\" content=\"Tietoa ev\u00e4steist\u00e4 - Cinema Orion\" \/>\n<meta property=\"og:description\" content=\"Ev\u00e4steetK\u00e4yt\u00e4mme sivustollamme ev\u00e4steit\u00e4 kehitt\u00e4\u00e4ksemme sen k\u00e4ytt\u00f6kokemusta ja tarjotaksemme k\u00e4ytt\u00e4jille kiinnostavaa sis\u00e4lt\u00f6\u00e4. K\u00e4ytt\u00e4m\u00e4ll\u00e4 palvelua hyv\u00e4ksyt ev\u00e4steiden k\u00e4yt\u00f6n.Ev\u00e4steet tallentavat tietoa verkkosivun k\u00e4yt\u00f6st\u00e4. K\u00e4ytt\u00e4j\u00e4t tunnistetaan ja lasketaan anonyymisti eik\u00e4 k\u00e4ytt\u00e4j\u00e4\u00e4 voida tai pyrit\u00e4 tunnistamaan ev\u00e4steiden avulla. Ev\u00e4steiden k\u00e4yt\u00f6n tavoitteena on k\u00e4ytt\u00f6kokemuksen parantaminen.Lis\u00e4tietoaJos haluat lis\u00e4tietoa tietosuojak\u00e4yt\u00e4nn\u00f6st\u00e4 ja tallentamiemme tietojen tyypist\u00e4 tai jos haluat meid\u00e4n poistavan kaikki tiedot sinusta, ota meihin\u00a0yhteytt\u00e4.\" \/>\n<meta property=\"og:url\" content=\"https:\/\/cinemaorion.fi\/en\/tietoa-evasteista\/\" \/>\n<meta property=\"og:site_name\" content=\"Cinema Orion\" \/>\n<meta property=\"article:publisher\" content=\"https:\/\/www.facebook.com\/cinemaorion\" \/>\n<meta property=\"article:modified_time\" content=\"2019-06-06T13:54:18+00:00\" \/>\n<meta property=\"og:image\" content=\"https:\/\/cinemaorion.fi\/wp-content\/uploads\/2021\/03\/Cinemaorion-fi-og-image-1600.jpg\" \/>\n\t<meta property=\"og:image:width\" content=\"1600\" \/>\n\t<meta property=\"og:image:height\" content=\"900\" \/>\n\t<meta property=\"og:image:type\" content=\"image\/jpeg\" \/>\n<meta name=\"twitter:card\" content=\"summary_large_image\" \/>\n<meta name=\"twitter:site\" content=\"@cinemaorion\" \/>\n<script type=\"application\/ld+json\" class=\"yoast-schema-graph\">{\"@context\":\"https:\\\/\\\/schema.org\",\"@graph\":[{\"@type\":\"WebPage\",\"@id\":\"https:\\\/\\\/cinemaorion.fi\\\/tietoa-evasteista\\\/\",\"url\":\"https:\\\/\\\/cinemaorion.fi\\\/tietoa-evasteista\\\/\",\"name\":\"Tietoa ev\u00e4steist\u00e4 - Cinema Orion\",\"isPartOf\":{\"@id\":\"https:\\\/\\\/cinemaorion.fi\\\/#website\"},\"datePublished\":\"2019-02-13T12:20:18+00:00\",\"dateModified\":\"2019-06-06T13:54:18+00:00\",\"description\":\"Ev\u00e4steetK\u00e4yt\u00e4mme sivustollamme ev\u00e4steit\u00e4 kehitt\u00e4\u00e4ksemme sen k\u00e4ytt\u00f6kokemusta ja tarjotaksemme k\u00e4ytt\u00e4jille kiinnostavaa sis\u00e4lt\u00f6\u00e4. K\u00e4ytt\u00e4m\u00e4ll\u00e4 palvelua hyv\u00e4ksyt ev\u00e4steiden k\u00e4yt\u00f6n.Ev\u00e4steet tallentavat tietoa verkkosivun k\u00e4yt\u00f6st\u00e4. K\u00e4ytt\u00e4j\u00e4t tunnistetaan ja lasketaan anonyymisti eik\u00e4 k\u00e4ytt\u00e4j\u00e4\u00e4 voida tai pyrit\u00e4 tunnistamaan ev\u00e4steiden avulla. Ev\u00e4steiden k\u00e4yt\u00f6n tavoitteena on k\u00e4ytt\u00f6kokemuksen parantaminen.Lis\u00e4tietoaJos haluat lis\u00e4tietoa tietosuojak\u00e4yt\u00e4nn\u00f6st\u00e4 ja tallentamiemme tietojen tyypist\u00e4 tai jos haluat meid\u00e4n poistavan kaikki tiedot sinusta, ota meihin\u00a0yhteytt\u00e4.\",\"breadcrumb\":{\"@id\":\"https:\\\/\\\/cinemaorion.fi\\\/tietoa-evasteista\\\/#breadcrumb\"},\"inLanguage\":\"en-GB\",\"potentialAction\":[{\"@type\":\"ReadAction\",\"target\":[\"https:\\\/\\\/cinemaorion.fi\\\/tietoa-evasteista\\\/\"]}]},{\"@type\":\"BreadcrumbList\",\"@id\":\"https:\\\/\\\/cinemaorion.fi\\\/tietoa-evasteista\\\/#breadcrumb\",\"itemListElement\":[{\"@type\":\"ListItem\",\"position\":1,\"name\":\"Home\",\"item\":\"https:\\\/\\\/cinemaorion.fi\\\/\"},{\"@type\":\"ListItem\",\"position\":2,\"name\":\"Tietoa ev\u00e4steist\u00e4\"}]},{\"@type\":\"WebSite\",\"@id\":\"https:\\\/\\\/cinemaorion.fi\\\/#website\",\"url\":\"https:\\\/\\\/cinemaorion.fi\\\/\",\"name\":\"Cinema Orion\",\"description\":\"Cinema Orion tagline\",\"publisher\":{\"@id\":\"https:\\\/\\\/cinemaorion.fi\\\/#organization\"},\"alternateName\":\"Elokuvateatteri Orion\",\"potentialAction\":[{\"@type\":\"SearchAction\",\"target\":{\"@type\":\"EntryPoint\",\"urlTemplate\":\"https:\\\/\\\/cinemaorion.fi\\\/?s={search_term_string}\"},\"query-input\":{\"@type\":\"PropertyValueSpecification\",\"valueRequired\":true,\"valueName\":\"search_term_string\"}}],\"inLanguage\":\"en-GB\"},{\"@type\":\"Organization\",\"@id\":\"https:\\\/\\\/cinemaorion.fi\\\/#organization\",\"name\":\"Cinema Orion\",\"url\":\"https:\\\/\\\/cinemaorion.fi\\\/\",\"logo\":{\"@type\":\"ImageObject\",\"inLanguage\":\"en-GB\",\"@id\":\"https:\\\/\\\/cinemaorion.fi\\\/#\\\/schema\\\/logo\\\/image\\\/\",\"url\":\"https:\\\/\\\/cinemaorion.fi\\\/wp-content\\\/uploads\\\/2021\\\/03\\\/logo-cinemaorion-elke-ry.png\",\"contentUrl\":\"https:\\\/\\\/cinemaorion.fi\\\/wp-content\\\/uploads\\\/2021\\\/03\\\/logo-cinemaorion-elke-ry.png\",\"width\":1300,\"height\":278,\"caption\":\"Cinema Orion\"},\"image\":{\"@id\":\"https:\\\/\\\/cinemaorion.fi\\\/#\\\/schema\\\/logo\\\/image\\\/\"},\"sameAs\":[\"https:\\\/\\\/www.facebook.com\\\/cinemaorion\",\"https:\\\/\\\/x.com\\\/cinemaorion\",\"https:\\\/\\\/www.instagram.com\\\/cinemaorion\\\/\",\"https:\\\/\\\/twitter.com\\\/cinemaorion\"]}]}<\/script>\n<!-- \/ Yoast SEO plugin. -->","yoast_head_json":{"title":"Tietoa ev\u00e4steist\u00e4 - Cinema Orion","description":"Ev\u00e4steetK\u00e4yt\u00e4mme sivustollamme ev\u00e4steit\u00e4 kehitt\u00e4\u00e4ksemme sen k\u00e4ytt\u00f6kokemusta ja tarjotaksemme k\u00e4ytt\u00e4jille kiinnostavaa sis\u00e4lt\u00f6\u00e4. K\u00e4ytt\u00e4m\u00e4ll\u00e4 palvelua hyv\u00e4ksyt ev\u00e4steiden k\u00e4yt\u00f6n.Ev\u00e4steet tallentavat tietoa verkkosivun k\u00e4yt\u00f6st\u00e4. K\u00e4ytt\u00e4j\u00e4t tunnistetaan ja lasketaan anonyymisti eik\u00e4 k\u00e4ytt\u00e4j\u00e4\u00e4 voida tai pyrit\u00e4 tunnistamaan ev\u00e4steiden avulla. Ev\u00e4steiden k\u00e4yt\u00f6n tavoitteena on k\u00e4ytt\u00f6kokemuksen parantaminen.Lis\u00e4tietoaJos haluat lis\u00e4tietoa tietosuojak\u00e4yt\u00e4nn\u00f6st\u00e4 ja tallentamiemme tietojen tyypist\u00e4 tai jos haluat meid\u00e4n poistavan kaikki tiedot sinusta, ota meihin\u00a0yhteytt\u00e4.","robots":{"index":"index","follow":"follow","max-snippet":"max-snippet:-1","max-image-preview":"max-image-preview:large","max-video-preview":"max-video-preview:-1"},"canonical":"https:\/\/cinemaorion.fi\/en\/tietoa-evasteista\/","og_locale":"en_GB","og_type":"article","og_title":"Tietoa ev\u00e4steist\u00e4 - Cinema Orion","og_description":"Ev\u00e4steetK\u00e4yt\u00e4mme sivustollamme ev\u00e4steit\u00e4 kehitt\u00e4\u00e4ksemme sen k\u00e4ytt\u00f6kokemusta ja tarjotaksemme k\u00e4ytt\u00e4jille kiinnostavaa sis\u00e4lt\u00f6\u00e4. K\u00e4ytt\u00e4m\u00e4ll\u00e4 palvelua hyv\u00e4ksyt ev\u00e4steiden k\u00e4yt\u00f6n.Ev\u00e4steet tallentavat tietoa verkkosivun k\u00e4yt\u00f6st\u00e4. K\u00e4ytt\u00e4j\u00e4t tunnistetaan ja lasketaan anonyymisti eik\u00e4 k\u00e4ytt\u00e4j\u00e4\u00e4 voida tai pyrit\u00e4 tunnistamaan ev\u00e4steiden avulla. Ev\u00e4steiden k\u00e4yt\u00f6n tavoitteena on k\u00e4ytt\u00f6kokemuksen parantaminen.Lis\u00e4tietoaJos haluat lis\u00e4tietoa tietosuojak\u00e4yt\u00e4nn\u00f6st\u00e4 ja tallentamiemme tietojen tyypist\u00e4 tai jos haluat meid\u00e4n poistavan kaikki tiedot sinusta, ota meihin\u00a0yhteytt\u00e4.","og_url":"https:\/\/cinemaorion.fi\/en\/tietoa-evasteista\/","og_site_name":"Cinema Orion","article_publisher":"https:\/\/www.facebook.com\/cinemaorion","article_modified_time":"2019-06-06T13:54:18+00:00","og_image":[{"width":1600,"height":900,"url":"https:\/\/cinemaorion.fi\/wp-content\/uploads\/2021\/03\/Cinemaorion-fi-og-image-1600.jpg","type":"image\/jpeg"}],"twitter_card":"summary_large_image","twitter_site":"@cinemaorion","schema":{"@context":"https:\/\/schema.org","@graph":[{"@type":"WebPage","@id":"https:\/\/cinemaorion.fi\/tietoa-evasteista\/","url":"https:\/\/cinemaorion.fi\/tietoa-evasteista\/","name":"Tietoa ev\u00e4steist\u00e4 - Cinema Orion","isPartOf":{"@id":"https:\/\/cinemaorion.fi\/#website"},"datePublished":"2019-02-13T12:20:18+00:00","dateModified":"2019-06-06T13:54:18+00:00","description":"Ev\u00e4steetK\u00e4yt\u00e4mme sivustollamme ev\u00e4steit\u00e4 kehitt\u00e4\u00e4ksemme sen k\u00e4ytt\u00f6kokemusta ja tarjotaksemme k\u00e4ytt\u00e4jille kiinnostavaa sis\u00e4lt\u00f6\u00e4. K\u00e4ytt\u00e4m\u00e4ll\u00e4 palvelua hyv\u00e4ksyt ev\u00e4steiden k\u00e4yt\u00f6n.Ev\u00e4steet tallentavat tietoa verkkosivun k\u00e4yt\u00f6st\u00e4. K\u00e4ytt\u00e4j\u00e4t tunnistetaan ja lasketaan anonyymisti eik\u00e4 k\u00e4ytt\u00e4j\u00e4\u00e4 voida tai pyrit\u00e4 tunnistamaan ev\u00e4steiden avulla. Ev\u00e4steiden k\u00e4yt\u00f6n tavoitteena on k\u00e4ytt\u00f6kokemuksen parantaminen.Lis\u00e4tietoaJos haluat lis\u00e4tietoa tietosuojak\u00e4yt\u00e4nn\u00f6st\u00e4 ja tallentamiemme tietojen tyypist\u00e4 tai jos haluat meid\u00e4n poistavan kaikki tiedot sinusta, ota meihin\u00a0yhteytt\u00e4.","breadcrumb":{"@id":"https:\/\/cinemaorion.fi\/tietoa-evasteista\/#breadcrumb"},"inLanguage":"en-GB","potentialAction":[{"@type":"ReadAction","target":["https:\/\/cinemaorion.fi\/tietoa-evasteista\/"]}]},{"@type":"BreadcrumbList","@id":"https:\/\/cinemaorion.fi\/tietoa-evasteista\/#breadcrumb","itemListElement":[{"@type":"ListItem","position":1,"name":"Home","item":"https:\/\/cinemaorion.fi\/"},{"@type":"ListItem","position":2,"name":"Tietoa ev\u00e4steist\u00e4"}]},{"@type":"WebSite","@id":"https:\/\/cinemaorion.fi\/#website","url":"https:\/\/cinemaorion.fi\/","name":"Cinema Orion","description":"Cinema Orion tagline","publisher":{"@id":"https:\/\/cinemaorion.fi\/#organization"},"alternateName":"Elokuvateatteri Orion","potentialAction":[{"@type":"SearchAction","target":{"@type":"EntryPoint","urlTemplate":"https:\/\/cinemaorion.fi\/?s={search_term_string}"},"query-input":{"@type":"PropertyValueSpecification","valueRequired":true,"valueName":"search_term_string"}}],"inLanguage":"en-GB"},{"@type":"Organization","@id":"https:\/\/cinemaorion.fi\/#organization","name":"Cinema Orion","url":"https:\/\/cinemaorion.fi\/","logo":{"@type":"ImageObject","inLanguage":"en-GB","@id":"https:\/\/cinemaorion.fi\/#\/schema\/logo\/image\/","url":"https:\/\/cinemaorion.fi\/wp-content\/uploads\/2021\/03\/logo-cinemaorion-elke-ry.png","contentUrl":"https:\/\/cinemaorion.fi\/wp-content\/uploads\/2021\/03\/logo-cinemaorion-elke-ry.png","width":1300,"height":278,"caption":"Cinema Orion"},"image":{"@id":"https:\/\/cinemaorion.fi\/#\/schema\/logo\/image\/"},"sameAs":["https:\/\/www.facebook.com\/cinemaorion","https:\/\/x.com\/cinemaorion","https:\/\/www.instagram.com\/cinemaorion\/","https:\/\/twitter.com\/cinemaorion"]}]}},"_links":{"self":[{"href":"https:\/\/cinemaorion.fi\/en\/wp-json\/wp\/v2\/pages\/123","targetHints":{"allow":["GET"]}}],"collection":[{"href":"https:\/\/cinemaorion.fi\/en\/wp-json\/wp\/v2\/pages"}],"about":[{"href":"https:\/\/cinemaorion.fi\/en\/wp-json\/wp\/v2\/types\/page"}],"author":[{"embeddable":true,"href":"https:\/\/cinemaorion.fi\/en\/wp-json\/wp\/v2\/users\/27"}],"replies":[{"embeddable":true,"href":"https:\/\/cinemaorion.fi\/en\/wp-json\/wp\/v2\/comments?post=123"}],"version-history":[{"count":2,"href":"https:\/\/cinemaorion.fi\/en\/wp-json\/wp\/v2\/pages\/123\/revisions"}],"predecessor-version":[{"id":404,"href":"https:\/\/cinemaorion.fi\/en\/wp-json\/wp\/v2\/pages\/123\/revisions\/404"}],"wp:attachment":[{"href":"https:\/\/cinemaorion.fi\/en\/wp-json\/wp\/v2\/media?parent=123"}],"curies":[{"name":"wp","href":"https:\/\/api.w.org\/{rel}","templated":true}]}}