{"id":12002,"date":"2021-05-06T12:20:46","date_gmt":"2021-05-06T12:20:46","guid":{"rendered":"https:\/\/cinemaorion.fi\/?page_id=12002"},"modified":"2024-08-29T11:13:02","modified_gmt":"2024-08-29T11:13:02","slug":"yhteys","status":"publish","type":"page","link":"https:\/\/cinemaorion.fi\/en\/elavan-kuvan-keskus-elke-ry\/yhteys\/","title":{"rendered":"Contact info"},"content":{"rendered":"<p><\/p>\n\n\n\n<h5 class=\"wp-block-heading\">Contact info<\/h5>\n\n\n\n<p>Leena N\u00e4rekangas<br>Toiminnanjohtaja<br>puh. 050 377 0058<br>leena @ cinemaorion.fi<br><br>Jouko Aaltonen<br>Hallituksen puheenjohtaja<br>elke.puheenjohtaja @ gmail.com<\/p>\n\n\n\n<h5 class=\"wp-block-heading\">Postiosoite<\/h5>\n\n\n\n<p>El\u00e4v\u00e4n kuvan keskus ELKE ry<br>Fredrikinkatu 29 A 3<br>00120 Helsinki<\/p>\n\n\n\n<h5 class=\"wp-block-heading\">Invoicing info<\/h5>\n\n\n\n<p>Y-tunnus: 2806976-3<br><br>Verkkolaskuosoite ja OVT-tunnus 003728069763, operaattori Apix Messaging Oy (003723327487)<br><br>El\u00e4v\u00e4n kuvan keskus ELKE ry:n s\u00e4hk\u00f6postiskannauksen osoite: <br>\u00a0003728069763@procountor.apix.fi. Mik\u00e4li l\u00e4het\u00e4t useamman pdf-laskun samassa s\u00e4hk\u00f6postitse, l\u00e4het\u00e4th\u00e4n jokaisen laskun omana tiedostoliitteen\u00e4.<\/p>","protected":false},"excerpt":{"rendered":"<p>Yhteystiedot Leena N\u00e4rekangasToiminnanjohtajapuh. 050 377 0058leena @ cinemaorion.fi Jouko AaltonenHallituksen puheenjohtajaelke.puheenjohtaja @ gmail.com Postiosoite El\u00e4v\u00e4n kuvan keskus ELKE ryFredrikinkatu 29 A 300120 Helsinki Laskutustiedot Y-tunnus: 2806976-3 Verkkolaskuosoite ja OVT-tunnus 003728069763, operaattori Apix Messaging Oy (003723327487) El\u00e4v\u00e4n kuvan keskus ELKE ry:n s\u00e4hk\u00f6postiskannauksen osoite: \u00a0003728069763@procountor.apix.fi. Mik\u00e4li l\u00e4het\u00e4t useamman pdf-laskun samassa s\u00e4hk\u00f6postitse, l\u00e4het\u00e4th\u00e4n jokaisen laskun omana tiedostoliitteen\u00e4.<\/p>","protected":false},"author":3,"featured_media":0,"parent":690,"menu_order":0,"comment_status":"closed","ping_status":"closed","template":"page-elke.php","meta":{"_acf_changed":false,"footnotes":""},"class_list":["post-12002","page","type-page","status-publish","hentry"],"acf":[],"yoast_head":"<!-- This site is optimized with the Yoast SEO plugin v27.3 - https:\/\/yoast.com\/product\/yoast-seo-wordpress\/ -->\n<title>Yhteystiedot - Cinema Orion<\/title>\n<meta name=\"description\" content=\"YhteystiedotLeena N\u00e4rekangasToiminnanjohtajapuh. 050 377 0058leena @ cinemaorion.fiJouko AaltonenHallituksen puheenjohtajaelke.puheenjohtaja @ gmail.comPostiosoiteEl\u00e4v\u00e4n kuvan keskus ELKE ryFredrikinkatu 29 A 300120 HelsinkiLaskutustiedotY-tunnus: 2806976-3Verkkolaskuosoite ja OVT-tunnus 003728069763, operaattori Apix Messaging Oy (003723327487)El\u00e4v\u00e4n kuvan keskus ELKE ry:n s\u00e4hk\u00f6postiskannauksen osoite: \u00a0003728069763@procountor.apix.fi. Mik\u00e4li l\u00e4het\u00e4t useamman pdf-laskun samassa s\u00e4hk\u00f6postitse, l\u00e4het\u00e4th\u00e4n jokaisen laskun omana tiedostoliitteen\u00e4.\" \/>\n<meta name=\"robots\" content=\"index, follow, max-snippet:-1, max-image-preview:large, max-video-preview:-1\" \/>\n<link rel=\"canonical\" href=\"https:\/\/cinemaorion.fi\/en\/elavan-kuvan-keskus-elke-ry\/yhteys\/\" \/>\n<meta property=\"og:locale\" content=\"en_GB\" \/>\n<meta property=\"og:type\" content=\"article\" \/>\n<meta property=\"og:title\" content=\"Yhteystiedot - Cinema Orion\" \/>\n<meta property=\"og:description\" content=\"YhteystiedotLeena N\u00e4rekangasToiminnanjohtajapuh. 050 377 0058leena @ cinemaorion.fiJouko AaltonenHallituksen puheenjohtajaelke.puheenjohtaja @ gmail.comPostiosoiteEl\u00e4v\u00e4n kuvan keskus ELKE ryFredrikinkatu 29 A 300120 HelsinkiLaskutustiedotY-tunnus: 2806976-3Verkkolaskuosoite ja OVT-tunnus 003728069763, operaattori Apix Messaging Oy (003723327487)El\u00e4v\u00e4n kuvan keskus ELKE ry:n s\u00e4hk\u00f6postiskannauksen osoite: \u00a0003728069763@procountor.apix.fi. Mik\u00e4li l\u00e4het\u00e4t useamman pdf-laskun samassa s\u00e4hk\u00f6postitse, l\u00e4het\u00e4th\u00e4n jokaisen laskun omana tiedostoliitteen\u00e4.\" \/>\n<meta property=\"og:url\" content=\"https:\/\/cinemaorion.fi\/en\/elavan-kuvan-keskus-elke-ry\/yhteys\/\" \/>\n<meta property=\"og:site_name\" content=\"Cinema Orion\" \/>\n<meta property=\"article:publisher\" content=\"https:\/\/www.facebook.com\/cinemaorion\" \/>\n<meta property=\"article:modified_time\" content=\"2024-08-29T11:13:02+00:00\" \/>\n<meta property=\"og:image\" content=\"https:\/\/cinemaorion.fi\/wp-content\/uploads\/2021\/03\/Cinemaorion-fi-og-image-1600.jpg\" \/>\n\t<meta property=\"og:image:width\" content=\"1600\" \/>\n\t<meta property=\"og:image:height\" content=\"900\" \/>\n\t<meta property=\"og:image:type\" content=\"image\/jpeg\" \/>\n<meta name=\"twitter:card\" content=\"summary_large_image\" \/>\n<meta name=\"twitter:site\" content=\"@cinemaorion\" \/>\n<meta name=\"twitter:label1\" content=\"Estimated reading time\" \/>\n\t<meta name=\"twitter:data1\" content=\"1 minute\" \/>\n<script type=\"application\/ld+json\" class=\"yoast-schema-graph\">{\"@context\":\"https:\\\/\\\/schema.org\",\"@graph\":[{\"@type\":\"WebPage\",\"@id\":\"https:\\\/\\\/cinemaorion.fi\\\/elavan-kuvan-keskus-elke-ry\\\/yhteys\\\/\",\"url\":\"https:\\\/\\\/cinemaorion.fi\\\/elavan-kuvan-keskus-elke-ry\\\/yhteys\\\/\",\"name\":\"Yhteystiedot - Cinema Orion\",\"isPartOf\":{\"@id\":\"https:\\\/\\\/cinemaorion.fi\\\/#website\"},\"datePublished\":\"2021-05-06T12:20:46+00:00\",\"dateModified\":\"2024-08-29T11:13:02+00:00\",\"description\":\"YhteystiedotLeena N\u00e4rekangasToiminnanjohtajapuh. 050 377 0058leena @ cinemaorion.fiJouko AaltonenHallituksen puheenjohtajaelke.puheenjohtaja @ gmail.comPostiosoiteEl\u00e4v\u00e4n kuvan keskus ELKE ryFredrikinkatu 29 A 300120 HelsinkiLaskutustiedotY-tunnus: 2806976-3Verkkolaskuosoite ja OVT-tunnus 003728069763, operaattori Apix Messaging Oy (003723327487)El\u00e4v\u00e4n kuvan keskus ELKE ry:n s\u00e4hk\u00f6postiskannauksen osoite: \u00a0003728069763@procountor.apix.fi. Mik\u00e4li l\u00e4het\u00e4t useamman pdf-laskun samassa s\u00e4hk\u00f6postitse, l\u00e4het\u00e4th\u00e4n jokaisen laskun omana tiedostoliitteen\u00e4.\",\"breadcrumb\":{\"@id\":\"https:\\\/\\\/cinemaorion.fi\\\/elavan-kuvan-keskus-elke-ry\\\/yhteys\\\/#breadcrumb\"},\"inLanguage\":\"en-GB\",\"potentialAction\":[{\"@type\":\"ReadAction\",\"target\":[\"https:\\\/\\\/cinemaorion.fi\\\/elavan-kuvan-keskus-elke-ry\\\/yhteys\\\/\"]}]},{\"@type\":\"BreadcrumbList\",\"@id\":\"https:\\\/\\\/cinemaorion.fi\\\/elavan-kuvan-keskus-elke-ry\\\/yhteys\\\/#breadcrumb\",\"itemListElement\":[{\"@type\":\"ListItem\",\"position\":1,\"name\":\"Home\",\"item\":\"https:\\\/\\\/cinemaorion.fi\\\/\"},{\"@type\":\"ListItem\",\"position\":2,\"name\":\"El\u00e4v\u00e4n kuvan keskus ELKE ry\",\"item\":\"https:\\\/\\\/cinemaorion.fi\\\/elavan-kuvan-keskus-elke-ry\\\/\"},{\"@type\":\"ListItem\",\"position\":3,\"name\":\"Yhteystiedot\"}]},{\"@type\":\"WebSite\",\"@id\":\"https:\\\/\\\/cinemaorion.fi\\\/#website\",\"url\":\"https:\\\/\\\/cinemaorion.fi\\\/\",\"name\":\"Cinema Orion\",\"description\":\"Cinema Orion tagline\",\"publisher\":{\"@id\":\"https:\\\/\\\/cinemaorion.fi\\\/#organization\"},\"alternateName\":\"Elokuvateatteri Orion\",\"potentialAction\":[{\"@type\":\"SearchAction\",\"target\":{\"@type\":\"EntryPoint\",\"urlTemplate\":\"https:\\\/\\\/cinemaorion.fi\\\/?s={search_term_string}\"},\"query-input\":{\"@type\":\"PropertyValueSpecification\",\"valueRequired\":true,\"valueName\":\"search_term_string\"}}],\"inLanguage\":\"en-GB\"},{\"@type\":\"Organization\",\"@id\":\"https:\\\/\\\/cinemaorion.fi\\\/#organization\",\"name\":\"Cinema Orion\",\"url\":\"https:\\\/\\\/cinemaorion.fi\\\/\",\"logo\":{\"@type\":\"ImageObject\",\"inLanguage\":\"en-GB\",\"@id\":\"https:\\\/\\\/cinemaorion.fi\\\/#\\\/schema\\\/logo\\\/image\\\/\",\"url\":\"https:\\\/\\\/cinemaorion.fi\\\/wp-content\\\/uploads\\\/2021\\\/03\\\/logo-cinemaorion-elke-ry.png\",\"contentUrl\":\"https:\\\/\\\/cinemaorion.fi\\\/wp-content\\\/uploads\\\/2021\\\/03\\\/logo-cinemaorion-elke-ry.png\",\"width\":1300,\"height\":278,\"caption\":\"Cinema Orion\"},\"image\":{\"@id\":\"https:\\\/\\\/cinemaorion.fi\\\/#\\\/schema\\\/logo\\\/image\\\/\"},\"sameAs\":[\"https:\\\/\\\/www.facebook.com\\\/cinemaorion\",\"https:\\\/\\\/x.com\\\/cinemaorion\",\"https:\\\/\\\/www.instagram.com\\\/cinemaorion\\\/\",\"https:\\\/\\\/twitter.com\\\/cinemaorion\"]}]}<\/script>\n<!-- \/ Yoast SEO plugin. -->","yoast_head_json":{"title":"Yhteystiedot - Cinema Orion","description":"YhteystiedotLeena N\u00e4rekangasToiminnanjohtajapuh. 050 377 0058leena @ cinemaorion.fiJouko AaltonenHallituksen puheenjohtajaelke.puheenjohtaja @ gmail.comPostiosoiteEl\u00e4v\u00e4n kuvan keskus ELKE ryFredrikinkatu 29 A 300120 HelsinkiLaskutustiedotY-tunnus: 2806976-3Verkkolaskuosoite ja OVT-tunnus 003728069763, operaattori Apix Messaging Oy (003723327487)El\u00e4v\u00e4n kuvan keskus ELKE ry:n s\u00e4hk\u00f6postiskannauksen osoite: \u00a0003728069763@procountor.apix.fi. Mik\u00e4li l\u00e4het\u00e4t useamman pdf-laskun samassa s\u00e4hk\u00f6postitse, l\u00e4het\u00e4th\u00e4n jokaisen laskun omana tiedostoliitteen\u00e4.","robots":{"index":"index","follow":"follow","max-snippet":"max-snippet:-1","max-image-preview":"max-image-preview:large","max-video-preview":"max-video-preview:-1"},"canonical":"https:\/\/cinemaorion.fi\/en\/elavan-kuvan-keskus-elke-ry\/yhteys\/","og_locale":"en_GB","og_type":"article","og_title":"Yhteystiedot - Cinema Orion","og_description":"YhteystiedotLeena N\u00e4rekangasToiminnanjohtajapuh. 050 377 0058leena @ cinemaorion.fiJouko AaltonenHallituksen puheenjohtajaelke.puheenjohtaja @ gmail.comPostiosoiteEl\u00e4v\u00e4n kuvan keskus ELKE ryFredrikinkatu 29 A 300120 HelsinkiLaskutustiedotY-tunnus: 2806976-3Verkkolaskuosoite ja OVT-tunnus 003728069763, operaattori Apix Messaging Oy (003723327487)El\u00e4v\u00e4n kuvan keskus ELKE ry:n s\u00e4hk\u00f6postiskannauksen osoite: \u00a0003728069763@procountor.apix.fi. Mik\u00e4li l\u00e4het\u00e4t useamman pdf-laskun samassa s\u00e4hk\u00f6postitse, l\u00e4het\u00e4th\u00e4n jokaisen laskun omana tiedostoliitteen\u00e4.","og_url":"https:\/\/cinemaorion.fi\/en\/elavan-kuvan-keskus-elke-ry\/yhteys\/","og_site_name":"Cinema Orion","article_publisher":"https:\/\/www.facebook.com\/cinemaorion","article_modified_time":"2024-08-29T11:13:02+00:00","og_image":[{"width":1600,"height":900,"url":"https:\/\/cinemaorion.fi\/wp-content\/uploads\/2021\/03\/Cinemaorion-fi-og-image-1600.jpg","type":"image\/jpeg"}],"twitter_card":"summary_large_image","twitter_site":"@cinemaorion","twitter_misc":{"Estimated reading time":"1 minute"},"schema":{"@context":"https:\/\/schema.org","@graph":[{"@type":"WebPage","@id":"https:\/\/cinemaorion.fi\/elavan-kuvan-keskus-elke-ry\/yhteys\/","url":"https:\/\/cinemaorion.fi\/elavan-kuvan-keskus-elke-ry\/yhteys\/","name":"Yhteystiedot - Cinema Orion","isPartOf":{"@id":"https:\/\/cinemaorion.fi\/#website"},"datePublished":"2021-05-06T12:20:46+00:00","dateModified":"2024-08-29T11:13:02+00:00","description":"YhteystiedotLeena N\u00e4rekangasToiminnanjohtajapuh. 050 377 0058leena @ cinemaorion.fiJouko AaltonenHallituksen puheenjohtajaelke.puheenjohtaja @ gmail.comPostiosoiteEl\u00e4v\u00e4n kuvan keskus ELKE ryFredrikinkatu 29 A 300120 HelsinkiLaskutustiedotY-tunnus: 2806976-3Verkkolaskuosoite ja OVT-tunnus 003728069763, operaattori Apix Messaging Oy (003723327487)El\u00e4v\u00e4n kuvan keskus ELKE ry:n s\u00e4hk\u00f6postiskannauksen osoite: \u00a0003728069763@procountor.apix.fi. Mik\u00e4li l\u00e4het\u00e4t useamman pdf-laskun samassa s\u00e4hk\u00f6postitse, l\u00e4het\u00e4th\u00e4n jokaisen laskun omana tiedostoliitteen\u00e4.","breadcrumb":{"@id":"https:\/\/cinemaorion.fi\/elavan-kuvan-keskus-elke-ry\/yhteys\/#breadcrumb"},"inLanguage":"en-GB","potentialAction":[{"@type":"ReadAction","target":["https:\/\/cinemaorion.fi\/elavan-kuvan-keskus-elke-ry\/yhteys\/"]}]},{"@type":"BreadcrumbList","@id":"https:\/\/cinemaorion.fi\/elavan-kuvan-keskus-elke-ry\/yhteys\/#breadcrumb","itemListElement":[{"@type":"ListItem","position":1,"name":"Home","item":"https:\/\/cinemaorion.fi\/"},{"@type":"ListItem","position":2,"name":"El\u00e4v\u00e4n kuvan keskus ELKE ry","item":"https:\/\/cinemaorion.fi\/elavan-kuvan-keskus-elke-ry\/"},{"@type":"ListItem","position":3,"name":"Yhteystiedot"}]},{"@type":"WebSite","@id":"https:\/\/cinemaorion.fi\/#website","url":"https:\/\/cinemaorion.fi\/","name":"Cinema Orion","description":"Cinema Orion tagline","publisher":{"@id":"https:\/\/cinemaorion.fi\/#organization"},"alternateName":"Elokuvateatteri Orion","potentialAction":[{"@type":"SearchAction","target":{"@type":"EntryPoint","urlTemplate":"https:\/\/cinemaorion.fi\/?s={search_term_string}"},"query-input":{"@type":"PropertyValueSpecification","valueRequired":true,"valueName":"search_term_string"}}],"inLanguage":"en-GB"},{"@type":"Organization","@id":"https:\/\/cinemaorion.fi\/#organization","name":"Cinema Orion","url":"https:\/\/cinemaorion.fi\/","logo":{"@type":"ImageObject","inLanguage":"en-GB","@id":"https:\/\/cinemaorion.fi\/#\/schema\/logo\/image\/","url":"https:\/\/cinemaorion.fi\/wp-content\/uploads\/2021\/03\/logo-cinemaorion-elke-ry.png","contentUrl":"https:\/\/cinemaorion.fi\/wp-content\/uploads\/2021\/03\/logo-cinemaorion-elke-ry.png","width":1300,"height":278,"caption":"Cinema Orion"},"image":{"@id":"https:\/\/cinemaorion.fi\/#\/schema\/logo\/image\/"},"sameAs":["https:\/\/www.facebook.com\/cinemaorion","https:\/\/x.com\/cinemaorion","https:\/\/www.instagram.com\/cinemaorion\/","https:\/\/twitter.com\/cinemaorion"]}]}},"_links":{"self":[{"href":"https:\/\/cinemaorion.fi\/en\/wp-json\/wp\/v2\/pages\/12002","targetHints":{"allow":["GET"]}}],"collection":[{"href":"https:\/\/cinemaorion.fi\/en\/wp-json\/wp\/v2\/pages"}],"about":[{"href":"https:\/\/cinemaorion.fi\/en\/wp-json\/wp\/v2\/types\/page"}],"author":[{"embeddable":true,"href":"https:\/\/cinemaorion.fi\/en\/wp-json\/wp\/v2\/users\/3"}],"replies":[{"embeddable":true,"href":"https:\/\/cinemaorion.fi\/en\/wp-json\/wp\/v2\/comments?post=12002"}],"version-history":[{"count":13,"href":"https:\/\/cinemaorion.fi\/en\/wp-json\/wp\/v2\/pages\/12002\/revisions"}],"predecessor-version":[{"id":23553,"href":"https:\/\/cinemaorion.fi\/en\/wp-json\/wp\/v2\/pages\/12002\/revisions\/23553"}],"up":[{"embeddable":true,"href":"https:\/\/cinemaorion.fi\/en\/wp-json\/wp\/v2\/pages\/690"}],"wp:attachment":[{"href":"https:\/\/cinemaorion.fi\/en\/wp-json\/wp\/v2\/media?parent=12002"}],"curies":[{"name":"wp","href":"https:\/\/api.w.org\/{rel}","templated":true}]}}