{"id":11010,"date":"2020-11-09T14:50:50","date_gmt":"2020-11-09T14:50:50","guid":{"rendered":"https:\/\/cinemaorion.fi\/?page_id=11010"},"modified":"2024-06-26T11:12:47","modified_gmt":"2024-06-26T11:12:47","slug":"orionin-yksityisnaytos","status":"publish","type":"page","link":"https:\/\/cinemaorion.fi\/en\/orionin-yksityisnaytos\/","title":{"rendered":"J\u00e4rjest\u00e4 oma yksityisn\u00e4yt\u00f6s kes\u00e4hintaan!"},"content":{"rendered":"<p>**<em>Organise your own private screening at Cinema Orion! Scroll down for more info in English<\/em>**<\/p>\n\n\n\n<h4 class=\"wp-block-heading\">KES\u00c4KAMPANJA 8.7.-15.8.&nbsp;<\/h4>\n\n\n\n<p>Oletko koskaan unelmoinut yksityisest\u00e4 elokuvan\u00e4yt\u00f6ksest\u00e4, jossa paikalla olisivat vain sin\u00e4 ja yst\u00e4v\u00e4si? Nyt se on mahdollista! Kokoa oma porukka kasaan ja j\u00e4rjest\u00e4 yksityinen p\u00e4iv\u00e4- tai my\u00f6h\u00e4isillan n\u00e4yt\u00f6ksesi ma-to p\u00e4ivin\u00e4 ennen klo 17, tai klo 21 j\u00e4lkeen!<\/p>\n\n\n\n<p>Valitse suosikkisi alla olevista elokuvavaihtoehdoista hintaan 200\u20ac (sis. 10 henkil\u00f6\u00e4). Mik\u00e4li osallistujien m\u00e4\u00e4r\u00e4 on suurempi, veloitamme 20\u20ac jokaista kiinti\u00f6n ylitt\u00e4v\u00e4\u00e4 henkil\u00f6\u00e4 kohden.<\/p>\n\n\n\n<p><a href=\"https:\/\/cinemaorion.fi\/en\/elokuvat\/kinds-of-kindness\/\">Kinds of Kindness<br><\/a><a href=\"https:\/\/cinemaorion.fi\/en\/elokuvat\/love-lies-bleeding\/\">Love lies Bleeding<br><\/a><a href=\"https:\/\/cinemaorion.fi\/en\/elokuvat\/challengers\/\">Challengers<\/a><br><a href=\"https:\/\/cinemaorion.fi\/en\/elokuvat\/anselm\/\">Anselm<\/a><br><a href=\"https:\/\/cinemaorion.fi\/en\/elokuvat\/the-beyond\/\">The Beyond<br><\/a><a href=\"https:\/\/cinemaorion.fi\/en\/elokuvat\/perfect-days\/\">Perfect Days<br><\/a><a href=\"https:\/\/cinemaorion.fi\/en\/elokuvat\/la-chimera-sielujen-aarteet\/\">La Chimera \u2013 Sielujen aarteet<\/a><br><a href=\"https:\/\/cinemaorion.fi\/en\/elokuvat\/following\/\">Following<\/a><br><a href=\"https:\/\/cinemaorion.fi\/en\/elokuvat\/the-zone-of-interest\/\">The Zone of Interest<br><\/a><a href=\"https:\/\/cinemaorion.fi\/en\/elokuvat\/all-of-us-strangers\/\">All of Us Strangers<\/a><br><a href=\"https:\/\/cinemaorion.fi\/en\/elokuvat\/viime-kesana\/\">Viime kes\u00e4n\u00e4<\/a><br><a href=\"https:\/\/cinemaorion.fi\/en\/elokuvat\/the-sweet-east\/\">The Sweet East<\/a><br><a href=\"https:\/\/cinemaorion.fi\/en\/elokuvat\/santa-sangre\/\">Santa Sangre<\/a><br><a href=\"https:\/\/cinemaorion.fi\/en\/elokuvat\/past-lives\/\">Past Lives<\/a> (also available with English subtitles!)<br><a href=\"https:\/\/cinemaorion.fi\/en\/elokuvat\/tie-sydameen\/\">Tie syd\u00e4meen<\/a><br><\/p>\n\n\n\n<p>Lis\u00e4tietoja ja tiedustelut: vuokraukset (at) cinemaorion.fi<\/p>\n\n\n\n<p><\/p>\n\n\n\n<p>***<\/p>\n\n\n\n<h4 class=\"wp-block-heading\">SUMMER CAMPAIGN 8.7.-11.8.&nbsp;<\/h4>\n\n\n\n<p>Organize an unforgettable, private movie night in our atmospheric cinema hall with your family, friends or co-workers at Cinema Orion! You can have your private screening between Mon-Thu before 4pm or after 9pm!<\/p>\n\n\n\n<p>The booking fee for screenings is 200 euros (including VAT) for 1-10 people. For screenings with more than 10 people, we charge 20 euros per each additional person. You can choose from the following movies:<\/p>\n\n\n\n<p><a href=\"https:\/\/cinemaorion.fi\/en\/elokuvat\/kinds-of-kindness\/\">Kinds of Kindness<br><\/a><a href=\"https:\/\/cinemaorion.fi\/en\/elokuvat\/love-lies-bleeding\/\">Love lies Bleeding<br><\/a><a href=\"https:\/\/cinemaorion.fi\/en\/elokuvat\/challengers\/\">Challengers<\/a><br><a href=\"https:\/\/cinemaorion.fi\/en\/elokuvat\/anselm\/\">Anselm<\/a><br><a href=\"https:\/\/cinemaorion.fi\/en\/elokuvat\/the-beyond\/\">The Beyond<br><\/a><a href=\"https:\/\/cinemaorion.fi\/en\/elokuvat\/perfect-days\/\">Perfect Days<br><\/a><a href=\"https:\/\/cinemaorion.fi\/en\/elokuvat\/la-chimera-sielujen-aarteet\/\">La Chimera \u2013 Sielujen aarteet<\/a><br><a href=\"https:\/\/cinemaorion.fi\/en\/elokuvat\/following\/\">Following<\/a><br><a href=\"https:\/\/cinemaorion.fi\/en\/elokuvat\/the-zone-of-interest\/\">The Zone of Interest<br><\/a><a href=\"https:\/\/cinemaorion.fi\/en\/elokuvat\/all-of-us-strangers\/\">All of Us Strangers<\/a><br><a href=\"https:\/\/cinemaorion.fi\/en\/elokuvat\/viime-kesana\/\">Viime kes\u00e4n\u00e4<\/a><br><a href=\"https:\/\/cinemaorion.fi\/en\/elokuvat\/the-sweet-east\/\">The Sweet East<\/a><br><a href=\"https:\/\/cinemaorion.fi\/en\/elokuvat\/santa-sangre\/\">Santa Sangre<\/a><br><a href=\"https:\/\/cinemaorion.fi\/en\/elokuvat\/past-lives\/\">Past Lives<\/a> (also available with English subtitles!)<br><a href=\"https:\/\/cinemaorion.fi\/en\/elokuvat\/tie-sydameen\/\">Tie syd\u00e4meen<\/a><\/p>\n\n\n\n<p>Book a screening or get more info: vuokraukset (at) cinemaorion.fi.<\/p>\n\n\n\n<p><br><\/p>","protected":false},"excerpt":{"rendered":"<p>**Organise your own private screening at Cinema Orion! Scroll down for more info in English** KES\u00c4KAMPANJA 8.7.-15.8.&nbsp; Oletko koskaan unelmoinut yksityisest\u00e4 elokuvan\u00e4yt\u00f6ksest\u00e4, jossa paikalla olisivat vain sin\u00e4 ja yst\u00e4v\u00e4si? Nyt se on mahdollista! Kokoa oma porukka kasaan ja j\u00e4rjest\u00e4 yksityinen p\u00e4iv\u00e4- tai my\u00f6h\u00e4isillan n\u00e4yt\u00f6ksesi ma-to p\u00e4ivin\u00e4 ennen klo 17, tai klo 21 j\u00e4lkeen! Valitse suosikkisi [&hellip;]<\/p>\n","protected":false},"author":27,"featured_media":0,"parent":0,"menu_order":0,"comment_status":"closed","ping_status":"closed","template":"","meta":{"_acf_changed":false,"footnotes":""},"class_list":["post-11010","page","type-page","status-publish","hentry"],"acf":[],"yoast_head":"<!-- This site is optimized with the Yoast SEO plugin v27.3 - https:\/\/yoast.com\/product\/yoast-seo-wordpress\/ -->\n<title>J\u00e4rjest\u00e4 oma yksityisn\u00e4yt\u00f6s kes\u00e4hintaan! - Cinema Orion<\/title>\n<meta name=\"description\" content=\"**Organise your own private screening at Cinema Orion! Scroll down for more info in English**KES\u00c4KAMPANJA 8.7.-15.8.&nbsp;Oletko koskaan unelmoinut yksityisest\u00e4 elokuvan\u00e4yt\u00f6ksest\u00e4, jossa paikalla olisivat vain sin\u00e4 ja yst\u00e4v\u00e4si? Nyt se on mahdollista! Kokoa oma porukka kasaan ja j\u00e4rjest\u00e4 yksityinen p\u00e4iv\u00e4- tai my\u00f6h\u00e4isillan n\u00e4yt\u00f6ksesi ma-to p\u00e4ivin\u00e4 ennen klo 17, tai klo 21 j\u00e4lkeen!Valitse suosikkisi alla olevista elokuvavaihtoehdoista hintaan 200\u20ac (sis. 10 henkil\u00f6\u00e4). Mik\u00e4li osallistujien m\u00e4\u00e4r\u00e4 on suurempi, veloitamme 20\u20ac jokaista kiinti\u00f6n ylitt\u00e4v\u00e4\u00e4 henkil\u00f6\u00e4 kohden.Kinds of KindnessLove lies BleedingChallengersAnselmThe BeyondPerfect DaysLa Chimera \u2013 Sielujen aarteetFollowingThe Zone of InterestAll of Us StrangersViime kes\u00e4n\u00e4The Sweet EastSanta SangrePast Lives (also available with English subtitles!)Tie syd\u00e4meenLis\u00e4tietoja ja tiedustelut: vuokraukset (at) cinemaorion.fi***SUMMER CAMPAIGN 8.7.-11.8.&nbsp;Organize an unforgettable, private movie night in our atmospheric cinema hall with your family, friends or co-workers at Cinema Orion! You can have your private screening between Mon-Thu before 4pm or after 9pm!The booking fee for screenings is 200 euros (including VAT) for 1-10 people. For screenings with more than 10 people, we charge 20 euros per each additional person. You can choose from the following movies:Kinds of KindnessLove lies BleedingChallengersAnselmThe BeyondPerfect DaysLa Chimera \u2013 Sielujen aarteetFollowingThe Zone of InterestAll of Us StrangersViime kes\u00e4n\u00e4The Sweet EastSanta SangrePast Lives (also available with English subtitles!)Tie syd\u00e4meenBook a screening or get more info: vuokraukset (at) cinemaorion.fi.\" \/>\n<meta name=\"robots\" content=\"index, follow, max-snippet:-1, max-image-preview:large, max-video-preview:-1\" \/>\n<link rel=\"canonical\" href=\"https:\/\/cinemaorion.fi\/en\/orionin-yksityisnaytos\/\" \/>\n<meta property=\"og:locale\" content=\"en_GB\" \/>\n<meta property=\"og:type\" content=\"article\" \/>\n<meta property=\"og:title\" content=\"J\u00e4rjest\u00e4 oma yksityisn\u00e4yt\u00f6s kes\u00e4hintaan! - Cinema Orion\" \/>\n<meta property=\"og:description\" content=\"**Organise your own private screening at Cinema Orion! Scroll down for more info in English**KES\u00c4KAMPANJA 8.7.-15.8.&nbsp;Oletko koskaan unelmoinut yksityisest\u00e4 elokuvan\u00e4yt\u00f6ksest\u00e4, jossa paikalla olisivat vain sin\u00e4 ja yst\u00e4v\u00e4si? Nyt se on mahdollista! Kokoa oma porukka kasaan ja j\u00e4rjest\u00e4 yksityinen p\u00e4iv\u00e4- tai my\u00f6h\u00e4isillan n\u00e4yt\u00f6ksesi ma-to p\u00e4ivin\u00e4 ennen klo 17, tai klo 21 j\u00e4lkeen!Valitse suosikkisi alla olevista elokuvavaihtoehdoista hintaan 200\u20ac (sis. 10 henkil\u00f6\u00e4). Mik\u00e4li osallistujien m\u00e4\u00e4r\u00e4 on suurempi, veloitamme 20\u20ac jokaista kiinti\u00f6n ylitt\u00e4v\u00e4\u00e4 henkil\u00f6\u00e4 kohden.Kinds of KindnessLove lies BleedingChallengersAnselmThe BeyondPerfect DaysLa Chimera \u2013 Sielujen aarteetFollowingThe Zone of InterestAll of Us StrangersViime kes\u00e4n\u00e4The Sweet EastSanta SangrePast Lives (also available with English subtitles!)Tie syd\u00e4meenLis\u00e4tietoja ja tiedustelut: vuokraukset (at) cinemaorion.fi***SUMMER CAMPAIGN 8.7.-11.8.&nbsp;Organize an unforgettable, private movie night in our atmospheric cinema hall with your family, friends or co-workers at Cinema Orion! You can have your private screening between Mon-Thu before 4pm or after 9pm!The booking fee for screenings is 200 euros (including VAT) for 1-10 people. For screenings with more than 10 people, we charge 20 euros per each additional person. You can choose from the following movies:Kinds of KindnessLove lies BleedingChallengersAnselmThe BeyondPerfect DaysLa Chimera \u2013 Sielujen aarteetFollowingThe Zone of InterestAll of Us StrangersViime kes\u00e4n\u00e4The Sweet EastSanta SangrePast Lives (also available with English subtitles!)Tie syd\u00e4meenBook a screening or get more info: vuokraukset (at) cinemaorion.fi.\" \/>\n<meta property=\"og:url\" content=\"https:\/\/cinemaorion.fi\/en\/orionin-yksityisnaytos\/\" \/>\n<meta property=\"og:site_name\" content=\"Cinema Orion\" \/>\n<meta property=\"article:publisher\" content=\"https:\/\/www.facebook.com\/cinemaorion\" \/>\n<meta property=\"article:modified_time\" content=\"2024-06-26T11:12:47+00:00\" \/>\n<meta property=\"og:image\" content=\"https:\/\/cinemaorion.fi\/wp-content\/uploads\/2022\/02\/JULES-ET-JIM-2.png\" \/>\n\t<meta property=\"og:image:width\" content=\"1600\" \/>\n\t<meta property=\"og:image:height\" content=\"900\" \/>\n\t<meta property=\"og:image:type\" content=\"image\/jpeg\" \/>\n<meta name=\"twitter:card\" content=\"summary_large_image\" \/>\n<meta name=\"twitter:site\" content=\"@cinemaorion\" \/>\n<meta name=\"twitter:label1\" content=\"Estimated reading time\" \/>\n\t<meta name=\"twitter:data1\" content=\"2 minutes\" \/>\n<script type=\"application\/ld+json\" class=\"yoast-schema-graph\">{\"@context\":\"https:\\\/\\\/schema.org\",\"@graph\":[{\"@type\":\"WebPage\",\"@id\":\"https:\\\/\\\/cinemaorion.fi\\\/orionin-yksityisnaytos\\\/\",\"url\":\"https:\\\/\\\/cinemaorion.fi\\\/orionin-yksityisnaytos\\\/\",\"name\":\"J\u00e4rjest\u00e4 oma yksityisn\u00e4yt\u00f6s kes\u00e4hintaan! - Cinema Orion\",\"isPartOf\":{\"@id\":\"https:\\\/\\\/cinemaorion.fi\\\/#website\"},\"datePublished\":\"2020-11-09T14:50:50+00:00\",\"dateModified\":\"2024-06-26T11:12:47+00:00\",\"description\":\"**Organise your own private screening at Cinema Orion! Scroll down for more info in English**KES\u00c4KAMPANJA 8.7.-15.8.&nbsp;Oletko koskaan unelmoinut yksityisest\u00e4 elokuvan\u00e4yt\u00f6ksest\u00e4, jossa paikalla olisivat vain sin\u00e4 ja yst\u00e4v\u00e4si? Nyt se on mahdollista! Kokoa oma porukka kasaan ja j\u00e4rjest\u00e4 yksityinen p\u00e4iv\u00e4- tai my\u00f6h\u00e4isillan n\u00e4yt\u00f6ksesi ma-to p\u00e4ivin\u00e4 ennen klo 17, tai klo 21 j\u00e4lkeen!Valitse suosikkisi alla olevista elokuvavaihtoehdoista hintaan 200\u20ac (sis. 10 henkil\u00f6\u00e4). Mik\u00e4li osallistujien m\u00e4\u00e4r\u00e4 on suurempi, veloitamme 20\u20ac jokaista kiinti\u00f6n ylitt\u00e4v\u00e4\u00e4 henkil\u00f6\u00e4 kohden.Kinds of KindnessLove lies BleedingChallengersAnselmThe BeyondPerfect DaysLa Chimera \u2013 Sielujen aarteetFollowingThe Zone of InterestAll of Us StrangersViime kes\u00e4n\u00e4The Sweet EastSanta SangrePast Lives (also available with English subtitles!)Tie syd\u00e4meenLis\u00e4tietoja ja tiedustelut: vuokraukset (at) cinemaorion.fi***SUMMER CAMPAIGN 8.7.-11.8.&nbsp;Organize an unforgettable, private movie night in our atmospheric cinema hall with your family, friends or co-workers at Cinema Orion! You can have your private screening between Mon-Thu before 4pm or after 9pm!The booking fee for screenings is 200 euros (including VAT) for 1-10 people. For screenings with more than 10 people, we charge 20 euros per each additional person. You can choose from the following movies:Kinds of KindnessLove lies BleedingChallengersAnselmThe BeyondPerfect DaysLa Chimera \u2013 Sielujen aarteetFollowingThe Zone of InterestAll of Us StrangersViime kes\u00e4n\u00e4The Sweet EastSanta SangrePast Lives (also available with English subtitles!)Tie syd\u00e4meenBook a screening or get more info: vuokraukset (at) cinemaorion.fi.\",\"breadcrumb\":{\"@id\":\"https:\\\/\\\/cinemaorion.fi\\\/orionin-yksityisnaytos\\\/#breadcrumb\"},\"inLanguage\":\"en-GB\",\"potentialAction\":[{\"@type\":\"ReadAction\",\"target\":[\"https:\\\/\\\/cinemaorion.fi\\\/orionin-yksityisnaytos\\\/\"]}]},{\"@type\":\"BreadcrumbList\",\"@id\":\"https:\\\/\\\/cinemaorion.fi\\\/orionin-yksityisnaytos\\\/#breadcrumb\",\"itemListElement\":[{\"@type\":\"ListItem\",\"position\":1,\"name\":\"Home\",\"item\":\"https:\\\/\\\/cinemaorion.fi\\\/\"},{\"@type\":\"ListItem\",\"position\":2,\"name\":\"J\u00e4rjest\u00e4 oma yksityisn\u00e4yt\u00f6s kes\u00e4hintaan!\"}]},{\"@type\":\"WebSite\",\"@id\":\"https:\\\/\\\/cinemaorion.fi\\\/#website\",\"url\":\"https:\\\/\\\/cinemaorion.fi\\\/\",\"name\":\"Cinema Orion\",\"description\":\"Cinema Orion tagline\",\"publisher\":{\"@id\":\"https:\\\/\\\/cinemaorion.fi\\\/#organization\"},\"alternateName\":\"Elokuvateatteri Orion\",\"potentialAction\":[{\"@type\":\"SearchAction\",\"target\":{\"@type\":\"EntryPoint\",\"urlTemplate\":\"https:\\\/\\\/cinemaorion.fi\\\/?s={search_term_string}\"},\"query-input\":{\"@type\":\"PropertyValueSpecification\",\"valueRequired\":true,\"valueName\":\"search_term_string\"}}],\"inLanguage\":\"en-GB\"},{\"@type\":\"Organization\",\"@id\":\"https:\\\/\\\/cinemaorion.fi\\\/#organization\",\"name\":\"Cinema Orion\",\"url\":\"https:\\\/\\\/cinemaorion.fi\\\/\",\"logo\":{\"@type\":\"ImageObject\",\"inLanguage\":\"en-GB\",\"@id\":\"https:\\\/\\\/cinemaorion.fi\\\/#\\\/schema\\\/logo\\\/image\\\/\",\"url\":\"https:\\\/\\\/cinemaorion.fi\\\/wp-content\\\/uploads\\\/2021\\\/03\\\/logo-cinemaorion-elke-ry.png\",\"contentUrl\":\"https:\\\/\\\/cinemaorion.fi\\\/wp-content\\\/uploads\\\/2021\\\/03\\\/logo-cinemaorion-elke-ry.png\",\"width\":1300,\"height\":278,\"caption\":\"Cinema Orion\"},\"image\":{\"@id\":\"https:\\\/\\\/cinemaorion.fi\\\/#\\\/schema\\\/logo\\\/image\\\/\"},\"sameAs\":[\"https:\\\/\\\/www.facebook.com\\\/cinemaorion\",\"https:\\\/\\\/x.com\\\/cinemaorion\",\"https:\\\/\\\/www.instagram.com\\\/cinemaorion\\\/\",\"https:\\\/\\\/twitter.com\\\/cinemaorion\"]}]}<\/script>\n<!-- \/ Yoast SEO plugin. -->","yoast_head_json":{"title":"J\u00e4rjest\u00e4 oma yksityisn\u00e4yt\u00f6s kes\u00e4hintaan! - Cinema Orion","description":"**Organise your own private screening at Cinema Orion! Scroll down for more info in English**KES\u00c4KAMPANJA 8.7.-15.8.&nbsp;Oletko koskaan unelmoinut yksityisest\u00e4 elokuvan\u00e4yt\u00f6ksest\u00e4, jossa paikalla olisivat vain sin\u00e4 ja yst\u00e4v\u00e4si? Nyt se on mahdollista! Kokoa oma porukka kasaan ja j\u00e4rjest\u00e4 yksityinen p\u00e4iv\u00e4- tai my\u00f6h\u00e4isillan n\u00e4yt\u00f6ksesi ma-to p\u00e4ivin\u00e4 ennen klo 17, tai klo 21 j\u00e4lkeen!Valitse suosikkisi alla olevista elokuvavaihtoehdoista hintaan 200\u20ac (sis. 10 henkil\u00f6\u00e4). Mik\u00e4li osallistujien m\u00e4\u00e4r\u00e4 on suurempi, veloitamme 20\u20ac jokaista kiinti\u00f6n ylitt\u00e4v\u00e4\u00e4 henkil\u00f6\u00e4 kohden.Kinds of KindnessLove lies BleedingChallengersAnselmThe BeyondPerfect DaysLa Chimera \u2013 Sielujen aarteetFollowingThe Zone of InterestAll of Us StrangersViime kes\u00e4n\u00e4The Sweet EastSanta SangrePast Lives (also available with English subtitles!)Tie syd\u00e4meenLis\u00e4tietoja ja tiedustelut: vuokraukset (at) cinemaorion.fi***SUMMER CAMPAIGN 8.7.-11.8.&nbsp;Organize an unforgettable, private movie night in our atmospheric cinema hall with your family, friends or co-workers at Cinema Orion! You can have your private screening between Mon-Thu before 4pm or after 9pm!The booking fee for screenings is 200 euros (including VAT) for 1-10 people. For screenings with more than 10 people, we charge 20 euros per each additional person. You can choose from the following movies:Kinds of KindnessLove lies BleedingChallengersAnselmThe BeyondPerfect DaysLa Chimera \u2013 Sielujen aarteetFollowingThe Zone of InterestAll of Us StrangersViime kes\u00e4n\u00e4The Sweet EastSanta SangrePast Lives (also available with English subtitles!)Tie syd\u00e4meenBook a screening or get more info: vuokraukset (at) cinemaorion.fi.","robots":{"index":"index","follow":"follow","max-snippet":"max-snippet:-1","max-image-preview":"max-image-preview:large","max-video-preview":"max-video-preview:-1"},"canonical":"https:\/\/cinemaorion.fi\/en\/orionin-yksityisnaytos\/","og_locale":"en_GB","og_type":"article","og_title":"J\u00e4rjest\u00e4 oma yksityisn\u00e4yt\u00f6s kes\u00e4hintaan! - Cinema Orion","og_description":"**Organise your own private screening at Cinema Orion! Scroll down for more info in English**KES\u00c4KAMPANJA 8.7.-15.8.&nbsp;Oletko koskaan unelmoinut yksityisest\u00e4 elokuvan\u00e4yt\u00f6ksest\u00e4, jossa paikalla olisivat vain sin\u00e4 ja yst\u00e4v\u00e4si? Nyt se on mahdollista! Kokoa oma porukka kasaan ja j\u00e4rjest\u00e4 yksityinen p\u00e4iv\u00e4- tai my\u00f6h\u00e4isillan n\u00e4yt\u00f6ksesi ma-to p\u00e4ivin\u00e4 ennen klo 17, tai klo 21 j\u00e4lkeen!Valitse suosikkisi alla olevista elokuvavaihtoehdoista hintaan 200\u20ac (sis. 10 henkil\u00f6\u00e4). Mik\u00e4li osallistujien m\u00e4\u00e4r\u00e4 on suurempi, veloitamme 20\u20ac jokaista kiinti\u00f6n ylitt\u00e4v\u00e4\u00e4 henkil\u00f6\u00e4 kohden.Kinds of KindnessLove lies BleedingChallengersAnselmThe BeyondPerfect DaysLa Chimera \u2013 Sielujen aarteetFollowingThe Zone of InterestAll of Us StrangersViime kes\u00e4n\u00e4The Sweet EastSanta SangrePast Lives (also available with English subtitles!)Tie syd\u00e4meenLis\u00e4tietoja ja tiedustelut: vuokraukset (at) cinemaorion.fi***SUMMER CAMPAIGN 8.7.-11.8.&nbsp;Organize an unforgettable, private movie night in our atmospheric cinema hall with your family, friends or co-workers at Cinema Orion! You can have your private screening between Mon-Thu before 4pm or after 9pm!The booking fee for screenings is 200 euros (including VAT) for 1-10 people. For screenings with more than 10 people, we charge 20 euros per each additional person. You can choose from the following movies:Kinds of KindnessLove lies BleedingChallengersAnselmThe BeyondPerfect DaysLa Chimera \u2013 Sielujen aarteetFollowingThe Zone of InterestAll of Us StrangersViime kes\u00e4n\u00e4The Sweet EastSanta SangrePast Lives (also available with English subtitles!)Tie syd\u00e4meenBook a screening or get more info: vuokraukset (at) cinemaorion.fi.","og_url":"https:\/\/cinemaorion.fi\/en\/orionin-yksityisnaytos\/","og_site_name":"Cinema Orion","article_publisher":"https:\/\/www.facebook.com\/cinemaorion","article_modified_time":"2024-06-26T11:12:47+00:00","og_image":[{"width":1600,"height":900,"url":"https:\/\/cinemaorion.fi\/wp-content\/uploads\/2022\/02\/JULES-ET-JIM-2.png","type":"image\/jpeg"}],"twitter_card":"summary_large_image","twitter_site":"@cinemaorion","twitter_misc":{"Estimated reading time":"2 minutes"},"schema":{"@context":"https:\/\/schema.org","@graph":[{"@type":"WebPage","@id":"https:\/\/cinemaorion.fi\/orionin-yksityisnaytos\/","url":"https:\/\/cinemaorion.fi\/orionin-yksityisnaytos\/","name":"J\u00e4rjest\u00e4 oma yksityisn\u00e4yt\u00f6s kes\u00e4hintaan! - Cinema Orion","isPartOf":{"@id":"https:\/\/cinemaorion.fi\/#website"},"datePublished":"2020-11-09T14:50:50+00:00","dateModified":"2024-06-26T11:12:47+00:00","description":"**Organise your own private screening at Cinema Orion! Scroll down for more info in English**KES\u00c4KAMPANJA 8.7.-15.8.&nbsp;Oletko koskaan unelmoinut yksityisest\u00e4 elokuvan\u00e4yt\u00f6ksest\u00e4, jossa paikalla olisivat vain sin\u00e4 ja yst\u00e4v\u00e4si? Nyt se on mahdollista! Kokoa oma porukka kasaan ja j\u00e4rjest\u00e4 yksityinen p\u00e4iv\u00e4- tai my\u00f6h\u00e4isillan n\u00e4yt\u00f6ksesi ma-to p\u00e4ivin\u00e4 ennen klo 17, tai klo 21 j\u00e4lkeen!Valitse suosikkisi alla olevista elokuvavaihtoehdoista hintaan 200\u20ac (sis. 10 henkil\u00f6\u00e4). Mik\u00e4li osallistujien m\u00e4\u00e4r\u00e4 on suurempi, veloitamme 20\u20ac jokaista kiinti\u00f6n ylitt\u00e4v\u00e4\u00e4 henkil\u00f6\u00e4 kohden.Kinds of KindnessLove lies BleedingChallengersAnselmThe BeyondPerfect DaysLa Chimera \u2013 Sielujen aarteetFollowingThe Zone of InterestAll of Us StrangersViime kes\u00e4n\u00e4The Sweet EastSanta SangrePast Lives (also available with English subtitles!)Tie syd\u00e4meenLis\u00e4tietoja ja tiedustelut: vuokraukset (at) cinemaorion.fi***SUMMER CAMPAIGN 8.7.-11.8.&nbsp;Organize an unforgettable, private movie night in our atmospheric cinema hall with your family, friends or co-workers at Cinema Orion! You can have your private screening between Mon-Thu before 4pm or after 9pm!The booking fee for screenings is 200 euros (including VAT) for 1-10 people. For screenings with more than 10 people, we charge 20 euros per each additional person. You can choose from the following movies:Kinds of KindnessLove lies BleedingChallengersAnselmThe BeyondPerfect DaysLa Chimera \u2013 Sielujen aarteetFollowingThe Zone of InterestAll of Us StrangersViime kes\u00e4n\u00e4The Sweet EastSanta SangrePast Lives (also available with English subtitles!)Tie syd\u00e4meenBook a screening or get more info: vuokraukset (at) cinemaorion.fi.","breadcrumb":{"@id":"https:\/\/cinemaorion.fi\/orionin-yksityisnaytos\/#breadcrumb"},"inLanguage":"en-GB","potentialAction":[{"@type":"ReadAction","target":["https:\/\/cinemaorion.fi\/orionin-yksityisnaytos\/"]}]},{"@type":"BreadcrumbList","@id":"https:\/\/cinemaorion.fi\/orionin-yksityisnaytos\/#breadcrumb","itemListElement":[{"@type":"ListItem","position":1,"name":"Home","item":"https:\/\/cinemaorion.fi\/"},{"@type":"ListItem","position":2,"name":"J\u00e4rjest\u00e4 oma yksityisn\u00e4yt\u00f6s kes\u00e4hintaan!"}]},{"@type":"WebSite","@id":"https:\/\/cinemaorion.fi\/#website","url":"https:\/\/cinemaorion.fi\/","name":"Cinema Orion","description":"Cinema Orion tagline","publisher":{"@id":"https:\/\/cinemaorion.fi\/#organization"},"alternateName":"Elokuvateatteri Orion","potentialAction":[{"@type":"SearchAction","target":{"@type":"EntryPoint","urlTemplate":"https:\/\/cinemaorion.fi\/?s={search_term_string}"},"query-input":{"@type":"PropertyValueSpecification","valueRequired":true,"valueName":"search_term_string"}}],"inLanguage":"en-GB"},{"@type":"Organization","@id":"https:\/\/cinemaorion.fi\/#organization","name":"Cinema Orion","url":"https:\/\/cinemaorion.fi\/","logo":{"@type":"ImageObject","inLanguage":"en-GB","@id":"https:\/\/cinemaorion.fi\/#\/schema\/logo\/image\/","url":"https:\/\/cinemaorion.fi\/wp-content\/uploads\/2021\/03\/logo-cinemaorion-elke-ry.png","contentUrl":"https:\/\/cinemaorion.fi\/wp-content\/uploads\/2021\/03\/logo-cinemaorion-elke-ry.png","width":1300,"height":278,"caption":"Cinema Orion"},"image":{"@id":"https:\/\/cinemaorion.fi\/#\/schema\/logo\/image\/"},"sameAs":["https:\/\/www.facebook.com\/cinemaorion","https:\/\/x.com\/cinemaorion","https:\/\/www.instagram.com\/cinemaorion\/","https:\/\/twitter.com\/cinemaorion"]}]}},"_links":{"self":[{"href":"https:\/\/cinemaorion.fi\/en\/wp-json\/wp\/v2\/pages\/11010","targetHints":{"allow":["GET"]}}],"collection":[{"href":"https:\/\/cinemaorion.fi\/en\/wp-json\/wp\/v2\/pages"}],"about":[{"href":"https:\/\/cinemaorion.fi\/en\/wp-json\/wp\/v2\/types\/page"}],"author":[{"embeddable":true,"href":"https:\/\/cinemaorion.fi\/en\/wp-json\/wp\/v2\/users\/27"}],"replies":[{"embeddable":true,"href":"https:\/\/cinemaorion.fi\/en\/wp-json\/wp\/v2\/comments?post=11010"}],"version-history":[{"count":20,"href":"https:\/\/cinemaorion.fi\/en\/wp-json\/wp\/v2\/pages\/11010\/revisions"}],"predecessor-version":[{"id":23050,"href":"https:\/\/cinemaorion.fi\/en\/wp-json\/wp\/v2\/pages\/11010\/revisions\/23050"}],"wp:attachment":[{"href":"https:\/\/cinemaorion.fi\/en\/wp-json\/wp\/v2\/media?parent=11010"}],"curies":[{"name":"wp","href":"https:\/\/api.w.org\/{rel}","templated":true}]}}